{"id":14144,"date":"2023-05-21T09:04:36","date_gmt":"2023-05-21T09:04:36","guid":{"rendered":"https:\/\/babyvk.com\/?post_type=product&#038;p=14144"},"modified":"2025-03-10T20:03:36","modified_gmt":"2025-03-10T20:03:36","slug":"bunny-stuffed-plush-toy-for-kids","status":"publish","type":"product","link":"https:\/\/babyvk.com\/pt\/product\/bunny-stuffed-plush-toy-for-kids\/","title":{"rendered":"Peluche de Coelhinho Fofo"},"content":{"rendered":"<div data-elementor-type=\"product-post\" data-elementor-id=\"14144\" class=\"elementor elementor-14144\" data-elementor-post-type=\"product\">\n\t\t\t\t\t\t<section class=\"elementor-section elementor-top-section elementor-element elementor-element-17a9aa7 elementor-section-boxed elementor-section-height-default elementor-section-height-default\" data-id=\"17a9aa7\" data-element_type=\"section\">\n\t\t\t\t\t\t<div class=\"elementor-container elementor-column-gap-default\">\n\t\t\t\t\t<div class=\"elementor-column elementor-col-100 elementor-top-column elementor-element elementor-element-f460264\" data-id=\"f460264\" data-element_type=\"column\">\n\t\t\t<div class=\"elementor-widget-wrap elementor-element-populated\">\n\t\t\t\t\t\t<div class=\"elementor-element elementor-element-3bf778c wd-width-100 elementor-widget elementor-widget-wd_title\" data-id=\"3bf778c\" data-element_type=\"widget\" data-widget_type=\"wd_title.default\">\n\t\t\t\t<div class=\"elementor-widget-container\">\n\t\t\t\t\t\t\t<div class=\"title-wrapper wd-set-mb reset-last-child wd-title-color-default wd-title-style-default wd-title-size-default text-left\">\n\n\t\t\t\n\t\t\t<div class=\"liner-continer\">\n\t\t\t\t<h4 class=\"woodmart-title-container title wd-fontsize-l\">Descri\u00e7\u00e3o:<\/h4> \n\t\t\t\t\t\t\t<\/div>\n\n\t\t\t\t\t\t\t<div class=\"title-after_title reset-last-child wd-fontsize-xs\">\n\t\t\t\t\t<p>Apresentamos o brinquedo de peluche Bunny Hide and Seek, uma cria\u00e7\u00e3o deliciosa e aconchegante. Abra o fecho do morango para revelar um encantador coelhinho branco, perfeito para mimos sem fim. Fabricado em pel\u00facia curta super macia de alta qualidade e preenchido com algod\u00e3o PP, o nosso Peluche de Coelhinho oferece um toque aconchegante apreciado por crian\u00e7as e adultos.<\/p><p>Escolha entre o design do coelho de cenoura ou do coelho de morango, encontrando o brinquedo de peluche de coelho perfeito para a sua prefer\u00eancia. N\u00e3o \u00e9 apenas \u00f3timo para brincar; tamb\u00e9m \u00e9 um presente doce e encantador para os amigos, servindo como lembran\u00e7as e decora\u00e7\u00f5es de festas.<\/p><p>Cada pormenor do nosso design demonstra o nosso compromisso com a excel\u00eancia. Desde o tecido de pel\u00facia macio e curto at\u00e9 ao enchimento de algod\u00e3o, cada elemento \u00e9 cuidadosamente escolhido para um conforto \u00f3timo e uma durabilidade duradoura. O nosso peluche de peluche Bunny \u00e9 resistente ao cot\u00e3o e \u00e0 deforma\u00e7\u00e3o, garantindo que continua a ser uma adi\u00e7\u00e3o apreciada \u00e0 sua casa.<\/p><p>As crian\u00e7as de todas as idades v\u00e3o adorar o nosso peluche de coelhinho de peluche. Pode ser utilizado para brincar, como uma almofada grande para ler, ver televis\u00e3o, estudar ou desfrutar de uma sesta aconchegante. Quer seja utilizado como almofada decorativa ou como um companheiro fofinho, o seu estilo giro trar\u00e1 alegria a qualquer ambiente.<\/p>\t\t\t\t<\/div>\n\t\t\t\t\t<\/div>\n\t\t\t\t\t\t<\/div>\n\t\t\t\t<\/div>\n\t\t\t\t<div class=\"elementor-element elementor-element-ba3c9ac elementor-widget elementor-widget-wd_text_block\" data-id=\"ba3c9ac\" data-element_type=\"widget\" data-widget_type=\"wd_text_block.default\">\n\t\t\t\t<div class=\"elementor-widget-container\">\n\t\t\t\t\t\t\t<div class=\"wd-text-block reset-last-child text-left\">\n\t\t\t\n\t\t\t<p><span style=\"font-size: 14pt;\"><strong>Carater\u00edsticas:<\/strong><\/span><\/p><ul><li><strong>Coelhinho de pel\u00facia revers\u00edvel:<\/strong> Este vers\u00e1til peluche de coelhinho \u00e9 fabricado com tecido ultra-suave e amigo da pele, com enchimento de algod\u00e3o PP. Tamb\u00e9m serve de almofada para morangos ou cenouras, perfeita para a P\u00e1scoa e para dar mais alegria \u00e0 sua festa.<\/li><li><strong>Vers\u00e1til e ador\u00e1vel:<\/strong> O nosso animal de peluche coelhinho de morango n\u00e3o \u00e9 apenas bonito, mas tamb\u00e9m pr\u00e1tico. Pode ser exibido como decora\u00e7\u00e3o, usado como almofada ou como almofada para a sesta. Ao abrir o fecho de correr da cenoura ou do morango, revela-se um coelhinho branco, que faz sorrir.<\/li><li><strong>Suave e duradouro:<\/strong> Fabricado com tecido macio e enchimento de algod\u00e3o PP dur\u00e1vel, o nosso coelhinho da P\u00e1scoa de peluche mant\u00e9m a sua forma. Pode ser utilizada como almofada de casa ou almofada de cintura. Os rapazes e as raparigas v\u00e3o adorar o seu bonito design de coelhinho e a embalagem de cenoura\/morango.<\/li><li><strong>Conforto e facilidade de manuten\u00e7\u00e3o:<\/strong> Este peluche de peluche de coelho proporciona um conforto perfeito como almofada e almofada de cintura. Possui uma pel\u00facia longa que n\u00e3o agride a pele para uma experi\u00eancia de aconchego. A limpeza \u00e9 f\u00e1cil - lavar suavemente em \u00e1gua fria e pendurar para secar. \u00c9 uma \u00f3ptima prenda para as crian\u00e7as e um complemento maravilhoso para as suas brincadeiras.<\/li><li><strong>Ador\u00e1vel coelho de peluche:<\/strong> Torne cada ocasi\u00e3o especial com este bonito peluche de coelhinho. Simboliza novos come\u00e7os e traz alegria a qualquer casa. Quer se trate de um anivers\u00e1rio, do Natal ou de uma lembran\u00e7a de festa, este peluche fofinho \u00e9 apreciado por mi\u00fados e gra\u00fados.<\/li><\/ul>\n\t\t\t\t\t<\/div>\n\t\t\t\t\t\t<\/div>\n\t\t\t\t<\/div>\n\t\t\t\t\t<\/div>\n\t\t<\/div>\n\t\t\t\t\t<\/div>\n\t\t<\/section>\n\t\t\t\t<section class=\"elementor-section elementor-top-section elementor-element elementor-element-b25a5d4 elementor-section-boxed elementor-section-height-default elementor-section-height-default\" data-id=\"b25a5d4\" data-element_type=\"section\">\n\t\t\t\t\t\t<div class=\"elementor-container elementor-column-gap-default\">\n\t\t\t\t\t<div class=\"elementor-column elementor-col-100 elementor-top-column elementor-element elementor-element-6d98dd1\" data-id=\"6d98dd1\" data-element_type=\"column\">\n\t\t\t<div class=\"elementor-widget-wrap elementor-element-populated\">\n\t\t\t\t\t\t<div class=\"elementor-element elementor-element-ba9db19 color-scheme-inherit text-left elementor-widget elementor-widget-text-editor\" data-id=\"ba9db19\" data-element_type=\"widget\" data-widget_type=\"text-editor.default\">\n\t\t\t\t<div class=\"elementor-widget-container\">\n\t\t\t\t\t\t\t\t\t<p><strong>Especifica\u00e7\u00f5es:<\/strong><\/p><ul><li>100% boneca de peluche nova e de alta qualidade<\/li><li>Material: pel\u00facia macia<\/li><li>Interior: algod\u00e3o pp<\/li><li>Cor: Laranja \/ Rosa<\/li><li>Tamanho: cerca de 18\/25\/35cm<\/li><li>Embalagem: saco opp + embalagem exterior de saco de pl\u00e1stico normal<\/li><\/ul>\t\t\t\t\t\t\t\t<\/div>\n\t\t\t\t<\/div>\n\t\t\t\t\t<\/div>\n\t\t<\/div>\n\t\t\t\t\t<\/div>\n\t\t<\/section>\n\t\t\t\t<section class=\"elementor-section elementor-top-section elementor-element elementor-element-9813a9e elementor-section-boxed elementor-section-height-default elementor-section-height-default\" data-id=\"9813a9e\" data-element_type=\"section\">\n\t\t\t\t\t\t<div class=\"elementor-container elementor-column-gap-default\">\n\t\t\t\t\t<div class=\"elementor-column elementor-col-33 elementor-top-column elementor-element elementor-element-488ce7d\" data-id=\"488ce7d\" data-element_type=\"column\">\n\t\t\t<div class=\"elementor-widget-wrap elementor-element-populated\">\n\t\t\t\t\t\t<div class=\"elementor-element elementor-element-56d0dda wd-width-100 elementor-widget elementor-widget-wd_title\" data-id=\"56d0dda\" data-element_type=\"widget\" data-widget_type=\"wd_title.default\">\n\t\t\t\t<div class=\"elementor-widget-container\">\n\t\t\t\t\t\t\t<div class=\"title-wrapper wd-set-mb reset-last-child wd-title-color-default wd-title-style-default wd-title-size-default text-left\">\n\n\t\t\t\n\t\t\t<div class=\"liner-continer\">\n\t\t\t\t<h4 class=\"woodmart-title-container title wd-fontsize-l\">M\u00faltiplas escolhas<\/h4> \n\t\t\t\t\t\t\t<\/div>\n\n\t\t\t\t\t<\/div>\n\t\t\t\t\t\t<\/div>\n\t\t\t\t<\/div>\n\t\t\t\t<div class=\"elementor-element elementor-element-09c1e7e elementor-widget elementor-widget-wd_text_block\" data-id=\"09c1e7e\" data-element_type=\"widget\" data-widget_type=\"wd_text_block.default\">\n\t\t\t\t<div class=\"elementor-widget-container\">\n\t\t\t\t\t\t\t<div class=\"wd-text-block reset-last-child text-left\">\n\t\t\t\n\t\t\t<p><strong>Sele\u00e7\u00e3o de tamanhos:<\/strong> <span style=\"color: #ff0000;\">S: 18cm, M: 25cm, L: 35cm<\/span><\/p>\n\t\t\t\t\t<\/div>\n\t\t\t\t\t\t<\/div>\n\t\t\t\t<\/div>\n\t\t\t\t<div class=\"elementor-element elementor-element-485339e elementor-widget elementor-widget-wd_image_or_svg\" data-id=\"485339e\" data-element_type=\"widget\" data-widget_type=\"wd_image_or_svg.default\">\n\t\t\t\t<div class=\"elementor-widget-container\">\n\t\t\t\t\t\n\t\t<div class=\"wd-image text-left\">\n\t\t\t\t\t\t\t\t<img fetchpriority=\"high\" decoding=\"async\" width=\"867\" height=\"867\" src=\"https:\/\/babyvk.com\/wp-content\/uploads\/2023\/05\/soft-toy-bunny.webp\" class=\"attachment-full size-full wvs-archive-product-image\" alt=\"coelhinho de peluche\" srcset=\"https:\/\/babyvk.com\/wp-content\/uploads\/2023\/05\/soft-toy-bunny.webp 867w, https:\/\/babyvk.com\/wp-content\/uploads\/2023\/05\/soft-toy-bunny-30x30.webp 30w, https:\/\/babyvk.com\/wp-content\/uploads\/2023\/05\/soft-toy-bunny-50x50.webp 50w, https:\/\/babyvk.com\/wp-content\/uploads\/2023\/05\/soft-toy-bunny-100x100.webp 100w, https:\/\/babyvk.com\/wp-content\/uploads\/2023\/05\/soft-toy-bunny-150x150.webp 150w, https:\/\/babyvk.com\/wp-content\/uploads\/2023\/05\/soft-toy-bunny-300x300.webp 300w, https:\/\/babyvk.com\/wp-content\/uploads\/2023\/05\/soft-toy-bunny-768x768.webp 768w, https:\/\/babyvk.com\/wp-content\/uploads\/2023\/05\/soft-toy-bunny-800x800.webp 800w, https:\/\/babyvk.com\/wp-content\/uploads\/2023\/05\/soft-toy-bunny-860x860.webp 860w, https:\/\/babyvk.com\/wp-content\/uploads\/2023\/05\/soft-toy-bunny-500x500.webp 500w, https:\/\/babyvk.com\/wp-content\/uploads\/2023\/05\/soft-toy-bunny-430x430.webp 430w, https:\/\/babyvk.com\/wp-content\/uploads\/2023\/05\/soft-toy-bunny-700x700.webp 700w\" sizes=\"(max-width: 867px) 100vw, 867px\" title=\"\">\t\t\t\t\t<\/div>\n\n\t\t\t\t\t\t<\/div>\n\t\t\t\t<\/div>\n\t\t\t\t\t<\/div>\n\t\t<\/div>\n\t\t\t\t<div class=\"elementor-column elementor-col-33 elementor-top-column elementor-element elementor-element-4c00a9b\" data-id=\"4c00a9b\" data-element_type=\"column\">\n\t\t\t<div class=\"elementor-widget-wrap elementor-element-populated\">\n\t\t\t\t\t\t<div class=\"elementor-element elementor-element-9ed76aa wd-width-100 elementor-widget elementor-widget-wd_title\" data-id=\"9ed76aa\" data-element_type=\"widget\" data-widget_type=\"wd_title.default\">\n\t\t\t\t<div class=\"elementor-widget-container\">\n\t\t\t\t\t\t\t<div class=\"title-wrapper wd-set-mb reset-last-child wd-title-color-default wd-title-style-default wd-title-size-default text-center\">\n\n\t\t\t\n\t\t\t<div class=\"liner-continer\">\n\t\t\t\t<h4 class=\"woodmart-title-container title wd-fontsize-l\">Cenoura laranja<\/h4> \n\t\t\t\t\t\t\t<\/div>\n\n\t\t\t\t\t<\/div>\n\t\t\t\t\t\t<\/div>\n\t\t\t\t<\/div>\n\t\t\t\t<div class=\"elementor-element elementor-element-1f6d3d8 elementor-widget elementor-widget-wd_image_or_svg\" data-id=\"1f6d3d8\" data-element_type=\"widget\" data-widget_type=\"wd_image_or_svg.default\">\n\t\t\t\t<div class=\"elementor-widget-container\">\n\t\t\t\t\t\n\t\t<div class=\"wd-image text-left\">\n\t\t\t\t\t\t\t\t<img decoding=\"async\" width=\"640\" height=\"640\" src=\"https:\/\/babyvk.com\/wp-content\/uploads\/2023\/05\/rabbits-soft-toys.webp\" class=\"attachment-full size-full wvs-archive-product-image\" alt=\"Peluche coelhinho de peluche\" srcset=\"https:\/\/babyvk.com\/wp-content\/uploads\/2023\/05\/rabbits-soft-toys.webp 640w, https:\/\/babyvk.com\/wp-content\/uploads\/2023\/05\/rabbits-soft-toys-30x30.webp 30w, https:\/\/babyvk.com\/wp-content\/uploads\/2023\/05\/rabbits-soft-toys-50x50.webp 50w, https:\/\/babyvk.com\/wp-content\/uploads\/2023\/05\/rabbits-soft-toys-100x100.webp 100w, https:\/\/babyvk.com\/wp-content\/uploads\/2023\/05\/rabbits-soft-toys-150x150.webp 150w, https:\/\/babyvk.com\/wp-content\/uploads\/2023\/05\/rabbits-soft-toys-300x300.webp 300w, https:\/\/babyvk.com\/wp-content\/uploads\/2023\/05\/rabbits-soft-toys-500x500.webp 500w, https:\/\/babyvk.com\/wp-content\/uploads\/2023\/05\/rabbits-soft-toys-430x430.webp 430w\" sizes=\"(max-width: 640px) 100vw, 640px\" title=\"\">\t\t\t\t\t<\/div>\n\n\t\t\t\t\t\t<\/div>\n\t\t\t\t<\/div>\n\t\t\t\t\t<\/div>\n\t\t<\/div>\n\t\t\t\t<div class=\"elementor-column elementor-col-33 elementor-top-column elementor-element elementor-element-9ae7251\" data-id=\"9ae7251\" data-element_type=\"column\">\n\t\t\t<div class=\"elementor-widget-wrap elementor-element-populated\">\n\t\t\t\t\t\t<div class=\"elementor-element elementor-element-e3d6b4b wd-width-100 elementor-widget elementor-widget-wd_title\" data-id=\"e3d6b4b\" data-element_type=\"widget\" data-widget_type=\"wd_title.default\">\n\t\t\t\t<div class=\"elementor-widget-container\">\n\t\t\t\t\t\t\t<div class=\"title-wrapper wd-set-mb reset-last-child wd-title-color-default wd-title-style-default wd-title-size-default text-center\">\n\n\t\t\t\n\t\t\t<div class=\"liner-continer\">\n\t\t\t\t<h4 class=\"woodmart-title-container title wd-fontsize-l\">Morango cor-de-rosa<\/h4> \n\t\t\t\t\t\t\t<\/div>\n\n\t\t\t\t\t<\/div>\n\t\t\t\t\t\t<\/div>\n\t\t\t\t<\/div>\n\t\t\t\t<div class=\"elementor-element elementor-element-68ea44c elementor-widget elementor-widget-wd_image_or_svg\" data-id=\"68ea44c\" data-element_type=\"widget\" data-widget_type=\"wd_image_or_svg.default\">\n\t\t\t\t<div class=\"elementor-widget-container\">\n\t\t\t\t\t\n\t\t<div class=\"wd-image text-left\">\n\t\t\t\t\t\t\t\t<img decoding=\"async\" width=\"640\" height=\"640\" src=\"https:\/\/babyvk.com\/wp-content\/uploads\/2023\/05\/rabbit-plush.webp\" class=\"attachment-full size-full wvs-archive-product-image\" alt=\"cute bunny plush\" srcset=\"https:\/\/babyvk.com\/wp-content\/uploads\/2023\/05\/rabbit-plush.webp 640w, https:\/\/babyvk.com\/wp-content\/uploads\/2023\/05\/rabbit-plush-30x30.webp 30w, https:\/\/babyvk.com\/wp-content\/uploads\/2023\/05\/rabbit-plush-50x50.webp 50w, https:\/\/babyvk.com\/wp-content\/uploads\/2023\/05\/rabbit-plush-100x100.webp 100w, https:\/\/babyvk.com\/wp-content\/uploads\/2023\/05\/rabbit-plush-150x150.webp 150w, https:\/\/babyvk.com\/wp-content\/uploads\/2023\/05\/rabbit-plush-300x300.webp 300w, https:\/\/babyvk.com\/wp-content\/uploads\/2023\/05\/rabbit-plush-500x500.webp 500w, https:\/\/babyvk.com\/wp-content\/uploads\/2023\/05\/rabbit-plush-430x430.webp 430w\" sizes=\"(max-width: 640px) 100vw, 640px\" title=\"\">\t\t\t\t\t<\/div>\n\n\t\t\t\t\t\t<\/div>\n\t\t\t\t<\/div>\n\t\t\t\t\t<\/div>\n\t\t<\/div>\n\t\t\t\t\t<\/div>\n\t\t<\/section>\n\t\t\t\t<section class=\"wd-negative-gap elementor-section elementor-top-section elementor-element elementor-element-f2fe4e7 elementor-section-boxed elementor-section-height-default elementor-section-height-default\" data-id=\"f2fe4e7\" data-element_type=\"section\">\n\t\t\t\t\t\t<div class=\"elementor-container elementor-column-gap-default\">\n\t\t\t\t\t<div class=\"elementor-column elementor-col-100 elementor-top-column elementor-element elementor-element-2a2f855\" data-id=\"2a2f855\" data-element_type=\"column\">\n\t\t\t<div class=\"elementor-widget-wrap elementor-element-populated\">\n\t\t\t\t\t\t<div class=\"elementor-element elementor-element-659ae77 wd-width-100 elementor-widget elementor-widget-wd_title\" data-id=\"659ae77\" data-element_type=\"widget\" data-widget_type=\"wd_title.default\">\n\t\t\t\t<div class=\"elementor-widget-container\">\n\t\t\t\t\t\t\t<div class=\"title-wrapper wd-set-mb reset-last-child wd-title-color-default wd-title-style-default wd-title-size-default text-center\">\n\n\t\t\t\t\t\t\t\t\t\t\t<div class=\"title-subtitle subtitle-color-default subtitle-style-default wd-fontsize-xs\">\n\t\t\t\t\tVER O NOSSO ESPECT\u00c1CULO REAL\t\t\t\t<\/div>\n\t\t\t\n\t\t\t<div class=\"liner-continer\">\n\t\t\t\t<h4 class=\"woodmart-title-container title wd-fontsize-l\">O nosso pequeno v\u00eddeo<\/h4> \n\t\t\t\t\t\t\t<\/div>\n\n\t\t\t\t\t\t\t<div class=\"title-after_title reset-last-child wd-fontsize-xs\">\n\t\t\t\t\t<p>Mostrar o cen\u00e1rio de utiliza\u00e7\u00e3o do produto, para lhe dar a conhecer mais pormenores.<\/p>\t\t\t\t<\/div>\n\t\t\t\t\t<\/div>\n\t\t\t\t\t\t<\/div>\n\t\t\t\t<\/div>\n\t\t\t\t<div class=\"elementor-element elementor-element-8f707d8 elementor-widget elementor-widget-wd_testimonials\" data-id=\"8f707d8\" data-element_type=\"widget\" data-widget_type=\"wd_testimonials.default\">\n\t\t\t\t<div class=\"elementor-widget-container\">\n\t\t\t\t\t\t\t<div class=\"testimonials testimon-style-standard  color-scheme- testimon-align-center wd-carousel-container\" id=\"carousel-6927\">\n\t\t\t\t\t\t\t<div class=\"wd-carousel-inner\">\n\t\t\t\n\t\t\t<div class=\"wd-carousel wd-grid\" data-scroll_per_page=\"yes\" style=\"--wd-col-lg:2;--wd-col-md:2;--wd-col-sm:1;--wd-gap-lg:30px;--wd-gap-sm:10px;\">\n\t\t\t\t\t\t\t\t\t<div class=\"wd-carousel-wrap\">\n\t\t\t\t\n\t\t\t\t\t\t\t\t\t\n<div class=\"testimonial wd-carousel-item\">\n\t<div class=\"testimonial-inner\">\n\t\t\n\t\t<div class=\"testimonial-content\">\n\t\t\t<div class=\"testimonial-rating\">\n\t\t\t\t<span class=\"star-rating\">\n\t\t\t\t\t<span style=\"width:100%\"><\/span>\n\t\t\t\t<\/span>\n\t\t\t<\/div>\n\n\t\t\t<p><iframe  id=\"_ytid_64203\"  width=\"800\" height=\"450\"  data-origwidth=\"800\" data-origheight=\"450\"  data-relstop=\"1\" src=\"https:\/\/www.youtube.com\/embed\/CvtFJl1jPf0?enablejsapi=1&autoplay=0&cc_load_policy=1&cc_lang_pref=&iv_load_policy=3&loop=0&rel=0&fs=1&playsinline=0&autohide=2&theme=dark&color=red&controls=1&disablekb=0&\" class=\"__youtube_prefs__  no-lazyload\" title=\"Leitor do YouTube\"  allow=\"fullscreen; accelerometer; autoplay; clipboard-write; encrypted-media; gyroscope; picture-in-picture; web-share\" referrerpolicy=\"strict-origin-when-cross-origin\" allowfullscreen data-no-lazy=\"1\" data-skipgform_ajax_framebjll=\"\"><\/iframe><\/p>\n\t\t\t<footer>\n\t\t\t\t\n\t\t\t\t\t\t\t<\/footer>\n\t\t<\/div>\n\t<\/div>\n<\/div>\t\t\t\t\t\t\t\t\t\n<div class=\"testimonial wd-carousel-item\">\n\t<div class=\"testimonial-inner\">\n\t\t\n\t\t<div class=\"testimonial-content\">\n\t\t\t<div class=\"testimonial-rating\">\n\t\t\t\t<span class=\"star-rating\">\n\t\t\t\t\t<span style=\"width:100%\"><\/span>\n\t\t\t\t<\/span>\n\t\t\t<\/div>\n\n\t\t\t<p><iframe  id=\"_ytid_50950\"  width=\"800\" height=\"450\"  data-origwidth=\"800\" data-origheight=\"450\"  data-relstop=\"1\" src=\"https:\/\/www.youtube.com\/embed\/xCqWSbBzLqw?enablejsapi=1&autoplay=0&cc_load_policy=1&cc_lang_pref=&iv_load_policy=3&loop=0&rel=0&fs=1&playsinline=0&autohide=2&theme=dark&color=red&controls=1&disablekb=0&\" class=\"__youtube_prefs__  no-lazyload\" title=\"Leitor do YouTube\"  allow=\"fullscreen; accelerometer; autoplay; clipboard-write; encrypted-media; gyroscope; picture-in-picture; web-share\" referrerpolicy=\"strict-origin-when-cross-origin\" allowfullscreen data-no-lazy=\"1\" data-skipgform_ajax_framebjll=\"\"><\/iframe><\/p>\n\t\t\t<footer>\n\t\t\t\t\n\t\t\t\t\t\t\t<\/footer>\n\t\t<\/div>\n\t<\/div>\n<\/div>\t\t\t\t\t\t\t\t\t\n<div class=\"testimonial wd-carousel-item\">\n\t<div class=\"testimonial-inner\">\n\t\t\n\t\t<div class=\"testimonial-content\">\n\t\t\t<div class=\"testimonial-rating\">\n\t\t\t\t<span class=\"star-rating\">\n\t\t\t\t\t<span style=\"width:100%\"><\/span>\n\t\t\t\t<\/span>\n\t\t\t<\/div>\n\n\t\t\t<p><iframe  id=\"_ytid_23223\"  width=\"800\" height=\"450\"  data-origwidth=\"800\" data-origheight=\"450\"  data-relstop=\"1\" src=\"https:\/\/www.youtube.com\/embed\/ezbHhSvLS7s?enablejsapi=1&autoplay=0&cc_load_policy=1&cc_lang_pref=&iv_load_policy=3&loop=0&rel=0&fs=1&playsinline=0&autohide=2&theme=dark&color=red&controls=1&disablekb=0&\" class=\"__youtube_prefs__  no-lazyload\" title=\"Leitor do YouTube\"  allow=\"fullscreen; accelerometer; autoplay; clipboard-write; encrypted-media; gyroscope; picture-in-picture; web-share\" referrerpolicy=\"strict-origin-when-cross-origin\" allowfullscreen data-no-lazy=\"1\" data-skipgform_ajax_framebjll=\"\"><\/iframe><\/p>\n\t\t\t<footer>\n\t\t\t\t\n\t\t\t\t\t\t\t<\/footer>\n\t\t<\/div>\n\t<\/div>\n<\/div>\t\t\t\t\t\t\t\t\t\n<div class=\"testimonial wd-carousel-item\">\n\t<div class=\"testimonial-inner\">\n\t\t\n\t\t<div class=\"testimonial-content\">\n\t\t\t<div class=\"testimonial-rating\">\n\t\t\t\t<span class=\"star-rating\">\n\t\t\t\t\t<span style=\"width:100%\"><\/span>\n\t\t\t\t<\/span>\n\t\t\t<\/div>\n\n\t\t\t<p><iframe  id=\"_ytid_88845\"  width=\"800\" height=\"450\"  data-origwidth=\"800\" data-origheight=\"450\"  data-relstop=\"1\" src=\"https:\/\/www.youtube.com\/embed\/HWW4RVUAHN8?enablejsapi=1&autoplay=0&cc_load_policy=1&cc_lang_pref=&iv_load_policy=3&loop=0&rel=0&fs=1&playsinline=0&autohide=2&theme=dark&color=red&controls=1&disablekb=0&\" class=\"__youtube_prefs__  no-lazyload\" title=\"Leitor do YouTube\"  allow=\"fullscreen; accelerometer; autoplay; clipboard-write; encrypted-media; gyroscope; picture-in-picture; web-share\" referrerpolicy=\"strict-origin-when-cross-origin\" allowfullscreen data-no-lazy=\"1\" data-skipgform_ajax_framebjll=\"\"><\/iframe><\/p>\n\t\t\t<footer>\n\t\t\t\t\n\t\t\t\t\t\t\t<\/footer>\n\t\t<\/div>\n\t<\/div>\n<\/div>\t\t\t\t\t\t\t\t\t\n<div class=\"testimonial wd-carousel-item\">\n\t<div class=\"testimonial-inner\">\n\t\t\n\t\t<div class=\"testimonial-content\">\n\t\t\t<div class=\"testimonial-rating\">\n\t\t\t\t<span class=\"star-rating\">\n\t\t\t\t\t<span style=\"width:100%\"><\/span>\n\t\t\t\t<\/span>\n\t\t\t<\/div>\n\n\t\t\t<p><iframe  id=\"_ytid_35940\"  width=\"800\" height=\"450\"  data-origwidth=\"800\" data-origheight=\"450\"  data-relstop=\"1\" src=\"https:\/\/www.youtube.com\/embed\/-jwnHcjSzZ0?enablejsapi=1&autoplay=0&cc_load_policy=1&cc_lang_pref=&iv_load_policy=3&loop=0&rel=0&fs=1&playsinline=0&autohide=2&theme=dark&color=red&controls=1&disablekb=0&\" class=\"__youtube_prefs__  no-lazyload\" title=\"Leitor do YouTube\"  allow=\"fullscreen; accelerometer; autoplay; clipboard-write; encrypted-media; gyroscope; picture-in-picture; web-share\" referrerpolicy=\"strict-origin-when-cross-origin\" allowfullscreen data-no-lazy=\"1\" data-skipgform_ajax_framebjll=\"\"><\/iframe><\/p>\n\t\t\t<footer>\n\t\t\t\t\n\t\t\t\t\t\t\t<\/footer>\n\t\t<\/div>\n\t<\/div>\n<\/div>\t\t\t\t\n\t\t\t\t\t\t\t\t\t<\/div>\n\t\t\t\t\t\t\t<\/div>\n\t\t\t\t\t\t\t\t\t\t\t\t\t\t<div class=\"wd-nav-arrows wd-pos-sep wd-hover-1 wd-icon-1\">\n\t\t\t<div class=\"wd-btn-arrow wd-prev wd-disabled\">\n\t\t\t\t<div class=\"wd-arrow-inner\"><\/div>\n\t\t\t<\/div>\n\t\t\t<div class=\"wd-btn-arrow wd-next\">\n\t\t\t\t<div class=\"wd-arrow-inner\"><\/div>\n\t\t\t<\/div>\n\t\t<\/div>\n\t\t\t\t\t\t\n\t\t\t\t<\/div>\n\n\t\t\t\t\t\t<div class=\"wd-nav-pagin-wrap text-center wd-style-shape wd-hide-md-sm wd-hide-sm\">\n\t\t\t<ul class=\"wd-nav-pagin\"><\/ul>\n\t\t<\/div>\n\t\t\t\t\t\t\t\t\t\t\t<\/div>\n\t\t\t\t\t\t<\/div>\n\t\t\t\t<\/div>\n\t\t\t\t\t<\/div>\n\t\t<\/div>\n\t\t\t\t\t<\/div>\n\t\t<\/section>\n\t\t\t\t<\/div>","protected":false},"excerpt":{"rendered":"<p>&#8220;<strong>Procura o companheiro de peluche perfeito?<\/strong> Descubra o peluche Cute Bunny Stuffed - a solu\u00e7\u00e3o ideal para dar calor e alegria a qualquer momento. Aumente o seu conforto e abrace a fofura hoje mesmo! Compre agora com frete gr\u00e1tis e ganhe 30% de desconto!<\/p>","protected":false},"featured_media":14637,"comment_status":"open","ping_status":"closed","template":"","meta":{"_acf_changed":false},"product_brand":[],"product_cat":[509],"product_tag":[517,519,518,516],"class_list":{"0":"post-14144","1":"product","2":"type-product","3":"status-publish","4":"has-post-thumbnail","6":"product_cat-best-baby-toys","7":"product_tag-bunny-stuffed-plush-toy","8":"product_tag-bunny-toys-for-kids","9":"product_tag-easter-bunny-stuffed-animal","10":"product_tag-plush-doll-gift-for-kids","12":"first","13":"instock","14":"taxable","15":"shipping-taxable","16":"purchasable","17":"product-type-variable","18":"wvs-archive-product-wrapper"},"acf":[],"_links":{"self":[{"href":"https:\/\/babyvk.com\/pt\/wp-json\/wp\/v2\/product\/14144","targetHints":{"allow":["GET"]}}],"collection":[{"href":"https:\/\/babyvk.com\/pt\/wp-json\/wp\/v2\/product"}],"about":[{"href":"https:\/\/babyvk.com\/pt\/wp-json\/wp\/v2\/types\/product"}],"replies":[{"embeddable":true,"href":"https:\/\/babyvk.com\/pt\/wp-json\/wp\/v2\/comments?post=14144"}],"version-history":[{"count":0,"href":"https:\/\/babyvk.com\/pt\/wp-json\/wp\/v2\/product\/14144\/revisions"}],"wp:featuredmedia":[{"embeddable":true,"href":"https:\/\/babyvk.com\/pt\/wp-json\/wp\/v2\/media\/14637"}],"wp:attachment":[{"href":"https:\/\/babyvk.com\/pt\/wp-json\/wp\/v2\/media?parent=14144"}],"wp:term":[{"taxonomy":"product_brand","embeddable":true,"href":"https:\/\/babyvk.com\/pt\/wp-json\/wp\/v2\/product_brand?post=14144"},{"taxonomy":"product_cat","embeddable":true,"href":"https:\/\/babyvk.com\/pt\/wp-json\/wp\/v2\/product_cat?post=14144"},{"taxonomy":"product_tag","embeddable":true,"href":"https:\/\/babyvk.com\/pt\/wp-json\/wp\/v2\/product_tag?post=14144"}],"curies":[{"name":"wp","href":"https:\/\/api.w.org\/{rel}","templated":true}]}}