{"id":13943,"date":"2023-05-13T18:50:07","date_gmt":"2023-05-13T18:50:07","guid":{"rendered":"https:\/\/babyvk.com\/?post_type=product&#038;p=13943"},"modified":"2025-09-08T17:04:41","modified_gmt":"2025-09-08T17:04:41","slug":"potty-training-urinal-for-boys","status":"publish","type":"product","link":"https:\/\/babyvk.com\/pt\/product\/potty-training-urinal-for-boys\/","title":{"rendered":"Urinol de treino em p\u00e9 para rapazes"},"content":{"rendered":"<div data-elementor-type=\"product-post\" data-elementor-id=\"13943\" class=\"elementor elementor-13943\" data-elementor-post-type=\"product\">\n\t\t\t\t\t\t<section class=\"elementor-section elementor-top-section elementor-element elementor-element-ba39e7e elementor-section-boxed elementor-section-height-default elementor-section-height-default\" data-id=\"ba39e7e\" data-element_type=\"section\">\n\t\t\t\t\t\t<div class=\"elementor-container elementor-column-gap-default\">\n\t\t\t\t\t<div class=\"elementor-column elementor-col-100 elementor-top-column elementor-element elementor-element-f25df86\" data-id=\"f25df86\" data-element_type=\"column\">\n\t\t\t<div class=\"elementor-widget-wrap elementor-element-populated\">\n\t\t\t\t\t\t<div class=\"elementor-element elementor-element-6167aa0 elementor-widget elementor-widget-wd_text_block\" data-id=\"6167aa0\" data-element_type=\"widget\" data-widget_type=\"wd_text_block.default\">\n\t\t\t\t<div class=\"elementor-widget-container\">\n\t\t\t\t\t\t\t<div class=\"wd-text-block reset-last-child text-left\">\n\t\t\t\n\t\t\t<p><span style=\"color: #000000; font-size: 14pt;\"><strong>Descri\u00e7\u00e3o do produto:<\/strong><\/span><\/p><p>Apresentamos o nosso incr\u00edvel Urinol de Treino para Beb\u00e9s, um acess\u00f3rio indispens\u00e1vel para todos os pais que querem facilitar o treino do bacio! Concebemos este produto com o m\u00e1ximo cuidado e aten\u00e7\u00e3o aos pormenores, garantindo que oferece uma experi\u00eancia excecional tanto para si como para o seu precioso pequenino.<\/p><ol><li><b>Amigo do ambiente e seguro: <\/b><br \/>Fabricado com materiais de alta qualidade e amigos do ambiente, o nosso urinol de treino para beb\u00e9s \u00e9 totalmente at\u00f3xico e isento de odores desagrad\u00e1veis. Pode ficar descansado sabendo que ir\u00e1 salvaguardar a sa\u00fade e o bem-estar do seu beb\u00e9 durante todo o seu percurso de treino do bacio.<\/li><li><b>Limpeza sem esfor\u00e7o:<br \/><\/b>Com o seu design inovador de separa\u00e7\u00e3o das ranhuras para a urina e a sua superf\u00edcie lisa, nunca foi t\u00e3o f\u00e1cil limpar o beb\u00e9 depois de ter ido \u00e0 casa de banho. Basta limpar a superf\u00edcie e dizer adeus \u00e0s preocupa\u00e7\u00f5es com a sujidade persistente. O nosso urinol de treino para beb\u00e9s foi concebido para simplificar a sua vida, mantendo a higiene como prioridade m\u00e1xima.<\/li><li><b>Desenho de r\u00e3 cativante:<br \/><\/b>Diga adeus \u00e0s dificuldades de convencer o seu beb\u00e9 a usar o bacio! O nosso Urinol de Treino para Beb\u00e9s tem uma ador\u00e1vel forma de sapo e um encantador moinho de vento rotativo. Estes complementos encantadores v\u00e3o certamente cativar a aten\u00e7\u00e3o do seu beb\u00e9, transformando a hora do bacio numa experi\u00eancia emocionante e agrad\u00e1vel. Acabou-se a resist\u00eancia e a relut\u00e2ncia - o seu beb\u00e9 estar\u00e1 ansioso por usar o seu amiguinho sapo!<\/li><li><b>Seguro e ajust\u00e1vel:<br \/><\/b>O urinol de treino para beb\u00e9s est\u00e1 equipado com uma base de ventosa forte que garante estabilidade e evita deslizes indesejados. Ajuste a altura do treinador de acordo com as necessidades do seu beb\u00e9, proporcionando-lhe o m\u00e1ximo conforto durante as sess\u00f5es de treino do bacio. Pode confiar que o nosso produto se manter\u00e1 no lugar, permitindo que o seu filho se concentre nos progressos do treino do bacio.<\/li><li><b>Capacidade generosa:<br \/><\/b>Compreendemos a import\u00e2ncia de um bacio fi\u00e1vel, capaz de suportar at\u00e9 os dias mais agitados. \u00c9 por isso que o nosso urinol de treino para beb\u00e9s tem uma grande capacidade, garantindo que a urina n\u00e3o transborda e n\u00e3o provoca sujidade desnecess\u00e1ria. Pode ter a certeza de que o nosso produto foi concebido para satisfazer as exig\u00eancias do seu filho em crescimento.<\/li><\/ol>\n\t\t\t\t\t<\/div>\n\t\t\t\t\t\t<\/div>\n\t\t\t\t<\/div>\n\t\t\t\t<div class=\"elementor-element elementor-element-1218843 elementor-widget elementor-widget-wd_text_block\" data-id=\"1218843\" data-element_type=\"widget\" data-widget_type=\"wd_text_block.default\">\n\t\t\t\t<div class=\"elementor-widget-container\">\n\t\t\t\t\t\t\t<div class=\"wd-text-block reset-last-child text-left\">\n\t\t\t\n\t\t\t<p><span style=\"color: #000000; font-size: 14pt;\"><strong>Especifica\u00e7\u00e3o:<\/strong><\/span><\/p><ul><li><b>Materiais: <\/b>Pl\u00e1stico<br \/><b><\/b><\/li><li><b>Tema: <\/b>Urinol de sapo<br \/><b><\/b><\/li><li><b>Cor: <\/b>Caf\u00e9\/azul\/laranja\/verde<br \/><b><\/b><\/li><li><b>Adequado:<\/b> Para crian\u00e7as dos 8 meses aos 6 anos de idade<br \/><b><\/b><\/li><li><b>Peso da embalagem: <\/b>0,352 kg<br \/><b><\/b><\/li><li><b>Tamanho da embalagem: <\/b>8 x 6 x 11 polegadas<br \/><b><\/b><\/li><li><b>Conte\u00fado da embalagem: <\/b>1 x Urinol para beb\u00e9<\/li><\/ul>\n\t\t\t\t\t<\/div>\n\t\t\t\t\t\t<\/div>\n\t\t\t\t<\/div>\n\t\t\t\t\t<\/div>\n\t\t<\/div>\n\t\t\t\t\t<\/div>\n\t\t<\/section>\n\t\t\t\t<section class=\"elementor-section elementor-top-section elementor-element elementor-element-caf69e6 elementor-section-boxed elementor-section-height-default elementor-section-height-default\" data-id=\"caf69e6\" data-element_type=\"section\">\n\t\t\t\t\t\t<div class=\"elementor-container elementor-column-gap-default\">\n\t\t\t\t\t<div class=\"elementor-column elementor-col-50 elementor-top-column elementor-element elementor-element-6bc3c5e\" data-id=\"6bc3c5e\" data-element_type=\"column\">\n\t\t\t<div class=\"elementor-widget-wrap elementor-element-populated\">\n\t\t\t\t\t\t<div class=\"elementor-element elementor-element-d4de3eb elementor-widget elementor-widget-wd_image_or_svg\" data-id=\"d4de3eb\" data-element_type=\"widget\" data-widget_type=\"wd_image_or_svg.default\">\n\t\t\t\t<div class=\"elementor-widget-container\">\n\t\t\t\t\t\n\t\t<div class=\"wd-image text-left\">\n\t\t\t\t\t\t\t\t<img fetchpriority=\"high\" decoding=\"async\" width=\"1000\" height=\"1000\" src=\"https:\/\/babyvk.com\/wp-content\/uploads\/2023\/05\/potty-training-boys.webp\" class=\"attachment-full size-full wvs-archive-product-image\" alt=\"Urinol para treino do bacio\" srcset=\"https:\/\/babyvk.com\/wp-content\/uploads\/2023\/05\/potty-training-boys.webp 1000w, https:\/\/babyvk.com\/wp-content\/uploads\/2023\/05\/potty-training-boys-30x30.webp 30w, https:\/\/babyvk.com\/wp-content\/uploads\/2023\/05\/potty-training-boys-50x50.webp 50w, https:\/\/babyvk.com\/wp-content\/uploads\/2023\/05\/potty-training-boys-100x100.webp 100w, https:\/\/babyvk.com\/wp-content\/uploads\/2023\/05\/potty-training-boys-150x150.webp 150w, https:\/\/babyvk.com\/wp-content\/uploads\/2023\/05\/potty-training-boys-300x300.webp 300w, https:\/\/babyvk.com\/wp-content\/uploads\/2023\/05\/potty-training-boys-768x768.webp 768w, https:\/\/babyvk.com\/wp-content\/uploads\/2023\/05\/potty-training-boys-800x800.webp 800w, https:\/\/babyvk.com\/wp-content\/uploads\/2023\/05\/potty-training-boys-860x860.webp 860w, https:\/\/babyvk.com\/wp-content\/uploads\/2023\/05\/potty-training-boys-500x500.webp 500w, https:\/\/babyvk.com\/wp-content\/uploads\/2023\/05\/potty-training-boys-430x430.webp 430w, https:\/\/babyvk.com\/wp-content\/uploads\/2023\/05\/potty-training-boys-700x700.webp 700w\" sizes=\"(max-width: 1000px) 100vw, 1000px\" title=\"\">\t\t\t\t\t<\/div>\n\n\t\t\t\t\t\t<\/div>\n\t\t\t\t<\/div>\n\t\t\t\t\t<\/div>\n\t\t<\/div>\n\t\t\t\t<div class=\"elementor-column elementor-col-50 elementor-top-column elementor-element elementor-element-5c53899\" data-id=\"5c53899\" data-element_type=\"column\">\n\t\t\t<div class=\"elementor-widget-wrap elementor-element-populated\">\n\t\t\t\t\t\t<div class=\"elementor-element elementor-element-77dcd90 elementor-widget elementor-widget-wd_image_or_svg\" data-id=\"77dcd90\" data-element_type=\"widget\" data-widget_type=\"wd_image_or_svg.default\">\n\t\t\t\t<div class=\"elementor-widget-container\">\n\t\t\t\t\t\n\t\t<div class=\"wd-image text-left\">\n\t\t\t\t\t\t\t\t<img decoding=\"async\" width=\"1000\" height=\"1000\" src=\"https:\/\/babyvk.com\/wp-content\/uploads\/2023\/05\/boys-peeing.webp\" class=\"attachment-full size-full wvs-archive-product-image\" alt=\"melhor treino do bacio para rapazes\" srcset=\"https:\/\/babyvk.com\/wp-content\/uploads\/2023\/05\/boys-peeing.webp 1000w, https:\/\/babyvk.com\/wp-content\/uploads\/2023\/05\/boys-peeing-30x30.webp 30w, https:\/\/babyvk.com\/wp-content\/uploads\/2023\/05\/boys-peeing-50x50.webp 50w, https:\/\/babyvk.com\/wp-content\/uploads\/2023\/05\/boys-peeing-100x100.webp 100w, https:\/\/babyvk.com\/wp-content\/uploads\/2023\/05\/boys-peeing-150x150.webp 150w, https:\/\/babyvk.com\/wp-content\/uploads\/2023\/05\/boys-peeing-300x300.webp 300w, https:\/\/babyvk.com\/wp-content\/uploads\/2023\/05\/boys-peeing-768x768.webp 768w, https:\/\/babyvk.com\/wp-content\/uploads\/2023\/05\/boys-peeing-800x800.webp 800w, https:\/\/babyvk.com\/wp-content\/uploads\/2023\/05\/boys-peeing-860x860.webp 860w, https:\/\/babyvk.com\/wp-content\/uploads\/2023\/05\/boys-peeing-500x500.webp 500w, https:\/\/babyvk.com\/wp-content\/uploads\/2023\/05\/boys-peeing-430x430.webp 430w, https:\/\/babyvk.com\/wp-content\/uploads\/2023\/05\/boys-peeing-700x700.webp 700w\" sizes=\"(max-width: 1000px) 100vw, 1000px\" title=\"\">\t\t\t\t\t<\/div>\n\n\t\t\t\t\t\t<\/div>\n\t\t\t\t<\/div>\n\t\t\t\t\t<\/div>\n\t\t<\/div>\n\t\t\t\t\t<\/div>\n\t\t<\/section>\n\t\t\t\t<section class=\"elementor-section elementor-top-section elementor-element elementor-element-c73a545 elementor-section-boxed elementor-section-height-default elementor-section-height-default\" data-id=\"c73a545\" data-element_type=\"section\">\n\t\t\t\t\t\t<div class=\"elementor-container elementor-column-gap-default\">\n\t\t\t\t\t<div class=\"elementor-column elementor-col-100 elementor-top-column elementor-element elementor-element-1549f51\" data-id=\"1549f51\" data-element_type=\"column\">\n\t\t\t<div class=\"elementor-widget-wrap elementor-element-populated\">\n\t\t\t\t\t\t<div class=\"elementor-element elementor-element-2b16c09 color-scheme-inherit text-left elementor-widget elementor-widget-text-editor\" data-id=\"2b16c09\" data-element_type=\"widget\" data-widget_type=\"text-editor.default\">\n\t\t\t\t<div class=\"elementor-widget-container\">\n\t\t\t\t\t\t\t\t\t<p>Fa\u00e7a do treino do bacio uma experi\u00eancia alegre e bem sucedida para si e para o seu beb\u00e9 com o nosso extraordin\u00e1rio urinol de treino para beb\u00e9s. Invista neste produto inovador e fi\u00e1vel e veja como o seu filho passa a usar o bacio de forma independente e confiante. Diga adeus ao stress e ol\u00e1 ao sucesso!<\/p>\t\t\t\t\t\t\t\t<\/div>\n\t\t\t\t<\/div>\n\t\t\t\t\t<\/div>\n\t\t<\/div>\n\t\t\t\t\t<\/div>\n\t\t<\/section>\n\t\t\t\t<section class=\"wd-negative-gap elementor-section elementor-top-section elementor-element elementor-element-ac2c6e4 elementor-section-boxed elementor-section-height-default elementor-section-height-default\" data-id=\"ac2c6e4\" data-element_type=\"section\">\n\t\t\t\t\t\t<div class=\"elementor-container elementor-column-gap-default\">\n\t\t\t\t\t<div class=\"elementor-column elementor-col-100 elementor-top-column elementor-element elementor-element-305c1c6\" data-id=\"305c1c6\" data-element_type=\"column\">\n\t\t\t<div class=\"elementor-widget-wrap elementor-element-populated\">\n\t\t\t\t\t\t<div class=\"elementor-element elementor-element-58c1418 wd-width-100 elementor-widget elementor-widget-wd_title\" data-id=\"58c1418\" data-element_type=\"widget\" data-widget_type=\"wd_title.default\">\n\t\t\t\t<div class=\"elementor-widget-container\">\n\t\t\t\t\t\t\t<div class=\"title-wrapper wd-set-mb reset-last-child wd-title-color-default wd-title-style-default wd-title-size-default text-center\">\n\n\t\t\t\t\t\t\t\t\t\t\t<div class=\"title-subtitle subtitle-color-default subtitle-style-default wd-fontsize-xs\">\n\t\t\t\t\tVER O NOSSO ESPECT\u00c1CULO REAL\t\t\t\t<\/div>\n\t\t\t\n\t\t\t<div class=\"liner-continer\">\n\t\t\t\t<h4 class=\"woodmart-title-container title wd-fontsize-l\">O nosso pequeno v\u00eddeo<\/h4> \n\t\t\t\t\t\t\t<\/div>\n\n\t\t\t\t\t\t\t<div class=\"title-after_title reset-last-child wd-fontsize-xs\">\n\t\t\t\t\t<p>Mostrar o cen\u00e1rio de utiliza\u00e7\u00e3o do produto, para lhe dar a conhecer mais pormenores.<\/p>\t\t\t\t<\/div>\n\t\t\t\t\t<\/div>\n\t\t\t\t\t\t<\/div>\n\t\t\t\t<\/div>\n\t\t\t\t<div class=\"elementor-element elementor-element-8b12d1c elementor-widget elementor-widget-wd_testimonials\" data-id=\"8b12d1c\" data-element_type=\"widget\" data-widget_type=\"wd_testimonials.default\">\n\t\t\t\t<div class=\"elementor-widget-container\">\n\t\t\t\t\t\t\t<div class=\"testimonials testimon-style-standard  color-scheme- testimon-align-center wd-carousel-container\" id=\"carousel-8167\">\n\t\t\t\t\t\t\t<div class=\"wd-carousel-inner\">\n\t\t\t\n\t\t\t<div class=\"wd-carousel wd-grid\" data-scroll_per_page=\"yes\" style=\"--wd-col-lg:2;--wd-col-md:2;--wd-col-sm:1;--wd-gap-lg:30px;--wd-gap-sm:10px;\">\n\t\t\t\t\t\t\t\t\t<div class=\"wd-carousel-wrap\">\n\t\t\t\t\n\t\t\t\t\t\t\t\t\t\n<div class=\"testimonial wd-carousel-item\">\n\t<div class=\"testimonial-inner\">\n\t\t\n\t\t<div class=\"testimonial-content\">\n\t\t\t<div class=\"testimonial-rating\">\n\t\t\t\t<span class=\"star-rating\">\n\t\t\t\t\t<span style=\"width:100%\"><\/span>\n\t\t\t\t<\/span>\n\t\t\t<\/div>\n\n\t\t\t<p><iframe  id=\"_ytid_29910\"  width=\"800\" height=\"450\"  data-origwidth=\"800\" data-origheight=\"450\"  data-relstop=\"1\" src=\"https:\/\/www.youtube.com\/embed\/6ue7rca2U38?enablejsapi=1&autoplay=0&cc_load_policy=1&cc_lang_pref=&iv_load_policy=3&loop=0&rel=0&fs=1&playsinline=0&autohide=2&theme=dark&color=red&controls=1&disablekb=0&\" class=\"__youtube_prefs__  no-lazyload\" title=\"Leitor do YouTube\"  allow=\"fullscreen; accelerometer; autoplay; clipboard-write; encrypted-media; gyroscope; picture-in-picture; web-share\" referrerpolicy=\"strict-origin-when-cross-origin\" allowfullscreen data-no-lazy=\"1\" data-skipgform_ajax_framebjll=\"\"><\/iframe><\/p>\n\t\t\t<footer>\n\t\t\t\t\n\t\t\t\t\t\t\t<\/footer>\n\t\t<\/div>\n\t<\/div>\n<\/div>\t\t\t\t\t\t\t\t\t\n<div class=\"testimonial wd-carousel-item\">\n\t<div class=\"testimonial-inner\">\n\t\t\n\t\t<div class=\"testimonial-content\">\n\t\t\t<div class=\"testimonial-rating\">\n\t\t\t\t<span class=\"star-rating\">\n\t\t\t\t\t<span style=\"width:100%\"><\/span>\n\t\t\t\t<\/span>\n\t\t\t<\/div>\n\n\t\t\t<p><iframe  id=\"_ytid_32855\"  width=\"800\" height=\"450\"  data-origwidth=\"800\" data-origheight=\"450\"  data-relstop=\"1\" src=\"https:\/\/www.youtube.com\/embed\/Sud-V5cVW3g?enablejsapi=1&autoplay=0&cc_load_policy=1&cc_lang_pref=&iv_load_policy=3&loop=0&rel=0&fs=1&playsinline=0&autohide=2&theme=dark&color=red&controls=1&disablekb=0&\" class=\"__youtube_prefs__  no-lazyload\" title=\"Leitor do YouTube\"  allow=\"fullscreen; accelerometer; autoplay; clipboard-write; encrypted-media; gyroscope; picture-in-picture; web-share\" referrerpolicy=\"strict-origin-when-cross-origin\" allowfullscreen data-no-lazy=\"1\" data-skipgform_ajax_framebjll=\"\"><\/iframe><\/p>\n\t\t\t<footer>\n\t\t\t\t\n\t\t\t\t\t\t\t<\/footer>\n\t\t<\/div>\n\t<\/div>\n<\/div>\t\t\t\t\t\t\t\t\t\n<div class=\"testimonial wd-carousel-item\">\n\t<div class=\"testimonial-inner\">\n\t\t\n\t\t<div class=\"testimonial-content\">\n\t\t\t<div class=\"testimonial-rating\">\n\t\t\t\t<span class=\"star-rating\">\n\t\t\t\t\t<span style=\"width:100%\"><\/span>\n\t\t\t\t<\/span>\n\t\t\t<\/div>\n\n\t\t\t<p><iframe  id=\"_ytid_54049\"  width=\"800\" height=\"450\"  data-origwidth=\"800\" data-origheight=\"450\"  data-relstop=\"1\" src=\"https:\/\/www.youtube.com\/embed\/-LXM-3GtSBQ?enablejsapi=1&autoplay=0&cc_load_policy=1&cc_lang_pref=&iv_load_policy=3&loop=0&rel=0&fs=1&playsinline=0&autohide=2&theme=dark&color=red&controls=1&disablekb=0&\" class=\"__youtube_prefs__  no-lazyload\" title=\"Leitor do YouTube\"  allow=\"fullscreen; accelerometer; autoplay; clipboard-write; encrypted-media; gyroscope; picture-in-picture; web-share\" referrerpolicy=\"strict-origin-when-cross-origin\" allowfullscreen data-no-lazy=\"1\" data-skipgform_ajax_framebjll=\"\"><\/iframe><\/p>\n\t\t\t<footer>\n\t\t\t\t\n\t\t\t\t\t\t\t<\/footer>\n\t\t<\/div>\n\t<\/div>\n<\/div>\t\t\t\t\t\t\t\t\t\n<div class=\"testimonial wd-carousel-item\">\n\t<div class=\"testimonial-inner\">\n\t\t\n\t\t<div class=\"testimonial-content\">\n\t\t\t<div class=\"testimonial-rating\">\n\t\t\t\t<span class=\"star-rating\">\n\t\t\t\t\t<span style=\"width:100%\"><\/span>\n\t\t\t\t<\/span>\n\t\t\t<\/div>\n\n\t\t\t<p><iframe  id=\"_ytid_22359\"  width=\"800\" height=\"450\"  data-origwidth=\"800\" data-origheight=\"450\"  data-relstop=\"1\" src=\"https:\/\/www.youtube.com\/embed\/lZrmI1cXa_c?enablejsapi=1&autoplay=0&cc_load_policy=1&cc_lang_pref=&iv_load_policy=3&loop=0&rel=0&fs=1&playsinline=0&autohide=2&theme=dark&color=red&controls=1&disablekb=0&\" class=\"__youtube_prefs__  no-lazyload\" title=\"Leitor do YouTube\"  allow=\"fullscreen; accelerometer; autoplay; clipboard-write; encrypted-media; gyroscope; picture-in-picture; web-share\" referrerpolicy=\"strict-origin-when-cross-origin\" allowfullscreen data-no-lazy=\"1\" data-skipgform_ajax_framebjll=\"\"><\/iframe><\/p>\n\t\t\t<footer>\n\t\t\t\t\n\t\t\t\t\t\t\t<\/footer>\n\t\t<\/div>\n\t<\/div>\n<\/div>\t\t\t\t\t\t\t\t\t\n<div class=\"testimonial wd-carousel-item\">\n\t<div class=\"testimonial-inner\">\n\t\t\n\t\t<div class=\"testimonial-content\">\n\t\t\t<div class=\"testimonial-rating\">\n\t\t\t\t<span class=\"star-rating\">\n\t\t\t\t\t<span style=\"width:100%\"><\/span>\n\t\t\t\t<\/span>\n\t\t\t<\/div>\n\n\t\t\t<p><iframe  id=\"_ytid_39214\"  width=\"800\" height=\"450\"  data-origwidth=\"800\" data-origheight=\"450\"  data-relstop=\"1\" src=\"https:\/\/www.youtube.com\/embed\/GMJ-TgYV5qs?enablejsapi=1&autoplay=0&cc_load_policy=1&cc_lang_pref=&iv_load_policy=3&loop=0&rel=0&fs=1&playsinline=0&autohide=2&theme=dark&color=red&controls=1&disablekb=0&\" class=\"__youtube_prefs__  no-lazyload\" title=\"Leitor do YouTube\"  allow=\"fullscreen; accelerometer; autoplay; clipboard-write; encrypted-media; gyroscope; picture-in-picture; web-share\" referrerpolicy=\"strict-origin-when-cross-origin\" allowfullscreen data-no-lazy=\"1\" data-skipgform_ajax_framebjll=\"\"><\/iframe><\/p>\n\t\t\t<footer>\n\t\t\t\t\n\t\t\t\t\t\t\t<\/footer>\n\t\t<\/div>\n\t<\/div>\n<\/div>\t\t\t\t\n\t\t\t\t\t\t\t\t\t<\/div>\n\t\t\t\t\t\t\t<\/div>\n\t\t\t\t\t\t\t\t\t\t\t\t\t\t<div class=\"wd-nav-arrows wd-pos-sep wd-hover-1 wd-icon-1\">\n\t\t\t<div class=\"wd-btn-arrow wd-prev wd-disabled\">\n\t\t\t\t<div class=\"wd-arrow-inner\"><\/div>\n\t\t\t<\/div>\n\t\t\t<div class=\"wd-btn-arrow wd-next\">\n\t\t\t\t<div class=\"wd-arrow-inner\"><\/div>\n\t\t\t<\/div>\n\t\t<\/div>\n\t\t\t\t\t\t\n\t\t\t\t<\/div>\n\n\t\t\t\t\t\t<div class=\"wd-nav-pagin-wrap text-center wd-style-shape wd-hide-md-sm wd-hide-sm\">\n\t\t\t<ul class=\"wd-nav-pagin\"><\/ul>\n\t\t<\/div>\n\t\t\t\t\t\t\t\t\t\t\t<\/div>\n\t\t\t\t\t\t<\/div>\n\t\t\t\t<\/div>\n\t\t\t\t\t<\/div>\n\t\t<\/div>\n\t\t\t\t\t<\/div>\n\t\t<\/section>\n\t\t\t\t<\/div>","protected":false},"excerpt":{"rendered":"<p>&#8220;<strong>Est\u00e1 \u00e0 procura de uma solu\u00e7\u00e3o eficaz para ensinar os seus filhos a usar o bacio?<\/strong> Apresentamos o nosso Urinol de Treino em P\u00e9 para Rapazes! Diga adeus \u00e0 confus\u00e3o e ao inc\u00f3modo - o nosso produto torna o treino divertido e f\u00e1cil. Compre agora para envio gratuito e obtenha 30% OFF!<\/p>","protected":false},"featured_media":13941,"comment_status":"open","ping_status":"closed","template":"","meta":{"_acf_changed":false},"product_brand":[],"product_cat":[29],"product_tag":[258,259,256,257,254,255],"class_list":{"0":"post-13943","1":"product","2":"type-product","3":"status-publish","4":"has-post-thumbnail","6":"product_cat-best-baby-care","7":"product_tag-boys-potty","8":"product_tag-potties-for-boys","9":"product_tag-potty-training-boys","10":"product_tag-potty-training-for-boys","11":"product_tag-potty-training-urinal","12":"product_tag-toddler-urinal","14":"first","15":"instock","16":"sale","17":"taxable","18":"shipping-taxable","19":"purchasable","20":"product-type-variable","21":"wvs-archive-product-wrapper"},"acf":[],"_links":{"self":[{"href":"https:\/\/babyvk.com\/pt\/wp-json\/wp\/v2\/product\/13943","targetHints":{"allow":["GET"]}}],"collection":[{"href":"https:\/\/babyvk.com\/pt\/wp-json\/wp\/v2\/product"}],"about":[{"href":"https:\/\/babyvk.com\/pt\/wp-json\/wp\/v2\/types\/product"}],"replies":[{"embeddable":true,"href":"https:\/\/babyvk.com\/pt\/wp-json\/wp\/v2\/comments?post=13943"}],"version-history":[{"count":0,"href":"https:\/\/babyvk.com\/pt\/wp-json\/wp\/v2\/product\/13943\/revisions"}],"wp:featuredmedia":[{"embeddable":true,"href":"https:\/\/babyvk.com\/pt\/wp-json\/wp\/v2\/media\/13941"}],"wp:attachment":[{"href":"https:\/\/babyvk.com\/pt\/wp-json\/wp\/v2\/media?parent=13943"}],"wp:term":[{"taxonomy":"product_brand","embeddable":true,"href":"https:\/\/babyvk.com\/pt\/wp-json\/wp\/v2\/product_brand?post=13943"},{"taxonomy":"product_cat","embeddable":true,"href":"https:\/\/babyvk.com\/pt\/wp-json\/wp\/v2\/product_cat?post=13943"},{"taxonomy":"product_tag","embeddable":true,"href":"https:\/\/babyvk.com\/pt\/wp-json\/wp\/v2\/product_tag?post=13943"}],"curies":[{"name":"wp","href":"https:\/\/api.w.org\/{rel}","templated":true}]}}