{"id":13698,"date":"2023-05-09T17:36:42","date_gmt":"2023-05-09T17:36:42","guid":{"rendered":"https:\/\/babyvk.com\/?post_type=product&#038;p=13698"},"modified":"2025-03-10T20:03:37","modified_gmt":"2025-03-10T20:03:37","slug":"motherly-baby-diaper-bag","status":"publish","type":"product","link":"https:\/\/babyvk.com\/pt\/product\/motherly-baby-diaper-bag\/","title":{"rendered":"Saco de fraldas para beb\u00e9 maternal"},"content":{"rendered":"<div data-elementor-type=\"product-post\" data-elementor-id=\"13698\" class=\"elementor elementor-13698\" data-elementor-post-type=\"product\">\n\t\t\t\t\t\t<section class=\"wd-negative-gap elementor-section elementor-top-section elementor-element elementor-element-eeaa63a elementor-section-boxed elementor-section-height-default elementor-section-height-default\" data-id=\"eeaa63a\" data-element_type=\"section\">\n\t\t\t\t\t\t<div class=\"elementor-container elementor-column-gap-default\">\n\t\t\t\t\t<div class=\"elementor-column elementor-col-100 elementor-top-column elementor-element elementor-element-1a0c12f\" data-id=\"1a0c12f\" data-element_type=\"column\">\n\t\t\t<div class=\"elementor-widget-wrap elementor-element-populated\">\n\t\t\t\t\t\t<div class=\"elementor-element elementor-element-990efb1 elementor-widget elementor-widget-wd_text_block\" data-id=\"990efb1\" data-element_type=\"widget\" data-widget_type=\"wd_text_block.default\">\n\t\t\t\t<div class=\"elementor-widget-container\">\n\t\t\t\t\t\t\t<div class=\"wd-text-block reset-last-child text-left\">\n\t\t\t\n\t\t\t<p><strong>Descri\u00e7\u00e3o do produto:<\/strong><\/p><p>Diga adeus aos sacos de fraldas volumosos e desarrumados! O nosso saco de fraldas compacto Motherly Baby \u00e9 a solu\u00e7\u00e3o ideal para m\u00e3es ocupadas, oferecendo um amplo espa\u00e7o de arruma\u00e7\u00e3o, compartimentos organizados e um design elegante. Simplifique os seus passeios com o nosso saco de fraldas e desfrute de uma parentalidade sem stress! \ud83c\udf92\ud83d\udc76\ud83c\udf7c<\/p>\n\t\t\t\t\t<\/div>\n\t\t\t\t\t\t<\/div>\n\t\t\t\t<\/div>\n\t\t\t\t\t<\/div>\n\t\t<\/div>\n\t\t\t\t\t<\/div>\n\t\t<\/section>\n\t\t\t\t<section class=\"wd-negative-gap elementor-section elementor-top-section elementor-element elementor-element-8a5fe29 elementor-section-boxed elementor-section-height-default elementor-section-height-default\" data-id=\"8a5fe29\" data-element_type=\"section\">\n\t\t\t\t\t\t<div class=\"elementor-container elementor-column-gap-default\">\n\t\t\t\t\t<div class=\"elementor-column elementor-col-100 elementor-top-column elementor-element elementor-element-404fa1c\" data-id=\"404fa1c\" data-element_type=\"column\">\n\t\t\t<div class=\"elementor-widget-wrap elementor-element-populated\">\n\t\t\t\t\t\t<div class=\"elementor-element elementor-element-bc233ef elementor-widget elementor-widget-wd_text_block\" data-id=\"bc233ef\" data-element_type=\"widget\" data-widget_type=\"wd_text_block.default\">\n\t\t\t\t<div class=\"elementor-widget-container\">\n\t\t\t\t\t\t\t<div class=\"wd-text-block reset-last-child text-left\">\n\t\t\t\n\t\t\t<p><strong>Carater\u00edsticas:<\/strong><\/p><ul><li><b>Tamanho compacto:<\/b> Este saco de fraldas Motherly Baby \u00e9 perfeito para as m\u00e3es que precisam de levar todos os artigos essenciais para o beb\u00e9, mas n\u00e3o querem ser sobrecarregadas por um saco volumoso.<\/li><li><b>Espa\u00e7o suficiente:<\/b> Com 2 bolsos de rede extra, este saco de fraldas oferece muito espa\u00e7o para as fraldas, toalhetes, biber\u00f5es e outras necessidades do seu beb\u00e9.<\/li><li><b>Elegante e vers\u00e1til: <\/b>Com uma variedade de op\u00e7\u00f5es de cores \u00e0 escolha, este saco de fraldas da Motherly n\u00e3o s\u00f3 \u00e9 funcional como tamb\u00e9m est\u00e1 na moda, permitindo-lhe combin\u00e1-lo com qualquer roupa ou carrinho de beb\u00e9.<\/li><li><b>Dur\u00e1vel e leve:<\/b> Fabricado com materiais de alta qualidade, este saco de fraldas \u00e9 simultaneamente resistente e leve, o que o torna f\u00e1cil de transportar durante todo o dia.<\/li><li><b>Confort\u00e1vel e ergon\u00f3mico: <\/b>A al\u00e7a de ombro ajust\u00e1vel torna este saco de fraldas para senhora confort\u00e1vel de usar mesmo durante per\u00edodos prolongados, enquanto as pegas robustas proporcionam op\u00e7\u00f5es de transporte adicionais.<\/li><li><b>Polivalente e com uma boa rela\u00e7\u00e3o qualidade\/pre\u00e7o: <\/b>Este vers\u00e1til saco para fraldas tamb\u00e9m pode ser utilizado como saco de viagem, saco de gin\u00e1stica ou mesmo como mala de m\u00e3o normal, o que o torna um \u00f3timo investimento para qualquer m\u00e3e que procure um acess\u00f3rio funcional e elegante.<\/li><\/ul>\n\t\t\t\t\t<\/div>\n\t\t\t\t\t\t<\/div>\n\t\t\t\t<\/div>\n\t\t\t\t<div class=\"elementor-element elementor-element-b739489 elementor-widget elementor-widget-wd_text_block\" data-id=\"b739489\" data-element_type=\"widget\" data-widget_type=\"wd_text_block.default\">\n\t\t\t\t<div class=\"elementor-widget-container\">\n\t\t\t\t\t\t\t<div class=\"wd-text-block reset-last-child text-left\">\n\t\t\t\n\t\t\t<p><strong>Especifica\u00e7\u00f5es:<\/strong><\/p><ul><li>Nome do produto: Saco de Fraldas para Beb\u00e9s<\/li><li>Material: Tecido imperme\u00e1vel<\/li><li>Dimens\u00f5es: 24 x 13 x 19 cm<\/li><li>Op\u00e7\u00f5es de cores: Bege\uff0cPreto\uff0cAmarelo\uff0cRosa\uff0cP\u00farpura\uff0cVermelho<\/li><\/ul><p><strong>Embalagem:<\/strong><\/p><ul><li>1 * Saco de Fraldas para Beb\u00e9s<\/li><\/ul>\n\t\t\t\t\t<\/div>\n\t\t\t\t\t\t<\/div>\n\t\t\t\t<\/div>\n\t\t\t\t<div class=\"elementor-element elementor-element-08f780a elementor-widget elementor-widget-wd_image_or_svg\" data-id=\"08f780a\" data-element_type=\"widget\" data-widget_type=\"wd_image_or_svg.default\">\n\t\t\t\t<div class=\"elementor-widget-container\">\n\t\t\t\t\t\n\t\t<div class=\"wd-image text-left\">\n\t\t\t\t\t\t\t\t<img fetchpriority=\"high\" decoding=\"async\" width=\"800\" height=\"800\" src=\"https:\/\/babyvk.com\/wp-content\/uploads\/2023\/05\/diaper-bags-for-mom.webp\" class=\"attachment-full size-full wvs-archive-product-image\" alt=\"Saco de fraldas para beb\u00e9 maternal\" srcset=\"https:\/\/babyvk.com\/wp-content\/uploads\/2023\/05\/diaper-bags-for-mom.webp 800w, https:\/\/babyvk.com\/wp-content\/uploads\/2023\/05\/diaper-bags-for-mom-30x30.webp 30w, https:\/\/babyvk.com\/wp-content\/uploads\/2023\/05\/diaper-bags-for-mom-50x50.webp 50w, https:\/\/babyvk.com\/wp-content\/uploads\/2023\/05\/diaper-bags-for-mom-100x100.webp 100w, https:\/\/babyvk.com\/wp-content\/uploads\/2023\/05\/diaper-bags-for-mom-150x150.webp 150w, https:\/\/babyvk.com\/wp-content\/uploads\/2023\/05\/diaper-bags-for-mom-300x300.webp 300w, https:\/\/babyvk.com\/wp-content\/uploads\/2023\/05\/diaper-bags-for-mom-768x768.webp 768w, https:\/\/babyvk.com\/wp-content\/uploads\/2023\/05\/diaper-bags-for-mom-500x500.webp 500w, https:\/\/babyvk.com\/wp-content\/uploads\/2023\/05\/diaper-bags-for-mom-430x430.webp 430w, https:\/\/babyvk.com\/wp-content\/uploads\/2023\/05\/diaper-bags-for-mom-700x700.webp 700w\" sizes=\"(max-width: 800px) 100vw, 800px\" title=\"\">\t\t\t\t\t<\/div>\n\n\t\t\t\t\t\t<\/div>\n\t\t\t\t<\/div>\n\t\t\t\t<div class=\"elementor-element elementor-element-6ff0ba9 elementor-widget elementor-widget-wd_text_block\" data-id=\"6ff0ba9\" data-element_type=\"widget\" data-widget_type=\"wd_text_block.default\">\n\t\t\t\t<div class=\"elementor-widget-container\">\n\t\t\t\t\t\t\t<div class=\"wd-text-block reset-last-child text-left\">\n\t\t\t\n\t\t\t<p><strong style=\"font-size: 16px; color: var(--wd-text-color);\">Notas:<\/strong><span style=\"font-size: 16px; color: var(--wd-text-color);\"> As cores podem ser ligeiramente diferentes devido \u00e0s defini\u00e7\u00f5es do monitor! <\/span><\/p>\n\t\t\t\t\t<\/div>\n\t\t\t\t\t\t<\/div>\n\t\t\t\t<\/div>\n\t\t\t\t\t<\/div>\n\t\t<\/div>\n\t\t\t\t\t<\/div>\n\t\t<\/section>\n\t\t\t\t<\/div>","protected":false},"excerpt":{"rendered":"<p>&#8220;<strong>Est\u00e1 \u00e0 procura de um saco de fraldas elegante e compacto?<\/strong> Experimente esta! Tem muito espa\u00e7o de arruma\u00e7\u00e3o e compartimentos pr\u00e1ticos, para que n\u00e3o tenha de se preocupar em procurar coisas enquanto anda por a\u00ed. Compre agora com frete gr\u00e1tis e ganhe 30% de desconto!<\/p>","protected":false},"featured_media":13701,"comment_status":"open","ping_status":"closed","template":"","meta":{"_acf_changed":false},"product_brand":[],"product_cat":[42],"product_tag":[520,241,242,239,240],"class_list":{"0":"post-13698","1":"product","2":"type-product","3":"status-publish","4":"has-post-thumbnail","6":"product_cat-best-travel-gear","7":"product_tag-bento-insulated-bag","8":"product_tag-diaper-bags-for-mom","9":"product_tag-motherly-diaper-bag","10":"product_tag-small-diaper-bag","11":"product_tag-womens-diaper-bag","13":"first","14":"instock","15":"sale","16":"taxable","17":"shipping-taxable","18":"purchasable","19":"product-type-variable","20":"wvs-archive-product-wrapper"},"acf":[],"_links":{"self":[{"href":"https:\/\/babyvk.com\/pt\/wp-json\/wp\/v2\/product\/13698","targetHints":{"allow":["GET"]}}],"collection":[{"href":"https:\/\/babyvk.com\/pt\/wp-json\/wp\/v2\/product"}],"about":[{"href":"https:\/\/babyvk.com\/pt\/wp-json\/wp\/v2\/types\/product"}],"replies":[{"embeddable":true,"href":"https:\/\/babyvk.com\/pt\/wp-json\/wp\/v2\/comments?post=13698"}],"version-history":[{"count":0,"href":"https:\/\/babyvk.com\/pt\/wp-json\/wp\/v2\/product\/13698\/revisions"}],"wp:featuredmedia":[{"embeddable":true,"href":"https:\/\/babyvk.com\/pt\/wp-json\/wp\/v2\/media\/13701"}],"wp:attachment":[{"href":"https:\/\/babyvk.com\/pt\/wp-json\/wp\/v2\/media?parent=13698"}],"wp:term":[{"taxonomy":"product_brand","embeddable":true,"href":"https:\/\/babyvk.com\/pt\/wp-json\/wp\/v2\/product_brand?post=13698"},{"taxonomy":"product_cat","embeddable":true,"href":"https:\/\/babyvk.com\/pt\/wp-json\/wp\/v2\/product_cat?post=13698"},{"taxonomy":"product_tag","embeddable":true,"href":"https:\/\/babyvk.com\/pt\/wp-json\/wp\/v2\/product_tag?post=13698"}],"curies":[{"name":"wp","href":"https:\/\/api.w.org\/{rel}","templated":true}]}}