{"id":13677,"date":"2023-05-09T03:09:52","date_gmt":"2023-05-09T03:09:52","guid":{"rendered":"https:\/\/babyvk.com\/?post_type=product&#038;p=13677"},"modified":"2025-03-10T20:03:37","modified_gmt":"2025-03-10T20:03:37","slug":"childrens-puzzle-stress-relief-toy","status":"publish","type":"product","link":"https:\/\/babyvk.com\/pt\/product\/childrens-puzzle-stress-relief-toy\/","title":{"rendered":"Puzzle para crian\u00e7as Brinquedo para aliviar o stress"},"content":{"rendered":"<div data-elementor-type=\"product-post\" data-elementor-id=\"13677\" class=\"elementor elementor-13677\" data-elementor-post-type=\"product\">\n\t\t\t\t\t\t<section class=\"wd-negative-gap elementor-section elementor-top-section elementor-element elementor-element-f6476cc elementor-section-boxed elementor-section-height-default elementor-section-height-default\" data-id=\"f6476cc\" data-element_type=\"section\">\n\t\t\t\t\t\t<div class=\"elementor-container elementor-column-gap-default\">\n\t\t\t\t\t<div class=\"elementor-column elementor-col-100 elementor-top-column elementor-element elementor-element-74c89df\" data-id=\"74c89df\" data-element_type=\"column\">\n\t\t\t<div class=\"elementor-widget-wrap elementor-element-populated\">\n\t\t\t\t\t\t<div class=\"elementor-element elementor-element-85883b9 elementor-widget elementor-widget-wd_text_block\" data-id=\"85883b9\" data-element_type=\"widget\" data-widget_type=\"wd_text_block.default\">\n\t\t\t\t<div class=\"elementor-widget-container\">\n\t\t\t\t\t\t\t<div class=\"wd-text-block reset-last-child text-left\">\n\t\t\t\n\t\t\t<h2><strong>Carater\u00edsticas:<\/strong><\/h2><ul><li>\u3010Material Premium\u3011O brinquedo Magic Beans \u00e9 feito de material ABS de alta qualidade com uma superf\u00edcie lisa, proporcionando um toque confort\u00e1vel e uma experi\u00eancia resistente a arranh\u00f5es. N\u00e3o tem cheiro peculiar e pode ser usado v\u00e1rias vezes, garantindo um tempo de jogo duradouro e agrad\u00e1vel com total confian\u00e7a.<\/li><li>\u3010Design port\u00e1til\u3011Projetado para caber perfeitamente em suas m\u00e3os, o brinquedo Magic Beans \u00e9 leve e f\u00e1cil de transportar, tornando-o um \u00f3timo al\u00edvio do estresse em movimento. Voc\u00ea pode coloc\u00e1-lo no seu bolso sem sentir nenhum fardo.<\/li><li>\u3010Constru\u00e7\u00e3o de paci\u00eancia\u3011 Este brinquedo sensorial \u00e9 excelente para melhorar a flexibilidade dos dedos, coordena\u00e7\u00e3o olho-m\u00e3o, concentra\u00e7\u00e3o, paci\u00eancia e habilidades de resolu\u00e7\u00e3o de problemas. Adequado para adolescentes para expandir seu c\u00edrculo social e para adultos para liberar o estresse.<\/li><li>\u3010Jogabilidade flex\u00edvel\u3011 O brinquedo de al\u00edvio do estresse oferece jogabilidade flex\u00edvel; voc\u00ea pode restaurar cada feij\u00e3o com fenda para a mesma cor ou cruzar duas cores de feij\u00e3o, dois feij\u00f5es se cruzam e assim por diante, proporcionando entretenimento sem fim.<\/li><li>\u3010Presente perfeito\u3011 Os brinquedos Magic Beans s\u00e3o o presente perfeito para anivers\u00e1rios, P\u00e1scoa, Natal ou qualquer ocasi\u00e3o especial. Cada brinquedo girat\u00f3rio de quebra-cabe\u00e7a de bola arco-\u00edris vem embalado em uma bela caixa de cores, tornando-o um presente ideal para a fam\u00edlia, amigos e colegas.<\/li><\/ul>\n\t\t\t\t\t<\/div>\n\t\t\t\t\t\t<\/div>\n\t\t\t\t<\/div>\n\t\t\t\t\t<\/div>\n\t\t<\/div>\n\t\t\t\t\t<\/div>\n\t\t<\/section>\n\t\t\t\t<section class=\"wd-negative-gap elementor-section elementor-top-section elementor-element elementor-element-2c9b68c elementor-section-boxed elementor-section-height-default elementor-section-height-default\" data-id=\"2c9b68c\" data-element_type=\"section\">\n\t\t\t\t\t\t<div class=\"elementor-container elementor-column-gap-default\">\n\t\t\t\t\t<div class=\"elementor-column elementor-col-100 elementor-top-column elementor-element elementor-element-f9d20ea\" data-id=\"f9d20ea\" data-element_type=\"column\">\n\t\t\t<div class=\"elementor-widget-wrap elementor-element-populated\">\n\t\t\t\t\t\t<div class=\"elementor-element elementor-element-1a75f1b elementor-widget elementor-widget-wd_text_block\" data-id=\"1a75f1b\" data-element_type=\"widget\" data-widget_type=\"wd_text_block.default\">\n\t\t\t\t<div class=\"elementor-widget-container\">\n\t\t\t\t\t\t\t<div class=\"wd-text-block reset-last-child text-left\">\n\t\t\t\n\t\t\t<h2><strong>Descri\u00e7\u00e3o:<\/strong><\/h2><p>O Magic Bean Cube \u00e9 um brinquedo ben\u00e9fico que pode melhorar a concentra\u00e7\u00e3o, a paci\u00eancia, o pensamento estrat\u00e9gico e a capacidade de resolu\u00e7\u00e3o de problemas das crian\u00e7as. Tamb\u00e9m ajuda os adultos a aliviar o stress e a prevenir a doen\u00e7a de Alzheimer nos idosos, tornando-o um brinquedo divertido que pode ser apreciado por toda a fam\u00edlia.<\/p><p>Fabricado em material ABS de qualidade superior, o brinquedo Magic Beans \u00e9 dur\u00e1vel e proporciona uma experi\u00eancia de jogo alegre e descontra\u00edda. \u00c9 fornecido com um cord\u00e3o para facilitar o transporte, o que o torna perfeito para o entretenimento em viagem.<\/p><p>Este brinquedo requintado \u00e9 um excelente aliviador de stress e uma ferramenta educativa que pode ser oferecida como presente a crian\u00e7as, amigos e familiares. Ajuda a construir rela\u00e7\u00f5es fortes entre as pessoas.<\/p>\n\t\t\t\t\t<\/div>\n\t\t\t\t\t\t<\/div>\n\t\t\t\t<\/div>\n\t\t\t\t\t<\/div>\n\t\t<\/div>\n\t\t\t\t\t<\/div>\n\t\t<\/section>\n\t\t\t\t<section class=\"wd-negative-gap elementor-section elementor-top-section elementor-element elementor-element-e0e91da elementor-section-boxed elementor-section-height-default elementor-section-height-default\" data-id=\"e0e91da\" data-element_type=\"section\">\n\t\t\t\t\t\t<div class=\"elementor-container elementor-column-gap-default\">\n\t\t\t\t\t<div class=\"elementor-column elementor-col-100 elementor-top-column elementor-element elementor-element-2c9cfe3\" data-id=\"2c9cfe3\" data-element_type=\"column\">\n\t\t\t<div class=\"elementor-widget-wrap elementor-element-populated\">\n\t\t\t\t\t\t<div class=\"elementor-element elementor-element-3c3dc6e elementor-widget elementor-widget-wd_text_block\" data-id=\"3c3dc6e\" data-element_type=\"widget\" data-widget_type=\"wd_text_block.default\">\n\t\t\t\t<div class=\"elementor-widget-container\">\n\t\t\t\t\t\t\t<div class=\"wd-text-block reset-last-child text-left\">\n\t\t\t\n\t\t\t<h2><strong>Especifica\u00e7\u00e3o:<\/strong><\/h2><p>Nome do produto: Lata de feij\u00e3o m\u00e1gico<br \/>Material do produto: ABS<br \/>Embalagem do produto: caixa de cor requintada<br \/>Tamanho real: 5,6*5,6*6,8cm\/2,2*2,2*2,67in<br \/>Tamanho da embalagem do produto: 6*6*7cm\/2,36*2,36*2,76in<\/p><h2><strong>O pacote inclui:<\/strong><\/h2><p>1x lata de feij\u00e3o m\u00e1gico<br \/>1x Lanyard<br \/>1x caixa de cor<\/p>\n\t\t\t\t\t<\/div>\n\t\t\t\t\t\t<\/div>\n\t\t\t\t<\/div>\n\t\t\t\t\t<\/div>\n\t\t<\/div>\n\t\t\t\t\t<\/div>\n\t\t<\/section>\n\t\t\t\t<\/div>","protected":false},"excerpt":{"rendered":"<p>&#8220;<strong>Est\u00e1 com dificuldades em manter os seus filhos ocupados e sem stress?<\/strong> Apresentamos o 'Brinquedo de Al\u00edvio de Stress para Crian\u00e7as' - a solu\u00e7\u00e3o definitiva para um tempo de jogo divertido e calmante. Compre agora para frete gr\u00e1tis e ganhe 30% OFF! \ud83e\udde9\u2728\"<\/p>","protected":false},"featured_media":13689,"comment_status":"open","ping_status":"closed","template":"","meta":{"_acf_changed":false},"product_brand":[],"product_cat":[509],"product_tag":[234,232,235,236,233],"class_list":{"0":"post-13677","1":"product","2":"type-product","3":"status-publish","4":"has-post-thumbnail","6":"product_cat-best-baby-toys","7":"product_tag-baby-fidgeting-toy","8":"product_tag-decompression-toys","9":"product_tag-educational-toy","10":"product_tag-puzzle-stress-relief-toy","11":"product_tag-rotating-magic-bean","13":"first","14":"instock","15":"sale","16":"taxable","17":"shipping-taxable","18":"purchasable","19":"product-type-variable","20":"wvs-archive-product-wrapper"},"acf":[],"_links":{"self":[{"href":"https:\/\/babyvk.com\/pt\/wp-json\/wp\/v2\/product\/13677","targetHints":{"allow":["GET"]}}],"collection":[{"href":"https:\/\/babyvk.com\/pt\/wp-json\/wp\/v2\/product"}],"about":[{"href":"https:\/\/babyvk.com\/pt\/wp-json\/wp\/v2\/types\/product"}],"replies":[{"embeddable":true,"href":"https:\/\/babyvk.com\/pt\/wp-json\/wp\/v2\/comments?post=13677"}],"version-history":[{"count":0,"href":"https:\/\/babyvk.com\/pt\/wp-json\/wp\/v2\/product\/13677\/revisions"}],"wp:featuredmedia":[{"embeddable":true,"href":"https:\/\/babyvk.com\/pt\/wp-json\/wp\/v2\/media\/13689"}],"wp:attachment":[{"href":"https:\/\/babyvk.com\/pt\/wp-json\/wp\/v2\/media?parent=13677"}],"wp:term":[{"taxonomy":"product_brand","embeddable":true,"href":"https:\/\/babyvk.com\/pt\/wp-json\/wp\/v2\/product_brand?post=13677"},{"taxonomy":"product_cat","embeddable":true,"href":"https:\/\/babyvk.com\/pt\/wp-json\/wp\/v2\/product_cat?post=13677"},{"taxonomy":"product_tag","embeddable":true,"href":"https:\/\/babyvk.com\/pt\/wp-json\/wp\/v2\/product_tag?post=13677"}],"curies":[{"name":"wp","href":"https:\/\/api.w.org\/{rel}","templated":true}]}}