{"id":13291,"date":"2023-03-13T05:08:49","date_gmt":"2023-03-13T05:08:49","guid":{"rendered":"http:\/\/babyvk.com\/?post_type=product&#038;p=13291"},"modified":"2025-09-08T17:08:10","modified_gmt":"2025-09-08T17:08:10","slug":"wearable-double-hands-free-breast-pump","status":"publish","type":"product","link":"https:\/\/babyvk.com\/pt\/product\/wearable-double-hands-free-breast-pump\/","title":{"rendered":"Bomba tira-leite dupla m\u00e3os-livres para usar"},"content":{"rendered":"<div data-elementor-type=\"product-post\" data-elementor-id=\"13291\" class=\"elementor elementor-13291\" data-elementor-post-type=\"product\">\n\t\t\t\t\t\t<section class=\"wd-negative-gap elementor-section elementor-top-section elementor-element elementor-element-ca10819 elementor-section-boxed elementor-section-height-default elementor-section-height-default\" data-id=\"ca10819\" data-element_type=\"section\">\n\t\t\t\t\t\t<div class=\"elementor-container elementor-column-gap-default\">\n\t\t\t\t\t<div class=\"elementor-column elementor-col-100 elementor-top-column elementor-element elementor-element-037d893\" data-id=\"037d893\" data-element_type=\"column\">\n\t\t\t<div class=\"elementor-widget-wrap elementor-element-populated\">\n\t\t\t\t\t\t<div class=\"elementor-element elementor-element-498ac7d elementor-widget elementor-widget-wd_text_block\" data-id=\"498ac7d\" data-element_type=\"widget\" data-widget_type=\"wd_text_block.default\">\n\t\t\t\t<div class=\"elementor-widget-container\">\n\t\t\t\t\t\t\t<div class=\"wd-text-block reset-last-child text-left\">\n\t\t\t\n\t\t\t<p><span style=\"color: #000000;\"><strong>Descri\u00e7\u00e3o do produto:<\/strong><\/span><\/p><p>Apresentamos a bomba tira leite dupla m\u00e3os-livres Wearable, um divisor de \u00e1guas para m\u00e3es modernas como voc\u00ea! A nossa revolucion\u00e1ria m\u00e1quina de extra\u00e7\u00e3o de leite combina comodidade, conforto e efici\u00eancia, permitindo-lhe alimentar o seu beb\u00e9 enquanto se mant\u00e9m ativa e produtiva.<\/p><p>Com o seu design m\u00e3os-livres, esta bomba tira leite dupla m\u00e3os-livres liberta as suas m\u00e3os, para que possa realizar outras tarefas enquanto extrai leite. N\u00e3o ter\u00e1 mais de comprometer a sua rotina di\u00e1ria nem de se sentir presa a uma bomba tira leite tradicional. Experimente a verdadeira liberdade e flexibilidade!<\/p><p>Concebida a pensar na m\u00e1xima portabilidade, a nossa bomba tira leite dupla m\u00e3os livres \u00e9 compacta e leve. Coloque-a na sua mala ou use-a discretamente por baixo da roupa. Quer esteja no trabalho, a fazer recados ou a desfrutar de um dia com o seu filho, bombear nunca foi t\u00e3o f\u00e1cil ou conveniente.<\/p><p>Compreendemos a import\u00e2ncia de uma experi\u00eancia de bombagem silenciosa e tranquila. \u00c9 por isso que a nossa m\u00e1quina de extra\u00e7\u00e3o de leite funciona de forma silenciosa, garantindo um ru\u00eddo m\u00ednimo para evitar interrup\u00e7\u00f5es. Sinta-se confiante a bombear discretamente onde quer que esteja.<\/p><p>Pode ter a certeza de que cada gota de leite recolhida \u00e9 segura e pura. A nossa bomba tira leite dupla m\u00e3os-livres possui um sistema de separa\u00e7\u00e3o completo, mantendo o g\u00e1s e o leite separados durante todo o processo. Esta tecnologia inovadora garante os mais elevados padr\u00f5es de higiene e qualidade para o seu precioso beb\u00e9.<\/p><p>Damos prioridade ao seu conforto. A nossa bomba tira leite el\u00e9ctrica utiliz\u00e1vel incorpora uma fun\u00e7\u00e3o de massagem suave que imita o movimento natural de suc\u00e7\u00e3o do beb\u00e9. O movimento de circula\u00e7\u00e3o do pist\u00e3o de vibra\u00e7\u00e3o de alta frequ\u00eancia ajuda a estimular o fluxo de leite, assegurando uma sess\u00e3o de extra\u00e7\u00e3o confort\u00e1vel e eficiente. Experimente uma massagem relaxante seguida de uma suc\u00e7\u00e3o eficaz, que lhe permite extrair leite sem esfor\u00e7o.<\/p><p>Com a bomba tira leite dupla m\u00e3os livres Wearable, abrace as alegrias da maternidade mantendo o seu estilo de vida ativo. Est\u00e1 na altura de recuperar a sua liberdade e apreciar cada momento precioso com o seu filho. Encomende agora e experimente a m\u00e1xima conveni\u00eancia e conforto do bombeamento com as m\u00e3os livres! \ud83c\udf38\ud83e\udd31\ud83c\udffb\ud83d\udc96<\/p>\n\t\t\t\t\t<\/div>\n\t\t\t\t\t\t<\/div>\n\t\t\t\t<\/div>\n\t\t\t\t\t<\/div>\n\t\t<\/div>\n\t\t\t\t\t<\/div>\n\t\t<\/section>\n\t\t\t\t<section class=\"wd-negative-gap elementor-section elementor-top-section elementor-element elementor-element-d144e1a elementor-section-boxed elementor-section-height-default elementor-section-height-default\" data-id=\"d144e1a\" data-element_type=\"section\">\n\t\t\t\t\t\t<div class=\"elementor-container elementor-column-gap-default\">\n\t\t\t\t\t<div class=\"elementor-column elementor-col-100 elementor-top-column elementor-element elementor-element-324591a\" data-id=\"324591a\" data-element_type=\"column\">\n\t\t\t<div class=\"elementor-widget-wrap elementor-element-populated\">\n\t\t\t\t\t\t<div class=\"elementor-element elementor-element-ff03385 elementor-widget elementor-widget-video\" data-id=\"ff03385\" data-element_type=\"widget\" data-settings=\"{&quot;youtube_url&quot;:&quot;https:\\\/\\\/youtu.be\\\/o0uPuNg47ss&quot;,&quot;video_type&quot;:&quot;youtube&quot;,&quot;controls&quot;:&quot;yes&quot;}\" data-widget_type=\"video.default\">\n\t\t\t\t<div class=\"elementor-widget-container\">\n\t\t\t\t\t\t\t<div class=\"elementor-wrapper elementor-open-inline\">\n\t\t\t<div class=\"elementor-video\"><\/div>\t\t<\/div>\n\t\t\t\t\t\t<\/div>\n\t\t\t\t<\/div>\n\t\t\t\t\t<\/div>\n\t\t<\/div>\n\t\t\t\t\t<\/div>\n\t\t<\/section>\n\t\t\t\t<section class=\"wd-negative-gap elementor-section elementor-top-section elementor-element elementor-element-f22daae elementor-section-boxed elementor-section-height-default elementor-section-height-default\" data-id=\"f22daae\" data-element_type=\"section\">\n\t\t\t\t\t\t<div class=\"elementor-container elementor-column-gap-default\">\n\t\t\t\t\t<div class=\"elementor-column elementor-col-100 elementor-top-column elementor-element elementor-element-b42aa8a\" data-id=\"b42aa8a\" data-element_type=\"column\">\n\t\t\t<div class=\"elementor-widget-wrap elementor-element-populated\">\n\t\t\t\t\t\t<div class=\"elementor-element elementor-element-52a7e6f elementor-widget elementor-widget-wd_text_block\" data-id=\"52a7e6f\" data-element_type=\"widget\" data-widget_type=\"wd_text_block.default\">\n\t\t\t\t<div class=\"elementor-widget-container\">\n\t\t\t\t\t\t\t<div class=\"wd-text-block reset-last-child text-left\">\n\t\t\t\n\t\t\t<p><span style=\"color: #000000;\"><strong>Carater\u00edsticas do produto:<\/strong><\/span><\/p><ol><li>Conveni\u00eancia de m\u00e3os livres: Experimente a liberdade de realizar v\u00e1rias tarefas enquanto extrai leite com o nosso design inovador para usar no corpo. A m\u00e1quina de extra\u00e7\u00e3o de leite com as m\u00e3os livres Wearable Double Hands Free permite-lhe extrair leite sem esfor\u00e7o, deixando as suas m\u00e3os livres para se ocupar de outras tarefas.<\/li><li>Compacta e pr\u00e1tica: Concebida a pensar nas m\u00e3es modernas, esta bomba tira leite dupla m\u00e3os-livres \u00e9 compacta e leve, o que a torna f\u00e1cil de transportar e utilizar em viagem. Adapta-se discretamente \u00e0 roupa, permitindo-lhe extrair leite em qualquer lugar e em qualquer altura.<\/li><li>Funcionamento silencioso: Desfrute de uma experi\u00eancia de bombagem tranquila sem incomodar os outros. A nossa bomba tira-leite dupla m\u00e3os-livres possui uma tecnologia avan\u00e7ada de redu\u00e7\u00e3o de ru\u00eddo, garantindo um ru\u00eddo m\u00ednimo durante o funcionamento, permitindo-lhe bombear discretamente.<\/li><li>Separa\u00e7\u00e3o completa: A Bomba tira leite el\u00e9ctrica vest\u00edvel foi concebida com um sistema \u00fanico de separa\u00e7\u00e3o do g\u00e1s e do leite. Isto assegura que o leite \u00e9 recolhido de forma higi\u00e9nica e sem qualquer contamina\u00e7\u00e3o, garantindo a mais elevada qualidade para o seu filho.<\/li><li>Massagem suave e suc\u00e7\u00e3o eficaz: Dando prioridade ao seu conforto, a nossa bomba tira leite incorpora um movimento de circula\u00e7\u00e3o de pist\u00e3o de vibra\u00e7\u00e3o de alta frequ\u00eancia. Come\u00e7a com uma massagem suave para estimular o fluxo de leite e depois passa para uma suc\u00e7\u00e3o eficiente para uma express\u00e3o eficaz.<\/li><\/ol>\n\t\t\t\t\t<\/div>\n\t\t\t\t\t\t<\/div>\n\t\t\t\t<\/div>\n\t\t\t\t\t<\/div>\n\t\t<\/div>\n\t\t\t\t\t<\/div>\n\t\t<\/section>\n\t\t\t\t<section class=\"wd-negative-gap elementor-section elementor-top-section elementor-element elementor-element-8e8b8d3 elementor-section-boxed elementor-section-height-default elementor-section-height-default\" data-id=\"8e8b8d3\" data-element_type=\"section\">\n\t\t\t\t\t\t<div class=\"elementor-container elementor-column-gap-default\">\n\t\t\t\t\t<div class=\"elementor-column elementor-col-100 elementor-top-column elementor-element elementor-element-57113f5\" data-id=\"57113f5\" data-element_type=\"column\">\n\t\t\t<div class=\"elementor-widget-wrap elementor-element-populated\">\n\t\t\t\t\t\t<div class=\"elementor-element elementor-element-dde682d color-scheme-inherit text-left elementor-widget elementor-widget-text-editor\" data-id=\"dde682d\" data-element_type=\"widget\" data-widget_type=\"text-editor.default\">\n\t\t\t\t<div class=\"elementor-widget-container\">\n\t\t\t\t\t\t\t\t\t<h2 class=\"detail-desc-decorate-title\">O pacote inclui:<\/h2><p class=\"detail-desc-decorate-content\" data-spm-anchor-id=\"a2g0o.detail.1000023.i2.13203a4cIMGZjy\">1 x fivela de ajuste do soutien<br \/>1 x cabo USB<br \/>1 x Diafragma de silicone<br \/>1 x Anfitri\u00e3o<br \/>1 x buzina de silicone<br \/>1 x V\u00e1lvulas de boca de pato<br \/>1 x 3 vias<br \/><span style=\"font-size: 14px; background-color: var(--bgcolor-white); color: var(--wd-text-color);\">1 x coletor de leite<\/span><\/p>\t\t\t\t\t\t\t\t<\/div>\n\t\t\t\t<\/div>\n\t\t\t\t<div class=\"elementor-element elementor-element-4fe6a0c elementor-widget elementor-widget-wd_image_or_svg\" data-id=\"4fe6a0c\" data-element_type=\"widget\" data-widget_type=\"wd_image_or_svg.default\">\n\t\t\t\t<div class=\"elementor-widget-container\">\n\t\t\t\t\t\n\t\t<div class=\"wd-image text-left\">\n\t\t\t\t\t\t\t\t<img fetchpriority=\"high\" decoding=\"async\" width=\"1000\" height=\"1000\" src=\"https:\/\/babyvk.com\/wp-content\/uploads\/2023\/04\/1630487959-1.png\" class=\"attachment-full size-full wvs-archive-product-image\" alt=\"Bomba tira-leite dupla m\u00e3os-livres para usar\" srcset=\"https:\/\/babyvk.com\/wp-content\/uploads\/2023\/04\/1630487959-1.png 1000w, https:\/\/babyvk.com\/wp-content\/uploads\/2023\/04\/1630487959-1-30x30.png 30w, https:\/\/babyvk.com\/wp-content\/uploads\/2023\/04\/1630487959-1-50x50.png 50w, https:\/\/babyvk.com\/wp-content\/uploads\/2023\/04\/1630487959-1-100x100.png 100w, https:\/\/babyvk.com\/wp-content\/uploads\/2023\/04\/1630487959-1-150x150.png 150w, https:\/\/babyvk.com\/wp-content\/uploads\/2023\/04\/1630487959-1-300x300.png 300w, https:\/\/babyvk.com\/wp-content\/uploads\/2023\/04\/1630487959-1-768x768.png 768w, https:\/\/babyvk.com\/wp-content\/uploads\/2023\/04\/1630487959-1-800x800.png 800w, https:\/\/babyvk.com\/wp-content\/uploads\/2023\/04\/1630487959-1-860x860.png 860w, https:\/\/babyvk.com\/wp-content\/uploads\/2023\/04\/1630487959-1-500x500.png 500w, https:\/\/babyvk.com\/wp-content\/uploads\/2023\/04\/1630487959-1-430x430.png 430w, https:\/\/babyvk.com\/wp-content\/uploads\/2023\/04\/1630487959-1-700x700.png 700w\" sizes=\"(max-width: 1000px) 100vw, 1000px\" title=\"\">\t\t\t\t\t<\/div>\n\n\t\t\t\t\t\t<\/div>\n\t\t\t\t<\/div>\n\t\t\t\t<div class=\"elementor-element elementor-element-120c39b color-scheme-inherit text-left elementor-widget elementor-widget-text-editor\" data-id=\"120c39b\" data-element_type=\"widget\" data-widget_type=\"text-editor.default\">\n\t\t\t\t<div class=\"elementor-widget-container\">\n\t\t\t\t\t\t\t\t\t<h2 class=\"detail-desc-decorate-title\" data-spm-anchor-id=\"a2g0o.detail.1000023.i0.13203a4cIMGZjy\">Assuntos que requerem aten\u00e7\u00e3o<\/h2><ol><li class=\"detail-desc-decorate-content\" data-spm-anchor-id=\"a2g0o.detail.1000023.i1.13203a4cIMGZjy\">Lavar as m\u00e3os antes de utilizar o Double Pumping para ordenhar ou tratar o leite materno.<\/li><li class=\"detail-desc-decorate-content\" data-spm-anchor-id=\"a2g0o.detail.1000023.i1.13203a4cIMGZjy\">A bomba tira leite \u00e9 aquecida com uma toalha quente antes da ordenha. A massagem estimula a ar\u00e9ola para que o peito fique completamente limpo.<\/li><li class=\"detail-desc-decorate-content\" data-spm-anchor-id=\"a2g0o.detail.1000023.i1.13203a4cIMGZjy\">Ordenhar \u00e0 sua pr\u00f3pria press\u00e3o. Os seios ou mamilos devem parar a ordenha quando sentirem dor.<\/li><li class=\"detail-desc-decorate-content\" data-spm-anchor-id=\"a2g0o.detail.1000023.i1.13203a4cIMGZjy\">Basta espremer a quantidade de oito pontos para a ordenha (n\u00e3o mais de 20 minutos)<\/li><li class=\"detail-desc-decorate-content\" data-spm-anchor-id=\"a2g0o.detail.1000023.i1.13203a4cIMGZjy\">Utilizar um recipiente com tampa para armazenar o leite materno<\/li><li class=\"detail-desc-decorate-content\" data-spm-anchor-id=\"a2g0o.detail.1000023.i1.13203a4cIMGZjy\">Retirar o leite materno que foi refrigerado durante mais de 72 horas (3 dias)<\/li><li class=\"detail-desc-decorate-content\" data-spm-anchor-id=\"a2g0o.detail.1000023.i1.13203a4cIMGZjy\">N\u00e3o juntar leite materno refrigerado e leite materno fresco.<\/li><li class=\"detail-desc-decorate-content\" data-spm-anchor-id=\"a2g0o.detail.1000023.i1.13203a4cIMGZjy\">Descongelar o leite materno refrigerado ou ligar o recipiente ao leite quente para uma alimenta\u00e7\u00e3o quente.<\/li><li class=\"detail-desc-decorate-content\" data-spm-anchor-id=\"a2g0o.detail.1000023.i1.13203a4cIMGZjy\">Ap\u00f3s o descongelamento do leite materno, se o beb\u00e9 n\u00e3o conseguir acabar de beber ap\u00f3s 24 horas, n\u00e3o repetir o leite materno refrigerado. Deite fora o restante e desinfecte o recipiente.<\/li><\/ol>\t\t\t\t\t\t\t\t<\/div>\n\t\t\t\t<\/div>\n\t\t\t\t\t<\/div>\n\t\t<\/div>\n\t\t\t\t\t<\/div>\n\t\t<\/section>\n\t\t\t\t<\/div>","protected":false},"excerpt":{"rendered":"<p>&#8220;<strong>Procura uma solu\u00e7\u00e3o c\u00f3moda de extra\u00e7\u00e3o de leite em m\u00e3os livres?<\/strong> Apresentamos a nossa bomba tira-leite dupla m\u00e3os-livres - a resposta para uma bombagem sem complica\u00e7\u00f5es em viagem. Compre agora para envio gratuito e obtenha 30% OFF!<\/p>","protected":false},"featured_media":13508,"comment_status":"open","ping_status":"closed","template":"","meta":{"_acf_changed":false},"product_brand":[],"product_cat":[20],"product_tag":[205,275,202,204,206],"class_list":{"0":"post-13291","1":"product","2":"type-product","3":"status-publish","4":"has-post-thumbnail","6":"product_cat-new-mom","7":"product_tag-breast-pump-machine","8":"product_tag-double-hands-free-breast-pump","9":"product_tag-double-pumping","10":"product_tag-hands-free-breast-pump","11":"product_tag-wearable-electric-breast-pumps","13":"first","14":"instock","15":"sale","16":"taxable","17":"shipping-taxable","18":"purchasable","19":"product-type-variable","20":"wvs-archive-product-wrapper"},"acf":[],"_links":{"self":[{"href":"https:\/\/babyvk.com\/pt\/wp-json\/wp\/v2\/product\/13291","targetHints":{"allow":["GET"]}}],"collection":[{"href":"https:\/\/babyvk.com\/pt\/wp-json\/wp\/v2\/product"}],"about":[{"href":"https:\/\/babyvk.com\/pt\/wp-json\/wp\/v2\/types\/product"}],"replies":[{"embeddable":true,"href":"https:\/\/babyvk.com\/pt\/wp-json\/wp\/v2\/comments?post=13291"}],"version-history":[{"count":0,"href":"https:\/\/babyvk.com\/pt\/wp-json\/wp\/v2\/product\/13291\/revisions"}],"wp:featuredmedia":[{"embeddable":true,"href":"https:\/\/babyvk.com\/pt\/wp-json\/wp\/v2\/media\/13508"}],"wp:attachment":[{"href":"https:\/\/babyvk.com\/pt\/wp-json\/wp\/v2\/media?parent=13291"}],"wp:term":[{"taxonomy":"product_brand","embeddable":true,"href":"https:\/\/babyvk.com\/pt\/wp-json\/wp\/v2\/product_brand?post=13291"},{"taxonomy":"product_cat","embeddable":true,"href":"https:\/\/babyvk.com\/pt\/wp-json\/wp\/v2\/product_cat?post=13291"},{"taxonomy":"product_tag","embeddable":true,"href":"https:\/\/babyvk.com\/pt\/wp-json\/wp\/v2\/product_tag?post=13291"}],"curies":[{"name":"wp","href":"https:\/\/api.w.org\/{rel}","templated":true}]}}