{"id":25196,"date":"2026-01-24T20:31:23","date_gmt":"2026-01-24T20:31:23","guid":{"rendered":"https:\/\/babyvk.com\/?post_type=product&#038;p=25196"},"modified":"2026-03-10T09:39:35","modified_gmt":"2026-03-10T09:39:35","slug":"baby-oral-care-finger-wipes","status":"publish","type":"product","link":"https:\/\/babyvk.com\/fr\/product\/baby-oral-care-finger-wipes\/","title":{"rendered":"Lingettes de soins bucco-dentaires pour b\u00e9b\u00e9s"},"content":{"rendered":"<div data-elementor-type=\"product-post\" data-elementor-id=\"25196\" class=\"elementor elementor-25196\" data-elementor-post-type=\"product\">\n\t\t\t\t\t\t<section class=\"wd-negative-gap elementor-section elementor-top-section elementor-element elementor-element-e6ba3f9 elementor-section-boxed elementor-section-height-default elementor-section-height-default\" data-id=\"e6ba3f9\" data-element_type=\"section\">\n\t\t\t\t\t\t<div class=\"elementor-container elementor-column-gap-default\">\n\t\t\t\t\t<div class=\"elementor-column elementor-col-100 elementor-top-column elementor-element elementor-element-9aa62a2\" data-id=\"9aa62a2\" data-element_type=\"column\">\n\t\t\t<div class=\"elementor-widget-wrap elementor-element-populated\">\n\t\t\t\t\t\t<div class=\"elementor-element elementor-element-2b20260 elementor-widget elementor-widget-image\" data-id=\"2b20260\" data-element_type=\"widget\" data-widget_type=\"image.default\">\n\t\t\t\t<div class=\"elementor-widget-container\">\n\t\t\t\t\t\t\t\t\t\t\t\t\t\t\t<img fetchpriority=\"high\" decoding=\"async\" width=\"800\" height=\"800\" src=\"https:\/\/babyvk.com\/wp-content\/themes\/woodmart\/images\/lazy.svg\" data-src=\"https:\/\/babyvk.com\/wp-content\/uploads\/2026\/01\/baby-oral-hygiene-wipes.jpg\" class=\"wd-lazy-blur attachment-large size-large wp-image-25188 wvs-archive-product-image\" alt=\"lingettes pour la bouche des nourrissons\" srcset=\"\" data-srcset=\"https:\/\/babyvk.com\/wp-content\/uploads\/2026\/01\/baby-oral-hygiene-wipes.jpg 800w, https:\/\/babyvk.com\/wp-content\/uploads\/2026\/01\/baby-oral-hygiene-wipes-300x300.jpg 300w, https:\/\/babyvk.com\/wp-content\/uploads\/2026\/01\/baby-oral-hygiene-wipes-150x150.jpg 150w, https:\/\/babyvk.com\/wp-content\/uploads\/2026\/01\/baby-oral-hygiene-wipes-768x768.jpg 768w, https:\/\/babyvk.com\/wp-content\/uploads\/2026\/01\/baby-oral-hygiene-wipes-12x12.jpg 12w, https:\/\/babyvk.com\/wp-content\/uploads\/2026\/01\/baby-oral-hygiene-wipes-100x100.jpg 100w, https:\/\/babyvk.com\/wp-content\/uploads\/2026\/01\/baby-oral-hygiene-wipes-50x50.jpg 50w\" sizes=\"(max-width: 800px) 100vw, 800px\" title=\"\">\t\t\t\t\t\t\t\t\t\t\t\t\t\t\t<\/div>\n\t\t\t\t<\/div>\n\t\t\t\t\t<\/div>\n\t\t<\/div>\n\t\t\t\t\t<\/div>\n\t\t<\/section>\n\t\t\t\t<section class=\"wd-negative-gap elementor-section elementor-top-section elementor-element elementor-element-9c325d3 elementor-section-boxed elementor-section-height-default elementor-section-height-default\" data-id=\"9c325d3\" data-element_type=\"section\">\n\t\t\t\t\t\t<div class=\"elementor-container elementor-column-gap-default\">\n\t\t\t\t\t<div class=\"elementor-column elementor-col-100 elementor-top-column elementor-element elementor-element-08614e0\" data-id=\"08614e0\" data-element_type=\"column\">\n\t\t\t<div class=\"elementor-widget-wrap elementor-element-populated\">\n\t\t\t\t\t\t<div class=\"elementor-element elementor-element-c197cf7 color-scheme-inherit text-left elementor-widget elementor-widget-text-editor\" data-id=\"c197cf7\" data-element_type=\"widget\" data-widget_type=\"text-editor.default\">\n\t\t\t\t<div class=\"elementor-widget-container\">\n\t\t\t\t\t\t\t\t\t<h2 data-start=\"1113\" data-end=\"1137\">DESCRIPTION<\/h2><p data-start=\"1139\" data-end=\"1542\">Le <strong data-start=\"1143\" data-end=\"1174\">Lingettes de soins bucco-dentaires pour b\u00e9b\u00e9s<\/strong> sont sp\u00e9cialement con\u00e7ues pour les nouveau-n\u00e9s et les tout-petits afin de nettoyer d\u00e9licatement et efficacement l'ensemble de la bouche. Fabriqu\u00e9es en <strong data-start=\"1284\" data-end=\"1315\">tissu non tiss\u00e9 st\u00e9rilis\u00e9<\/strong>chaque chiffon est <strong data-start=\"1330\" data-end=\"1355\">emball\u00e9 individuellement<\/strong>Sans additif et sans danger pour un usage quotidien. Il suffit de le glisser sur le doigt pour \u00e9liminer les r\u00e9sidus de lait, la couche de langue et les d\u00e9bris alimentaires, et aider \u00e0 prot\u00e9ger les gencives et \u00e0 pr\u00e9venir les caries - \u00e0 tout moment et en tout lieu.<\/p>\t\t\t\t\t\t\t\t<\/div>\n\t\t\t\t<\/div>\n\t\t\t\t<div class=\"elementor-element elementor-element-93603fd color-scheme-inherit text-left elementor-widget elementor-widget-text-editor\" data-id=\"93603fd\" data-element_type=\"widget\" data-widget_type=\"text-editor.default\">\n\t\t\t\t<div class=\"elementor-widget-container\">\n\t\t\t\t\t\t\t\t\t<h2 data-start=\"1549\" data-end=\"1572\">CARACT\u00c9RISTIQUES<\/h2>\n<ul data-start=\"1574\" data-end=\"1898\">\n \t<li data-start=\"1574\" data-end=\"1630\">\n<p data-start=\"1576\" data-end=\"1630\">\u2705 Emballage individuel pour l'hygi\u00e8ne et l'utilisation en d\u00e9placement<\/p>\n<\/li>\n \t<li data-start=\"1631\" data-end=\"1681\">\n<p data-start=\"1633\" data-end=\"1681\">\u2705 Formule 8-free avec z\u00e9ro additif certifi\u00e9<\/p>\n<\/li>\n \t<li data-start=\"1682\" data-end=\"1738\">\n<p data-start=\"1684\" data-end=\"1738\">\u2705 Tissu non tiss\u00e9 st\u00e9rilis\u00e9, sans danger pour le contact oral<\/p>\n<\/li>\n \t<li data-start=\"1739\" data-end=\"1793\">\n<p data-start=\"1741\" data-end=\"1793\">\u2705 Conception ergonomique, s\u00fbre et antid\u00e9rapante<\/p>\n<\/li>\n \t<li data-start=\"1794\" data-end=\"1836\">\n<p data-start=\"1796\" data-end=\"1836\">\u2705 Utilisation \u00e0 sec ou humide pour un nettoyage flexible<\/p>\n<\/li>\n \t<li data-start=\"1837\" data-end=\"1898\">\n<p data-start=\"1839\" data-end=\"1898\">Une lingette nettoie les gencives, les dents, la langue, les joues et le palais.<\/p>\n<\/li>\n<\/ul>\t\t\t\t\t\t\t\t<\/div>\n\t\t\t\t<\/div>\n\t\t\t\t\t<\/div>\n\t\t<\/div>\n\t\t\t\t\t<\/div>\n\t\t<\/section>\n\t\t\t\t<section class=\"wd-negative-gap elementor-section elementor-top-section elementor-element elementor-element-773dd20 elementor-section-boxed elementor-section-height-default elementor-section-height-default\" data-id=\"773dd20\" data-element_type=\"section\">\n\t\t\t\t\t\t<div class=\"elementor-container elementor-column-gap-default\">\n\t\t\t\t\t<div class=\"elementor-column elementor-col-100 elementor-top-column elementor-element elementor-element-f396783\" data-id=\"f396783\" data-element_type=\"column\">\n\t\t\t<div class=\"elementor-widget-wrap elementor-element-populated\">\n\t\t\t\t\t\t<div class=\"elementor-element elementor-element-2ec3fc2 elementor-widget elementor-widget-image\" data-id=\"2ec3fc2\" data-element_type=\"widget\" data-widget_type=\"image.default\">\n\t\t\t\t<div class=\"elementor-widget-container\">\n\t\t\t\t\t\t\t\t\t\t\t\t\t\t\t<img decoding=\"async\" width=\"800\" height=\"800\" src=\"https:\/\/babyvk.com\/wp-content\/themes\/woodmart\/images\/lazy.svg\" data-src=\"https:\/\/babyvk.com\/wp-content\/uploads\/2026\/01\/baby-milk-residue-wipes-800x800.jpg\" class=\"wd-lazy-blur attachment-large size-large wp-image-25185 wvs-archive-product-image\" alt=\"lingettes d&#039;hygi\u00e8ne dentaire pour nourrissons\" srcset=\"\" data-srcset=\"https:\/\/babyvk.com\/wp-content\/uploads\/2026\/01\/baby-milk-residue-wipes-800x800.jpg 800w, https:\/\/babyvk.com\/wp-content\/uploads\/2026\/01\/baby-milk-residue-wipes-300x300.jpg 300w, https:\/\/babyvk.com\/wp-content\/uploads\/2026\/01\/baby-milk-residue-wipes-150x150.jpg 150w, https:\/\/babyvk.com\/wp-content\/uploads\/2026\/01\/baby-milk-residue-wipes-768x768.jpg 768w, https:\/\/babyvk.com\/wp-content\/uploads\/2026\/01\/baby-milk-residue-wipes-12x12.jpg 12w, https:\/\/babyvk.com\/wp-content\/uploads\/2026\/01\/baby-milk-residue-wipes-1000x1000.jpg 1000w, https:\/\/babyvk.com\/wp-content\/uploads\/2026\/01\/baby-milk-residue-wipes-100x100.jpg 100w, https:\/\/babyvk.com\/wp-content\/uploads\/2026\/01\/baby-milk-residue-wipes-50x50.jpg 50w, https:\/\/babyvk.com\/wp-content\/uploads\/2026\/01\/baby-milk-residue-wipes.jpg 1300w\" sizes=\"(max-width: 800px) 100vw, 800px\" title=\"\">\t\t\t\t\t\t\t\t\t\t\t\t\t\t\t<\/div>\n\t\t\t\t<\/div>\n\t\t\t\t<div class=\"elementor-element elementor-element-f649119 elementor-widget elementor-widget-image\" data-id=\"f649119\" data-element_type=\"widget\" data-widget_type=\"image.default\">\n\t\t\t\t<div class=\"elementor-widget-container\">\n\t\t\t\t\t\t\t\t\t\t\t\t\t\t\t<img decoding=\"async\" width=\"800\" height=\"800\" src=\"https:\/\/babyvk.com\/wp-content\/themes\/woodmart\/images\/lazy.svg\" data-src=\"https:\/\/babyvk.com\/wp-content\/uploads\/2026\/01\/infant-gum-care-wipes-800x800.jpg\" class=\"wd-lazy-blur attachment-large size-large wp-image-25193 wvs-archive-product-image\" alt=\"produit d&#039;hygi\u00e8ne bucco-dentaire pour b\u00e9b\u00e9\" srcset=\"\" data-srcset=\"https:\/\/babyvk.com\/wp-content\/uploads\/2026\/01\/infant-gum-care-wipes-800x800.jpg 800w, https:\/\/babyvk.com\/wp-content\/uploads\/2026\/01\/infant-gum-care-wipes-300x300.jpg 300w, https:\/\/babyvk.com\/wp-content\/uploads\/2026\/01\/infant-gum-care-wipes-150x150.jpg 150w, https:\/\/babyvk.com\/wp-content\/uploads\/2026\/01\/infant-gum-care-wipes-768x768.jpg 768w, https:\/\/babyvk.com\/wp-content\/uploads\/2026\/01\/infant-gum-care-wipes-12x12.jpg 12w, https:\/\/babyvk.com\/wp-content\/uploads\/2026\/01\/infant-gum-care-wipes-1000x1000.jpg 1000w, https:\/\/babyvk.com\/wp-content\/uploads\/2026\/01\/infant-gum-care-wipes-100x100.jpg 100w, https:\/\/babyvk.com\/wp-content\/uploads\/2026\/01\/infant-gum-care-wipes-50x50.jpg 50w, https:\/\/babyvk.com\/wp-content\/uploads\/2026\/01\/infant-gum-care-wipes.jpg 1300w\" sizes=\"(max-width: 800px) 100vw, 800px\" title=\"\">\t\t\t\t\t\t\t\t\t\t\t\t\t\t\t<\/div>\n\t\t\t\t<\/div>\n\t\t\t\t\t<\/div>\n\t\t<\/div>\n\t\t\t\t\t<\/div>\n\t\t<\/section>\n\t\t\t\t<section class=\"wd-negative-gap elementor-section elementor-top-section elementor-element elementor-element-e0ce5d0 elementor-section-boxed elementor-section-height-default elementor-section-height-default\" data-id=\"e0ce5d0\" data-element_type=\"section\">\n\t\t\t\t\t\t<div class=\"elementor-container elementor-column-gap-default\">\n\t\t\t\t\t<div class=\"elementor-column elementor-col-100 elementor-top-column elementor-element elementor-element-c740f39\" data-id=\"c740f39\" data-element_type=\"column\">\n\t\t\t<div class=\"elementor-widget-wrap elementor-element-populated\">\n\t\t\t\t\t\t<div class=\"elementor-element elementor-element-6ccd7a3 elementor-widget elementor-widget-image\" data-id=\"6ccd7a3\" data-element_type=\"widget\" data-widget_type=\"image.default\">\n\t\t\t\t<div class=\"elementor-widget-container\">\n\t\t\t\t\t\t\t\t\t\t\t\t\t\t\t<img loading=\"lazy\" decoding=\"async\" width=\"533\" height=\"800\" src=\"https:\/\/babyvk.com\/wp-content\/themes\/woodmart\/images\/lazy.svg\" data-src=\"https:\/\/babyvk.com\/wp-content\/uploads\/2026\/01\/baby-tongue-coating-wipes-533x800.jpg\" class=\"wd-lazy-blur attachment-large size-large wp-image-25190 wvs-archive-product-image\" alt=\"lingettes orales pour b\u00e9b\u00e9s usage sec et humide\" srcset=\"\" data-srcset=\"https:\/\/babyvk.com\/wp-content\/uploads\/2026\/01\/baby-tongue-coating-wipes-533x800.jpg 533w, https:\/\/babyvk.com\/wp-content\/uploads\/2026\/01\/baby-tongue-coating-wipes-200x300.jpg 200w, https:\/\/babyvk.com\/wp-content\/uploads\/2026\/01\/baby-tongue-coating-wipes-768x1152.jpg 768w, https:\/\/babyvk.com\/wp-content\/uploads\/2026\/01\/baby-tongue-coating-wipes-8x12.jpg 8w, https:\/\/babyvk.com\/wp-content\/uploads\/2026\/01\/baby-tongue-coating-wipes-100x150.jpg 100w, https:\/\/babyvk.com\/wp-content\/uploads\/2026\/01\/baby-tongue-coating-wipes.jpg 800w\" sizes=\"(max-width: 533px) 100vw, 533px\" title=\"\">\t\t\t\t\t\t\t\t\t\t\t\t\t\t\t<\/div>\n\t\t\t\t<\/div>\n\t\t\t\t\t<\/div>\n\t\t<\/div>\n\t\t\t\t\t<\/div>\n\t\t<\/section>\n\t\t\t\t<section class=\"wd-negative-gap elementor-section elementor-top-section elementor-element elementor-element-dfb66bf elementor-section-boxed elementor-section-height-default elementor-section-height-default\" data-id=\"dfb66bf\" data-element_type=\"section\">\n\t\t\t\t\t\t<div class=\"elementor-container elementor-column-gap-default\">\n\t\t\t\t\t<div class=\"elementor-column elementor-col-100 elementor-top-column elementor-element elementor-element-dacb809\" data-id=\"dacb809\" data-element_type=\"column\">\n\t\t\t<div class=\"elementor-widget-wrap elementor-element-populated\">\n\t\t\t\t\t\t<div class=\"elementor-element elementor-element-e083129 color-scheme-inherit text-left elementor-widget elementor-widget-text-editor\" data-id=\"e083129\" data-element_type=\"widget\" data-widget_type=\"text-editor.default\">\n\t\t\t\t<div class=\"elementor-widget-container\">\n\t\t\t\t\t\t\t\t\t<h2 data-start=\"1905\" data-end=\"1926\">\ud83e\uddfcSP\u00c9CIFICATIONS<\/h2><ul data-start=\"1928\" data-end=\"2167\"><li data-start=\"1928\" data-end=\"1977\"><p data-start=\"1930\" data-end=\"1977\"><strong data-start=\"1930\" data-end=\"1947\">Nom du produit :<\/strong> Lingettes de soins bucco-dentaires pour b\u00e9b\u00e9s<\/p><\/li><li data-start=\"1978\" data-end=\"2008\"><p data-start=\"1980\" data-end=\"2008\"><strong data-start=\"1980\" data-end=\"1993\">Quantit\u00e9 :<\/strong> 30 pi\u00e8ces par bo\u00eete<\/p><\/li><li data-start=\"2009\" data-end=\"2052\"><p data-start=\"2011\" data-end=\"2052\"><strong data-start=\"2011\" data-end=\"2024\">Mat\u00e9riau :<\/strong> Tissu non tiss\u00e9 fil\u00e9<\/p><\/li><li data-start=\"2053\" data-end=\"2081\"><p data-start=\"2055\" data-end=\"2081\"><strong data-start=\"2055\" data-end=\"2069\">Gamme d'\u00e2ge :<\/strong> 0-3 ans<\/p><\/li><li data-start=\"2082\" data-end=\"2127\"><p data-start=\"2084\" data-end=\"2127\"><strong data-start=\"2084\" data-end=\"2097\">Type d'utilisation :<\/strong> Jetable, \u00e0 usage unique<\/p><\/li><li data-start=\"2128\" data-end=\"2167\"><p data-start=\"2130\" data-end=\"2167\"><strong data-start=\"2130\" data-end=\"2144\">Emballage :<\/strong> Emballage individuel<\/p><\/li><\/ul>\t\t\t\t\t\t\t\t<\/div>\n\t\t\t\t<\/div>\n\t\t\t\t\t<\/div>\n\t\t<\/div>\n\t\t\t\t\t<\/div>\n\t\t<\/section>\n\t\t\t\t<section class=\"wd-negative-gap elementor-section elementor-top-section elementor-element elementor-element-68a6de3 elementor-section-boxed elementor-section-height-default elementor-section-height-default\" data-id=\"68a6de3\" data-element_type=\"section\">\n\t\t\t\t\t\t<div class=\"elementor-container elementor-column-gap-default\">\n\t\t\t\t\t<div class=\"elementor-column elementor-col-100 elementor-top-column elementor-element elementor-element-dfc88e5\" data-id=\"dfc88e5\" data-element_type=\"column\">\n\t\t\t<div class=\"elementor-widget-wrap elementor-element-populated\">\n\t\t\t\t\t\t<div class=\"elementor-element elementor-element-8296fc8 color-scheme-inherit text-left elementor-widget elementor-widget-text-editor\" data-id=\"8296fc8\" data-element_type=\"widget\" data-widget_type=\"text-editor.default\">\n\t\t\t\t<div class=\"elementor-widget-container\">\n\t\t\t\t\t\t\t\t\t<h2 data-start=\"531\" data-end=\"550\">\u26a0\ufe0f PR\u00c9CAUTIONS<\/h2>\n<ul data-start=\"552\" data-end=\"989\">\n \t<li data-start=\"552\" data-end=\"617\">\n<p data-start=\"554\" data-end=\"617\">Pour <strong data-start=\"558\" data-end=\"589\">nettoyage buccal externe uniquement<\/strong>. Ne pas avaler la lingette.<\/p>\n<\/li>\n \t<li data-start=\"618\" data-end=\"659\">\n<p data-start=\"620\" data-end=\"659\"><strong data-start=\"620\" data-end=\"642\">Produit \u00e0 usage unique<\/strong>. Ne pas r\u00e9utiliser.<\/p>\n<\/li>\n \t<li data-start=\"660\" data-end=\"741\">\n<p data-start=\"662\" data-end=\"741\">Utilisation <strong data-start=\"666\" data-end=\"691\">des mouvements d'essuyage doux<\/strong> pour \u00e9viter d'irriter les gencives ou la langue de votre b\u00e9b\u00e9.<\/p>\n<\/li>\n \t<li data-start=\"742\" data-end=\"785\">\n<p data-start=\"744\" data-end=\"785\">Utilisation recommand\u00e9e : <strong data-start=\"761\" data-end=\"782\">jusqu'\u00e0 deux fois par jour<\/strong>.<\/p>\n<\/li>\n \t<li data-start=\"786\" data-end=\"836\">\n<p data-start=\"788\" data-end=\"836\">Tenir hors de port\u00e9e des enfants lorsqu'il n'est pas utilis\u00e9.<\/p>\n<\/li>\n \t<li data-start=\"837\" data-end=\"899\">\n<p data-start=\"839\" data-end=\"899\">Conserver dans un <strong data-start=\"850\" data-end=\"869\">endroit frais et sec<\/strong>\u00e0 l'abri de la lumi\u00e8re directe du soleil.<\/p>\n<\/li>\n \t<li data-start=\"900\" data-end=\"989\">\n<p data-start=\"902\" data-end=\"989\">Cesser l'utilisation en cas d'inconfort et consulter un professionnel de la sant\u00e9 si n\u00e9cessaire.<\/p>\n<\/li>\n<\/ul>\t\t\t\t\t\t\t\t<\/div>\n\t\t\t\t<\/div>\n\t\t\t\t\t<\/div>\n\t\t<\/div>\n\t\t\t\t\t<\/div>\n\t\t<\/section>\n\t\t\t\t<\/div>","protected":false},"excerpt":{"rendered":"<p><strong data-start=\"503\" data-end=\"569\">Vous vous pr\u00e9occupez de l'hygi\u00e8ne bucco-dentaire de votre b\u00e9b\u00e9 avant l'apparition des dents ?<\/strong> Les lingettes Baby Oral Care Finger Wipes \u00e9liminent les taches de lait, les r\u00e9sidus et aident \u00e0 prot\u00e9ger les gencives en toute s\u00e9curit\u00e9.<\/p>","protected":false},"featured_media":25192,"comment_status":"open","ping_status":"closed","template":"","meta":{"_acf_changed":false},"product_brand":[],"product_cat":[29],"product_tag":[1187,1190,1186,1188,1189],"class_list":{"0":"post-25196","1":"product","2":"type-product","3":"status-publish","4":"has-post-thumbnail","6":"product_cat-best-baby-care","7":"product_tag-baby-finger-tooth-wipes","8":"product_tag-baby-gum-tongue-cleaning-wipes","9":"product_tag-baby-oral-care-finger-wipes","10":"product_tag-disposable-baby-oral-cleaning-wipes","11":"product_tag-infant-oral-care-finger-wipes","13":"first","14":"instock","15":"sale","16":"taxable","17":"shipping-taxable","18":"purchasable","19":"product-type-variable","20":"wvs-archive-product-wrapper"},"acf":[],"_links":{"self":[{"href":"https:\/\/babyvk.com\/fr\/wp-json\/wp\/v2\/product\/25196","targetHints":{"allow":["GET"]}}],"collection":[{"href":"https:\/\/babyvk.com\/fr\/wp-json\/wp\/v2\/product"}],"about":[{"href":"https:\/\/babyvk.com\/fr\/wp-json\/wp\/v2\/types\/product"}],"replies":[{"embeddable":true,"href":"https:\/\/babyvk.com\/fr\/wp-json\/wp\/v2\/comments?post=25196"}],"version-history":[{"count":9,"href":"https:\/\/babyvk.com\/fr\/wp-json\/wp\/v2\/product\/25196\/revisions"}],"predecessor-version":[{"id":25208,"href":"https:\/\/babyvk.com\/fr\/wp-json\/wp\/v2\/product\/25196\/revisions\/25208"}],"wp:featuredmedia":[{"embeddable":true,"href":"https:\/\/babyvk.com\/fr\/wp-json\/wp\/v2\/media\/25192"}],"wp:attachment":[{"href":"https:\/\/babyvk.com\/fr\/wp-json\/wp\/v2\/media?parent=25196"}],"wp:term":[{"taxonomy":"product_brand","embeddable":true,"href":"https:\/\/babyvk.com\/fr\/wp-json\/wp\/v2\/product_brand?post=25196"},{"taxonomy":"product_cat","embeddable":true,"href":"https:\/\/babyvk.com\/fr\/wp-json\/wp\/v2\/product_cat?post=25196"},{"taxonomy":"product_tag","embeddable":true,"href":"https:\/\/babyvk.com\/fr\/wp-json\/wp\/v2\/product_tag?post=25196"}],"curies":[{"name":"wp","href":"https:\/\/api.w.org\/{rel}","templated":true}]}}