{"id":25125,"date":"2026-01-22T17:17:37","date_gmt":"2026-01-22T17:17:37","guid":{"rendered":"https:\/\/babyvk.com\/?post_type=product&#038;p=25125"},"modified":"2026-01-22T17:45:35","modified_gmt":"2026-01-22T17:45:35","slug":"foldable-infant-bathtub","status":"publish","type":"product","link":"https:\/\/babyvk.com\/fr\/product\/foldable-infant-bathtub\/","title":{"rendered":"Baignoire pliable pour b\u00e9b\u00e9"},"content":{"rendered":"<div data-elementor-type=\"product-post\" data-elementor-id=\"25125\" class=\"elementor elementor-25125\" data-elementor-post-type=\"product\">\n\t\t\t\t\t\t<section class=\"wd-negative-gap elementor-section elementor-top-section elementor-element elementor-element-dcc6111 elementor-section-boxed elementor-section-height-default elementor-section-height-default\" data-id=\"dcc6111\" data-element_type=\"section\">\n\t\t\t\t\t\t<div class=\"elementor-container elementor-column-gap-default\">\n\t\t\t\t\t<div class=\"elementor-column elementor-col-100 elementor-top-column elementor-element elementor-element-77174f9\" data-id=\"77174f9\" data-element_type=\"column\">\n\t\t\t<div class=\"elementor-widget-wrap elementor-element-populated\">\n\t\t\t\t\t\t<div class=\"elementor-element elementor-element-2e4d1d8 elementor-widget elementor-widget-image\" data-id=\"2e4d1d8\" data-element_type=\"widget\" data-widget_type=\"image.default\">\n\t\t\t\t<div class=\"elementor-widget-container\">\n\t\t\t\t\t\t\t\t\t\t\t\t\t\t\t<img fetchpriority=\"high\" decoding=\"async\" width=\"1200\" height=\"492\" src=\"https:\/\/babyvk.com\/wp-content\/themes\/woodmart\/images\/lazy.svg\" data-src=\"https:\/\/babyvk.com\/wp-content\/uploads\/2026\/01\/baby-bath-tub-0-36-months.jpg\" class=\"wd-lazy-blur attachment-large size-large wp-image-25114 wvs-archive-product-image\" alt=\"baby bathtub for travel\" srcset=\"\" data-srcset=\"https:\/\/babyvk.com\/wp-content\/uploads\/2026\/01\/baby-bath-tub-0-36-months.jpg 1200w, https:\/\/babyvk.com\/wp-content\/uploads\/2026\/01\/baby-bath-tub-0-36-months-400x164.jpg 400w, https:\/\/babyvk.com\/wp-content\/uploads\/2026\/01\/baby-bath-tub-0-36-months-768x315.jpg 768w, https:\/\/babyvk.com\/wp-content\/uploads\/2026\/01\/baby-bath-tub-0-36-months-18x7.jpg 18w, https:\/\/babyvk.com\/wp-content\/uploads\/2026\/01\/baby-bath-tub-0-36-months-1000x410.jpg 1000w, https:\/\/babyvk.com\/wp-content\/uploads\/2026\/01\/baby-bath-tub-0-36-months-100x41.jpg 100w\" sizes=\"(max-width: 1200px) 100vw, 1200px\" title=\"\">\t\t\t\t\t\t\t\t\t\t\t\t\t\t\t<\/div>\n\t\t\t\t<\/div>\n\t\t\t\t<div class=\"elementor-element elementor-element-be361b5 elementor-widget elementor-widget-image\" data-id=\"be361b5\" data-element_type=\"widget\" data-widget_type=\"image.default\">\n\t\t\t\t<div class=\"elementor-widget-container\">\n\t\t\t\t\t\t\t\t\t\t\t\t\t\t\t<img decoding=\"async\" width=\"1200\" height=\"492\" src=\"https:\/\/babyvk.com\/wp-content\/themes\/woodmart\/images\/lazy.svg\" data-src=\"https:\/\/babyvk.com\/wp-content\/uploads\/2026\/01\/newborn-baby-bathtub.jpg\" class=\"wd-lazy-blur attachment-large size-large wp-image-25110 wvs-archive-product-image\" alt=\"bathtub for newborn baby\" srcset=\"\" data-srcset=\"https:\/\/babyvk.com\/wp-content\/uploads\/2026\/01\/newborn-baby-bathtub.jpg 1200w, https:\/\/babyvk.com\/wp-content\/uploads\/2026\/01\/newborn-baby-bathtub-400x164.jpg 400w, https:\/\/babyvk.com\/wp-content\/uploads\/2026\/01\/newborn-baby-bathtub-768x315.jpg 768w, https:\/\/babyvk.com\/wp-content\/uploads\/2026\/01\/newborn-baby-bathtub-18x7.jpg 18w, https:\/\/babyvk.com\/wp-content\/uploads\/2026\/01\/newborn-baby-bathtub-1000x410.jpg 1000w, https:\/\/babyvk.com\/wp-content\/uploads\/2026\/01\/newborn-baby-bathtub-100x41.jpg 100w\" sizes=\"(max-width: 1200px) 100vw, 1200px\" title=\"\">\t\t\t\t\t\t\t\t\t\t\t\t\t\t\t<\/div>\n\t\t\t\t<\/div>\n\t\t\t\t\t<\/div>\n\t\t<\/div>\n\t\t\t\t\t<\/div>\n\t\t<\/section>\n\t\t\t\t<section class=\"wd-negative-gap elementor-section elementor-top-section elementor-element elementor-element-b63034c elementor-section-boxed elementor-section-height-default elementor-section-height-default\" data-id=\"b63034c\" data-element_type=\"section\">\n\t\t\t\t\t\t<div class=\"elementor-container elementor-column-gap-default\">\n\t\t\t\t\t<div class=\"elementor-column elementor-col-100 elementor-top-column elementor-element elementor-element-3ee4e79\" data-id=\"3ee4e79\" data-element_type=\"column\">\n\t\t\t<div class=\"elementor-widget-wrap elementor-element-populated\">\n\t\t\t\t\t\t<div class=\"elementor-element elementor-element-27c4732 color-scheme-inherit text-left elementor-widget elementor-widget-text-editor\" data-id=\"27c4732\" data-element_type=\"widget\" data-widget_type=\"text-editor.default\">\n\t\t\t\t<div class=\"elementor-widget-container\">\n\t\t\t\t\t\t\t\t\t<h2 data-start=\"1142\" data-end=\"1160\">DESCRIPTION<\/h2>\n<p data-start=\"1162\" data-end=\"1510\">Rendez l'heure du bain plus s\u00fbre et plus facile partout avec le <strong data-start=\"1212\" data-end=\"1244\">Baignoire de voyage portable pour b\u00e9b\u00e9<\/strong>. Con\u00e7u pour les b\u00e9b\u00e9s <strong data-start=\"1266\" data-end=\"1281\">0-36 mois<\/strong>Cette baignoire pliable est dot\u00e9e d'un <strong data-start=\"1315\" data-end=\"1347\">capteur de temp\u00e9rature en temps r\u00e9el<\/strong>, a <strong data-start=\"1351\" data-end=\"1376\">coussin flottant souple<\/strong>et un <strong data-start=\"1384\" data-end=\"1406\">syst\u00e8me de drainage intelligent<\/strong>Les parents ont l'esprit tranquille et les b\u00e9b\u00e9s b\u00e9n\u00e9ficient d'une exp\u00e9rience de bain confortable et s\u00fbre, \u00e0 la maison ou en d\u00e9placement.<\/p>\t\t\t\t\t\t\t\t<\/div>\n\t\t\t\t<\/div>\n\t\t\t\t<div class=\"elementor-element elementor-element-4d6a56a color-scheme-inherit text-left elementor-widget elementor-widget-text-editor\" data-id=\"4d6a56a\" data-element_type=\"widget\" data-widget_type=\"text-editor.default\">\n\t\t\t\t<div class=\"elementor-widget-container\">\n\t\t\t\t\t\t\t\t\t<h2 data-start=\"1517\" data-end=\"1540\">CARACT\u00c9RISTIQUES<\/h2><ul data-start=\"1542\" data-end=\"1846\"><li data-start=\"1542\" data-end=\"1594\"><p data-start=\"1544\" data-end=\"1594\">Capteur de temp\u00e9rature en temps r\u00e9el pour un bain plus s\u00fbr<\/p><\/li><li data-start=\"1595\" data-end=\"1647\"><p data-start=\"1597\" data-end=\"1647\">Conception pliable pour le voyage et le stockage facile<\/p><\/li><li data-start=\"1648\" data-end=\"1693\"><p data-start=\"1650\" data-end=\"1693\">Le coussin flottant souple soutient les nouveau-n\u00e9s<\/p><\/li><li data-start=\"1694\" data-end=\"1740\"><p data-start=\"1696\" data-end=\"1740\">Vidange hors sol avec bouchon facile \u00e0 retirer<\/p><\/li><li data-start=\"1741\" data-end=\"1793\"><p data-start=\"1743\" data-end=\"1793\">Mat\u00e9riaux PP + TPE de premi\u00e8re qualit\u00e9, s\u00fbrs et sans odeur<\/p><\/li><li data-start=\"1794\" data-end=\"1846\"><p data-start=\"1796\" data-end=\"1846\">Convient du nouveau-n\u00e9 au jeune enfant (0-36 mois)<\/p><\/li><\/ul>\t\t\t\t\t\t\t\t<\/div>\n\t\t\t\t<\/div>\n\t\t\t\t\t<\/div>\n\t\t<\/div>\n\t\t\t\t\t<\/div>\n\t\t<\/section>\n\t\t\t\t<section class=\"wd-negative-gap elementor-section elementor-top-section elementor-element elementor-element-879f6d1 elementor-section-boxed elementor-section-height-default elementor-section-height-default\" data-id=\"879f6d1\" data-element_type=\"section\">\n\t\t\t\t\t\t<div class=\"elementor-container elementor-column-gap-default\">\n\t\t\t\t\t<div class=\"elementor-column elementor-col-100 elementor-top-column elementor-element elementor-element-333c44c\" data-id=\"333c44c\" data-element_type=\"column\">\n\t\t\t<div class=\"elementor-widget-wrap elementor-element-populated\">\n\t\t\t\t\t\t<div class=\"elementor-element elementor-element-9ccdd5d elementor-widget elementor-widget-image\" data-id=\"9ccdd5d\" data-element_type=\"widget\" data-widget_type=\"image.default\">\n\t\t\t\t<div class=\"elementor-widget-container\">\n\t\t\t\t\t\t\t\t\t\t\t\t\t\t\t<img decoding=\"async\" width=\"800\" height=\"800\" src=\"https:\/\/babyvk.com\/wp-content\/themes\/woodmart\/images\/lazy.svg\" data-src=\"https:\/\/babyvk.com\/wp-content\/uploads\/2026\/01\/collapsible-baby-bathtub-800x800.jpg\" class=\"wd-lazy-blur attachment-large size-large wp-image-25119 wvs-archive-product-image\" alt=\"baignoire b\u00e9b\u00e9 pliable\" srcset=\"\" data-srcset=\"https:\/\/babyvk.com\/wp-content\/uploads\/2026\/01\/collapsible-baby-bathtub-800x800.jpg 800w, https:\/\/babyvk.com\/wp-content\/uploads\/2026\/01\/collapsible-baby-bathtub-300x300.jpg 300w, https:\/\/babyvk.com\/wp-content\/uploads\/2026\/01\/collapsible-baby-bathtub-150x150.jpg 150w, https:\/\/babyvk.com\/wp-content\/uploads\/2026\/01\/collapsible-baby-bathtub-768x768.jpg 768w, https:\/\/babyvk.com\/wp-content\/uploads\/2026\/01\/collapsible-baby-bathtub-12x12.jpg 12w, https:\/\/babyvk.com\/wp-content\/uploads\/2026\/01\/collapsible-baby-bathtub-1000x1000.jpg 1000w, https:\/\/babyvk.com\/wp-content\/uploads\/2026\/01\/collapsible-baby-bathtub-100x100.jpg 100w, https:\/\/babyvk.com\/wp-content\/uploads\/2026\/01\/collapsible-baby-bathtub-50x50.jpg 50w, https:\/\/babyvk.com\/wp-content\/uploads\/2026\/01\/collapsible-baby-bathtub.jpg 1300w\" sizes=\"(max-width: 800px) 100vw, 800px\" title=\"\">\t\t\t\t\t\t\t\t\t\t\t\t\t\t\t<\/div>\n\t\t\t\t<\/div>\n\t\t\t\t<div class=\"elementor-element elementor-element-178cb55 elementor-widget elementor-widget-image\" data-id=\"178cb55\" data-element_type=\"widget\" data-widget_type=\"image.default\">\n\t\t\t\t<div class=\"elementor-widget-container\">\n\t\t\t\t\t\t\t\t\t\t\t\t\t\t\t<img loading=\"lazy\" decoding=\"async\" width=\"800\" height=\"800\" src=\"https:\/\/babyvk.com\/wp-content\/themes\/woodmart\/images\/lazy.svg\" data-src=\"https:\/\/babyvk.com\/wp-content\/uploads\/2026\/01\/infant-bath-tub-with-thermometer-800x800.jpg\" class=\"wd-lazy-blur attachment-large size-large wp-image-25123 wvs-archive-product-image\" alt=\"baignoire b\u00e9b\u00e9 pliable\" srcset=\"\" data-srcset=\"https:\/\/babyvk.com\/wp-content\/uploads\/2026\/01\/infant-bath-tub-with-thermometer-800x800.jpg 800w, https:\/\/babyvk.com\/wp-content\/uploads\/2026\/01\/infant-bath-tub-with-thermometer-300x300.jpg 300w, https:\/\/babyvk.com\/wp-content\/uploads\/2026\/01\/infant-bath-tub-with-thermometer-150x150.jpg 150w, https:\/\/babyvk.com\/wp-content\/uploads\/2026\/01\/infant-bath-tub-with-thermometer-768x768.jpg 768w, https:\/\/babyvk.com\/wp-content\/uploads\/2026\/01\/infant-bath-tub-with-thermometer-12x12.jpg 12w, https:\/\/babyvk.com\/wp-content\/uploads\/2026\/01\/infant-bath-tub-with-thermometer-1000x1000.jpg 1000w, https:\/\/babyvk.com\/wp-content\/uploads\/2026\/01\/infant-bath-tub-with-thermometer-100x100.jpg 100w, https:\/\/babyvk.com\/wp-content\/uploads\/2026\/01\/infant-bath-tub-with-thermometer-50x50.jpg 50w, https:\/\/babyvk.com\/wp-content\/uploads\/2026\/01\/infant-bath-tub-with-thermometer.jpg 1300w\" sizes=\"(max-width: 800px) 100vw, 800px\" title=\"\">\t\t\t\t\t\t\t\t\t\t\t\t\t\t\t<\/div>\n\t\t\t\t<\/div>\n\t\t\t\t<div class=\"elementor-element elementor-element-79cc748 elementor-widget elementor-widget-image\" data-id=\"79cc748\" data-element_type=\"widget\" data-widget_type=\"image.default\">\n\t\t\t\t<div class=\"elementor-widget-container\">\n\t\t\t\t\t\t\t\t\t\t\t\t\t\t\t<img loading=\"lazy\" decoding=\"async\" width=\"800\" height=\"800\" src=\"https:\/\/babyvk.com\/wp-content\/themes\/woodmart\/images\/lazy.svg\" data-src=\"https:\/\/babyvk.com\/wp-content\/uploads\/2026\/01\/collapsible-infant-bathtub-800x800.jpg\" class=\"wd-lazy-blur attachment-large size-large wp-image-25120 wvs-archive-product-image\" alt=\"baignoire pour b\u00e9b\u00e9 avec capteur de temp\u00e9rature\" srcset=\"\" data-srcset=\"https:\/\/babyvk.com\/wp-content\/uploads\/2026\/01\/collapsible-infant-bathtub-800x800.jpg 800w, https:\/\/babyvk.com\/wp-content\/uploads\/2026\/01\/collapsible-infant-bathtub-300x300.jpg 300w, https:\/\/babyvk.com\/wp-content\/uploads\/2026\/01\/collapsible-infant-bathtub-150x150.jpg 150w, https:\/\/babyvk.com\/wp-content\/uploads\/2026\/01\/collapsible-infant-bathtub-768x768.jpg 768w, https:\/\/babyvk.com\/wp-content\/uploads\/2026\/01\/collapsible-infant-bathtub-12x12.jpg 12w, https:\/\/babyvk.com\/wp-content\/uploads\/2026\/01\/collapsible-infant-bathtub-1000x1000.jpg 1000w, https:\/\/babyvk.com\/wp-content\/uploads\/2026\/01\/collapsible-infant-bathtub-100x100.jpg 100w, https:\/\/babyvk.com\/wp-content\/uploads\/2026\/01\/collapsible-infant-bathtub-50x50.jpg 50w, https:\/\/babyvk.com\/wp-content\/uploads\/2026\/01\/collapsible-infant-bathtub.jpg 1300w\" sizes=\"(max-width: 800px) 100vw, 800px\" title=\"\">\t\t\t\t\t\t\t\t\t\t\t\t\t\t\t<\/div>\n\t\t\t\t<\/div>\n\t\t\t\t<div class=\"elementor-element elementor-element-b3c6c0f elementor-widget elementor-widget-image\" data-id=\"b3c6c0f\" data-element_type=\"widget\" data-widget_type=\"image.default\">\n\t\t\t\t<div class=\"elementor-widget-container\">\n\t\t\t\t\t\t\t\t\t\t\t\t\t\t\t<img loading=\"lazy\" decoding=\"async\" width=\"800\" height=\"800\" src=\"https:\/\/babyvk.com\/wp-content\/themes\/woodmart\/images\/lazy.svg\" data-src=\"https:\/\/babyvk.com\/wp-content\/uploads\/2026\/01\/baby-bathtub-for-travel-800x800.jpg\" class=\"wd-lazy-blur attachment-large size-large wp-image-25115 wvs-archive-product-image\" alt=\"baignoire portable pour b\u00e9b\u00e9\" srcset=\"\" data-srcset=\"https:\/\/babyvk.com\/wp-content\/uploads\/2026\/01\/baby-bathtub-for-travel-800x800.jpg 800w, https:\/\/babyvk.com\/wp-content\/uploads\/2026\/01\/baby-bathtub-for-travel-300x300.jpg 300w, https:\/\/babyvk.com\/wp-content\/uploads\/2026\/01\/baby-bathtub-for-travel-150x150.jpg 150w, https:\/\/babyvk.com\/wp-content\/uploads\/2026\/01\/baby-bathtub-for-travel-768x768.jpg 768w, https:\/\/babyvk.com\/wp-content\/uploads\/2026\/01\/baby-bathtub-for-travel-12x12.jpg 12w, https:\/\/babyvk.com\/wp-content\/uploads\/2026\/01\/baby-bathtub-for-travel-1000x1000.jpg 1000w, https:\/\/babyvk.com\/wp-content\/uploads\/2026\/01\/baby-bathtub-for-travel-100x100.jpg 100w, https:\/\/babyvk.com\/wp-content\/uploads\/2026\/01\/baby-bathtub-for-travel-50x50.jpg 50w, https:\/\/babyvk.com\/wp-content\/uploads\/2026\/01\/baby-bathtub-for-travel.jpg 1300w\" sizes=\"(max-width: 800px) 100vw, 800px\" title=\"\">\t\t\t\t\t\t\t\t\t\t\t\t\t\t\t<\/div>\n\t\t\t\t<\/div>\n\t\t\t\t<div class=\"elementor-element elementor-element-858c1e7 elementor-widget elementor-widget-image\" data-id=\"858c1e7\" data-element_type=\"widget\" data-widget_type=\"image.default\">\n\t\t\t\t<div class=\"elementor-widget-container\">\n\t\t\t\t\t\t\t\t\t\t\t\t\t\t\t<img loading=\"lazy\" decoding=\"async\" width=\"801\" height=\"800\" src=\"https:\/\/babyvk.com\/wp-content\/themes\/woodmart\/images\/lazy.svg\" data-src=\"https:\/\/babyvk.com\/wp-content\/uploads\/2026\/01\/portable-baby-bathtub-801x800.jpg\" class=\"wd-lazy-blur attachment-large size-large wp-image-25111 wvs-archive-product-image\" alt=\"collapsible infant bathtub\" srcset=\"\" data-srcset=\"https:\/\/babyvk.com\/wp-content\/uploads\/2026\/01\/portable-baby-bathtub-801x800.jpg 801w, https:\/\/babyvk.com\/wp-content\/uploads\/2026\/01\/portable-baby-bathtub-300x300.jpg 300w, https:\/\/babyvk.com\/wp-content\/uploads\/2026\/01\/portable-baby-bathtub-150x150.jpg 150w, https:\/\/babyvk.com\/wp-content\/uploads\/2026\/01\/portable-baby-bathtub-768x767.jpg 768w, https:\/\/babyvk.com\/wp-content\/uploads\/2026\/01\/portable-baby-bathtub-12x12.jpg 12w, https:\/\/babyvk.com\/wp-content\/uploads\/2026\/01\/portable-baby-bathtub-1000x999.jpg 1000w, https:\/\/babyvk.com\/wp-content\/uploads\/2026\/01\/portable-baby-bathtub-100x100.jpg 100w, https:\/\/babyvk.com\/wp-content\/uploads\/2026\/01\/portable-baby-bathtub-50x50.jpg 50w, https:\/\/babyvk.com\/wp-content\/uploads\/2026\/01\/portable-baby-bathtub.jpg 1300w\" sizes=\"(max-width: 801px) 100vw, 801px\" title=\"\">\t\t\t\t\t\t\t\t\t\t\t\t\t\t\t<\/div>\n\t\t\t\t<\/div>\n\t\t\t\t<div class=\"elementor-element elementor-element-e6b21fa elementor-widget elementor-widget-image\" data-id=\"e6b21fa\" data-element_type=\"widget\" data-widget_type=\"image.default\">\n\t\t\t\t<div class=\"elementor-widget-container\">\n\t\t\t\t\t\t\t\t\t\t\t\t\t\t\t<img loading=\"lazy\" decoding=\"async\" width=\"800\" height=\"800\" src=\"https:\/\/babyvk.com\/wp-content\/themes\/woodmart\/images\/lazy.svg\" data-src=\"https:\/\/babyvk.com\/wp-content\/uploads\/2026\/01\/compact-baby-bathtub-800x800.jpg\" class=\"wd-lazy-blur attachment-large size-large wp-image-25121 wvs-archive-product-image\" alt=\"baignoire b\u00e9b\u00e9 avec thermom\u00e8tre\" srcset=\"\" data-srcset=\"https:\/\/babyvk.com\/wp-content\/uploads\/2026\/01\/compact-baby-bathtub-800x800.jpg 800w, https:\/\/babyvk.com\/wp-content\/uploads\/2026\/01\/compact-baby-bathtub-300x300.jpg 300w, https:\/\/babyvk.com\/wp-content\/uploads\/2026\/01\/compact-baby-bathtub-150x150.jpg 150w, https:\/\/babyvk.com\/wp-content\/uploads\/2026\/01\/compact-baby-bathtub-768x768.jpg 768w, https:\/\/babyvk.com\/wp-content\/uploads\/2026\/01\/compact-baby-bathtub-12x12.jpg 12w, https:\/\/babyvk.com\/wp-content\/uploads\/2026\/01\/compact-baby-bathtub-1000x1000.jpg 1000w, https:\/\/babyvk.com\/wp-content\/uploads\/2026\/01\/compact-baby-bathtub-100x100.jpg 100w, https:\/\/babyvk.com\/wp-content\/uploads\/2026\/01\/compact-baby-bathtub-50x50.jpg 50w, https:\/\/babyvk.com\/wp-content\/uploads\/2026\/01\/compact-baby-bathtub.jpg 1300w\" sizes=\"(max-width: 800px) 100vw, 800px\" title=\"\">\t\t\t\t\t\t\t\t\t\t\t\t\t\t\t<\/div>\n\t\t\t\t<\/div>\n\t\t\t\t<div class=\"elementor-element elementor-element-000379f elementor-widget elementor-widget-image\" data-id=\"000379f\" data-element_type=\"widget\" data-widget_type=\"image.default\">\n\t\t\t\t<div class=\"elementor-widget-container\">\n\t\t\t\t\t\t\t\t\t\t\t\t\t\t\t<img loading=\"lazy\" decoding=\"async\" width=\"800\" height=\"800\" src=\"https:\/\/babyvk.com\/wp-content\/themes\/woodmart\/images\/lazy.svg\" data-src=\"https:\/\/babyvk.com\/wp-content\/uploads\/2026\/01\/portable-infant-bathtub-800x800.jpg\" class=\"wd-lazy-blur attachment-large size-large wp-image-25112 wvs-archive-product-image\" alt=\"baby bath tub with drain hole\" srcset=\"\" data-srcset=\"https:\/\/babyvk.com\/wp-content\/uploads\/2026\/01\/portable-infant-bathtub-800x800.jpg 800w, https:\/\/babyvk.com\/wp-content\/uploads\/2026\/01\/portable-infant-bathtub-300x300.jpg 300w, https:\/\/babyvk.com\/wp-content\/uploads\/2026\/01\/portable-infant-bathtub-150x150.jpg 150w, https:\/\/babyvk.com\/wp-content\/uploads\/2026\/01\/portable-infant-bathtub-768x768.jpg 768w, https:\/\/babyvk.com\/wp-content\/uploads\/2026\/01\/portable-infant-bathtub-12x12.jpg 12w, https:\/\/babyvk.com\/wp-content\/uploads\/2026\/01\/portable-infant-bathtub-1000x1000.jpg 1000w, https:\/\/babyvk.com\/wp-content\/uploads\/2026\/01\/portable-infant-bathtub-100x100.jpg 100w, https:\/\/babyvk.com\/wp-content\/uploads\/2026\/01\/portable-infant-bathtub-50x50.jpg 50w, https:\/\/babyvk.com\/wp-content\/uploads\/2026\/01\/portable-infant-bathtub.jpg 1300w\" sizes=\"(max-width: 800px) 100vw, 800px\" title=\"\">\t\t\t\t\t\t\t\t\t\t\t\t\t\t\t<\/div>\n\t\t\t\t<\/div>\n\t\t\t\t\t<\/div>\n\t\t<\/div>\n\t\t\t\t\t<\/div>\n\t\t<\/section>\n\t\t\t\t<section class=\"wd-negative-gap elementor-section elementor-top-section elementor-element elementor-element-148a65e elementor-section-boxed elementor-section-height-default elementor-section-height-default\" data-id=\"148a65e\" data-element_type=\"section\">\n\t\t\t\t\t\t<div class=\"elementor-container elementor-column-gap-default\">\n\t\t\t\t\t<div class=\"elementor-column elementor-col-100 elementor-top-column elementor-element elementor-element-f88b008\" data-id=\"f88b008\" data-element_type=\"column\">\n\t\t\t<div class=\"elementor-widget-wrap elementor-element-populated\">\n\t\t\t\t\t\t<div class=\"elementor-element elementor-element-0ad525f color-scheme-inherit text-left elementor-widget elementor-widget-text-editor\" data-id=\"0ad525f\" data-element_type=\"widget\" data-widget_type=\"text-editor.default\">\n\t\t\t\t<div class=\"elementor-widget-container\">\n\t\t\t\t\t\t\t\t\t<h2 data-start=\"2150\" data-end=\"2176\">POURQUOI LES PARENTS L'AIMENT-ILS ?<\/h2><p data-start=\"2178\" data-end=\"2465\">Les parents aiment cette baignoire parce qu'elle <strong data-start=\"2215\" data-end=\"2252\">\u00e9limine le stress de l'heure du bain<\/strong>. Le thermom\u00e8tre int\u00e9gr\u00e9 permet d'\u00e9viter les erreurs de temp\u00e9rature de l'eau, le coussin souple assure le confort des b\u00e9b\u00e9s et la conception pliable permet de la ranger ou de l'emporter partout - le tout dans une baignoire intelligente et durable.<\/p>\t\t\t\t\t\t\t\t<\/div>\n\t\t\t\t<\/div>\n\t\t\t\t\t<\/div>\n\t\t<\/div>\n\t\t\t\t\t<\/div>\n\t\t<\/section>\n\t\t\t\t<\/div>","protected":false},"excerpt":{"rendered":"<p><strong data-start=\"992\" data-end=\"1030\">Besoin d'un cadeau de naissance pratique ?<\/strong> La baignoire de voyage pour b\u00e9b\u00e9 avec coussin flottant allie s\u00e9curit\u00e9, portabilit\u00e9 et design intelligent que les parents adorent.<\/p>","protected":false},"featured_media":25122,"comment_status":"open","ping_status":"closed","template":"","meta":{"_acf_changed":false},"product_brand":[],"product_cat":[29],"product_tag":[1175,1174,1176,1177,1173,1178],"class_list":{"0":"post-25125","1":"product","2":"type-product","3":"status-publish","4":"has-post-thumbnail","6":"product_cat-best-baby-care","7":"product_tag-baby-bathtub-with-thermometer","8":"product_tag-collapsible-baby-bathtub","9":"product_tag-foldable-baby-bathtub","10":"product_tag-newborn-baby-bathtub","11":"product_tag-portable-baby-bathtub","12":"product_tag-portable-infant-bathtub","14":"first","15":"instock","16":"sale","17":"taxable","18":"shipping-taxable","19":"purchasable","20":"product-type-variable","21":"wvs-archive-product-wrapper"},"acf":[],"_links":{"self":[{"href":"https:\/\/babyvk.com\/fr\/wp-json\/wp\/v2\/product\/25125","targetHints":{"allow":["GET"]}}],"collection":[{"href":"https:\/\/babyvk.com\/fr\/wp-json\/wp\/v2\/product"}],"about":[{"href":"https:\/\/babyvk.com\/fr\/wp-json\/wp\/v2\/types\/product"}],"replies":[{"embeddable":true,"href":"https:\/\/babyvk.com\/fr\/wp-json\/wp\/v2\/comments?post=25125"}],"version-history":[{"count":11,"href":"https:\/\/babyvk.com\/fr\/wp-json\/wp\/v2\/product\/25125\/revisions"}],"predecessor-version":[{"id":25140,"href":"https:\/\/babyvk.com\/fr\/wp-json\/wp\/v2\/product\/25125\/revisions\/25140"}],"wp:featuredmedia":[{"embeddable":true,"href":"https:\/\/babyvk.com\/fr\/wp-json\/wp\/v2\/media\/25122"}],"wp:attachment":[{"href":"https:\/\/babyvk.com\/fr\/wp-json\/wp\/v2\/media?parent=25125"}],"wp:term":[{"taxonomy":"product_brand","embeddable":true,"href":"https:\/\/babyvk.com\/fr\/wp-json\/wp\/v2\/product_brand?post=25125"},{"taxonomy":"product_cat","embeddable":true,"href":"https:\/\/babyvk.com\/fr\/wp-json\/wp\/v2\/product_cat?post=25125"},{"taxonomy":"product_tag","embeddable":true,"href":"https:\/\/babyvk.com\/fr\/wp-json\/wp\/v2\/product_tag?post=25125"}],"curies":[{"name":"wp","href":"https:\/\/api.w.org\/{rel}","templated":true}]}}