{"id":24876,"date":"2026-01-01T15:39:16","date_gmt":"2026-01-01T15:39:16","guid":{"rendered":"https:\/\/babyvk.com\/?post_type=product&#038;p=24876"},"modified":"2026-01-01T17:24:59","modified_gmt":"2026-01-01T17:24:59","slug":"foldable-baby-bath-stand","status":"publish","type":"product","link":"https:\/\/babyvk.com\/fr\/product\/foldable-baby-bath-stand\/","title":{"rendered":"Support pliable pour bain de b\u00e9b\u00e9"},"content":{"rendered":"<div data-elementor-type=\"product-post\" data-elementor-id=\"24876\" class=\"elementor elementor-24876\" data-elementor-post-type=\"product\">\n\t\t\t\t\t\t<section class=\"wd-negative-gap elementor-section elementor-top-section elementor-element elementor-element-7a7060c elementor-section-boxed elementor-section-height-default elementor-section-height-default\" data-id=\"7a7060c\" data-element_type=\"section\">\n\t\t\t\t\t\t<div class=\"elementor-container elementor-column-gap-default\">\n\t\t\t\t\t<div class=\"elementor-column elementor-col-100 elementor-top-column elementor-element elementor-element-20129eb\" data-id=\"20129eb\" data-element_type=\"column\">\n\t\t\t<div class=\"elementor-widget-wrap elementor-element-populated\">\n\t\t\t\t\t\t<div class=\"elementor-element elementor-element-df46238 color-scheme-inherit text-left elementor-widget elementor-widget-text-editor\" data-id=\"df46238\" data-element_type=\"widget\" data-widget_type=\"text-editor.default\">\n\t\t\t\t<div class=\"elementor-widget-container\">\n\t\t\t\t\t\t\t\t\t<p>L'heure du bain se d\u00e9roule en toute s\u00e9curit\u00e9 et sans stress gr\u00e2ce \u00e0 la <strong data-start=\"1255\" data-end=\"1293\">Support de bain pliable pour b\u00e9b\u00e9s et jeunes enfants<\/strong>. Con\u00e7u de mani\u00e8re ergonomique, avec une hauteur et un dossier r\u00e9glables, des coussins antid\u00e9rapants et une base triangulaire stable, il garantit le confort et la s\u00e9curit\u00e9 de votre b\u00e9b\u00e9 pendant le bain. Facile \u00e0 assembler, \u00e0 plier et \u00e0 nettoyer, ce support est id\u00e9al pour les b\u00e9b\u00e9s et les jeunes enfants \u00e2g\u00e9s de 8 \u00e0 36 mois.<\/p>\t\t\t\t\t\t\t\t<\/div>\n\t\t\t\t<\/div>\n\t\t\t\t<div class=\"elementor-element elementor-element-cd8546d color-scheme-inherit text-left elementor-widget elementor-widget-text-editor\" data-id=\"cd8546d\" data-element_type=\"widget\" data-widget_type=\"text-editor.default\">\n\t\t\t\t<div class=\"elementor-widget-container\">\n\t\t\t\t\t\t\t\t\t<h2>Caract\u00e9ristiques<\/h2><ul data-start=\"1543\" data-end=\"2261\"><li data-start=\"1543\" data-end=\"1658\"><p data-start=\"1545\" data-end=\"1658\"><strong data-start=\"1547\" data-end=\"1580\">Conception ergonomique et r\u00e9glable<\/strong> - Pour les b\u00e9b\u00e9s de 8 \u00e0 36 mois, le dossier peut \u00eatre ajust\u00e9 pour une posture saine.<\/p><\/li><li data-start=\"1659\" data-end=\"1780\"><p data-start=\"1661\" data-end=\"1780\"><strong data-start=\"1663\" data-end=\"1691\">S\u00e9curit\u00e9 stable et antid\u00e9rapante<\/strong> - La structure triangulaire, dot\u00e9e de patins antid\u00e9rapants et de trous d'\u00e9vacuation d'eau, emp\u00eache de glisser.<\/p><\/li><li data-start=\"1781\" data-end=\"1885\"><p data-start=\"1783\" data-end=\"1885\"><strong data-start=\"1785\" data-end=\"1813\">Assemblage et nettoyage faciles<\/strong> - La structure \u00e0 trois niveaux s'enclenche et se plie rapidement pour le rangement.<\/p><\/li><li data-start=\"1886\" data-end=\"2023\"><p data-start=\"1888\" data-end=\"2023\"><strong data-start=\"1890\" data-end=\"1920\">Conception polyvalente \u00e0 usages multiples<\/strong> - Ce si\u00e8ge de bain est dot\u00e9 d'accoudoirs r\u00e9glables pour le bain, le changement de couche ou l'application de la lotion.<\/p><\/li><li data-start=\"2024\" data-end=\"2111\"><p data-start=\"2026\" data-end=\"2111\"><strong data-start=\"2028\" data-end=\"2054\">Support de douche int\u00e9gr\u00e9<\/strong> - Les parents ont les mains libres pendant le bain.<\/p><\/li><li data-start=\"2112\" data-end=\"2261\"><p data-start=\"2114\" data-end=\"2261\"><strong data-start=\"2116\" data-end=\"2154\">Hauteur r\u00e9glable et support solide<\/strong> - Hauteur 18.5-22.83 in, pied de lit \u00e9quilibr\u00e9, support large et solide, poign\u00e9e facile \u00e0 ouvrir, structure d'\u00e9coulement de l'eau.<\/p><\/li><\/ul>\t\t\t\t\t\t\t\t<\/div>\n\t\t\t\t<\/div>\n\t\t\t\t<div class=\"elementor-element elementor-element-9fd496a color-scheme-inherit text-left elementor-widget elementor-widget-text-editor\" data-id=\"9fd496a\" data-element_type=\"widget\" data-widget_type=\"text-editor.default\">\n\t\t\t\t<div class=\"elementor-widget-container\">\n\t\t\t\t\t\t\t\t\t<h2 data-start=\"2268\" data-end=\"2291\">Sp\u00e9cifications<\/h2><ul data-start=\"2292\" data-end=\"2630\"><li data-start=\"2292\" data-end=\"2348\"><p data-start=\"2294\" data-end=\"2348\"><strong data-start=\"2294\" data-end=\"2311\">Nom du produit :<\/strong> Support pliable pour bain de b\u00e9b\u00e9<\/p><\/li><li data-start=\"2349\" data-end=\"2378\"><p data-start=\"2351\" data-end=\"2378\"><strong data-start=\"2351\" data-end=\"2364\">Mat\u00e9riau :<\/strong> Plastique ABS<\/p><\/li><li data-start=\"2379\" data-end=\"2409\"><p data-start=\"2381\" data-end=\"2409\"><strong data-start=\"2381\" data-end=\"2395\">Gamme d'\u00e2ge :<\/strong> 8-36 mois<\/p><\/li><li data-start=\"2410\" data-end=\"2454\"><p data-start=\"2412\" data-end=\"2454\"><strong data-start=\"2412\" data-end=\"2434\">R\u00e9glable en hauteur :<\/strong> 18.5-22.83 pouces<\/p><\/li><li data-start=\"2576\" data-end=\"2630\"><p data-start=\"2578\" data-end=\"2630\"><strong data-start=\"2578\" data-end=\"2599\">Le paquet comprend :<\/strong> 1 x Support de bain pliable pour b\u00e9b\u00e9<\/p><\/li><\/ul>\t\t\t\t\t\t\t\t<\/div>\n\t\t\t\t<\/div>\n\t\t\t\t<div class=\"elementor-element elementor-element-047a22a color-scheme-inherit text-left elementor-widget elementor-widget-text-editor\" data-id=\"047a22a\" data-element_type=\"widget\" data-widget_type=\"text-editor.default\">\n\t\t\t\t<div class=\"elementor-widget-container\">\n\t\t\t\t\t\t\t\t\t<h2>Pourquoi les parents l'adorent\uff1f<\/h2><p data-start=\"2666\" data-end=\"3001\">Les parents adorent \u00e7a <strong data-start=\"2684\" data-end=\"2712\">Support pliable pour bain de b\u00e9b\u00e9<\/strong> parce qu'il <strong data-start=\"2724\" data-end=\"2774\">rend l'heure du bain plus s\u00fbre, plus facile et sans stress<\/strong>. Son support ergonomique, sa base antid\u00e9rapante, sa hauteur r\u00e9glable et son support de douche int\u00e9gr\u00e9 garantissent la tranquillit\u00e9 d'esprit. Sa conception pliable permet d'\u00e9conomiser de l'espace, tandis que sa fonctionnalit\u00e9 polyvalente permet de prendre un bain, de changer une couche ou d'appliquer une lotion.<\/p>\t\t\t\t\t\t\t\t<\/div>\n\t\t\t\t<\/div>\n\t\t\t\t\t<\/div>\n\t\t<\/div>\n\t\t\t\t\t<\/div>\n\t\t<\/section>\n\t\t\t\t<\/div>","protected":false},"excerpt":{"rendered":"<p><strong data-start=\"420\" data-end=\"474\">Vous en avez assez de vous battre pour donner le bain \u00e0 votre enfant qui gigote ?<\/strong> Le support de bain pliable pour b\u00e9b\u00e9 assure la s\u00e9curit\u00e9 de votre b\u00e9b\u00e9 gr\u00e2ce \u00e0 des patins antid\u00e9rapants, un support ergonomique et une hauteur r\u00e9glable.<\/p>","protected":false},"featured_media":24873,"comment_status":"open","ping_status":"closed","template":"","meta":{"_acf_changed":false},"product_brand":[],"product_cat":[29],"product_tag":[1166,1123,1162,1164,1163,1165],"class_list":{"0":"post-24876","1":"product","2":"type-product","3":"status-publish","4":"has-post-thumbnail","6":"product_cat-best-baby-care","7":"product_tag-adjustable-height-baby-bath-stand","8":"product_tag-anti-slip-baby-bath-seat","9":"product_tag-foldable-baby-bath-stand","10":"product_tag-standing-baby-bathtub-support","11":"product_tag-toddler-bath-stand","12":"product_tag-toddler-shower-stand","14":"first","15":"instock","16":"sale","17":"taxable","18":"shipping-taxable","19":"purchasable","20":"product-type-variable","21":"wvs-archive-product-wrapper"},"acf":[],"_links":{"self":[{"href":"https:\/\/babyvk.com\/fr\/wp-json\/wp\/v2\/product\/24876","targetHints":{"allow":["GET"]}}],"collection":[{"href":"https:\/\/babyvk.com\/fr\/wp-json\/wp\/v2\/product"}],"about":[{"href":"https:\/\/babyvk.com\/fr\/wp-json\/wp\/v2\/types\/product"}],"replies":[{"embeddable":true,"href":"https:\/\/babyvk.com\/fr\/wp-json\/wp\/v2\/comments?post=24876"}],"version-history":[{"count":4,"href":"https:\/\/babyvk.com\/fr\/wp-json\/wp\/v2\/product\/24876\/revisions"}],"predecessor-version":[{"id":24882,"href":"https:\/\/babyvk.com\/fr\/wp-json\/wp\/v2\/product\/24876\/revisions\/24882"}],"wp:featuredmedia":[{"embeddable":true,"href":"https:\/\/babyvk.com\/fr\/wp-json\/wp\/v2\/media\/24873"}],"wp:attachment":[{"href":"https:\/\/babyvk.com\/fr\/wp-json\/wp\/v2\/media?parent=24876"}],"wp:term":[{"taxonomy":"product_brand","embeddable":true,"href":"https:\/\/babyvk.com\/fr\/wp-json\/wp\/v2\/product_brand?post=24876"},{"taxonomy":"product_cat","embeddable":true,"href":"https:\/\/babyvk.com\/fr\/wp-json\/wp\/v2\/product_cat?post=24876"},{"taxonomy":"product_tag","embeddable":true,"href":"https:\/\/babyvk.com\/fr\/wp-json\/wp\/v2\/product_tag?post=24876"}],"curies":[{"name":"wp","href":"https:\/\/api.w.org\/{rel}","templated":true}]}}