{"id":24487,"date":"2025-11-20T17:15:09","date_gmt":"2025-11-20T17:15:09","guid":{"rendered":"https:\/\/babyvk.com\/?post_type=product&#038;p=24487"},"modified":"2025-11-20T17:32:15","modified_gmt":"2025-11-20T17:32:15","slug":"silicone-baby-teething-toy","status":"publish","type":"product","link":"https:\/\/babyvk.com\/fr\/product\/silicone-baby-teething-toy\/","title":{"rendered":"Jouet de dentition en silicone pour b\u00e9b\u00e9"},"content":{"rendered":"<div data-elementor-type=\"product-post\" data-elementor-id=\"24487\" class=\"elementor elementor-24487\" data-elementor-post-type=\"product\">\n\t\t\t\t\t\t<section class=\"wd-negative-gap elementor-section elementor-top-section elementor-element elementor-element-492caa2 elementor-section-boxed elementor-section-height-default elementor-section-height-default\" data-id=\"492caa2\" data-element_type=\"section\">\n\t\t\t\t\t\t<div class=\"elementor-container elementor-column-gap-default\">\n\t\t\t\t\t<div class=\"elementor-column elementor-col-100 elementor-top-column elementor-element elementor-element-82555ea\" data-id=\"82555ea\" data-element_type=\"column\">\n\t\t\t<div class=\"elementor-widget-wrap elementor-element-populated\">\n\t\t\t\t\t\t<div class=\"elementor-element elementor-element-9e6d458 color-scheme-inherit text-left elementor-widget elementor-widget-text-editor\" data-id=\"9e6d458\" data-element_type=\"widget\" data-widget_type=\"text-editor.default\">\n\t\t\t\t<div class=\"elementor-widget-container\">\n\t\t\t\t\t\t\t\t\t<h2 data-start=\"1183\" data-end=\"1206\">Description<\/h2><p data-start=\"1208\" data-end=\"1581\">Le pr\u00e9sent <strong data-start=\"1213\" data-end=\"1256\">Dentition en silicone pour b\u00e9b\u00e9 avec base de succion<\/strong> est fabriqu\u00e9 en silicone liquide de qualit\u00e9 alimentaire, offrant une exp\u00e9rience de mastication douce, \u00e9lastique et sans odeur qui soulage en toute s\u00e9curit\u00e9 les douleurs de la dentition. Con\u00e7u avec un bouclier anti-gag \u00e0 180\u00b0, une texture semblable \u00e0 celle d'un sein et une base de succion qui adh\u00e8re fermement aux tables, il aide les b\u00e9b\u00e9s \u00e0 m\u00e2cher en toute s\u00e9curit\u00e9 tout en \u00e9vitant de se mordre les mains et d'adopter des habitudes insalubres.<\/p>\t\t\t\t\t\t\t\t<\/div>\n\t\t\t\t<\/div>\n\t\t\t\t<div class=\"elementor-element elementor-element-f852656 color-scheme-inherit text-left elementor-widget elementor-widget-text-editor\" data-id=\"f852656\" data-element_type=\"widget\" data-widget_type=\"text-editor.default\">\n\t\t\t\t<div class=\"elementor-widget-container\">\n\t\t\t\t\t\t\t\t\t<h2 data-start=\"1588\" data-end=\"1610\">Caract\u00e9ristiques<\/h2><ul data-start=\"1612\" data-end=\"1963\"><li data-start=\"1612\" data-end=\"1674\"><p data-start=\"1614\" data-end=\"1674\">Q-soft, silicone liquide inodore sans danger pour la mastication<\/p><\/li><li data-start=\"1675\" data-end=\"1731\"><p data-start=\"1677\" data-end=\"1731\">\u2705 Le bouclier anti-gag 180\u00b0 prot\u00e8ge le b\u00e9b\u00e9 pendant les pouss\u00e9es dentaires<\/p><\/li><li data-start=\"1732\" data-end=\"1783\"><p data-start=\"1734\" data-end=\"1783\">\u2705 Imite la douceur des seins pour une acceptation naturelle<\/p><\/li><li data-start=\"1784\" data-end=\"1851\"><p data-start=\"1786\" data-end=\"1851\">\u2705 La base d'aspiration solide maintient la lolette propre et hors du sol.<\/p><\/li><li data-start=\"1852\" data-end=\"1908\"><p data-start=\"1854\" data-end=\"1908\">St\u00e9rilisation \u00e0 haute temp\u00e9rature : UV, \u00e9bullition, vapeur<\/p><\/li><li data-start=\"1909\" data-end=\"1963\"><p data-start=\"1911\" data-end=\"1963\">\u2705 Anti-poussi\u00e8re, antiadh\u00e9sif, doux pour les gencives en d\u00e9veloppement<\/p><\/li><\/ul>\t\t\t\t\t\t\t\t<\/div>\n\t\t\t\t<\/div>\n\t\t\t\t<div class=\"elementor-element elementor-element-83b41af color-scheme-inherit text-left elementor-widget elementor-widget-text-editor\" data-id=\"83b41af\" data-element_type=\"widget\" data-widget_type=\"text-editor.default\">\n\t\t\t\t<div class=\"elementor-widget-container\">\n\t\t\t\t\t\t\t\t\t<h2 data-start=\"1970\" data-end=\"1990\">Sp\u00e9cifications<\/h2><ul data-start=\"1992\" data-end=\"2264\"><li data-start=\"1992\" data-end=\"2036\"><p data-start=\"1994\" data-end=\"2036\"><strong data-start=\"1994\" data-end=\"2007\">Mat\u00e9riau :<\/strong> Silicone liquide de qualit\u00e9 alimentaire<\/p><\/li><li data-start=\"2037\" data-end=\"2078\"><p data-start=\"2039\" data-end=\"2078\"><strong data-start=\"2039\" data-end=\"2050\">Couleurs :<\/strong> Bleu, vert, rose, orange<\/p><\/li><li data-start=\"2079\" data-end=\"2104\"><p data-start=\"2081\" data-end=\"2104\"><strong data-start=\"2081\" data-end=\"2090\">Taille :<\/strong> 82mm \u00d7 72mm<\/p><\/li><li data-start=\"2105\" data-end=\"2200\"><p data-start=\"2107\" data-end=\"2200\"><strong data-start=\"2107\" data-end=\"2121\">Fonctions :<\/strong> Soulagement des pouss\u00e9es dentaires, correction des habitudes de morsure, entra\u00eenement \u00e0 la pr\u00e9hension, protection des gencives<\/p><\/li><li data-start=\"2201\" data-end=\"2264\"><p data-start=\"2203\" data-end=\"2264\"><strong data-start=\"2203\" data-end=\"2216\">Nettoyage :<\/strong> Permet la st\u00e9rilisation \u00e0 l'eau bouillante, \u00e0 la vapeur et aux UV<\/p><\/li><\/ul>\t\t\t\t\t\t\t\t<\/div>\n\t\t\t\t<\/div>\n\t\t\t\t<div class=\"elementor-element elementor-element-7bdb3a2 color-scheme-inherit text-left elementor-widget elementor-widget-text-editor\" data-id=\"7bdb3a2\" data-element_type=\"widget\" data-widget_type=\"text-editor.default\">\n\t\t\t\t<div class=\"elementor-widget-container\">\n\t\t\t\t\t\t\t\t\t<h2 data-start=\"2271\" data-end=\"2296\">Pourquoi les parents l'adorent-ils ?<\/h2><p data-start=\"2298\" data-end=\"2585\">Les parents adorent ce jouet de dentition parce qu'il est <strong data-start=\"2337\" data-end=\"2434\">s\u00fbr, doux, hygi\u00e9nique et con\u00e7u pour emp\u00eacher les b\u00e9b\u00e9s de mordre leurs doigts ou des objets quelconques<\/strong>. La base \u00e0 succion permet de le garder propre et hors du sol, tandis que la texture \u00e9lastique douce r\u00e9conforte les gencives de la dentition et encourage un d\u00e9veloppement buccal plus sain.<\/p>\t\t\t\t\t\t\t\t<\/div>\n\t\t\t\t<\/div>\n\t\t\t\t\t<\/div>\n\t\t<\/div>\n\t\t\t\t\t<\/div>\n\t\t<\/section>\n\t\t\t\t<\/div>","protected":false},"excerpt":{"rendered":"<p><strong data-start=\"381\" data-end=\"439\">Votre b\u00e9b\u00e9 a peur de se mordiller les mains pendant les pouss\u00e9es dentaires ?<\/strong> Le jouet de dentition pour b\u00e9b\u00e9 en silicone avec base de succion offre un soulagement s\u00fbr, inodore et doux pour prot\u00e9ger les gencives et mettre fin aux habitudes de morsure de la main.<\/p>","protected":false},"featured_media":24471,"comment_status":"open","ping_status":"closed","template":"","meta":{"_acf_changed":false},"product_brand":[],"product_cat":[29],"product_tag":[1144,1148,1145,1146,1147],"class_list":{"0":"post-24487","1":"product","2":"type-product","3":"status-publish","4":"has-post-thumbnail","6":"product_cat-best-baby-care","7":"product_tag-baby-hand-grip-training-teether","8":"product_tag-baby-silicone-teether-with-suction-base","9":"product_tag-food-grade-silicone-baby-teether","10":"product_tag-infant-gum-soothing-teether","11":"product_tag-silicone-baby-teething-toy","13":"first","14":"instock","15":"sale","16":"taxable","17":"shipping-taxable","18":"purchasable","19":"product-type-variable","20":"wvs-archive-product-wrapper"},"acf":[],"_links":{"self":[{"href":"https:\/\/babyvk.com\/fr\/wp-json\/wp\/v2\/product\/24487","targetHints":{"allow":["GET"]}}],"collection":[{"href":"https:\/\/babyvk.com\/fr\/wp-json\/wp\/v2\/product"}],"about":[{"href":"https:\/\/babyvk.com\/fr\/wp-json\/wp\/v2\/types\/product"}],"replies":[{"embeddable":true,"href":"https:\/\/babyvk.com\/fr\/wp-json\/wp\/v2\/comments?post=24487"}],"version-history":[{"count":0,"href":"https:\/\/babyvk.com\/fr\/wp-json\/wp\/v2\/product\/24487\/revisions"}],"wp:featuredmedia":[{"embeddable":true,"href":"https:\/\/babyvk.com\/fr\/wp-json\/wp\/v2\/media\/24471"}],"wp:attachment":[{"href":"https:\/\/babyvk.com\/fr\/wp-json\/wp\/v2\/media?parent=24487"}],"wp:term":[{"taxonomy":"product_brand","embeddable":true,"href":"https:\/\/babyvk.com\/fr\/wp-json\/wp\/v2\/product_brand?post=24487"},{"taxonomy":"product_cat","embeddable":true,"href":"https:\/\/babyvk.com\/fr\/wp-json\/wp\/v2\/product_cat?post=24487"},{"taxonomy":"product_tag","embeddable":true,"href":"https:\/\/babyvk.com\/fr\/wp-json\/wp\/v2\/product_tag?post=24487"}],"curies":[{"name":"wp","href":"https:\/\/api.w.org\/{rel}","templated":true}]}}