{"id":24455,"date":"2025-11-19T18:59:20","date_gmt":"2025-11-19T18:59:20","guid":{"rendered":"https:\/\/babyvk.com\/?post_type=product&#038;p=24455"},"modified":"2025-11-22T07:07:23","modified_gmt":"2025-11-22T07:07:23","slug":"mommy-bag-backpack","status":"publish","type":"product","link":"https:\/\/babyvk.com\/fr\/product\/mommy-bag-backpack\/","title":{"rendered":"Sac \u00e0 dos Maman"},"content":{"rendered":"<div data-elementor-type=\"product-post\" data-elementor-id=\"24455\" class=\"elementor elementor-24455\" data-elementor-post-type=\"product\">\n\t\t\t\t\t\t<section class=\"wd-negative-gap elementor-section elementor-top-section elementor-element elementor-element-7d7375b elementor-section-boxed elementor-section-height-default elementor-section-height-default\" data-id=\"7d7375b\" data-element_type=\"section\">\n\t\t\t\t\t\t<div class=\"elementor-container elementor-column-gap-default\">\n\t\t\t\t\t<div class=\"elementor-column elementor-col-100 elementor-top-column elementor-element elementor-element-a6f4807\" data-id=\"a6f4807\" data-element_type=\"column\">\n\t\t\t<div class=\"elementor-widget-wrap elementor-element-populated\">\n\t\t\t\t\t\t<div class=\"elementor-element elementor-element-376f324 color-scheme-inherit text-left elementor-widget elementor-widget-text-editor\" data-id=\"376f324\" data-element_type=\"widget\" data-widget_type=\"text-editor.default\">\n\t\t\t\t<div class=\"elementor-widget-container\">\n\t\t\t\t\t\t\t\t\t<h2 data-start=\"1130\" data-end=\"1153\">Description<\/h2><p data-start=\"1154\" data-end=\"1499\">Le <strong data-start=\"1158\" data-end=\"1204\">Sac \u00e0 dos Oxford multifonctionnel pour maman<\/strong> est con\u00e7u pour les parents modernes qui ont besoin de durabilit\u00e9, de confort et d'un grand espace de rangement. Fabriqu\u00e9 en tissu Oxford r\u00e9sistant \u00e0 l'usure et dot\u00e9 d'une isolation int\u00e9gr\u00e9e, il permet de prot\u00e9ger le biberon et d'en contr\u00f4ler la temp\u00e9rature, tout en offrant un espace organis\u00e9 pour les voyages, les sorties quotidiennes et les besoins des parents.<\/p>\t\t\t\t\t\t\t\t<\/div>\n\t\t\t\t<\/div>\n\t\t\t\t<div class=\"elementor-element elementor-element-163d47a color-scheme-inherit text-left elementor-widget elementor-widget-text-editor\" data-id=\"163d47a\" data-element_type=\"widget\" data-widget_type=\"text-editor.default\">\n\t\t\t\t<div class=\"elementor-widget-container\">\n\t\t\t\t\t\t\t\t\t<h2 data-start=\"1506\" data-end=\"1528\">Caract\u00e9ristiques<\/h2><ul data-start=\"1529\" data-end=\"1859\"><li data-start=\"1529\" data-end=\"1583\"><p data-start=\"1531\" data-end=\"1583\">\u2714 Mat\u00e9riau Oxford r\u00e9sistant \u00e0 l'usure pour une utilisation \u00e0 long terme<\/p><\/li><li data-start=\"1584\" data-end=\"1648\"><p data-start=\"1586\" data-end=\"1648\">\u2714 Grande capacit\u00e9 pour les articles de b\u00e9b\u00e9, le mat\u00e9riel de voyage et les articles essentiels<\/p><\/li><li data-start=\"1649\" data-end=\"1706\"><p data-start=\"1651\" data-end=\"1706\">\u2714 Isolation int\u00e9gr\u00e9e pour garder les bouteilles et les en-cas au chaud<\/p><\/li><li data-start=\"1707\" data-end=\"1751\"><p data-start=\"1709\" data-end=\"1751\">\u2714 Fermeture \u00e0 glissi\u00e8re s\u00e9curis\u00e9e pour un rangement s\u00fbr<\/p><\/li><li data-start=\"1752\" data-end=\"1801\"><p data-start=\"1754\" data-end=\"1801\">\u2714 Poign\u00e9e et bretelles souples et confortables<\/p><\/li><li data-start=\"1802\" data-end=\"1859\"><p data-start=\"1804\" data-end=\"1859\">\u2714 La doublure en acrylique ajoute une durabilit\u00e9 et une protection suppl\u00e9mentaires<\/p><\/li><\/ul>\t\t\t\t\t\t\t\t<\/div>\n\t\t\t\t<\/div>\n\t\t\t\t<div class=\"elementor-element elementor-element-3a56a2a color-scheme-inherit text-left elementor-widget elementor-widget-text-editor\" data-id=\"3a56a2a\" data-element_type=\"widget\" data-widget_type=\"text-editor.default\">\n\t\t\t\t<div class=\"elementor-widget-container\">\n\t\t\t\t\t\t\t\t\t<h1 data-start=\"1866\" data-end=\"1888\">Sp\u00e9cifications<\/h1><ul data-start=\"1889\" data-end=\"2101\"><li data-start=\"1889\" data-end=\"1930\"><p data-start=\"1891\" data-end=\"1930\"><strong data-start=\"1891\" data-end=\"1904\">Mat\u00e9riau :<\/strong> Oxford + doublure acrylique<\/p><\/li><li data-start=\"1931\" data-end=\"1954\"><p data-start=\"1933\" data-end=\"1954\"><strong data-start=\"1933\" data-end=\"1945\">Fermeture :<\/strong> Fermeture \u00e0 glissi\u00e8re<\/p><\/li><li data-start=\"1955\" data-end=\"1975\"><p data-start=\"1957\" data-end=\"1975\"><strong data-start=\"1957\" data-end=\"1967\">Largeur :<\/strong> 24 cm<\/p><\/li><li data-start=\"1976\" data-end=\"2000\"><p data-start=\"1978\" data-end=\"2000\"><strong data-start=\"1978\" data-end=\"1992\">\u00c9paisseur :<\/strong> 17 cm<\/p><\/li><li data-start=\"2001\" data-end=\"2022\"><p data-start=\"2003\" data-end=\"2022\"><strong data-start=\"2003\" data-end=\"2014\">Hauteur :<\/strong> 36 cm<\/p><\/li><li data-start=\"2023\" data-end=\"2046\"><p data-start=\"2025\" data-end=\"2046\"><strong data-start=\"2025\" data-end=\"2036\">Poids :<\/strong> 0,44 kg<\/p><\/li><li data-start=\"2047\" data-end=\"2101\"><p data-start=\"2049\" data-end=\"2101\"><strong data-start=\"2049\" data-end=\"2057\">Utiliser :<\/strong> Sac \u00e0 dos de maman \/ sac \u00e0 dos de voyage \/ sac de transport quotidien<\/p><\/li><\/ul>\t\t\t\t\t\t\t\t<\/div>\n\t\t\t\t<\/div>\n\t\t\t\t<div class=\"elementor-element elementor-element-b3ef117 color-scheme-inherit text-left elementor-widget elementor-widget-text-editor\" data-id=\"b3ef117\" data-element_type=\"widget\" data-widget_type=\"text-editor.default\">\n\t\t\t\t<div class=\"elementor-widget-container\">\n\t\t\t\t\t\t\t\t\t<h1 data-start=\"2108\" data-end=\"2135\">Pourquoi les parents l'adorent\uff1f<\/h1><p data-start=\"2136\" data-end=\"2397\">Les parents adorent ce sac \u00e0 dos pour maman en raison de sa tr\u00e8s grande capacit\u00e9, de sa conception multifonctionnelle pratique et de son tissu Oxford durable. Il est \u00e9l\u00e9gant, l\u00e9ger et parfait pour les voyages, les courses quotidiennes et l'organisation de tout ce dont b\u00e9b\u00e9 a besoin, sans se sentir encombrant ou lourd.<\/p>\t\t\t\t\t\t\t\t<\/div>\n\t\t\t\t<\/div>\n\t\t\t\t\t<\/div>\n\t\t<\/div>\n\t\t\t\t\t<\/div>\n\t\t<\/section>\n\t\t\t\t<\/div>","protected":false},"excerpt":{"rendered":"<p><strong data-start=\"977\" data-end=\"1032\">Vous cherchez un sac \u00e0 dos pour maman \u00e0 la fois \u00e9l\u00e9gant et pratique ?<\/strong> Le sac \u00e0 dos pour maman r\u00e9sistant \u00e0 l'usure offre mode, confort et commodit\u00e9 de voyage \u00e0 usages multiples.<\/p>","protected":false},"featured_media":24447,"comment_status":"open","ping_status":"closed","template":"","meta":{"_acf_changed":false},"product_brand":[],"product_cat":[42,20],"product_tag":[1142,1139,1140,1141,1143],"class_list":{"0":"post-24455","1":"product","2":"type-product","3":"status-publish","4":"has-post-thumbnail","6":"product_cat-best-travel-gear","7":"product_cat-new-mom","8":"product_tag-insulated-baby-travel-bag","9":"product_tag-large-capacity-mommy-bag-backpack","10":"product_tag-multifunctional-travel-diaper-bag","11":"product_tag-oxford-waterproof-mommy-backpack","12":"product_tag-wear-resistant-mommy-backpack","14":"first","15":"outofstock","16":"sale","17":"taxable","18":"shipping-taxable","19":"purchasable","20":"product-type-variable","21":"wvs-archive-product-wrapper"},"acf":[],"_links":{"self":[{"href":"https:\/\/babyvk.com\/fr\/wp-json\/wp\/v2\/product\/24455","targetHints":{"allow":["GET"]}}],"collection":[{"href":"https:\/\/babyvk.com\/fr\/wp-json\/wp\/v2\/product"}],"about":[{"href":"https:\/\/babyvk.com\/fr\/wp-json\/wp\/v2\/types\/product"}],"replies":[{"embeddable":true,"href":"https:\/\/babyvk.com\/fr\/wp-json\/wp\/v2\/comments?post=24455"}],"version-history":[{"count":0,"href":"https:\/\/babyvk.com\/fr\/wp-json\/wp\/v2\/product\/24455\/revisions"}],"wp:featuredmedia":[{"embeddable":true,"href":"https:\/\/babyvk.com\/fr\/wp-json\/wp\/v2\/media\/24447"}],"wp:attachment":[{"href":"https:\/\/babyvk.com\/fr\/wp-json\/wp\/v2\/media?parent=24455"}],"wp:term":[{"taxonomy":"product_brand","embeddable":true,"href":"https:\/\/babyvk.com\/fr\/wp-json\/wp\/v2\/product_brand?post=24455"},{"taxonomy":"product_cat","embeddable":true,"href":"https:\/\/babyvk.com\/fr\/wp-json\/wp\/v2\/product_cat?post=24455"},{"taxonomy":"product_tag","embeddable":true,"href":"https:\/\/babyvk.com\/fr\/wp-json\/wp\/v2\/product_tag?post=24455"}],"curies":[{"name":"wp","href":"https:\/\/api.w.org\/{rel}","templated":true}]}}