{"id":24430,"date":"2025-11-19T17:40:02","date_gmt":"2025-11-19T17:40:02","guid":{"rendered":"https:\/\/babyvk.com\/?post_type=product&#038;p=24430"},"modified":"2025-11-19T17:53:21","modified_gmt":"2025-11-19T17:53:21","slug":"baby-hooded-bath-towel","status":"publish","type":"product","link":"https:\/\/babyvk.com\/fr\/product\/baby-hooded-bath-towel\/","title":{"rendered":"Serviette de bain \u00e0 capuche pour b\u00e9b\u00e9"},"content":{"rendered":"<div data-elementor-type=\"product-post\" data-elementor-id=\"24430\" class=\"elementor elementor-24430\" data-elementor-post-type=\"product\">\n\t\t\t\t\t\t<section class=\"wd-negative-gap elementor-section elementor-top-section elementor-element elementor-element-83222da elementor-section-boxed elementor-section-height-default elementor-section-height-default\" data-id=\"83222da\" data-element_type=\"section\">\n\t\t\t\t\t\t<div class=\"elementor-container elementor-column-gap-default\">\n\t\t\t\t\t<div class=\"elementor-column elementor-col-100 elementor-top-column elementor-element elementor-element-c3a05ca\" data-id=\"c3a05ca\" data-element_type=\"column\">\n\t\t\t<div class=\"elementor-widget-wrap elementor-element-populated\">\n\t\t\t\t\t\t<div class=\"elementor-element elementor-element-a1e401b color-scheme-inherit text-left elementor-widget elementor-widget-text-editor\" data-id=\"a1e401b\" data-element_type=\"widget\" data-widget_type=\"text-editor.default\">\n\t\t\t\t<div class=\"elementor-widget-container\">\n\t\t\t\t\t\t\t\t\t<h2 data-start=\"1100\" data-end=\"1120\">Description<\/h2><p data-start=\"1121\" data-end=\"1348\">Gardez votre b\u00e9b\u00e9 au chaud et bien au chaud apr\u00e8s chaque bain avec le <strong data-start=\"1176\" data-end=\"1202\">Serviette de bain \u00e0 capuche pour b\u00e9b\u00e9<\/strong>. Fabriqu\u00e9 en polaire corail ultra-douce, il peut servir de serviette \u00e0 capuche, de peignoir ou de couverture d'emmaillotage, parfait pour les nouveau-n\u00e9s et les tout-petits tout au long de l'ann\u00e9e.<\/p>\t\t\t\t\t\t\t\t<\/div>\n\t\t\t\t<\/div>\n\t\t\t\t<div class=\"elementor-element elementor-element-909e801 color-scheme-inherit text-left elementor-widget elementor-widget-text-editor\" data-id=\"909e801\" data-element_type=\"widget\" data-widget_type=\"text-editor.default\">\n\t\t\t\t<div class=\"elementor-widget-container\">\n\t\t\t\t\t\t\t\t\t<h2 data-start=\"1355\" data-end=\"1383\">Caract\u00e9ristiques<\/h2><ul data-start=\"1384\" data-end=\"1663\"><li data-start=\"1384\" data-end=\"1435\"><p data-start=\"1386\" data-end=\"1435\">\u2705 La polaire corail douce prot\u00e8ge la peau d\u00e9licate du b\u00e9b\u00e9<\/p><\/li><li data-start=\"1436\" data-end=\"1480\"><p data-start=\"1438\" data-end=\"1480\">\u2705 Le design \u00e0 capuche garde la t\u00eate au chaud et confortable<\/p><\/li><li data-start=\"1481\" data-end=\"1535\"><p data-start=\"1483\" data-end=\"1535\">Utilisation polyvalente : serviette de bain, peignoir, ou enveloppe d'emmaillotement<\/p><\/li><li data-start=\"1536\" data-end=\"1576\"><p data-start=\"1538\" data-end=\"1576\">\u2705 Taille g\u00e9n\u00e9reuse 80x80cm pour les tout-petits<\/p><\/li><li data-start=\"1577\" data-end=\"1624\"><p data-start=\"1579\" data-end=\"1624\">\u2705 Le design de l'animal de dessin anim\u00e9 rend l'heure du bain amusante<\/p><\/li><li data-start=\"1625\" data-end=\"1663\"><p data-start=\"1627\" data-end=\"1663\">\u2705 Facile d'entretien, lavable \u00e0 la main et durable<\/p><\/li><\/ul>\t\t\t\t\t\t\t\t<\/div>\n\t\t\t\t<\/div>\n\t\t\t\t<div class=\"elementor-element elementor-element-4b63900 color-scheme-inherit text-left elementor-widget elementor-widget-text-editor\" data-id=\"4b63900\" data-element_type=\"widget\" data-widget_type=\"text-editor.default\">\n\t\t\t\t<div class=\"elementor-widget-container\">\n\t\t\t\t\t\t\t\t\t<h2 data-start=\"1670\" data-end=\"1693\">Sp\u00e9cifications<\/h2><ul data-start=\"1694\" data-end=\"1939\"><li data-start=\"1694\" data-end=\"1730\"><p data-start=\"1696\" data-end=\"1730\"><strong data-start=\"1696\" data-end=\"1710\">Nom de l'article :<\/strong> Serviette de bain \u00e0 capuche pour b\u00e9b\u00e9<\/p><\/li><li data-start=\"1731\" data-end=\"1772\"><p data-start=\"1733\" data-end=\"1772\"><strong data-start=\"1733\" data-end=\"1742\">Taille :<\/strong> 80cm x 80cm (31.5\" x 31.5\")<\/p><\/li><li data-start=\"1773\" data-end=\"1803\"><p data-start=\"1775\" data-end=\"1803\"><strong data-start=\"1775\" data-end=\"1788\">Mat\u00e9riau :<\/strong> Polaire corail<\/p><\/li><li data-start=\"1804\" data-end=\"1843\"><p data-start=\"1806\" data-end=\"1843\"><strong data-start=\"1806\" data-end=\"1817\">Couleurs :<\/strong> Rose, bleu, blanc, gris<\/p><\/li><li data-start=\"1844\" data-end=\"1900\"><p data-start=\"1846\" data-end=\"1900\"><strong data-start=\"1846\" data-end=\"1867\">Saisons appropri\u00e9es :<\/strong> Printemps, \u00e9t\u00e9, automne, hiver<\/p><\/li><li data-start=\"1901\" data-end=\"1939\"><p data-start=\"1903\" data-end=\"1939\"><strong data-start=\"1903\" data-end=\"1924\">Le paquet comprend :<\/strong> Couverture 1 pi\u00e8ce<\/p><\/li><\/ul>\t\t\t\t\t\t\t\t<\/div>\n\t\t\t\t<\/div>\n\t\t\t\t<div class=\"elementor-element elementor-element-73f3e65 color-scheme-inherit text-left elementor-widget elementor-widget-text-editor\" data-id=\"73f3e65\" data-element_type=\"widget\" data-widget_type=\"text-editor.default\">\n\t\t\t\t<div class=\"elementor-widget-container\">\n\t\t\t\t\t\t\t\t\t<h2 data-start=\"1946\" data-end=\"1974\">Pourquoi les parents l'adorent-ils ?<\/h2><p data-start=\"1975\" data-end=\"2254\">Les parents adorent \u00e7a <strong data-start=\"1993\" data-end=\"2019\">Serviette de bain \u00e0 capuche pour b\u00e9b\u00e9<\/strong> parce qu'elle garde les b\u00e9b\u00e9s au chaud, doux et confortables apr\u00e8s chaque bain. Son utilisation polyvalente, ses jolis motifs et sa taille g\u00e9n\u00e9reuse rendent l'heure du bain plus facile et plus agr\u00e9able, tout en \u00e9conomisant de l'espace et de l'argent par rapport \u00e0 plusieurs couvertures ou serviettes.<\/p>\t\t\t\t\t\t\t\t<\/div>\n\t\t\t\t<\/div>\n\t\t\t\t\t<\/div>\n\t\t<\/div>\n\t\t\t\t\t<\/div>\n\t\t<\/section>\n\t\t\t\t<\/div>","protected":false},"excerpt":{"rendered":"<p><strong data-start=\"356\" data-end=\"401\">Vous craignez que votre b\u00e9b\u00e9 ait froid apr\u00e8s le bain ?<\/strong> La serviette de bain \u00e0 capuche pour b\u00e9b\u00e9 garde les nouveau-n\u00e9s au chaud gr\u00e2ce \u00e0 sa douce polaire corail et \u00e0 son adorable dessin anim\u00e9.<\/p>","protected":false},"featured_media":24429,"comment_status":"open","ping_status":"closed","template":"","meta":{"_acf_changed":false},"product_brand":[],"product_cat":[32],"product_tag":[1134,1137,1135,1138,1136],"class_list":{"0":"post-24430","1":"product","2":"type-product","3":"status-publish","4":"has-post-thumbnail","6":"product_cat-best-baby-clothing","7":"product_tag-baby-hooded-bath-towel","8":"product_tag-cartoon-animal-baby-hooded-towel","9":"product_tag-newborn-hooded-towel-blanket","10":"product_tag-soft-coral-fleece-baby-bath-wrap","11":"product_tag-toddler-hooded-bathrobe-for-boys-girls","13":"first","14":"instock","15":"sale","16":"taxable","17":"shipping-taxable","18":"purchasable","19":"product-type-variable","20":"wvs-archive-product-wrapper"},"acf":[],"_links":{"self":[{"href":"https:\/\/babyvk.com\/fr\/wp-json\/wp\/v2\/product\/24430","targetHints":{"allow":["GET"]}}],"collection":[{"href":"https:\/\/babyvk.com\/fr\/wp-json\/wp\/v2\/product"}],"about":[{"href":"https:\/\/babyvk.com\/fr\/wp-json\/wp\/v2\/types\/product"}],"replies":[{"embeddable":true,"href":"https:\/\/babyvk.com\/fr\/wp-json\/wp\/v2\/comments?post=24430"}],"version-history":[{"count":0,"href":"https:\/\/babyvk.com\/fr\/wp-json\/wp\/v2\/product\/24430\/revisions"}],"wp:featuredmedia":[{"embeddable":true,"href":"https:\/\/babyvk.com\/fr\/wp-json\/wp\/v2\/media\/24429"}],"wp:attachment":[{"href":"https:\/\/babyvk.com\/fr\/wp-json\/wp\/v2\/media?parent=24430"}],"wp:term":[{"taxonomy":"product_brand","embeddable":true,"href":"https:\/\/babyvk.com\/fr\/wp-json\/wp\/v2\/product_brand?post=24430"},{"taxonomy":"product_cat","embeddable":true,"href":"https:\/\/babyvk.com\/fr\/wp-json\/wp\/v2\/product_cat?post=24430"},{"taxonomy":"product_tag","embeddable":true,"href":"https:\/\/babyvk.com\/fr\/wp-json\/wp\/v2\/product_tag?post=24430"}],"curies":[{"name":"wp","href":"https:\/\/api.w.org\/{rel}","templated":true}]}}