{"id":24319,"date":"2025-11-11T18:56:50","date_gmt":"2025-11-11T18:56:50","guid":{"rendered":"https:\/\/babyvk.com\/?post_type=product&#038;p=24319"},"modified":"2025-11-11T19:11:32","modified_gmt":"2025-11-11T19:11:32","slug":"newborn-anti-flat-head-pillow","status":"publish","type":"product","link":"https:\/\/babyvk.com\/fr\/product\/newborn-anti-flat-head-pillow\/","title":{"rendered":"Oreiller anti t\u00eate plate pour nouveau-n\u00e9"},"content":{"rendered":"<div data-elementor-type=\"product-post\" data-elementor-id=\"24319\" class=\"elementor elementor-24319\" data-elementor-post-type=\"product\">\n\t\t\t\t\t\t<section class=\"wd-negative-gap elementor-section elementor-top-section elementor-element elementor-element-a76169a elementor-section-boxed elementor-section-height-default elementor-section-height-default\" data-id=\"a76169a\" data-element_type=\"section\">\n\t\t\t\t\t\t<div class=\"elementor-container elementor-column-gap-default\">\n\t\t\t\t\t<div class=\"elementor-column elementor-col-100 elementor-top-column elementor-element elementor-element-80ac7a1\" data-id=\"80ac7a1\" data-element_type=\"column\">\n\t\t\t<div class=\"elementor-widget-wrap elementor-element-populated\">\n\t\t\t\t\t\t<div class=\"elementor-element elementor-element-34ef2d5 color-scheme-inherit text-left elementor-widget elementor-widget-text-editor\" data-id=\"34ef2d5\" data-element_type=\"widget\" data-widget_type=\"text-editor.default\">\n\t\t\t\t<div class=\"elementor-widget-container\">\n\t\t\t\t\t\t\t\t\t<h2 data-start=\"132\" data-end=\"166\">Un confort haut de gamme, un prix intelligent<\/h2><p data-start=\"167\" data-end=\"416\">Offrez \u00e0 votre b\u00e9b\u00e9 un soutien de la t\u00eate de qualit\u00e9 m\u00e9dicale sans payer des prix de luxe ! Le <strong data-start=\"243\" data-end=\"276\">Oreiller anti t\u00eate plate pour nouveau-n\u00e9<\/strong> comprend un <strong data-start=\"288\" data-end=\"316\">Conception ergonomique en 5 points<\/strong> qui aide \u00e0 modeler une t\u00eate naturellement ronde tout en prot\u00e9geant la colonne vert\u00e9brale gr\u00e2ce \u00e0 son <strong data-start=\"393\" data-end=\"413\">Hauteur id\u00e9ale de 1 cm<\/strong>.<\/p>\t\t\t\t\t\t\t\t<\/div>\n\t\t\t\t<\/div>\n\t\t\t\t<div class=\"elementor-element elementor-element-ddaad66 color-scheme-inherit text-left elementor-widget elementor-widget-text-editor\" data-id=\"ddaad66\" data-element_type=\"widget\" data-widget_type=\"text-editor.default\">\n\t\t\t\t<div class=\"elementor-widget-container\">\n\t\t\t\t\t\t\t\t\t<h2 data-start=\"418\" data-end=\"457\">Design double face pour toutes les saisons<\/h2><ul data-start=\"458\" data-end=\"594\"><li data-start=\"458\" data-end=\"531\"><p data-start=\"460\" data-end=\"531\"><strong data-start=\"463\" data-end=\"474\">Face A :<\/strong> Maille nid d'abeille respirante - fra\u00eecheur et fra\u00eecheur pour l'\u00e9t\u00e9.<\/p><\/li><li data-start=\"532\" data-end=\"594\"><p data-start=\"534\" data-end=\"594\"><strong data-start=\"537\" data-end=\"548\">Face B :<\/strong> Coton doux - douillet et apaisant pour l'hiver.<\/p><\/li><\/ul>\t\t\t\t\t\t\t\t<\/div>\n\t\t\t\t<\/div>\n\t\t\t\t<div class=\"elementor-element elementor-element-a6052b0 color-scheme-inherit text-left elementor-widget elementor-widget-text-editor\" data-id=\"a6052b0\" data-element_type=\"widget\" data-widget_type=\"text-editor.default\">\n\t\t\t\t<div class=\"elementor-widget-container\">\n\t\t\t\t\t\t\t\t\t<h2 data-start=\"596\" data-end=\"622\">Forme d'\u00e9toile de mer intelligente<\/h2><p data-start=\"623\" data-end=\"749\">La version am\u00e9lior\u00e9e <strong data-start=\"636\" data-end=\"663\">Structure de l'\u00e9toile de mer \u00e0 270<\/strong> berce d\u00e9licatement la t\u00eate de votre b\u00e9b\u00e9, \u00e9vitant les m\u00e9andres et am\u00e9liorant la qualit\u00e9 du sommeil.<\/p>\t\t\t\t\t\t\t\t<\/div>\n\t\t\t\t<\/div>\n\t\t\t\t<div class=\"elementor-element elementor-element-99c3257 color-scheme-inherit text-left elementor-widget elementor-widget-text-editor\" data-id=\"99c3257\" data-element_type=\"widget\" data-widget_type=\"text-editor.default\">\n\t\t\t\t<div class=\"elementor-widget-container\">\n\t\t\t\t\t\t\t\t\t<h2 data-start=\"751\" data-end=\"776\">Pourquoi les parents l'adorent ?<\/h2><p data-start=\"777\" data-end=\"965\">\u2705 Protection m\u00e9dicale de la t\u00eate \u00e0 5 points<br data-start=\"810\" data-end=\"813\" \/>\u2705 1cm de hauteur pour la s\u00e9curit\u00e9 des nouveau-n\u00e9s<br data-start=\"844\" data-end=\"847\" \/>\u2705 Un double tissu pour chaque saison<br data-start=\"877\" data-end=\"880\" \/>\u2705 Parfait pour les t\u00eates plates ou irr\u00e9guli\u00e8res<br data-start=\"920\" data-end=\"923\" \/>\u2705 Un confort haut de gamme \u00e0 un prix abordable<\/p>\t\t\t\t\t\t\t\t<\/div>\n\t\t\t\t<\/div>\n\t\t\t\t<div class=\"elementor-element elementor-element-b0cdb0c color-scheme-inherit text-left elementor-widget elementor-widget-text-editor\" data-id=\"b0cdb0c\" data-element_type=\"widget\" data-widget_type=\"text-editor.default\">\n\t\t\t\t<div class=\"elementor-widget-container\">\n\t\t\t\t\t\t\t\t\t<h2 data-start=\"972\" data-end=\"992\">Sp\u00e9cifications<\/h2><ul data-start=\"993\" data-end=\"1162\"><li data-start=\"993\" data-end=\"1041\"><p data-start=\"995\" data-end=\"1041\"><strong data-start=\"995\" data-end=\"1008\">Mat\u00e9riau :<\/strong> Maille nid d'abeille + tissu en coton<\/p><\/li><li data-start=\"1042\" data-end=\"1061\"><p data-start=\"1044\" data-end=\"1061\"><strong data-start=\"1044\" data-end=\"1055\">Hauteur :<\/strong> 1cm<\/p><\/li><li data-start=\"1062\" data-end=\"1086\"><p data-start=\"1064\" data-end=\"1086\"><strong data-start=\"1064\" data-end=\"1072\">L'\u00e2ge :<\/strong> 0-12 mois<\/p><\/li><li data-start=\"1087\" data-end=\"1162\"><p data-start=\"1089\" data-end=\"1162\"><strong data-start=\"1089\" data-end=\"1097\">Utiliser :<\/strong> Pr\u00e9vention de la t\u00eate plate \/ Protection de la nuque et de la colonne vert\u00e9brale \/ Sommeil confortable<\/p><\/li><\/ul>\t\t\t\t\t\t\t\t<\/div>\n\t\t\t\t<\/div>\n\t\t\t\t<div class=\"elementor-element elementor-element-b55753f color-scheme-inherit text-left elementor-widget elementor-widget-text-editor\" data-id=\"b55753f\" data-element_type=\"widget\" data-widget_type=\"text-editor.default\">\n\t\t\t\t<div class=\"elementor-widget-container\">\n\t\t\t\t\t\t\t\t\t<h2 data-start=\"1169\" data-end=\"1200\">\ud83d\udca1 Meilleur rapport qualit\u00e9-prix pour les parents<\/h2><p data-start=\"1201\" data-end=\"1338\">B\u00e9n\u00e9ficier d'une qualit\u00e9 m\u00e9dicale sup\u00e9rieure <strong data-start=\"1237\" data-end=\"1269\">pour moins de la moiti\u00e9 du prix<\/strong> des grandes marques.<br data-start=\"1284\" data-end=\"1287\" \/><strong data-start=\"1287\" data-end=\"1338\">Forme saine de la t\u00eate. Un meilleur sommeil. Plus d'\u00e9conomies.<\/strong><\/p>\t\t\t\t\t\t\t\t<\/div>\n\t\t\t\t<\/div>\n\t\t\t\t\t<\/div>\n\t\t<\/div>\n\t\t\t\t\t<\/div>\n\t\t<\/section>\n\t\t\t\t<\/div>","protected":false},"excerpt":{"rendered":"<p>Oreiller ergonomique pour nouveau-n\u00e9 avec soutien en 5 points, hauteur de 1 cm pour la protection de la colonne vert\u00e9brale, et tissu respirant double face pour toutes les saisons.<\/p>","protected":false},"featured_media":24317,"comment_status":"open","ping_status":"closed","template":"","meta":{"_acf_changed":false},"product_brand":[],"product_cat":[29],"product_tag":[1118,1114,1115,1116,1119,1117],"class_list":{"0":"post-24319","1":"product","2":"type-product","3":"status-publish","4":"has-post-thumbnail","6":"product_cat-best-baby-care","7":"product_tag-adjustable-baby-pillow-for-flat-head","8":"product_tag-adjustable-newborn-head-shaping-pillow","9":"product_tag-baby-flat-head-prevention-pillow","10":"product_tag-baby-head-shape-correction-pillow","11":"product_tag-newborn-anti-flat-head-pillow","12":"product_tag-newborn-sleep-position-pillow","14":"first","15":"instock","16":"sale","17":"taxable","18":"shipping-taxable","19":"purchasable","20":"product-type-variable","21":"wvs-archive-product-wrapper"},"acf":[],"_links":{"self":[{"href":"https:\/\/babyvk.com\/fr\/wp-json\/wp\/v2\/product\/24319","targetHints":{"allow":["GET"]}}],"collection":[{"href":"https:\/\/babyvk.com\/fr\/wp-json\/wp\/v2\/product"}],"about":[{"href":"https:\/\/babyvk.com\/fr\/wp-json\/wp\/v2\/types\/product"}],"replies":[{"embeddable":true,"href":"https:\/\/babyvk.com\/fr\/wp-json\/wp\/v2\/comments?post=24319"}],"version-history":[{"count":0,"href":"https:\/\/babyvk.com\/fr\/wp-json\/wp\/v2\/product\/24319\/revisions"}],"wp:featuredmedia":[{"embeddable":true,"href":"https:\/\/babyvk.com\/fr\/wp-json\/wp\/v2\/media\/24317"}],"wp:attachment":[{"href":"https:\/\/babyvk.com\/fr\/wp-json\/wp\/v2\/media?parent=24319"}],"wp:term":[{"taxonomy":"product_brand","embeddable":true,"href":"https:\/\/babyvk.com\/fr\/wp-json\/wp\/v2\/product_brand?post=24319"},{"taxonomy":"product_cat","embeddable":true,"href":"https:\/\/babyvk.com\/fr\/wp-json\/wp\/v2\/product_cat?post=24319"},{"taxonomy":"product_tag","embeddable":true,"href":"https:\/\/babyvk.com\/fr\/wp-json\/wp\/v2\/product_tag?post=24319"}],"curies":[{"name":"wp","href":"https:\/\/api.w.org\/{rel}","templated":true}]}}