{"id":24295,"date":"2025-11-10T17:40:41","date_gmt":"2025-11-10T17:40:41","guid":{"rendered":"https:\/\/babyvk.com\/?post_type=product&#038;p=24295"},"modified":"2025-11-10T17:52:32","modified_gmt":"2025-11-10T17:52:32","slug":"silicone-breastfeeding-nipple-shield","status":"publish","type":"product","link":"https:\/\/babyvk.com\/fr\/product\/silicone-breastfeeding-nipple-shield\/","title":{"rendered":"T\u00e9tine d'allaitement en silicone"},"content":{"rendered":"<div data-elementor-type=\"product-post\" data-elementor-id=\"24295\" class=\"elementor elementor-24295\" data-elementor-post-type=\"product\">\n\t\t\t\t\t\t<section class=\"wd-negative-gap elementor-section elementor-top-section elementor-element elementor-element-93482bc elementor-section-boxed elementor-section-height-default elementor-section-height-default\" data-id=\"93482bc\" data-element_type=\"section\">\n\t\t\t\t\t\t<div class=\"elementor-container elementor-column-gap-default\">\n\t\t\t\t\t<div class=\"elementor-column elementor-col-100 elementor-top-column elementor-element elementor-element-1fcf56a\" data-id=\"1fcf56a\" data-element_type=\"column\">\n\t\t\t<div class=\"elementor-widget-wrap elementor-element-populated\">\n\t\t\t\t\t\t<div class=\"elementor-element elementor-element-01352dc color-scheme-inherit text-left elementor-widget elementor-widget-text-editor\" data-id=\"01352dc\" data-element_type=\"widget\" data-widget_type=\"text-editor.default\">\n\t\t\t\t<div class=\"elementor-widget-container\">\n\t\t\t\t\t\t\t\t\t<h2 data-start=\"1885\" data-end=\"1909\">Caract\u00e9ristiques<\/h2><ul data-start=\"1911\" data-end=\"2969\"><li data-start=\"1911\" data-end=\"2073\"><p data-start=\"1913\" data-end=\"2073\">\u2705 <strong data-start=\"1915\" data-end=\"1949\">100% Silicone s\u00fbr et non toxique<\/strong> - Fabriqu\u00e9 en silicone souple de qualit\u00e9 alimentaire, exempt de BPA et de substances nocives, doux pour la bouche de b\u00e9b\u00e9 et la peau de maman.<\/p><\/li><li data-start=\"2074\" data-end=\"2235\"><p data-start=\"2076\" data-end=\"2235\">\u2705 <strong data-start=\"2078\" data-end=\"2109\">Simulation d'ar\u00e9ole humanis\u00e9e<\/strong> - La texture \u00e0 pointe convexe dispers\u00e9e autour du mamelon imite l'ar\u00e9ole naturelle de la m\u00e8re, am\u00e9liorant la prise du sein et le confort du b\u00e9b\u00e9.<\/p><\/li><li data-start=\"2236\" data-end=\"2393\"><p data-start=\"2238\" data-end=\"2393\">\u2705 <strong data-start=\"2240\" data-end=\"2280\">Conception en p\u00e9tales pour plus de confort et de stabilit\u00e9<\/strong> - La forme l\u00e9g\u00e8re en p\u00e9tale permet aux mamans de le tenir facilement et maintient le bouclier en place pendant l'allaitement.<\/p><\/li><li data-start=\"2394\" data-end=\"2536\"><p data-start=\"2396\" data-end=\"2536\">\u2705 <strong data-start=\"2398\" data-end=\"2422\">Contact avec la peau<\/strong> - La forme ouverte des p\u00e9tales favorise un contact maximal entre la m\u00e8re et le b\u00e9b\u00e9 pour un lien naturel pendant l'allaitement.<\/p><\/li><li data-start=\"2537\" data-end=\"2682\"><p data-start=\"2539\" data-end=\"2682\">\u2705 <strong data-start=\"2541\" data-end=\"2575\">Structure spirale anti-effondrement<\/strong> - L'embout de la t\u00e9tine est dot\u00e9 d'un m\u00e9canisme en spirale qui \u00e9vite les bosses pendant la t\u00e9t\u00e9e et assure un \u00e9coulement r\u00e9gulier du lait.<\/p><\/li><li data-start=\"2683\" data-end=\"2837\"><p data-start=\"2685\" data-end=\"2837\">\u2705 <strong data-start=\"2687\" data-end=\"2714\">Anti-morsure et soulagement de la douleur<\/strong> - Con\u00e7ue avec un espace entre la t\u00e9tine de la m\u00e8re et la t\u00eate du bouclier, elle emp\u00eache les morsures et r\u00e9duit l'inconfort ou les fissures.<\/p><\/li><li data-start=\"2838\" data-end=\"2969\"><p data-start=\"2840\" data-end=\"2969\">\u2705 <strong data-start=\"2842\" data-end=\"2872\">D\u00e9bit variable pour tous les \u00e2ges<\/strong> - L'orifice de sortie du lait \u00e0 trous crois\u00e9s permet un \u00e9coulement r\u00e9gulier, adapt\u00e9 aux nouveau-n\u00e9s comme aux b\u00e9b\u00e9s en pleine croissance.<\/p><\/li><\/ul>\t\t\t\t\t\t\t\t<\/div>\n\t\t\t\t<\/div>\n\t\t\t\t\t<\/div>\n\t\t<\/div>\n\t\t\t\t\t<\/div>\n\t\t<\/section>\n\t\t\t\t<section class=\"wd-negative-gap elementor-section elementor-top-section elementor-element elementor-element-9c9bb49 elementor-section-boxed elementor-section-height-default elementor-section-height-default\" data-id=\"9c9bb49\" data-element_type=\"section\">\n\t\t\t\t\t\t<div class=\"elementor-container elementor-column-gap-default\">\n\t\t\t\t\t<div class=\"elementor-column elementor-col-100 elementor-top-column elementor-element elementor-element-eb026aa\" data-id=\"eb026aa\" data-element_type=\"column\">\n\t\t\t<div class=\"elementor-widget-wrap elementor-element-populated\">\n\t\t\t\t\t\t<div class=\"elementor-element elementor-element-b1c28d5 color-scheme-inherit text-left elementor-widget elementor-widget-text-editor\" data-id=\"b1c28d5\" data-element_type=\"widget\" data-widget_type=\"text-editor.default\">\n\t\t\t\t<div class=\"elementor-widget-container\">\n\t\t\t\t\t\t\t\t\t<h2 data-start=\"1453\" data-end=\"1495\">Sp\u00e9cifications<\/h2><ul data-start=\"1496\" data-end=\"1878\"><li data-start=\"1496\" data-end=\"1554\"><p data-start=\"1498\" data-end=\"1554\"><strong data-start=\"1498\" data-end=\"1515\">Nom du produit :<\/strong> T\u00e9tine d'allaitement en silicone<\/p><\/li><li data-start=\"1555\" data-end=\"1609\"><p data-start=\"1557\" data-end=\"1609\"><strong data-start=\"1557\" data-end=\"1570\">Mat\u00e9riau :<\/strong> 100% Silicone de qualit\u00e9 alimentaire<\/p><\/li><li data-start=\"1670\" data-end=\"1750\"><p data-start=\"1672\" data-end=\"1750\"><strong data-start=\"1672\" data-end=\"1685\">Fonction :<\/strong> Anti-morsure, protection du confort, soutien \u00e0 l'allaitement sans douleur<\/p><\/li><li data-start=\"1802\" data-end=\"1851\"><p data-start=\"1804\" data-end=\"1851\"><strong data-start=\"1804\" data-end=\"1813\">Taille :<\/strong> Universel (convient \u00e0 la plupart des formes de seins)<\/p><\/li><li data-start=\"1852\" data-end=\"1878\"><p data-start=\"1854\" data-end=\"1878\"><strong data-start=\"1854\" data-end=\"1864\">Couleur :<\/strong> Blanc\/jaune<\/p><\/li><\/ul>\t\t\t\t\t\t\t\t<\/div>\n\t\t\t\t<\/div>\n\t\t\t\t\t<\/div>\n\t\t<\/div>\n\t\t\t\t\t<\/div>\n\t\t<\/section>\n\t\t\t\t<\/div>","protected":false},"excerpt":{"rendered":"<p>T\u00e9tine d'allaitement en silicone souple avec design en forme de p\u00e9tales. 100% de qualit\u00e9 alimentaire, s\u00fbre, non toxique et respectueuse de la peau. Imite l'ar\u00e9ole r\u00e9elle pour plus de confort et de protection.<\/p>","protected":false},"featured_media":24292,"comment_status":"open","ping_status":"closed","template":"","meta":{"_acf_changed":false},"product_brand":[],"product_cat":[20],"product_tag":[1113,1110,1112,1111,1109,1062],"class_list":{"0":"post-24295","1":"product","2":"type-product","3":"status-publish","4":"has-post-thumbnail","6":"product_cat-new-mom","7":"product_tag-anti-bite-silicone-nipple-protector","8":"product_tag-baby-breastfeeding-shield","9":"product_tag-baby-latch-assist-nipple-shield","10":"product_tag-nipple-protector-for-breastfeeding-moms","11":"product_tag-silicone-breastfeeding-nipple-shield","12":"product_tag-soft-silicone-nipple-protector","14":"first","15":"instock","16":"sale","17":"taxable","18":"shipping-taxable","19":"purchasable","20":"product-type-variable","21":"wvs-archive-product-wrapper"},"acf":[],"_links":{"self":[{"href":"https:\/\/babyvk.com\/fr\/wp-json\/wp\/v2\/product\/24295","targetHints":{"allow":["GET"]}}],"collection":[{"href":"https:\/\/babyvk.com\/fr\/wp-json\/wp\/v2\/product"}],"about":[{"href":"https:\/\/babyvk.com\/fr\/wp-json\/wp\/v2\/types\/product"}],"replies":[{"embeddable":true,"href":"https:\/\/babyvk.com\/fr\/wp-json\/wp\/v2\/comments?post=24295"}],"version-history":[{"count":0,"href":"https:\/\/babyvk.com\/fr\/wp-json\/wp\/v2\/product\/24295\/revisions"}],"wp:featuredmedia":[{"embeddable":true,"href":"https:\/\/babyvk.com\/fr\/wp-json\/wp\/v2\/media\/24292"}],"wp:attachment":[{"href":"https:\/\/babyvk.com\/fr\/wp-json\/wp\/v2\/media?parent=24295"}],"wp:term":[{"taxonomy":"product_brand","embeddable":true,"href":"https:\/\/babyvk.com\/fr\/wp-json\/wp\/v2\/product_brand?post=24295"},{"taxonomy":"product_cat","embeddable":true,"href":"https:\/\/babyvk.com\/fr\/wp-json\/wp\/v2\/product_cat?post=24295"},{"taxonomy":"product_tag","embeddable":true,"href":"https:\/\/babyvk.com\/fr\/wp-json\/wp\/v2\/product_tag?post=24295"}],"curies":[{"name":"wp","href":"https:\/\/api.w.org\/{rel}","templated":true}]}}