{"id":24188,"date":"2025-11-04T16:23:06","date_gmt":"2025-11-04T16:23:06","guid":{"rendered":"https:\/\/babyvk.com\/?post_type=product&#038;p=24188"},"modified":"2025-11-17T10:03:27","modified_gmt":"2025-11-17T10:03:27","slug":"baby-navel-sticker","status":"publish","type":"product","link":"https:\/\/babyvk.com\/fr\/product\/baby-navel-sticker\/","title":{"rendered":"Autocollant pour le nombril du b\u00e9b\u00e9"},"content":{"rendered":"<div data-elementor-type=\"product-post\" data-elementor-id=\"24188\" class=\"elementor elementor-24188\" data-elementor-post-type=\"product\">\n\t\t\t\t\t\t<section class=\"wd-negative-gap elementor-section elementor-top-section elementor-element elementor-element-1b2dcc5 elementor-section-boxed elementor-section-height-default elementor-section-height-default\" data-id=\"1b2dcc5\" data-element_type=\"section\">\n\t\t\t\t\t\t<div class=\"elementor-container elementor-column-gap-default\">\n\t\t\t\t\t<div class=\"elementor-column elementor-col-100 elementor-top-column elementor-element elementor-element-394dcc7\" data-id=\"394dcc7\" data-element_type=\"column\">\n\t\t\t<div class=\"elementor-widget-wrap elementor-element-populated\">\n\t\t\t\t\t\t<div class=\"elementor-element elementor-element-1a49873 color-scheme-inherit text-left elementor-widget elementor-widget-text-editor\" data-id=\"1a49873\" data-element_type=\"widget\" data-widget_type=\"text-editor.default\">\n\t\t\t\t<div class=\"elementor-widget-container\">\n\t\t\t\t\t\t\t\t\t<p><b>Fonctionnalit\u00e9 :<\/b><\/p><ol><li>Confortable, doux pour la peau et facile \u00e0 d\u00e9chirer, sans blesser la peau tendre de b\u00e9b\u00e9.<\/li><li>Confortable, s\u00fbr, non irritant, non allergique. Prot\u00e8ge efficacement la sant\u00e9 de votre b\u00e9b\u00e9.<\/li><li>Membrane imperm\u00e9able transparente \u00e0 haute \u00e9lasticit\u00e9 en PE, dot\u00e9e d'une excellente capacit\u00e9 de respiration.<\/li><li>Il peut r\u00e9sister \u00e0 une pression d'eau de 1000 mm, l'adh\u00e9rence restant inchang\u00e9e, il n'y a pas de risque de chute ou de d\u00e9placement.<\/li><li>Chaque pi\u00e8ce est emball\u00e9e dans un emballage scell\u00e9 ind\u00e9pendant afin d'\u00e9viter toute pollution ext\u00e9rieure.<\/li><\/ol>\t\t\t\t\t\t\t\t<\/div>\n\t\t\t\t<\/div>\n\t\t\t\t<div class=\"elementor-element elementor-element-23150e4 color-scheme-inherit text-left elementor-widget elementor-widget-text-editor\" data-id=\"23150e4\" data-element_type=\"widget\" data-widget_type=\"text-editor.default\">\n\t\t\t\t<div class=\"elementor-widget-container\">\n\t\t\t\t\t\t\t\t\t<p><b>Sp\u00e9cification :<\/b><\/p><div><ul><li>Condition : Neuf<\/li><li>Type d'article : Autocollant pour le nombril du b\u00e9b\u00e9<\/li><li>Quantit\u00e9 : 10pcs \/\u00a0<span style=\"font-family: Lato, Arial, Helvetica, sans-serif; font-size: 16px; font-style: normal; font-variant-ligatures: normal; font-variant-caps: normal; font-weight: 400;\">20pcs<\/span><\/li><li><span style=\"font-family: Lato, Arial, Helvetica, sans-serif; font-size: 16px; font-style: normal; font-variant-ligatures: normal; font-variant-caps: normal; font-weight: 400;\">Taille\uff1a6cm x 7cm<\/span><\/li><li>Dur\u00e9e de conservation : 3 ans<\/li><li>Mat\u00e9riaux : Ruban adh\u00e9sif, papier absorbant, papier de d\u00e9moulage, papier de dialyse<br \/>Applications : Bain de b\u00e9b\u00e9 et natation<\/li><li>Utilisation : Usage externe<\/li><li>D\u00e9coller la bande adh\u00e9sive sur le c\u00f4t\u00e9 et la coller sur le nombril, puis d\u00e9coller une couche de papier plastique transparent.\u00a0<\/li><li>\u00a0<\/li><\/ul><\/div>\t\t\t\t\t\t\t\t<\/div>\n\t\t\t\t<\/div>\n\t\t\t\t<div class=\"elementor-element elementor-element-426dfc6 color-scheme-inherit text-left elementor-widget elementor-widget-text-editor\" data-id=\"426dfc6\" data-element_type=\"widget\" data-widget_type=\"text-editor.default\">\n\t\t\t\t<div class=\"elementor-widget-container\">\n\t\t\t\t\t\t\t\t\t<p><b>Liste des colis :<\/b><\/p>\n<ul>\n<li>10 x autocollants pour le nombril de b\u00e9b\u00e9 \/ 20 x autocollants pour le nombril de b\u00e9b\u00e9<\/li>\n<\/ul>\t\t\t\t\t\t\t\t<\/div>\n\t\t\t\t<\/div>\n\t\t\t\t<div class=\"elementor-element elementor-element-3a019bb color-scheme-inherit text-left elementor-widget elementor-widget-text-editor\" data-id=\"3a019bb\" data-element_type=\"widget\" data-widget_type=\"text-editor.default\">\n\t\t\t\t<div class=\"elementor-widget-container\">\n\t\t\t\t\t\t\t\t\t<p><b>Remarque :<\/b><\/p><ol><li>Veuillez retirer la p\u00e2te ombilicale d\u00e8s que possible apr\u00e8s la baignade, ne pas l'appliquer pendant un certain temps.<\/li><li>Ce produit est un produit jetable, ne le r\u00e9utilisez pas et n'utilisez pas le produit endommag\u00e9.<\/li><li>En cas d'allergies ou d'inconfort, veuillez cesser l'utilisation ou consulter un m\u00e9decin.<\/li><li>Veuillez noter que le nouveau type et l'ancien type de ce produit seront envoy\u00e9s de mani\u00e8re al\u00e9atoire, et assurez-vous que cela ne vous d\u00e9range pas avant de passer commande.<\/li><\/ol>\t\t\t\t\t\t\t\t<\/div>\n\t\t\t\t<\/div>\n\t\t\t\t\t<\/div>\n\t\t<\/div>\n\t\t\t\t\t<\/div>\n\t\t<\/section>\n\t\t\t\t<\/div>","protected":false},"excerpt":{"rendered":"<p>Autocollant pour le nombril de b\u00e9b\u00e9 avec film PE imperm\u00e9able et respirant. Conception douce, respectueuse de la peau et non irritante pour prot\u00e9ger la zone ombilicale du b\u00e9b\u00e9 pendant le bain et la natation. Paquet de 20 pi\u00e8ces, s\u00fbres et jetables.<\/p>","protected":false},"featured_media":24185,"comment_status":"open","ping_status":"closed","template":"","meta":{"_acf_changed":false},"product_brand":[],"product_cat":[29],"product_tag":[1102,1101,1099,1103,1100],"class_list":{"0":"post-24188","1":"product","2":"type-product","3":"status-publish","4":"has-post-thumbnail","6":"product_cat-best-baby-care","7":"product_tag-baby-belly-button-sticker","8":"product_tag-baby-navel-protector-for-bath","9":"product_tag-baby-navel-sticker","10":"product_tag-baby-waterproof-belly-button-cover","11":"product_tag-waterproof-baby-umbilical-patch","13":"first","14":"instock","15":"sale","16":"taxable","17":"shipping-taxable","18":"purchasable","19":"product-type-variable","20":"wvs-archive-product-wrapper"},"acf":[],"_links":{"self":[{"href":"https:\/\/babyvk.com\/fr\/wp-json\/wp\/v2\/product\/24188","targetHints":{"allow":["GET"]}}],"collection":[{"href":"https:\/\/babyvk.com\/fr\/wp-json\/wp\/v2\/product"}],"about":[{"href":"https:\/\/babyvk.com\/fr\/wp-json\/wp\/v2\/types\/product"}],"replies":[{"embeddable":true,"href":"https:\/\/babyvk.com\/fr\/wp-json\/wp\/v2\/comments?post=24188"}],"version-history":[{"count":0,"href":"https:\/\/babyvk.com\/fr\/wp-json\/wp\/v2\/product\/24188\/revisions"}],"wp:featuredmedia":[{"embeddable":true,"href":"https:\/\/babyvk.com\/fr\/wp-json\/wp\/v2\/media\/24185"}],"wp:attachment":[{"href":"https:\/\/babyvk.com\/fr\/wp-json\/wp\/v2\/media?parent=24188"}],"wp:term":[{"taxonomy":"product_brand","embeddable":true,"href":"https:\/\/babyvk.com\/fr\/wp-json\/wp\/v2\/product_brand?post=24188"},{"taxonomy":"product_cat","embeddable":true,"href":"https:\/\/babyvk.com\/fr\/wp-json\/wp\/v2\/product_cat?post=24188"},{"taxonomy":"product_tag","embeddable":true,"href":"https:\/\/babyvk.com\/fr\/wp-json\/wp\/v2\/product_tag?post=24188"}],"curies":[{"name":"wp","href":"https:\/\/api.w.org\/{rel}","templated":true}]}}