{"id":23757,"date":"2025-09-08T16:31:29","date_gmt":"2025-09-08T16:31:29","guid":{"rendered":"https:\/\/babyvk.com\/?post_type=product&#038;p=23757"},"modified":"2025-09-08T17:05:42","modified_gmt":"2025-09-08T17:05:42","slug":"silicone-breast-milk-saver-collector-cup","status":"publish","type":"product","link":"https:\/\/babyvk.com\/fr\/product\/silicone-breast-milk-saver-collector-cup\/","title":{"rendered":"Gobelet collecteur de lait maternel en silicone"},"content":{"rendered":"<div data-elementor-type=\"product-post\" data-elementor-id=\"23757\" class=\"elementor elementor-23757\" data-elementor-post-type=\"product\">\n\t\t\t\t\t\t<section class=\"wd-negative-gap elementor-section elementor-top-section elementor-element elementor-element-d9ae6f7 elementor-section-boxed elementor-section-height-default elementor-section-height-default\" data-id=\"d9ae6f7\" data-element_type=\"section\">\n\t\t\t\t\t\t<div class=\"elementor-container elementor-column-gap-default\">\n\t\t\t\t\t<div class=\"elementor-column elementor-col-100 elementor-top-column elementor-element elementor-element-638607c\" data-id=\"638607c\" data-element_type=\"column\">\n\t\t\t<div class=\"elementor-widget-wrap elementor-element-populated\">\n\t\t\t\t\t\t<div class=\"elementor-element elementor-element-4d73ee2 color-scheme-inherit text-left elementor-widget elementor-widget-text-editor\" data-id=\"4d73ee2\" data-element_type=\"widget\" data-widget_type=\"text-editor.default\">\n\t\t\t\t<div class=\"elementor-widget-container\">\n\t\t\t\t\t\t\t\t\t<h2 data-start=\"1783\" data-end=\"1807\">Caract\u00e9ristiques et avantages<\/h2><ul data-start=\"1809\" data-end=\"2688\"><li data-start=\"1809\" data-end=\"1931\"><p data-start=\"1811\" data-end=\"1931\">\u2705 <strong data-start=\"1813\" data-end=\"1840\">\u00c9conomiser chaque goutte de lait<\/strong> - Collecte le lait maternel qui s'\u00e9coule (200-300 ml par jour en moyenne) et qui serait autrement gaspill\u00e9.<\/p><\/li><li data-start=\"1932\" data-end=\"2061\"><p data-start=\"1934\" data-end=\"2061\">\u2705 <strong data-start=\"1936\" data-end=\"1962\">Coupe souple et confortable<\/strong> - Le design \u00e9lastique en forme de p\u00e9tale s'adapte naturellement au sein, r\u00e9duisant ainsi l'inconfort et la pression.<\/p><\/li><li data-start=\"2062\" data-end=\"2208\"><p data-start=\"2064\" data-end=\"2208\">\u2705 <strong data-start=\"2066\" data-end=\"2094\">Protection \u00e0 double fonction<\/strong> - Fonctionne \u00e0 la fois comme un coussin anti-fuites et comme un protecteur de mamelon, \u00e9vitant le frottement des v\u00eatements et facilitant le r\u00e9tablissement.<\/p><\/li><li data-start=\"2209\" data-end=\"2333\"><p data-start=\"2211\" data-end=\"2333\">\u2705 <strong data-start=\"2213\" data-end=\"2243\">Portable et discret<\/strong> - Petit et l\u00e9ger, facile \u00e0 transporter dans un sac d'allaitement ou \u00e0 porter sous les v\u00eatements \u00e0 tout moment.<\/p><\/li><li data-start=\"2334\" data-end=\"2452\"><p data-start=\"2336\" data-end=\"2452\">\u2705 <strong data-start=\"2338\" data-end=\"2367\">Mat\u00e9riaux alimentaires s\u00fbrs<\/strong> - Fabriqu\u00e9 \u00e0 partir d'une coque en PP et d'un silicone liquide souple, il est totalement s\u00fbr et doux pour la peau.<\/p><\/li><li data-start=\"2453\" data-end=\"2567\"><p data-start=\"2455\" data-end=\"2567\">\u2705 <strong data-start=\"2457\" data-end=\"2484\">R\u00e9utilisable et \u00e9cologique<\/strong> - Conception durable avec une longue dur\u00e9e de vie allant jusqu'\u00e0 10 ans \u00e0 temp\u00e9rature ambiante.<\/p><\/li><li data-start=\"2568\" data-end=\"2688\"><p data-start=\"2570\" data-end=\"2688\">\u2705 <strong data-start=\"2572\" data-end=\"2594\">Utilisation multi-sc\u00e9narios<\/strong> - Adapt\u00e9 \u00e0 la position allong\u00e9e, \u00e0 l'allaitement ou aux d\u00e9placements, il offre aux m\u00e8res une flexibilit\u00e9 maximale.<\/p><\/li><\/ul>\t\t\t\t\t\t\t\t<\/div>\n\t\t\t\t<\/div>\n\t\t\t\t\t<\/div>\n\t\t<\/div>\n\t\t\t\t\t<\/div>\n\t\t<\/section>\n\t\t\t\t<section class=\"wd-negative-gap elementor-section elementor-top-section elementor-element elementor-element-b1298b5 elementor-section-boxed elementor-section-height-default elementor-section-height-default\" data-id=\"b1298b5\" data-element_type=\"section\">\n\t\t\t\t\t\t<div class=\"elementor-container elementor-column-gap-default\">\n\t\t\t\t\t<div class=\"elementor-column elementor-col-100 elementor-top-column elementor-element elementor-element-7c85a56\" data-id=\"7c85a56\" data-element_type=\"column\">\n\t\t\t<div class=\"elementor-widget-wrap elementor-element-populated\">\n\t\t\t\t\t\t<div class=\"elementor-element elementor-element-22d5953 color-scheme-inherit text-left elementor-widget elementor-widget-text-editor\" data-id=\"22d5953\" data-element_type=\"widget\" data-widget_type=\"text-editor.default\">\n\t\t\t\t<div class=\"elementor-widget-container\">\n\t\t\t\t\t\t\t\t\t<h2 data-start=\"1342\" data-end=\"1384\">Sp\u00e9cifications<\/h2>\n<ul data-start=\"1385\" data-end=\"1776\">\n<li data-start=\"1385\" data-end=\"1447\">\n<p data-start=\"1387\" data-end=\"1447\"><strong data-start=\"1387\" data-end=\"1404\">Nom :<\/strong> Collecteur de lait maternel en silicone<\/p>\n<\/li>\n<li data-start=\"1448\" data-end=\"1510\">\n<p data-start=\"1450\" data-end=\"1510\"><strong data-start=\"1450\" data-end=\"1463\">Mat\u00e9riau :<\/strong> Coque en PP de qualit\u00e9 alimentaire \/ rev\u00eatement en silicone liquide<\/p>\n<\/li>\n<li data-start=\"1511\" data-end=\"1555\">\n<p data-start=\"1513\" data-end=\"1555\"><strong data-start=\"1513\" data-end=\"1522\">Taille :<\/strong> Diam\u00e8tre 85mm \/ Epaisseur 25mm<\/p>\n<\/li>\n<li data-start=\"1556\" data-end=\"1626\">\n<p data-start=\"1558\" data-end=\"1626\"><strong data-start=\"1558\" data-end=\"1571\">Capacit\u00e9 :<\/strong> Varie en fonction du d\u00e9bit de lait, convient pour une collecte quotidienne<\/p>\n<\/li>\n<li data-start=\"1627\" data-end=\"1679\">\n<p data-start=\"1629\" data-end=\"1679\"><strong data-start=\"1629\" data-end=\"1642\">Garantie :<\/strong> Environ 10 ans \u00e0 temp\u00e9rature ambiante<\/p><\/li>\n<\/ul>\t\t\t\t\t\t\t\t<\/div>\n\t\t\t\t<\/div>\n\t\t\t\t\t<\/div>\n\t\t<\/div>\n\t\t\t\t\t<\/div>\n\t\t<\/section>\n\t\t\t\t<\/div>","protected":false},"excerpt":{"rendered":"<p>Collecteur de lait maternel en forme de p\u00e9tales souples. Emp\u00eache les fuites, recueille le surplus de lait et prot\u00e8ge les mamelons des frottements. Portable, discret et r\u00e9utilisable. Livraison gratuite.<\/p>","protected":false},"featured_media":23752,"comment_status":"open","ping_status":"closed","template":"","meta":{"_acf_changed":false},"product_brand":[],"product_cat":[20],"product_tag":[1088,1091,1090,1092,1089],"class_list":{"0":"post-23757","1":"product","2":"type-product","3":"status-publish","4":"has-post-thumbnail","6":"product_cat-new-mom","7":"product_tag-breast-milk-collector","8":"product_tag-leak-proof-nursing-shell","9":"product_tag-milk-saver-breastfeeding","10":"product_tag-nursing-milk-collector","11":"product_tag-silicone-breast-milk-collector","13":"first","14":"instock","15":"sale","16":"taxable","17":"shipping-taxable","18":"purchasable","19":"product-type-variable","20":"wvs-archive-product-wrapper"},"acf":[],"_links":{"self":[{"href":"https:\/\/babyvk.com\/fr\/wp-json\/wp\/v2\/product\/23757","targetHints":{"allow":["GET"]}}],"collection":[{"href":"https:\/\/babyvk.com\/fr\/wp-json\/wp\/v2\/product"}],"about":[{"href":"https:\/\/babyvk.com\/fr\/wp-json\/wp\/v2\/types\/product"}],"replies":[{"embeddable":true,"href":"https:\/\/babyvk.com\/fr\/wp-json\/wp\/v2\/comments?post=23757"}],"version-history":[{"count":0,"href":"https:\/\/babyvk.com\/fr\/wp-json\/wp\/v2\/product\/23757\/revisions"}],"wp:featuredmedia":[{"embeddable":true,"href":"https:\/\/babyvk.com\/fr\/wp-json\/wp\/v2\/media\/23752"}],"wp:attachment":[{"href":"https:\/\/babyvk.com\/fr\/wp-json\/wp\/v2\/media?parent=23757"}],"wp:term":[{"taxonomy":"product_brand","embeddable":true,"href":"https:\/\/babyvk.com\/fr\/wp-json\/wp\/v2\/product_brand?post=23757"},{"taxonomy":"product_cat","embeddable":true,"href":"https:\/\/babyvk.com\/fr\/wp-json\/wp\/v2\/product_cat?post=23757"},{"taxonomy":"product_tag","embeddable":true,"href":"https:\/\/babyvk.com\/fr\/wp-json\/wp\/v2\/product_tag?post=23757"}],"curies":[{"name":"wp","href":"https:\/\/api.w.org\/{rel}","templated":true}]}}