{"id":23729,"date":"2025-09-07T18:01:14","date_gmt":"2025-09-07T18:01:14","guid":{"rendered":"https:\/\/babyvk.com\/?post_type=product&#038;p=23729"},"modified":"2025-09-07T18:17:21","modified_gmt":"2025-09-07T18:17:21","slug":"baby-nail-care-set","status":"publish","type":"product","link":"https:\/\/babyvk.com\/fr\/product\/baby-nail-care-set\/","title":{"rendered":"Set de soins des ongles pour b\u00e9b\u00e9s"},"content":{"rendered":"<div data-elementor-type=\"product-post\" data-elementor-id=\"23729\" class=\"elementor elementor-23729\" data-elementor-post-type=\"product\">\n\t\t\t\t\t\t<section class=\"wd-negative-gap elementor-section elementor-top-section elementor-element elementor-element-8a43c3e elementor-section-boxed elementor-section-height-default elementor-section-height-default\" data-id=\"8a43c3e\" data-element_type=\"section\">\n\t\t\t\t\t\t<div class=\"elementor-container elementor-column-gap-default\">\n\t\t\t\t\t<div class=\"elementor-column elementor-col-100 elementor-top-column elementor-element elementor-element-83a96a8\" data-id=\"83a96a8\" data-element_type=\"column\">\n\t\t\t<div class=\"elementor-widget-wrap elementor-element-populated\">\n\t\t\t\t\t\t<div class=\"elementor-element elementor-element-eb4a759 color-scheme-inherit text-left elementor-widget elementor-widget-text-editor\" data-id=\"eb4a759\" data-element_type=\"widget\" data-widget_type=\"text-editor.default\">\n\t\t\t\t<div class=\"elementor-widget-container\">\n\t\t\t\t\t\t\t\t\t<h2 data-start=\"1503\" data-end=\"1527\">Caract\u00e9ristiques et avantages<\/h2><ul data-start=\"1529\" data-end=\"2449\"><li data-start=\"1529\" data-end=\"1652\"><p data-start=\"1531\" data-end=\"1652\">\u2705 <strong data-start=\"1533\" data-end=\"1552\">Pince \u00e0 \u00e9piler de s\u00e9curit\u00e9<\/strong> - Les pincettes nasales \u00e0 bout arrondi \u00e9vitent les blessures accidentelles tout en nettoyant d\u00e9licatement les r\u00e9sidus nasaux ou auriculaires.<\/p><\/li><li data-start=\"1653\" data-end=\"1794\"><p data-start=\"1655\" data-end=\"1794\">\u2705 <strong data-start=\"1657\" data-end=\"1677\">Lime \u00e0 ongles douce<\/strong> - Fabriqu\u00e9 en verre flott\u00e9 avec un traitement de pon\u00e7age fin, il lisse les bords tranchants des ongles pour \u00e9viter d'\u00e9gratigner le visage du b\u00e9b\u00e9.<\/p><\/li><li data-start=\"1795\" data-end=\"1946\"><p data-start=\"1797\" data-end=\"1946\">\u2705 <strong data-start=\"1799\" data-end=\"1826\">Coupe-ongles ergonomique<\/strong> - La mini-tondeuse s'adapte aux petits doigts de b\u00e9b\u00e9 ; la lame incurv\u00e9e int\u00e9gr\u00e9e et le principe du levier \u00e0 45\u00b0 permettent une coupe pr\u00e9cise.<\/p><\/li><li data-start=\"1947\" data-end=\"2080\"><p data-start=\"1949\" data-end=\"2080\">\u2705 <strong data-start=\"1951\" data-end=\"1973\">Ciseaux sans danger pour les b\u00e9b\u00e9s<\/strong> - La lame arrondie semi-circulaire de 14 mm \u00e9vite les blessures par piq\u00fbre ; la longue poign\u00e9e ergonomique facilite la prise en main par les parents.<\/p><\/li><li data-start=\"2081\" data-end=\"2202\"><p data-start=\"2083\" data-end=\"2202\">\u2705 <strong data-start=\"2085\" data-end=\"2107\">Hygi\u00e9nique et sain<\/strong> - Con\u00e7u pour r\u00e9duire le risque d'\u00e9gratignures, d'infections et de prolif\u00e9ration de bact\u00e9ries dues aux ongles longs.<\/p><\/li><li data-start=\"2203\" data-end=\"2335\"><p data-start=\"2205\" data-end=\"2335\">\u2705 <strong data-start=\"2207\" data-end=\"2229\">Compact et portable<\/strong> - Conception l\u00e9g\u00e8re avec \u00e9tui de voyage, facile \u00e0 transporter dans les sacs \u00e0 langer pour une utilisation \u00e0 tout moment, n'importe o\u00f9.<\/p><\/li><li data-start=\"2336\" data-end=\"2449\"><p data-start=\"2338\" data-end=\"2449\">\u2705 <strong data-start=\"2340\" data-end=\"2366\">Options de couleurs multiples<\/strong> - Disponible dans des couleurs douces et adapt\u00e9es aux b\u00e9b\u00e9s (vert, rose, bleu) pour s'adapter \u00e0 votre style.<\/p><\/li><\/ul>\t\t\t\t\t\t\t\t<\/div>\n\t\t\t\t<\/div>\n\t\t\t\t\t<\/div>\n\t\t<\/div>\n\t\t\t\t\t<\/div>\n\t\t<\/section>\n\t\t\t\t<section class=\"wd-negative-gap elementor-section elementor-top-section elementor-element elementor-element-f34ddbf elementor-section-boxed elementor-section-height-default elementor-section-height-default\" data-id=\"f34ddbf\" data-element_type=\"section\">\n\t\t\t\t\t\t<div class=\"elementor-container elementor-column-gap-default\">\n\t\t\t\t\t<div class=\"elementor-column elementor-col-100 elementor-top-column elementor-element elementor-element-07bcabd\" data-id=\"07bcabd\" data-element_type=\"column\">\n\t\t\t<div class=\"elementor-widget-wrap elementor-element-populated\">\n\t\t\t\t\t\t<div class=\"elementor-element elementor-element-93347ac color-scheme-inherit text-left elementor-widget elementor-widget-text-editor\" data-id=\"93347ac\" data-element_type=\"widget\" data-widget_type=\"text-editor.default\">\n\t\t\t\t<div class=\"elementor-widget-container\">\n\t\t\t\t\t\t\t\t\t<h2 data-start=\"1202\" data-end=\"1244\">Sp\u00e9cifications&nbsp;<\/h2>\n<ul data-start=\"1245\" data-end=\"1496\">\n<li data-start=\"1245\" data-end=\"1285\">\n<p data-start=\"1247\" data-end=\"1285\"><strong data-start=\"1247\" data-end=\"1264\">Nom du produit :<\/strong> Set de soins des ongles pour b\u00e9b\u00e9s<\/p>\n<\/li>\n<li data-start=\"1286\" data-end=\"1338\">\n<p data-start=\"1288\" data-end=\"1338\"><strong data-start=\"1288\" data-end=\"1301\">Mat\u00e9riau :<\/strong> ABS + PP<\/p>\n<\/li>\n<li data-start=\"1339\" data-end=\"1364\">\n<p data-start=\"1341\" data-end=\"1364\"><strong data-start=\"1341\" data-end=\"1350\">Taille :<\/strong> 136 \u00d7 82 mm<\/p>\n<\/li>\n<li data-start=\"1365\" data-end=\"1385\">\n<p data-start=\"1367\" data-end=\"1385\"><strong data-start=\"1367\" data-end=\"1378\">Poids :<\/strong> 154g<\/p>\n<\/li>\n<li data-start=\"1386\" data-end=\"1421\">\n<p data-start=\"1388\" data-end=\"1421\"><strong data-start=\"1388\" data-end=\"1399\">Couleurs :<\/strong> Vert \/ Rose \/ Bleu<\/p>\n<\/li>\n<li data-start=\"1422\" data-end=\"1496\">\n<p data-start=\"1424\" data-end=\"1496\"><strong data-start=\"1424\" data-end=\"1437\">Contenu :<\/strong> Pince \u00e0 \u00e9piler de s\u00e9curit\u00e9, lime \u00e0 ongles, coupe-ongles, ciseaux pour b\u00e9b\u00e9s<\/p>\n<\/li>\n<\/ul>\t\t\t\t\t\t\t\t<\/div>\n\t\t\t\t<\/div>\n\t\t\t\t\t<\/div>\n\t\t<\/div>\n\t\t\t\t\t<\/div>\n\t\t<\/section>\n\t\t\t\t<\/div>","protected":false},"excerpt":{"rendered":"<p>Kit de soins des ongles pour b\u00e9b\u00e9s comprenant des ciseaux, un coupe-ongles, une lime et une pince \u00e0 \u00e9piler. Extr\u00e9mit\u00e9s arrondies, conception anti-rayures, kit de toilettage doux et s\u00fbr pour les nouveau-n\u00e9s et les enfants en bas \u00e2ge.<\/p>","protected":false},"featured_media":23727,"comment_status":"open","ping_status":"closed","template":"","meta":{"_acf_changed":false},"product_brand":[],"product_cat":[29],"product_tag":[1084,1081,1087,1086,1083],"class_list":{"0":"post-23729","1":"product","2":"type-product","3":"status-publish","4":"has-post-thumbnail","6":"product_cat-best-baby-care","7":"product_tag-baby-manicure-grooming-kit","8":"product_tag-baby-nail-care-set","9":"product_tag-baby-nail-trimmer-set","10":"product_tag-infant-nail-clippers-and-scissors","11":"product_tag-newborn-nail-clippers-set","13":"first","14":"instock","15":"sale","16":"taxable","17":"shipping-taxable","18":"purchasable","19":"product-type-variable","20":"wvs-archive-product-wrapper"},"acf":[],"_links":{"self":[{"href":"https:\/\/babyvk.com\/fr\/wp-json\/wp\/v2\/product\/23729","targetHints":{"allow":["GET"]}}],"collection":[{"href":"https:\/\/babyvk.com\/fr\/wp-json\/wp\/v2\/product"}],"about":[{"href":"https:\/\/babyvk.com\/fr\/wp-json\/wp\/v2\/types\/product"}],"replies":[{"embeddable":true,"href":"https:\/\/babyvk.com\/fr\/wp-json\/wp\/v2\/comments?post=23729"}],"version-history":[{"count":0,"href":"https:\/\/babyvk.com\/fr\/wp-json\/wp\/v2\/product\/23729\/revisions"}],"wp:featuredmedia":[{"embeddable":true,"href":"https:\/\/babyvk.com\/fr\/wp-json\/wp\/v2\/media\/23727"}],"wp:attachment":[{"href":"https:\/\/babyvk.com\/fr\/wp-json\/wp\/v2\/media?parent=23729"}],"wp:term":[{"taxonomy":"product_brand","embeddable":true,"href":"https:\/\/babyvk.com\/fr\/wp-json\/wp\/v2\/product_brand?post=23729"},{"taxonomy":"product_cat","embeddable":true,"href":"https:\/\/babyvk.com\/fr\/wp-json\/wp\/v2\/product_cat?post=23729"},{"taxonomy":"product_tag","embeddable":true,"href":"https:\/\/babyvk.com\/fr\/wp-json\/wp\/v2\/product_tag?post=23729"}],"curies":[{"name":"wp","href":"https:\/\/api.w.org\/{rel}","templated":true}]}}