{"id":23602,"date":"2025-08-27T19:50:21","date_gmt":"2025-08-27T19:50:21","guid":{"rendered":"https:\/\/babyvk.com\/?post_type=product&#038;p=23602"},"modified":"2025-08-29T10:34:24","modified_gmt":"2025-08-29T10:34:24","slug":"baby-medicine-feeder-bottle","status":"publish","type":"product","link":"https:\/\/babyvk.com\/fr\/product\/baby-medicine-feeder-bottle\/","title":{"rendered":"Biberon de m\u00e9dicaments pour b\u00e9b\u00e9"},"content":{"rendered":"<div data-elementor-type=\"product-post\" data-elementor-id=\"23602\" class=\"elementor elementor-23602\" data-elementor-post-type=\"product\">\n\t\t\t\t\t\t<section class=\"wd-negative-gap elementor-section elementor-top-section elementor-element elementor-element-1797b71 elementor-section-boxed elementor-section-height-default elementor-section-height-default\" data-id=\"1797b71\" data-element_type=\"section\">\n\t\t\t\t\t\t<div class=\"elementor-container elementor-column-gap-default\">\n\t\t\t\t\t<div class=\"elementor-column elementor-col-100 elementor-top-column elementor-element elementor-element-a912d80\" data-id=\"a912d80\" data-element_type=\"column\">\n\t\t\t<div class=\"elementor-widget-wrap elementor-element-populated\">\n\t\t\t\t\t\t<div class=\"elementor-element elementor-element-519e368 color-scheme-inherit text-left elementor-widget elementor-widget-text-editor\" data-id=\"519e368\" data-element_type=\"widget\" data-widget_type=\"text-editor.default\">\n\t\t\t\t<div class=\"elementor-widget-container\">\n\t\t\t\t\t\t\t\t\t<h2 data-start=\"1674\" data-end=\"1698\">Caract\u00e9ristiques<\/h2><ul data-start=\"1700\" data-end=\"2589\"><li data-start=\"1700\" data-end=\"1830\"><p data-start=\"1702\" data-end=\"1830\">\u2705 <strong data-start=\"1704\" data-end=\"1733\">Mod\u00e8le de mamelon semblable \u00e0 celui d'une poitrine<\/strong> - Imite l'allaitement naturel, aidant les b\u00e9b\u00e9s \u00e0 accepter les m\u00e9dicaments confortablement et sans r\u00e9sistance.<\/p><\/li><li data-start=\"1831\" data-end=\"1957\"><p data-start=\"1833\" data-end=\"1957\">\u2705 <strong data-start=\"1835\" data-end=\"1866\">Tasse \u00e0 mesurer pr\u00e9cise de 30 ml<\/strong> - L'\u00e9chelle de mesure int\u00e9gr\u00e9e garantit un dosage pr\u00e9cis des m\u00e9dicaments, des vitamines ou des compl\u00e9ments.<\/p><\/li><li data-start=\"1958\" data-end=\"2092\"><p data-start=\"1960\" data-end=\"2092\">\u2705 <strong data-start=\"1962\" data-end=\"1994\">Type d'aspiration et de pressage des billes<\/strong> - Contr\u00f4le flexible du d\u00e9bit par pression sur la t\u00e9tine, permettant aux parents d'ajuster facilement la vitesse de dosage.<\/p><\/li><li data-start=\"2093\" data-end=\"2226\"><p data-start=\"2095\" data-end=\"2226\">\u2705 <strong data-start=\"2097\" data-end=\"2129\">Syst\u00e8me d'entonnoir \u00e0 d\u00e9charge lente<\/strong> - La conception de l'entonnoir \u00e0 huit caract\u00e8res emp\u00eache l'\u00e9touffement et garantit une alimentation s\u00fbre.<\/p><\/li><li data-start=\"2227\" data-end=\"2343\"><p data-start=\"2229\" data-end=\"2343\">\u2705 <strong data-start=\"2231\" data-end=\"2256\">Alimentation douce et s\u00fbre<\/strong> - Fabriqu\u00e9 en silicone de qualit\u00e9 alimentaire sans BPA et en mat\u00e9riaux PP, sans danger pour la sant\u00e9 des b\u00e9b\u00e9s.<\/p><\/li><li data-start=\"2344\" data-end=\"2463\"><p data-start=\"2346\" data-end=\"2463\">\u2705 <strong data-start=\"2348\" data-end=\"2376\">Facile \u00e0 nettoyer et r\u00e9utilisable<\/strong> - L'ouverture large et la structure simple permettent de le laver \u00e0 la main ou de le st\u00e9riliser.<\/p><\/li><li data-start=\"2464\" data-end=\"2589\"><p data-start=\"2466\" data-end=\"2589\">\u2705 <strong data-start=\"2468\" data-end=\"2498\">Portable et adapt\u00e9 aux parents<\/strong> - Conception compacte, l\u00e9g\u00e8re et pratique \u00e0 transporter dans les sacs \u00e0 langer pour une utilisation en d\u00e9placement.<\/p><\/li><\/ul>\t\t\t\t\t\t\t\t<\/div>\n\t\t\t\t<\/div>\n\t\t\t\t\t<\/div>\n\t\t<\/div>\n\t\t\t\t\t<\/div>\n\t\t<\/section>\n\t\t\t\t<section class=\"wd-negative-gap elementor-section elementor-top-section elementor-element elementor-element-db5d19a elementor-section-boxed elementor-section-height-default elementor-section-height-default\" data-id=\"db5d19a\" data-element_type=\"section\">\n\t\t\t\t\t\t<div class=\"elementor-container elementor-column-gap-default\">\n\t\t\t\t\t<div class=\"elementor-column elementor-col-100 elementor-top-column elementor-element elementor-element-4f1c87f\" data-id=\"4f1c87f\" data-element_type=\"column\">\n\t\t\t<div class=\"elementor-widget-wrap elementor-element-populated\">\n\t\t\t\t\t\t<div class=\"elementor-element elementor-element-0d72fb7 color-scheme-inherit text-left elementor-widget elementor-widget-text-editor\" data-id=\"0d72fb7\" data-element_type=\"widget\" data-widget_type=\"text-editor.default\">\n\t\t\t\t<div class=\"elementor-widget-container\">\n\t\t\t\t\t\t\t\t\t<h2 data-start=\"1315\" data-end=\"1357\">Sp\u00e9cifications<\/h2>\n<ul data-start=\"1358\" data-end=\"1667\">\n<li data-start=\"1358\" data-end=\"1407\">\n<p data-start=\"1360\" data-end=\"1407\"><strong data-start=\"1360\" data-end=\"1377\">Nom du produit :<\/strong> Biberon de m\u00e9dicaments pour b\u00e9b\u00e9<\/p>\n<\/li>\n<li data-start=\"1408\" data-end=\"1430\">\n<p data-start=\"1410\" data-end=\"1430\"><strong data-start=\"1410\" data-end=\"1423\">Capacit\u00e9 :<\/strong> 30ml<\/p>\n<\/li>\n<li data-start=\"1431\" data-end=\"1482\">\n<p data-start=\"1433\" data-end=\"1482\"><strong data-start=\"1433\" data-end=\"1446\">Mat\u00e9riau :<\/strong> Silicone alimentaire + PP + caoutchouc<\/p>\n<\/li>\n<li data-start=\"1631\" data-end=\"1667\">\n<p data-start=\"1633\" data-end=\"1667\"><strong data-start=\"1633\" data-end=\"1642\">Taille :<\/strong> 4.8cm X 10.5cm<\/p>\n<\/li>\n<\/ul>\t\t\t\t\t\t\t\t<\/div>\n\t\t\t\t<\/div>\n\t\t\t\t\t<\/div>\n\t\t<\/div>\n\t\t\t\t\t<\/div>\n\t\t<\/section>\n\t\t\t\t<section class=\"wd-negative-gap elementor-section elementor-top-section elementor-element elementor-element-c872a23 elementor-section-boxed elementor-section-height-default elementor-section-height-default\" data-id=\"c872a23\" data-element_type=\"section\">\n\t\t\t\t\t\t<div class=\"elementor-container elementor-column-gap-default\">\n\t\t\t\t\t<div class=\"elementor-column elementor-col-100 elementor-top-column elementor-element elementor-element-e244c57\" data-id=\"e244c57\" data-element_type=\"column\">\n\t\t\t<div class=\"elementor-widget-wrap elementor-element-populated\">\n\t\t\t\t\t\t<div class=\"elementor-element elementor-element-4fd83cf elementor-widget elementor-widget-image\" data-id=\"4fd83cf\" data-element_type=\"widget\" data-widget_type=\"image.default\">\n\t\t\t\t<div class=\"elementor-widget-container\">\n\t\t\t\t\t\t\t\t\t\t\t\t\t\t\t<img fetchpriority=\"high\" decoding=\"async\" width=\"800\" height=\"800\" src=\"https:\/\/babyvk.com\/wp-content\/themes\/woodmart\/images\/lazy.svg\" data-src=\"https:\/\/babyvk.com\/wp-content\/uploads\/2025\/08\/breast-like-nipple-medicine-feeder-800x800.jpg\" class=\"wd-lazy-blur attachment-large size-large wp-image-23593 wvs-archive-product-image\" alt=\"distributeur de m\u00e9dicaments pour b\u00e9b\u00e9s, anti-\u00e9touffement\" srcset=\"\" data-srcset=\"https:\/\/babyvk.com\/wp-content\/uploads\/2025\/08\/breast-like-nipple-medicine-feeder-800x800.jpg 800w, https:\/\/babyvk.com\/wp-content\/uploads\/2025\/08\/breast-like-nipple-medicine-feeder-300x300.jpg 300w, https:\/\/babyvk.com\/wp-content\/uploads\/2025\/08\/breast-like-nipple-medicine-feeder-150x150.jpg 150w, https:\/\/babyvk.com\/wp-content\/uploads\/2025\/08\/breast-like-nipple-medicine-feeder-768x768.jpg 768w, https:\/\/babyvk.com\/wp-content\/uploads\/2025\/08\/breast-like-nipple-medicine-feeder-12x12.jpg 12w, https:\/\/babyvk.com\/wp-content\/uploads\/2025\/08\/breast-like-nipple-medicine-feeder-860x860.jpg 860w, https:\/\/babyvk.com\/wp-content\/uploads\/2025\/08\/breast-like-nipple-medicine-feeder-430x430.jpg 430w, https:\/\/babyvk.com\/wp-content\/uploads\/2025\/08\/breast-like-nipple-medicine-feeder-700x700.jpg 700w, https:\/\/babyvk.com\/wp-content\/uploads\/2025\/08\/breast-like-nipple-medicine-feeder-100x100.jpg 100w, https:\/\/babyvk.com\/wp-content\/uploads\/2025\/08\/breast-like-nipple-medicine-feeder-50x50.jpg 50w, https:\/\/babyvk.com\/wp-content\/uploads\/2025\/08\/breast-like-nipple-medicine-feeder.jpg 1300w\" sizes=\"(max-width: 800px) 100vw, 800px\" title=\"\">\t\t\t\t\t\t\t\t\t\t\t\t\t\t\t<\/div>\n\t\t\t\t<\/div>\n\t\t\t\t\t<\/div>\n\t\t<\/div>\n\t\t\t\t\t<\/div>\n\t\t<\/section>\n\t\t\t\t<\/div>","protected":false},"excerpt":{"rendered":"<p>Le biberon de m\u00e9dicaments pour b\u00e9b\u00e9s est dot\u00e9 d'une t\u00e9tine en forme de sein pour une acceptation facile. Gobelet doseur de 30 ml, syst\u00e8me d'entonnoir anti-\u00e9tranglement, distributeur de m\u00e9dicaments oraux s\u00fbr et pr\u00e9cis.<\/p>","protected":false},"featured_media":23597,"comment_status":"open","ping_status":"closed","template":"","meta":{"_acf_changed":false},"product_brand":[],"product_cat":[508],"product_tag":[1075,1074,1070,1072,1071,1073],"class_list":{"0":"post-23602","1":"product","2":"type-product","3":"status-publish","4":"has-post-thumbnail","6":"product_cat-best-baby-feeding","7":"product_tag-anti-choking-baby-medicine-feeder","8":"product_tag-baby-feeder-bottle-for-medicine","9":"product_tag-baby-medicine-feeder-bottle","10":"product_tag-baby-medicine-feeder-with-scale","11":"product_tag-baby-oral-medicine-dispenser","12":"product_tag-safe-baby-medicine-dispenser","14":"first","15":"instock","16":"sale","17":"taxable","18":"shipping-taxable","19":"purchasable","20":"product-type-variable","21":"wvs-archive-product-wrapper"},"acf":[],"_links":{"self":[{"href":"https:\/\/babyvk.com\/fr\/wp-json\/wp\/v2\/product\/23602","targetHints":{"allow":["GET"]}}],"collection":[{"href":"https:\/\/babyvk.com\/fr\/wp-json\/wp\/v2\/product"}],"about":[{"href":"https:\/\/babyvk.com\/fr\/wp-json\/wp\/v2\/types\/product"}],"replies":[{"embeddable":true,"href":"https:\/\/babyvk.com\/fr\/wp-json\/wp\/v2\/comments?post=23602"}],"version-history":[{"count":0,"href":"https:\/\/babyvk.com\/fr\/wp-json\/wp\/v2\/product\/23602\/revisions"}],"wp:featuredmedia":[{"embeddable":true,"href":"https:\/\/babyvk.com\/fr\/wp-json\/wp\/v2\/media\/23597"}],"wp:attachment":[{"href":"https:\/\/babyvk.com\/fr\/wp-json\/wp\/v2\/media?parent=23602"}],"wp:term":[{"taxonomy":"product_brand","embeddable":true,"href":"https:\/\/babyvk.com\/fr\/wp-json\/wp\/v2\/product_brand?post=23602"},{"taxonomy":"product_cat","embeddable":true,"href":"https:\/\/babyvk.com\/fr\/wp-json\/wp\/v2\/product_cat?post=23602"},{"taxonomy":"product_tag","embeddable":true,"href":"https:\/\/babyvk.com\/fr\/wp-json\/wp\/v2\/product_tag?post=23602"}],"curies":[{"name":"wp","href":"https:\/\/api.w.org\/{rel}","templated":true}]}}