{"id":23343,"date":"2025-07-30T17:27:34","date_gmt":"2025-07-30T17:27:34","guid":{"rendered":"https:\/\/babyvk.com\/?post_type=product&#038;p=23343"},"modified":"2025-09-08T17:05:55","modified_gmt":"2025-09-08T17:05:55","slug":"breastfeeding-nipple-shield","status":"publish","type":"product","link":"https:\/\/babyvk.com\/fr\/product\/breastfeeding-nipple-shield\/","title":{"rendered":"T\u00e9tine d'allaitement"},"content":{"rendered":"<div data-elementor-type=\"product-post\" data-elementor-id=\"23343\" class=\"elementor elementor-23343\" data-elementor-post-type=\"product\">\n\t\t\t\t\t\t<section class=\"wd-negative-gap elementor-section elementor-top-section elementor-element elementor-element-22277c1 elementor-section-boxed elementor-section-height-default elementor-section-height-default\" data-id=\"22277c1\" data-element_type=\"section\">\n\t\t\t\t\t\t<div class=\"elementor-container elementor-column-gap-default\">\n\t\t\t\t\t<div class=\"elementor-column elementor-col-100 elementor-top-column elementor-element elementor-element-415fd4c\" data-id=\"415fd4c\" data-element_type=\"column\">\n\t\t\t<div class=\"elementor-widget-wrap elementor-element-populated\">\n\t\t\t\t\t\t<div class=\"elementor-element elementor-element-b619c05 elementor-widget__width-initial color-scheme-inherit text-left elementor-widget elementor-widget-text-editor\" data-id=\"b619c05\" data-element_type=\"widget\" data-widget_type=\"text-editor.default\">\n\t\t\t\t<div class=\"elementor-widget-container\">\n\t\t\t\t\t\t\t\t\t<p><strong>Dites adieu aux douleurs aux mamelons, aux morsures et aux probl\u00e8mes de prise du sein !<\/strong> Notre t\u00e9terelle en silicone \u00e0 double couche imite la peau r\u00e9elle, offrant une exp\u00e9rience d'allaitement douce, s\u00fbre et adapt\u00e9e \u00e0 l'enfant. Convient pour les 0+ mois.<\/p><h2>\ud83c\udf7c Avantages<\/h2><ul><li><strong>\u2705 Protection double couche :<\/strong> La conception anti-morsure et anti-douleur prot\u00e8ge les mamelons sensibles de l'inconfort.<\/li><li><strong>\u2705 Texture semblable \u00e0 celle de la peau :<\/strong> Le silicone souple au toucher r\u00e9aliste et \u00e0 la couleur de la peau aide les b\u00e9b\u00e9s \u00e0 prendre le sein plus facilement.<\/li><li><strong>\u2705 Ajustement sans couture :<\/strong> La conception en forme d'aile de papillon maintient le bouclier en place - pas de glissement, m\u00eame pendant l'alimentation active.<\/li><li><strong>\u2705 Meilleure aspiration, moins d'air :<\/strong> La conception de l'adsorption am\u00e9lior\u00e9e r\u00e9duit l'entr\u00e9e d'air et \u00e9vite l'\u00e9touffement.<\/li><li><strong>\u2705 Facile \u00e0 nettoyer :<\/strong> Silicone r\u00e9sistant \u00e0 l'\u00e9bullition et aux st\u00e9rilisateurs pour l'hygi\u00e8ne quotidienne.<\/li><\/ul><h2>\ud83d\udce6 D\u00e9tails du produit<\/h2><ul><li>Mat\u00e9riau : Silicone de qualit\u00e9 m\u00e9dicale sans BPA<\/li><li>Couleur : Brun brumeux (teint naturel)<\/li><li>\u00c2ge : Nouveau-n\u00e9 et plus (0 mois+)<\/li><li>Inclus : 1 x prot\u00e8ge-t\u00e9tine<\/li><\/ul><h2>\ud83d\udc69\u200d\u2695\ufe0f Mode d'emploi<\/h2><ol><li>Laver et st\u00e9riliser le bouclier avant la premi\u00e8re utilisation.<\/li><li>Alignez la protection sur votre mamelon et appuyez doucement pour l'ajuster.<\/li><li>Permet \u00e0 b\u00e9b\u00e9 de prendre le sein naturellement - aucun r\u00e9glage suppl\u00e9mentaire n'est n\u00e9cessaire.<\/li><li>Nettoyer soigneusement apr\u00e8s chaque utilisation.<\/li><\/ol>\t\t\t\t\t\t\t\t<\/div>\n\t\t\t\t<\/div>\n\t\t\t\t\t<\/div>\n\t\t<\/div>\n\t\t\t\t\t<\/div>\n\t\t<\/section>\n\t\t\t\t<section class=\"wd-negative-gap elementor-section elementor-top-section elementor-element elementor-element-e448ebb elementor-section-boxed elementor-section-height-default elementor-section-height-default\" data-id=\"e448ebb\" data-element_type=\"section\">\n\t\t\t\t\t\t<div class=\"elementor-container elementor-column-gap-default\">\n\t\t\t\t\t<div class=\"elementor-column elementor-col-100 elementor-top-column elementor-element elementor-element-9284d7d\" data-id=\"9284d7d\" data-element_type=\"column\">\n\t\t\t<div class=\"elementor-widget-wrap elementor-element-populated\">\n\t\t\t\t\t\t<div class=\"elementor-element elementor-element-be88d7b color-scheme-inherit text-left elementor-widget elementor-widget-text-editor\" data-id=\"be88d7b\" data-element_type=\"widget\" data-widget_type=\"text-editor.default\">\n\t\t\t\t<div class=\"elementor-widget-container\">\n\t\t\t\t\t\t\t\t\t<h2>\u2753FAQ<\/h2><p data-start=\"2010\" data-end=\"2080\"><strong data-start=\"2010\" data-end=\"2041\">Q : Le produit est-il sans danger pour les nouveau-n\u00e9s ?<\/strong><br data-start=\"2041\" data-end=\"2044\" \/>Oui, il convient aux b\u00e9b\u00e9s d\u00e8s la naissance.<\/p><p data-start=\"2082\" data-end=\"2196\"><strong data-start=\"2082\" data-end=\"2116\">Q : Cela r\u00e9duit-il la douleur au niveau des mamelons ?<\/strong><br data-start=\"2116\" data-end=\"2119\" \/>Oui, le silicone double couche prot\u00e8ge vos mamelons des morsures et des douleurs.<\/p><p data-start=\"2198\" data-end=\"2277\"><strong data-start=\"2198\" data-end=\"2223\">Q : Comment le nettoyer ?<\/strong><br data-start=\"2223\" data-end=\"2226\" \/>Laver \u00e0 l'eau chaude savonneuse ou st\u00e9riliser par \u00e9bullition.<\/p><p data-start=\"2279\" data-end=\"2370\"><strong data-start=\"2279\" data-end=\"2311\">Q : Cela affecte-t-il le d\u00e9bit du lait ?<\/strong><br data-start=\"2311\" data-end=\"2314\" \/>Non, il est con\u00e7u pour permettre un \u00e9coulement naturel du lait sans risque d'\u00e9touffement.<\/p>\t\t\t\t\t\t\t\t<\/div>\n\t\t\t\t<\/div>\n\t\t\t\t\t<\/div>\n\t\t<\/div>\n\t\t\t\t\t<\/div>\n\t\t<\/section>\n\t\t\t\t<section class=\"wd-negative-gap elementor-section elementor-top-section elementor-element elementor-element-8b09cd4 elementor-section-boxed elementor-section-height-default elementor-section-height-default\" data-id=\"8b09cd4\" data-element_type=\"section\">\n\t\t\t\t\t\t<div class=\"elementor-container elementor-column-gap-default\">\n\t\t\t\t\t<div class=\"elementor-column elementor-col-100 elementor-top-column elementor-element elementor-element-c0aa9f7\" data-id=\"c0aa9f7\" data-element_type=\"column\">\n\t\t\t<div class=\"elementor-widget-wrap elementor-element-populated\">\n\t\t\t\t\t\t<div class=\"elementor-element elementor-element-768976d color-scheme-inherit text-left elementor-widget elementor-widget-text-editor\" data-id=\"768976d\" data-element_type=\"widget\" data-widget_type=\"text-editor.default\">\n\t\t\t\t<div class=\"elementor-widget-container\">\n\t\t\t\t\t\t\t\t\t<h2 data-start=\"2543\" data-end=\"2562\">\ud83d\udc49Appel \u00e0 l'action<\/h2><p data-start=\"2564\" data-end=\"2737\"><strong data-start=\"2564\" data-end=\"2609\">D\u00e9couvrez l'allaitement sans douleur d\u00e8s aujourd'hui !<\/strong><br data-start=\"2609\" data-end=\"2612\" \/>Commandez votre <strong data-start=\"2623\" data-end=\"2654\">T\u00e9tine d'allaitement<\/strong> maintenant et profiter de moments d'alimentation confortables.<br \/><br data-start=\"2697\" data-end=\"2700\" \/><span style=\"color: #ff6600; font-size: 14pt;\"><strong data-start=\"2700\" data-end=\"2737\">Livraison gratuite \u00e0 partir de $16.99 !<\/strong><\/span><\/p>\t\t\t\t\t\t\t\t<\/div>\n\t\t\t\t<\/div>\n\t\t\t\t\t<\/div>\n\t\t<\/div>\n\t\t\t\t\t<\/div>\n\t\t<\/section>\n\t\t\t\t<\/div>","protected":false},"excerpt":{"rendered":"<p>&#8220;<strong>Des douleurs au niveau des mamelons pendant l'allaitement ?<\/strong> Le prot\u00e8ge-mamelon d'allaitement offre une protection double couche pour un confort sans douleur, anti-morsure et semblable \u00e0 la peau. Achetez maintenant pour un soulagement rapide et une livraison gratuite !<\/p>","protected":false},"featured_media":23336,"comment_status":"open","ping_status":"closed","template":"","meta":{"_acf_changed":false},"product_brand":[],"product_cat":[20],"product_tag":[1061,1064,1060,1063,1062],"class_list":{"0":"post-23343","1":"product","2":"type-product","3":"status-publish","4":"has-post-thumbnail","6":"product_cat-new-mom","7":"product_tag-anti-bite-nipple-shield-for-newborns","8":"product_tag-best-nipple-shield","9":"product_tag-breastfeeding-nipple-shield","10":"product_tag-pain-relief-nipple-shield","11":"product_tag-soft-silicone-nipple-protector","13":"first","14":"instock","15":"taxable","16":"shipping-taxable","17":"purchasable","18":"product-type-variable","19":"wvs-archive-product-wrapper"},"acf":[],"_links":{"self":[{"href":"https:\/\/babyvk.com\/fr\/wp-json\/wp\/v2\/product\/23343","targetHints":{"allow":["GET"]}}],"collection":[{"href":"https:\/\/babyvk.com\/fr\/wp-json\/wp\/v2\/product"}],"about":[{"href":"https:\/\/babyvk.com\/fr\/wp-json\/wp\/v2\/types\/product"}],"replies":[{"embeddable":true,"href":"https:\/\/babyvk.com\/fr\/wp-json\/wp\/v2\/comments?post=23343"}],"version-history":[{"count":0,"href":"https:\/\/babyvk.com\/fr\/wp-json\/wp\/v2\/product\/23343\/revisions"}],"wp:featuredmedia":[{"embeddable":true,"href":"https:\/\/babyvk.com\/fr\/wp-json\/wp\/v2\/media\/23336"}],"wp:attachment":[{"href":"https:\/\/babyvk.com\/fr\/wp-json\/wp\/v2\/media?parent=23343"}],"wp:term":[{"taxonomy":"product_brand","embeddable":true,"href":"https:\/\/babyvk.com\/fr\/wp-json\/wp\/v2\/product_brand?post=23343"},{"taxonomy":"product_cat","embeddable":true,"href":"https:\/\/babyvk.com\/fr\/wp-json\/wp\/v2\/product_cat?post=23343"},{"taxonomy":"product_tag","embeddable":true,"href":"https:\/\/babyvk.com\/fr\/wp-json\/wp\/v2\/product_tag?post=23343"}],"curies":[{"name":"wp","href":"https:\/\/api.w.org\/{rel}","templated":true}]}}