{"id":23137,"date":"2025-07-03T18:42:50","date_gmt":"2025-07-03T18:42:50","guid":{"rendered":"https:\/\/babyvk.com\/?post_type=product&#038;p=23137"},"modified":"2025-08-01T17:25:13","modified_gmt":"2025-08-01T17:25:13","slug":"baby-silicone-food-bottle","status":"publish","type":"product","link":"https:\/\/babyvk.com\/fr\/product\/baby-silicone-food-bottle\/","title":{"rendered":"Biberon en silicone 3 en 1 pour b\u00e9b\u00e9"},"content":{"rendered":"<div data-elementor-type=\"product-post\" data-elementor-id=\"23137\" class=\"elementor elementor-23137\" data-elementor-post-type=\"product\">\n\t\t\t\t\t\t<section class=\"wd-negative-gap elementor-section elementor-top-section elementor-element elementor-element-7950f12 elementor-section-boxed elementor-section-height-default elementor-section-height-default\" data-id=\"7950f12\" data-element_type=\"section\">\n\t\t\t\t\t\t<div class=\"elementor-container elementor-column-gap-default\">\n\t\t\t\t\t<div class=\"elementor-column elementor-col-100 elementor-top-column elementor-element elementor-element-7ec84dd\" data-id=\"7ec84dd\" data-element_type=\"column\">\n\t\t\t<div class=\"elementor-widget-wrap elementor-element-populated\">\n\t\t\t\t\t\t<div class=\"elementor-element elementor-element-5d616e6 color-scheme-inherit text-left elementor-widget elementor-widget-text-editor\" data-id=\"5d616e6\" data-element_type=\"widget\" data-widget_type=\"text-editor.default\">\n\t\t\t\t<div class=\"elementor-widget-container\">\n\t\t\t\t\t\t\t\t\t<h2 data-start=\"126\" data-end=\"170\">Un biberon, trois fa\u00e7ons intelligentes de nourrir les enfants<\/h2><p data-start=\"172\" data-end=\"374\">Facilitez l'heure des repas avec ce biberon en silicone multifonctionnel 3 en 1. Qu'il s'agisse de lait, de pur\u00e9e ou de solides mous, ce biberon \u00e9volue au rythme de l'alimentation de votre b\u00e9b\u00e9, le tout dans une solution pratique et sans d\u00e9g\u00e2ts.<\/p>\t\t\t\t\t\t\t\t<\/div>\n\t\t\t\t<\/div>\n\t\t\t\t<div class=\"elementor-element elementor-element-983e551 color-scheme-inherit text-left elementor-widget elementor-widget-text-editor\" data-id=\"983e551\" data-element_type=\"widget\" data-widget_type=\"text-editor.default\">\n\t\t\t\t<div class=\"elementor-widget-container\">\n\t\t\t\t\t\t\t\t\t<h2 data-start=\"381\" data-end=\"409\">Pourquoi les parents l'adorent :<\/h2><p data-start=\"411\" data-end=\"573\">\u2705 <strong data-start=\"413\" data-end=\"439\">Kit d'alimentation tout-en-un<\/strong><br data-start=\"439\" data-end=\"442\" \/>Comprend un corps de biberon, une t\u00e9tine normale, une cuill\u00e8re de distribution et une t\u00e9tine pour pur\u00e9e de fruits - parfait pour la transition entre le lait et les aliments solides.<\/p><p data-start=\"575\" data-end=\"725\">\u2705 <strong data-start=\"577\" data-end=\"600\">Mat\u00e9riaux sans danger pour les b\u00e9b\u00e9s<\/strong><br data-start=\"600\" data-end=\"603\" \/>Fabriqu\u00e9 en silicone souple de haute qualit\u00e9, il est doux pour les gencives, ne d\u00e9gage pas d'odeur et peut \u00eatre press\u00e9 en toute s\u00e9curit\u00e9. Pas de mauvaises odeurs, pas de soucis.<\/p><p data-start=\"727\" data-end=\"883\">\u2705 <strong data-start=\"729\" data-end=\"758\">Distribution d'aliments sans d\u00e9g\u00e2ts<\/strong><br data-start=\"758\" data-end=\"761\" \/>Pressez pour donner du lait, de la pur\u00e9e ou des aliments pour b\u00e9b\u00e9s directement dans la bouche de votre b\u00e9b\u00e9 - moins de d\u00e9g\u00e2ts, moins de tracas et pas besoin de bols suppl\u00e9mentaires.<\/p><p data-start=\"885\" data-end=\"1011\">\u2705 <strong data-start=\"887\" data-end=\"915\">Facile \u00e0 nettoyer et \u00e0 assembler<\/strong><br data-start=\"915\" data-end=\"918\" \/>Chaque partie se d\u00e9tache facilement pour un nettoyage rapide et complet. Pour plus de commodit\u00e9, il peut \u00eatre lav\u00e9 au lave-vaisselle.<\/p><p data-start=\"1013\" data-end=\"1155\">\u2705 <strong data-start=\"1015\" data-end=\"1049\">Pr\u00eat \u00e0 voyager et r\u00e9sistant aux \u00e9claboussures<\/strong><br data-start=\"1049\" data-end=\"1052\" \/>Compact et l\u00e9ger. Id\u00e9al pour l'alimentation \u00e0 la maison ou en d\u00e9placement.<\/p>\t\t\t\t\t\t\t\t<\/div>\n\t\t\t\t<\/div>\n\t\t\t\t<div class=\"elementor-element elementor-element-b7be08e color-scheme-inherit text-left elementor-widget elementor-widget-text-editor\" data-id=\"b7be08e\" data-element_type=\"widget\" data-widget_type=\"text-editor.default\">\n\t\t\t\t<div class=\"elementor-widget-container\">\n\t\t\t\t\t\t\t\t\t<h2 data-start=\"1162\" data-end=\"1186\">D\u00e9tails du produit :<\/h2>\n<ul data-start=\"1188\" data-end=\"1533\">\n \t<li data-start=\"1188\" data-end=\"1208\">\n<p data-start=\"1190\" data-end=\"1208\"><strong data-start=\"1190\" data-end=\"1200\">Couleur :<\/strong> Marron<\/p>\n<\/li>\n \t<li data-start=\"1209\" data-end=\"1279\">\n<p data-start=\"1211\" data-end=\"1279\"><strong data-start=\"1211\" data-end=\"1225\">Mat\u00e9riaux :<\/strong> PP (bouchon de bouteille), silicone (bouteille et t\u00e9tines)<\/p>\n<\/li>\n \t<li data-start=\"1409\" data-end=\"1457\">\n<p data-start=\"1411\" data-end=\"1457\"><strong data-start=\"1411\" data-end=\"1419\">Utiliser :<\/strong> Pour les liquides, les pur\u00e9es et les aliments mous<\/p>\n<\/li>\n \t<li data-start=\"1458\" data-end=\"1533\">\n<p data-start=\"1460\" data-end=\"1533\"><strong data-start=\"1460\" data-end=\"1473\">Nettoyage :<\/strong> Facile \u00e0 d\u00e9monter ; peut \u00eatre lav\u00e9 \u00e0 la main ou au lave-vaisselle.<\/p>\n<\/li>\n<\/ul>\n<h2 data-start=\"1282\" data-end=\"1297\">Le paquet comprend: :<\/h2>\n<ul>\n \t<li data-start=\"1302\" data-end=\"1319\">1 x Corps de bouteille<\/li>\n \t<li data-start=\"1324\" data-end=\"1344\">1 x T\u00e9tine normale<\/li>\n \t<li data-start=\"1349\" data-end=\"1371\">1 x Cuill\u00e8re de distribution<\/li>\n \t<li data-start=\"1376\" data-end=\"1408\">1 x T\u00e9tine pour pur\u00e9e de fruits<\/li>\n<\/ul>\t\t\t\t\t\t\t\t<\/div>\n\t\t\t\t<\/div>\n\t\t\t\t\t<\/div>\n\t\t<\/div>\n\t\t\t\t\t<\/div>\n\t\t<\/section>\n\t\t\t\t<\/div>","protected":false},"excerpt":{"rendered":"<p>&#8220;<strong>Vous avez du mal \u00e0 passer du lait aux aliments solides ?<\/strong> Le biberon en silicone 3 en 1 pour b\u00e9b\u00e9 permet de nourrir l'enfant en douceur gr\u00e2ce aux options de cuill\u00e8re et de pur\u00e9e. Achetez maintenant et b\u00e9n\u00e9ficiez de la livraison gratuite !<\/p>","protected":false},"featured_media":23126,"comment_status":"open","ping_status":"closed","template":"","meta":{"_acf_changed":false},"product_brand":[],"product_cat":[508],"product_tag":[1056,1057,1059,1058,1055],"class_list":{"0":"post-23137","1":"product","2":"type-product","3":"status-publish","4":"has-post-thumbnail","6":"product_cat-best-baby-feeding","7":"product_tag-3in1-silicone-baby-food-dispenser","8":"product_tag-baby-food-bottle-with-spoon-nipple","9":"product_tag-silicone-squeeze-baby-bottle-feeder","10":"product_tag-soft-silicone-spoon-feeder-bottle","11":"product_tag-squeeze-feeder-baby-food-bottle","13":"first","14":"instock","15":"taxable","16":"shipping-taxable","17":"purchasable","18":"product-type-variable","19":"wvs-archive-product-wrapper"},"acf":[],"_links":{"self":[{"href":"https:\/\/babyvk.com\/fr\/wp-json\/wp\/v2\/product\/23137","targetHints":{"allow":["GET"]}}],"collection":[{"href":"https:\/\/babyvk.com\/fr\/wp-json\/wp\/v2\/product"}],"about":[{"href":"https:\/\/babyvk.com\/fr\/wp-json\/wp\/v2\/types\/product"}],"replies":[{"embeddable":true,"href":"https:\/\/babyvk.com\/fr\/wp-json\/wp\/v2\/comments?post=23137"}],"version-history":[{"count":0,"href":"https:\/\/babyvk.com\/fr\/wp-json\/wp\/v2\/product\/23137\/revisions"}],"wp:featuredmedia":[{"embeddable":true,"href":"https:\/\/babyvk.com\/fr\/wp-json\/wp\/v2\/media\/23126"}],"wp:attachment":[{"href":"https:\/\/babyvk.com\/fr\/wp-json\/wp\/v2\/media?parent=23137"}],"wp:term":[{"taxonomy":"product_brand","embeddable":true,"href":"https:\/\/babyvk.com\/fr\/wp-json\/wp\/v2\/product_brand?post=23137"},{"taxonomy":"product_cat","embeddable":true,"href":"https:\/\/babyvk.com\/fr\/wp-json\/wp\/v2\/product_cat?post=23137"},{"taxonomy":"product_tag","embeddable":true,"href":"https:\/\/babyvk.com\/fr\/wp-json\/wp\/v2\/product_tag?post=23137"}],"curies":[{"name":"wp","href":"https:\/\/api.w.org\/{rel}","templated":true}]}}