{"id":23101,"date":"2025-07-02T15:13:30","date_gmt":"2025-07-02T15:13:30","guid":{"rendered":"https:\/\/babyvk.com\/?post_type=product&#038;p=23101"},"modified":"2025-07-02T15:43:30","modified_gmt":"2025-07-02T15:43:30","slug":"waterproof-baby-silicone-bibs","status":"publish","type":"product","link":"https:\/\/babyvk.com\/fr\/product\/waterproof-baby-silicone-bibs\/","title":{"rendered":"Bavoirs en silicone pour b\u00e9b\u00e9s avec attrape-nourriture"},"content":{"rendered":"<div data-elementor-type=\"product-post\" data-elementor-id=\"23101\" class=\"elementor elementor-23101\" data-elementor-post-type=\"product\">\n\t\t\t\t\t\t<section class=\"wd-negative-gap elementor-section elementor-top-section elementor-element elementor-element-e68f406 elementor-section-boxed elementor-section-height-default elementor-section-height-default\" data-id=\"e68f406\" data-element_type=\"section\">\n\t\t\t\t\t\t<div class=\"elementor-container elementor-column-gap-default\">\n\t\t\t\t\t<div class=\"elementor-column elementor-col-100 elementor-top-column elementor-element elementor-element-b5541ad\" data-id=\"b5541ad\" data-element_type=\"column\">\n\t\t\t<div class=\"elementor-widget-wrap elementor-element-populated\">\n\t\t\t\t\t\t<div class=\"elementor-element elementor-element-e1e4456 color-scheme-inherit text-left elementor-widget elementor-widget-text-editor\" data-id=\"e1e4456\" data-element_type=\"widget\" data-widget_type=\"text-editor.default\">\n\t\t\t\t<div class=\"elementor-widget-container\">\n\t\t\t\t\t\t\t\t\t<h2 data-start=\"106\" data-end=\"152\">Des repas sans d\u00e9sordre. L'art d'\u00eatre parent sans souci.<\/h2><p data-start=\"154\" data-end=\"327\">Dites adieu aux lessives interminables et aux bavoirs jetables ! Notre bavoir imperm\u00e9able en silicone pour b\u00e9b\u00e9 est l'accessoire quotidien id\u00e9al pour des repas propres et sans stress, \u00e0 la maison ou en d\u00e9placement.<\/p>\t\t\t\t\t\t\t\t<\/div>\n\t\t\t\t<\/div>\n\t\t\t\t<div class=\"elementor-element elementor-element-bf4de75 color-scheme-inherit text-left elementor-widget elementor-widget-text-editor\" data-id=\"bf4de75\" data-element_type=\"widget\" data-widget_type=\"text-editor.default\">\n\t\t\t\t<div class=\"elementor-widget-container\">\n\t\t\t\t\t\t\t\t\t<h2 data-start=\"334\" data-end=\"362\">Pourquoi les parents l'adorent :<\/h2><p data-start=\"364\" data-end=\"493\">\u2705 <strong data-start=\"366\" data-end=\"390\">100% Sans danger pour les b\u00e9b\u00e9s<\/strong><br data-start=\"390\" data-end=\"393\" \/>Fabriqu\u00e9 en silicone alimentaire pur, sans BPA, PVC, plomb, latex et autres produits chimiques nocifs.<\/p><p data-start=\"495\" data-end=\"614\">\u2705 <strong data-start=\"497\" data-end=\"527\">Respect de l'environnement et r\u00e9duction des co\u00fbts<\/strong><br data-start=\"527\" data-end=\"530\" \/>R\u00e9utilisable et con\u00e7u pour durer - abandonnez les d\u00e9chets et r\u00e9duisez les d\u00e9chets tout en \u00e9conomisant de l'argent.<\/p><p data-start=\"616\" data-end=\"747\">\u2705 <strong data-start=\"618\" data-end=\"653\">Doux, l\u00e9ger et confortable<\/strong><br data-start=\"653\" data-end=\"656\" \/>Le silicone ultra-l\u00e9ger est doux pour la peau sensible et plus confortable que les bavoirs en tissu ou en plastique.<\/p><p data-start=\"749\" data-end=\"874\">\u2705 <strong data-start=\"751\" data-end=\"774\">Conception adapt\u00e9e au voyage<\/strong><br data-start=\"774\" data-end=\"777\" \/>Il s'enroule pour un rangement facile et est livr\u00e9 avec un \u00e9tui de voyage pratique, parfait pour les sorties et les sacs \u00e0 langer.<\/p><p data-start=\"876\" data-end=\"1005\">\u2705 <strong data-start=\"878\" data-end=\"903\">Large poche de r\u00e9ception<\/strong><br data-start=\"903\" data-end=\"906\" \/>La poche extra profonde reste ouverte pour attraper toutes les miettes et tous les d\u00e9bordements. Les v\u00eatements restent propres et le nettoyage est rapide.<\/p>\t\t\t\t\t\t\t\t<\/div>\n\t\t\t\t<\/div>\n\t\t\t\t<div class=\"elementor-element elementor-element-d16c89d color-scheme-inherit text-left elementor-widget elementor-widget-text-editor\" data-id=\"d16c89d\" data-element_type=\"widget\" data-widget_type=\"text-editor.default\">\n\t\t\t\t<div class=\"elementor-widget-container\">\n\t\t\t\t\t\t\t\t\t<h2 data-start=\"1012\" data-end=\"1036\">D\u00e9tails du produit :<\/h2><ul data-start=\"1038\" data-end=\"1282\"><li data-start=\"1038\" data-end=\"1080\"><p data-start=\"1040\" data-end=\"1080\"><strong data-start=\"1040\" data-end=\"1053\">Mat\u00e9riau :<\/strong> 100% Silicone de qualit\u00e9 alimentaire<\/p><\/li><li data-start=\"1081\" data-end=\"1119\"><p data-start=\"1083\" data-end=\"1119\"><strong data-start=\"1083\" data-end=\"1097\">Gamme d'\u00e2ge :<\/strong> 3 mois \u00e0 6 ans<\/p><\/li><li data-start=\"1120\" data-end=\"1171\"><p data-start=\"1122\" data-end=\"1171\"><strong data-start=\"1122\" data-end=\"1135\">Cou ajust\u00e9 :<\/strong> Sangle r\u00e9glable pour un ajustement personnalis\u00e9<\/p><\/li><li data-start=\"1172\" data-end=\"1227\"><p data-start=\"1174\" data-end=\"1227\"><strong data-start=\"1174\" data-end=\"1189\">Imperm\u00e9able \u00e0 l'eau :<\/strong> Oui - prot\u00e8ge les v\u00eatements contre les d\u00e9versements<\/p><\/li><li data-start=\"1228\" data-end=\"1282\"><p data-start=\"1230\" data-end=\"1282\"><strong data-start=\"1230\" data-end=\"1243\">Nettoyage :<\/strong> Nettoyer \u00e0 l'aide d'un chiffon ou mettre au lave-vaisselle<\/p><\/li><\/ul>\t\t\t\t\t\t\t\t<\/div>\n\t\t\t\t<\/div>\n\t\t\t\t\t<\/div>\n\t\t<\/div>\n\t\t\t\t\t<\/div>\n\t\t<\/section>\n\t\t\t\t<\/div>","protected":false},"excerpt":{"rendered":"<p>&#8220;<strong>Vous en avez assez des repas d\u00e9sordonn\u00e9s avec votre b\u00e9b\u00e9 ?<\/strong> Les bavoirs en silicone pour b\u00e9b\u00e9s avec attrape-nourriture gardent les v\u00eatements propres gr\u00e2ce \u00e0 leur large poche et \u00e0 leur forme confortable. Achetez maintenant et b\u00e9n\u00e9ficiez de la livraison gratuite !\"<\/p>","protected":false},"featured_media":23093,"comment_status":"open","ping_status":"closed","template":"","meta":{"_acf_changed":false},"product_brand":[],"product_cat":[29],"product_tag":[1050,1048,1052,1051,1053,1049],"class_list":{"0":"post-23101","1":"product","2":"type-product","3":"status-publish","4":"has-post-thumbnail","6":"product_cat-best-baby-care","7":"product_tag-adjustable-baby-silicone-bibs","8":"product_tag-baby-silicone-bibs-waterproof","9":"product_tag-bpa-free-silicone-bibs","10":"product_tag-foldable-travel-silicone-bibs","11":"product_tag-lightweight-silicone-bibs-for-infants","12":"product_tag-silicone-bibs-easy-clean","14":"first","15":"instock","16":"taxable","17":"shipping-taxable","18":"purchasable","19":"product-type-variable","20":"wvs-archive-product-wrapper"},"acf":[],"_links":{"self":[{"href":"https:\/\/babyvk.com\/fr\/wp-json\/wp\/v2\/product\/23101","targetHints":{"allow":["GET"]}}],"collection":[{"href":"https:\/\/babyvk.com\/fr\/wp-json\/wp\/v2\/product"}],"about":[{"href":"https:\/\/babyvk.com\/fr\/wp-json\/wp\/v2\/types\/product"}],"replies":[{"embeddable":true,"href":"https:\/\/babyvk.com\/fr\/wp-json\/wp\/v2\/comments?post=23101"}],"version-history":[{"count":0,"href":"https:\/\/babyvk.com\/fr\/wp-json\/wp\/v2\/product\/23101\/revisions"}],"wp:featuredmedia":[{"embeddable":true,"href":"https:\/\/babyvk.com\/fr\/wp-json\/wp\/v2\/media\/23093"}],"wp:attachment":[{"href":"https:\/\/babyvk.com\/fr\/wp-json\/wp\/v2\/media?parent=23101"}],"wp:term":[{"taxonomy":"product_brand","embeddable":true,"href":"https:\/\/babyvk.com\/fr\/wp-json\/wp\/v2\/product_brand?post=23101"},{"taxonomy":"product_cat","embeddable":true,"href":"https:\/\/babyvk.com\/fr\/wp-json\/wp\/v2\/product_cat?post=23101"},{"taxonomy":"product_tag","embeddable":true,"href":"https:\/\/babyvk.com\/fr\/wp-json\/wp\/v2\/product_tag?post=23101"}],"curies":[{"name":"wp","href":"https:\/\/api.w.org\/{rel}","templated":true}]}}