{"id":22999,"date":"2025-06-21T17:54:09","date_gmt":"2025-06-21T17:54:09","guid":{"rendered":"https:\/\/babyvk.com\/?post_type=product&#038;p=22999"},"modified":"2025-06-24T03:37:12","modified_gmt":"2025-06-24T03:37:12","slug":"baby-gym-play-mat","status":"publish","type":"product","link":"https:\/\/babyvk.com\/fr\/product\/baby-gym-play-mat\/","title":{"rendered":"Tapis de jeu Baby Gym avec musique et lumi\u00e8res"},"content":{"rendered":"<div data-elementor-type=\"product-post\" data-elementor-id=\"22999\" class=\"elementor elementor-22999\" data-elementor-post-type=\"product\">\n\t\t\t\t\t\t<section class=\"wd-negative-gap elementor-section elementor-top-section elementor-element elementor-element-f921f8c elementor-section-boxed elementor-section-height-default elementor-section-height-default\" data-id=\"f921f8c\" data-element_type=\"section\">\n\t\t\t\t\t\t<div class=\"elementor-container elementor-column-gap-default\">\n\t\t\t\t\t<div class=\"elementor-column elementor-col-100 elementor-top-column elementor-element elementor-element-182de90\" data-id=\"182de90\" data-element_type=\"column\">\n\t\t\t<div class=\"elementor-widget-wrap elementor-element-populated\">\n\t\t\t\t\t\t<div class=\"elementor-element elementor-element-8c08d45 color-scheme-inherit text-left elementor-widget elementor-widget-text-editor\" data-id=\"8c08d45\" data-element_type=\"widget\" data-widget_type=\"text-editor.default\">\n\t\t\t\t<div class=\"elementor-widget-container\">\n\t\t\t\t\t\t\t\t\t<h2 data-start=\"68\" data-end=\"112\">Caract\u00e9ristiques<\/h2><ol data-start=\"114\" data-end=\"981\"><li data-start=\"114\" data-end=\"319\"><p data-start=\"117\" data-end=\"319\"><strong data-start=\"117\" data-end=\"147\">D\u00e9veloppement multisensoriel :<\/strong><br data-start=\"147\" data-end=\"150\" \/>Comprend 5 hochets suspendus color\u00e9s et un piano musical pour aider \u00e0 d\u00e9velopper la coordination, la motricit\u00e9 et la conscience sensorielle en jouant couch\u00e9, sur le ventre ou assis.<\/p><\/li><li data-start=\"321\" data-end=\"490\"><p data-start=\"324\" data-end=\"490\"><strong data-start=\"324\" data-end=\"353\">Piano musical r\u00e9glable :<\/strong><br data-start=\"353\" data-end=\"356\" \/>Le piano joue des airs doux lorsqu'on le touche, ce qui encourage l'exploration musicale. L'angle peut \u00eatre r\u00e9gl\u00e9 pour s'adapter \u00e0 la position de votre b\u00e9b\u00e9.<\/p><\/li><li data-start=\"492\" data-end=\"641\"><p data-start=\"495\" data-end=\"641\"><strong data-start=\"495\" data-end=\"523\">Lumi\u00e8res LED agr\u00e9ables \u00e0 l'\u0153il :<\/strong><br data-start=\"523\" data-end=\"526\" \/>Les lumi\u00e8res LED int\u00e9gr\u00e9es prot\u00e8gent la vue de votre b\u00e9b\u00e9 et favorisent son d\u00e9veloppement visuel gr\u00e2ce \u00e0 des effets amusants et clignotants.<\/p><\/li><li data-start=\"643\" data-end=\"814\"><p data-start=\"646\" data-end=\"814\"><strong data-start=\"646\" data-end=\"675\">Portable et facile \u00e0 nettoyer :<\/strong><br data-start=\"675\" data-end=\"678\" \/>Les arches amovibles et le tapis pliable le rendent id\u00e9al pour les voyages. Fabriqu\u00e9 avec des bords lisses et un tissu doux et d\u00e9taill\u00e9, il est durable et s\u00fbr.<\/p><\/li><li data-start=\"816\" data-end=\"981\"><p data-start=\"819\" data-end=\"981\"><strong data-start=\"819\" data-end=\"853\">Mat\u00e9riaux s\u00fbrs et adapt\u00e9s aux b\u00e9b\u00e9s :<\/strong><br data-start=\"853\" data-end=\"856\" \/>Fabriqu\u00e9 en velours peau de p\u00eache respirant et doux, avec une \u00e2me non tiss\u00e9e - sans danger m\u00eame pour la peau nue. Pas de plastique sur la surface du tapis.<\/p><\/li><\/ol>\t\t\t\t\t\t\t\t<\/div>\n\t\t\t\t<\/div>\n\t\t\t\t\t<\/div>\n\t\t<\/div>\n\t\t\t\t\t<\/div>\n\t\t<\/section>\n\t\t\t\t<section class=\"wd-negative-gap elementor-section elementor-top-section elementor-element elementor-element-1f8ecbb elementor-section-boxed elementor-section-height-default elementor-section-height-default\" data-id=\"1f8ecbb\" data-element_type=\"section\">\n\t\t\t\t\t\t<div class=\"elementor-container elementor-column-gap-default\">\n\t\t\t\t\t<div class=\"elementor-column elementor-col-100 elementor-top-column elementor-element elementor-element-6a2224c\" data-id=\"6a2224c\" data-element_type=\"column\">\n\t\t\t<div class=\"elementor-widget-wrap elementor-element-populated\">\n\t\t\t\t\t\t<div class=\"elementor-element elementor-element-1fe64dc color-scheme-inherit text-left elementor-widget elementor-widget-text-editor\" data-id=\"1fe64dc\" data-element_type=\"widget\" data-widget_type=\"text-editor.default\">\n\t\t\t\t<div class=\"elementor-widget-container\">\n\t\t\t\t\t\t\t\t\t<h2 data-start=\"988\" data-end=\"1019\">Sp\u00e9cifications<\/h2><ul data-start=\"1021\" data-end=\"1296\"><li data-start=\"1021\" data-end=\"1056\"><p data-start=\"1023\" data-end=\"1056\"><strong data-start=\"1023\" data-end=\"1038\">Dimensions :<\/strong> 47 x 72 x 40 cm<\/p><\/li><li data-start=\"1057\" data-end=\"1093\"><p data-start=\"1059\" data-end=\"1093\"><strong data-start=\"1059\" data-end=\"1079\">\u00c2ge recommand\u00e9 :<\/strong> 0-36 mois<\/p><\/li><li data-start=\"1094\" data-end=\"1152\"><p data-start=\"1096\" data-end=\"1152\"><strong data-start=\"1096\" data-end=\"1109\">Inclus :<\/strong> 5 jouets suspendus, clavier de piano, tapis de jeu<\/p><\/li><\/ul>\t\t\t\t\t\t\t\t<\/div>\n\t\t\t\t<\/div>\n\t\t\t\t\t<\/div>\n\t\t<\/div>\n\t\t\t\t\t<\/div>\n\t\t<\/section>\n\t\t\t\t<\/div>","protected":false},"excerpt":{"rendered":"<p>&#8220;<strong>Vous cherchez un moyen amusant de stimuler le d\u00e9veloppement de votre b\u00e9b\u00e9 ?<\/strong> Le tapis de jeu Baby Gym am\u00e9liore la motricit\u00e9, les sens et la coordination. Magasinez maintenant et b\u00e9n\u00e9ficiez de la livraison gratuite !<\/p>","protected":false},"featured_media":22990,"comment_status":"open","ping_status":"closed","template":"","meta":{"_acf_changed":false},"product_brand":[],"product_cat":[509],"product_tag":[1036,1038,1043,1042,1037,1039,1040,1041],"class_list":{"0":"post-22999","1":"product","2":"type-product","3":"status-publish","4":"has-post-thumbnail","6":"product_cat-best-baby-toys","7":"product_tag-baby-activity-gym","8":"product_tag-baby-activity-mat","9":"product_tag-baby-gyms-playmats","10":"product_tag-baby-piano-gym-mat","11":"product_tag-baby-play-gym","12":"product_tag-baby-play-mat-gym","13":"product_tag-play-piano-activity-mat","14":"product_tag-tummy-time-mat","16":"first","17":"instock","18":"taxable","19":"shipping-taxable","20":"purchasable","21":"product-type-variable","22":"wvs-archive-product-wrapper"},"acf":[],"_links":{"self":[{"href":"https:\/\/babyvk.com\/fr\/wp-json\/wp\/v2\/product\/22999","targetHints":{"allow":["GET"]}}],"collection":[{"href":"https:\/\/babyvk.com\/fr\/wp-json\/wp\/v2\/product"}],"about":[{"href":"https:\/\/babyvk.com\/fr\/wp-json\/wp\/v2\/types\/product"}],"replies":[{"embeddable":true,"href":"https:\/\/babyvk.com\/fr\/wp-json\/wp\/v2\/comments?post=22999"}],"version-history":[{"count":0,"href":"https:\/\/babyvk.com\/fr\/wp-json\/wp\/v2\/product\/22999\/revisions"}],"wp:featuredmedia":[{"embeddable":true,"href":"https:\/\/babyvk.com\/fr\/wp-json\/wp\/v2\/media\/22990"}],"wp:attachment":[{"href":"https:\/\/babyvk.com\/fr\/wp-json\/wp\/v2\/media?parent=22999"}],"wp:term":[{"taxonomy":"product_brand","embeddable":true,"href":"https:\/\/babyvk.com\/fr\/wp-json\/wp\/v2\/product_brand?post=22999"},{"taxonomy":"product_cat","embeddable":true,"href":"https:\/\/babyvk.com\/fr\/wp-json\/wp\/v2\/product_cat?post=22999"},{"taxonomy":"product_tag","embeddable":true,"href":"https:\/\/babyvk.com\/fr\/wp-json\/wp\/v2\/product_tag?post=22999"}],"curies":[{"name":"wp","href":"https:\/\/api.w.org\/{rel}","templated":true}]}}