{"id":22896,"date":"2025-06-07T18:59:08","date_gmt":"2025-06-07T18:59:08","guid":{"rendered":"https:\/\/babyvk.com\/?post_type=product&#038;p=22896"},"modified":"2025-06-07T19:32:48","modified_gmt":"2025-06-07T19:32:48","slug":"newborn-teething-mittens","status":"publish","type":"product","link":"https:\/\/babyvk.com\/fr\/product\/newborn-teething-mittens\/","title":{"rendered":"Moufles de dentition pour nouveau-n\u00e9s"},"content":{"rendered":"<div data-elementor-type=\"product-post\" data-elementor-id=\"22896\" class=\"elementor elementor-22896\" data-elementor-post-type=\"product\">\n\t\t\t\t\t\t<section class=\"wd-negative-gap elementor-section elementor-top-section elementor-element elementor-element-a02af71 elementor-section-boxed elementor-section-height-default elementor-section-height-default\" data-id=\"a02af71\" data-element_type=\"section\">\n\t\t\t\t\t\t<div class=\"elementor-container elementor-column-gap-default\">\n\t\t\t\t\t<div class=\"elementor-column elementor-col-100 elementor-top-column elementor-element elementor-element-a2bd8b6\" data-id=\"a2bd8b6\" data-element_type=\"column\">\n\t\t\t<div class=\"elementor-widget-wrap elementor-element-populated\">\n\t\t\t\t\t\t<div class=\"elementor-element elementor-element-88d1cf0 color-scheme-inherit text-left elementor-widget elementor-widget-text-editor\" data-id=\"88d1cf0\" data-element_type=\"widget\" data-widget_type=\"text-editor.default\">\n\t\t\t\t<div class=\"elementor-widget-container\">\n\t\t\t\t\t\t\t\t\t<h2 data-start=\"74\" data-end=\"86\">Caract\u00e9ristiques<\/h2><ul data-start=\"88\" data-end=\"983\"><li data-start=\"88\" data-end=\"382\"><p data-start=\"90\" data-end=\"382\"><strong data-start=\"90\" data-end=\"118\">Mat\u00e9riau de premi\u00e8re qualit\u00e9<\/strong><br data-start=\"118\" data-end=\"121\" \/>Fabriqu\u00e9es en silicone alimentaire 100%, nos moufles de dentition pour nouveau-n\u00e9s ont une texture douce et apaisante qui masse d\u00e9licatement les gencives enfl\u00e9es de votre b\u00e9b\u00e9 et soulage l'inconfort des pouss\u00e9es dentaires. Cette texture amusante et mordillable encourage \u00e9galement votre b\u00e9b\u00e9 \u00e0 explorer et \u00e0 d\u00e9couvrir de nouvelles sensations.<\/p><\/li><li data-start=\"384\" data-end=\"567\"><p data-start=\"386\" data-end=\"567\"><strong data-start=\"386\" data-end=\"420\">Soulagement en douceur des gencives enfl\u00e9es<\/strong><br data-start=\"420\" data-end=\"423\" \/>Con\u00e7ues pour \u00eatre s\u00fbres et douces pour les gencives sensibles, nos moufles de dentition offrent un confort aux b\u00e9b\u00e9s qui ne sont pas encore capables de saisir les jouets de dentition traditionnels.<\/p><\/li><li data-start=\"569\" data-end=\"807\"><p data-start=\"571\" data-end=\"807\"><strong data-start=\"571\" data-end=\"603\">Divertir et s\u00e9curiser le design<\/strong><br data-start=\"603\" data-end=\"606\" \/>Les moufles sont dot\u00e9es d'une fermeture velcro r\u00e9glable pour un ajustement parfait qui ne glisse pas, m\u00eame pendant les jeux actifs. De plus, les moufles \u00e9mettent un bruit de \"craquement\" qui occupe agr\u00e9ablement votre b\u00e9b\u00e9.<\/p><\/li><li data-start=\"809\" data-end=\"983\"><p data-start=\"811\" data-end=\"983\"><strong data-start=\"811\" data-end=\"844\">Protection contre les rayures<\/strong><br data-start=\"844\" data-end=\"847\" \/>En plus de soulager les pouss\u00e9es dentaires, les moufles emp\u00eachent les b\u00e9b\u00e9s de se gratter la peau d\u00e9licate ou de se piquer accidentellement les yeux.<\/p><\/li><\/ul>\t\t\t\t\t\t\t\t<\/div>\n\t\t\t\t<\/div>\n\t\t\t\t\t<\/div>\n\t\t<\/div>\n\t\t\t\t\t<\/div>\n\t\t<\/section>\n\t\t\t\t<section class=\"wd-negative-gap elementor-section elementor-top-section elementor-element elementor-element-1ffb6c0 elementor-section-boxed elementor-section-height-default elementor-section-height-default\" data-id=\"1ffb6c0\" data-element_type=\"section\">\n\t\t\t\t\t\t<div class=\"elementor-container elementor-column-gap-default\">\n\t\t\t\t\t<div class=\"elementor-column elementor-col-100 elementor-top-column elementor-element elementor-element-774922b\" data-id=\"774922b\" data-element_type=\"column\">\n\t\t\t<div class=\"elementor-widget-wrap elementor-element-populated\">\n\t\t\t\t\t\t<div class=\"elementor-element elementor-element-94bd17f color-scheme-inherit text-left elementor-widget elementor-widget-text-editor\" data-id=\"94bd17f\" data-element_type=\"widget\" data-widget_type=\"text-editor.default\">\n\t\t\t\t<div class=\"elementor-widget-container\">\n\t\t\t\t\t\t\t\t\t<h2 data-start=\"990\" data-end=\"1016\">Sp\u00e9cifications<\/h2><ul data-start=\"1018\" data-end=\"1295\"><li data-start=\"1018\" data-end=\"1055\"><p data-start=\"1020\" data-end=\"1055\"><strong data-start=\"1020\" data-end=\"1033\">Mat\u00e9riau :<\/strong> Silicone de qualit\u00e9 alimentaire<\/p><\/li><li data-start=\"1056\" data-end=\"1091\"><p data-start=\"1058\" data-end=\"1091\"><strong data-start=\"1058\" data-end=\"1068\">Style :<\/strong> Conception adapt\u00e9e aux b\u00e9b\u00e9s<\/p><\/li><li data-start=\"1092\" data-end=\"1136\"><p data-start=\"1094\" data-end=\"1136\"><strong data-start=\"1094\" data-end=\"1111\">Utilisation pr\u00e9vue :<\/strong> Apaiser les douleurs de la dentition<\/p><\/li><li data-start=\"1137\" data-end=\"1216\"><p data-start=\"1139\" data-end=\"1216\"><strong data-start=\"1139\" data-end=\"1148\">Taille :<\/strong> 10cm x 6,5cm (3.94\" x 2.56\"), convient aux b\u00e9b\u00e9s de plus de 3 mois<\/p><\/li><li data-start=\"1217\" data-end=\"1295\"><p data-start=\"1219\" data-end=\"1295\"><strong data-start=\"1219\" data-end=\"1230\">Poids :<\/strong> 26 grammes (le poids exact est indiqu\u00e9 sur le produit)<\/p><\/li><\/ul>\t\t\t\t\t\t\t\t<\/div>\n\t\t\t\t<\/div>\n\t\t\t\t\t<\/div>\n\t\t<\/div>\n\t\t\t\t\t<\/div>\n\t\t<\/section>\n\t\t\t\t<section class=\"wd-negative-gap elementor-section elementor-top-section elementor-element elementor-element-5dfe83d elementor-section-boxed elementor-section-height-default elementor-section-height-default\" data-id=\"5dfe83d\" data-element_type=\"section\">\n\t\t\t\t\t\t<div class=\"elementor-container elementor-column-gap-default\">\n\t\t\t\t\t<div class=\"elementor-column elementor-col-100 elementor-top-column elementor-element elementor-element-45c78d1\" data-id=\"45c78d1\" data-element_type=\"column\">\n\t\t\t<div class=\"elementor-widget-wrap elementor-element-populated\">\n\t\t\t\t\t\t<div class=\"elementor-element elementor-element-57a460d color-scheme-inherit text-left elementor-widget elementor-widget-text-editor\" data-id=\"57a460d\" data-element_type=\"widget\" data-widget_type=\"text-editor.default\">\n\t\t\t\t<div class=\"elementor-widget-container\">\n\t\t\t\t\t\t\t\t\t<h2 data-start=\"1302\" data-end=\"1322\">Le paquet comprend<\/h2><ul data-start=\"1324\" data-end=\"1357\"><li data-start=\"1324\" data-end=\"1357\"><p data-start=\"1326\" data-end=\"1357\">1 x Moufle de dentition pour nouveau-n\u00e9<\/p><\/li><\/ul>\t\t\t\t\t\t\t\t<\/div>\n\t\t\t\t<\/div>\n\t\t\t\t<div class=\"elementor-element elementor-element-82d7c53 color-scheme-inherit text-left elementor-widget elementor-widget-text-editor\" data-id=\"82d7c53\" data-element_type=\"widget\" data-widget_type=\"text-editor.default\">\n\t\t\t\t<div class=\"elementor-widget-container\">\n\t\t\t\t\t\t\t\t\t<h3 data-start=\"1364\" data-end=\"1383\">Notes importantes<\/h3><ul data-start=\"1385\" data-end=\"1576\"><li data-start=\"1385\" data-end=\"1471\"><p data-start=\"1387\" data-end=\"1471\">Les mesures peuvent varier de 1 \u00e0 5 cm en raison de la prise de mesures manuelle. Nous vous remercions de votre attention.<\/p><\/li><li data-start=\"1472\" data-end=\"1576\"><p data-start=\"1474\" data-end=\"1576\">Les couleurs peuvent varier l\u00e9g\u00e8rement en raison des diff\u00e9rences de r\u00e9solution, de luminosit\u00e9 et de contraste des \u00e9crans d'ordinateur.<\/p><\/li><\/ul>\t\t\t\t\t\t\t\t<\/div>\n\t\t\t\t<\/div>\n\t\t\t\t\t<\/div>\n\t\t<\/div>\n\t\t\t\t\t<\/div>\n\t\t<\/section>\n\t\t\t\t<\/div>","protected":false},"excerpt":{"rendered":"<p>&#8220;<strong>Vous avez du mal \u00e0 soulager les pouss\u00e9es dentaires de votre nouveau-n\u00e9 ?<\/strong> Les moufles de dentition pour nouveau-n\u00e9s soulagent en douceur les gencives douloureuses. Achetez maintenant et b\u00e9n\u00e9ficiez de la livraison gratuite !<\/p>","protected":false},"featured_media":22910,"comment_status":"open","ping_status":"closed","template":"","meta":{"_acf_changed":false},"product_brand":[],"product_cat":[29],"product_tag":[1034,1028,1030,1029,1032,1031,1033],"class_list":{"0":"post-22896","1":"product","2":"type-product","3":"status-publish","4":"has-post-thumbnail","6":"product_cat-best-baby-care","7":"product_tag-baby-mittens-0-6-months","8":"product_tag-baby-teethers-0-6-months","9":"product_tag-newborn-teething-mittens","10":"product_tag-newborn-teething-silicone-mittens","11":"product_tag-newborn-teething-silicone-toys","12":"product_tag-newborn-teething-toys","13":"product_tag-teething-mittens-3-6-months","15":"first","16":"instock","17":"taxable","18":"shipping-taxable","19":"purchasable","20":"product-type-variable","21":"wvs-archive-product-wrapper"},"acf":[],"_links":{"self":[{"href":"https:\/\/babyvk.com\/fr\/wp-json\/wp\/v2\/product\/22896","targetHints":{"allow":["GET"]}}],"collection":[{"href":"https:\/\/babyvk.com\/fr\/wp-json\/wp\/v2\/product"}],"about":[{"href":"https:\/\/babyvk.com\/fr\/wp-json\/wp\/v2\/types\/product"}],"replies":[{"embeddable":true,"href":"https:\/\/babyvk.com\/fr\/wp-json\/wp\/v2\/comments?post=22896"}],"version-history":[{"count":0,"href":"https:\/\/babyvk.com\/fr\/wp-json\/wp\/v2\/product\/22896\/revisions"}],"wp:featuredmedia":[{"embeddable":true,"href":"https:\/\/babyvk.com\/fr\/wp-json\/wp\/v2\/media\/22910"}],"wp:attachment":[{"href":"https:\/\/babyvk.com\/fr\/wp-json\/wp\/v2\/media?parent=22896"}],"wp:term":[{"taxonomy":"product_brand","embeddable":true,"href":"https:\/\/babyvk.com\/fr\/wp-json\/wp\/v2\/product_brand?post=22896"},{"taxonomy":"product_cat","embeddable":true,"href":"https:\/\/babyvk.com\/fr\/wp-json\/wp\/v2\/product_cat?post=22896"},{"taxonomy":"product_tag","embeddable":true,"href":"https:\/\/babyvk.com\/fr\/wp-json\/wp\/v2\/product_tag?post=22896"}],"curies":[{"name":"wp","href":"https:\/\/api.w.org\/{rel}","templated":true}]}}