{"id":22677,"date":"2025-04-11T04:36:13","date_gmt":"2025-04-11T04:36:13","guid":{"rendered":"https:\/\/babyvk.com\/?post_type=product&#038;p=22677"},"modified":"2025-09-26T17:12:00","modified_gmt":"2025-09-26T17:12:00","slug":"baby-food-dispensing-spoon","status":"publish","type":"product","link":"https:\/\/babyvk.com\/fr\/product\/baby-food-dispensing-spoon\/","title":{"rendered":"Cuill\u00e8re de distribution d'aliments pour b\u00e9b\u00e9s"},"content":{"rendered":"<div data-elementor-type=\"product-post\" data-elementor-id=\"22677\" class=\"elementor elementor-22677\" data-elementor-post-type=\"product\">\n\t\t\t\t\t\t<section class=\"wd-negative-gap elementor-section elementor-top-section elementor-element elementor-element-1fb473a elementor-section-boxed elementor-section-height-default elementor-section-height-default\" data-id=\"1fb473a\" data-element_type=\"section\">\n\t\t\t\t\t\t<div class=\"elementor-container elementor-column-gap-default\">\n\t\t\t\t\t<div class=\"elementor-column elementor-col-100 elementor-top-column elementor-element elementor-element-95f8cb6\" data-id=\"95f8cb6\" data-element_type=\"column\">\n\t\t\t<div class=\"elementor-widget-wrap elementor-element-populated\">\n\t\t\t\t\t\t<div class=\"elementor-element elementor-element-1a30634 wd-width-100 elementor-widget elementor-widget-wd_title\" data-id=\"1a30634\" data-element_type=\"widget\" data-widget_type=\"wd_title.default\">\n\t\t\t\t<div class=\"elementor-widget-container\">\n\t\t\t\t\t\t\t<div class=\"title-wrapper wd-set-mb reset-last-child wd-title-color-default wd-title-style-default wd-title-size-default text-center\">\n\n\t\t\t\t\t\t\t\t\t\t\t<div class=\"title-subtitle subtitle-color-default subtitle-style-default wd-fontsize-xs\">\n\t\t\t\t\tBATAILLE D'ALIMENTATION D'UN B\u00c9B\u00c9 MIGNON\t\t\t\t<\/div>\n\t\t\t\n\t\t\t<div class=\"liner-continer\">\n\t\t\t\t<h4 class=\"woodmart-title-container title wd-fontsize-l\">UNE LUTTE CHAOTIQUE AVEC DES MOMENTS DE MALADRESSE<\/h4> \n\t\t\t\t\t\t\t<\/div>\n\n\t\t\t\t\t\t\t<div class=\"title-after_title reset-last-child wd-fontsize-xs\">\n\t\t\t\t\t<p>Nourrir un b\u00e9b\u00e9, c'est un peu la grande guerre du si\u00e8cle. Espi\u00e8gle, remuant, salissant accidentellement ses v\u00eatements, il est difficile pour une m\u00e8re \u00e0 trois t\u00eates et six bras de r\u00e9sister.<\/p>\t\t\t\t<\/div>\n\t\t\t\t\t<\/div>\n\t\t\t\t\t\t<\/div>\n\t\t\t\t<\/div>\n\t\t\t\t<div class=\"elementor-element elementor-element-e46e85d elementor-widget elementor-widget-image\" data-id=\"e46e85d\" data-element_type=\"widget\" data-widget_type=\"image.default\">\n\t\t\t\t<div class=\"elementor-widget-container\">\n\t\t\t\t\t\t\t\t\t\t\t\t\t\t\t<img fetchpriority=\"high\" decoding=\"async\" width=\"750\" height=\"515\" src=\"https:\/\/babyvk.com\/wp-content\/themes\/woodmart\/images\/lazy.svg\" data-src=\"https:\/\/babyvk.com\/wp-content\/uploads\/2025\/04\/baby-food-bottle-feeder-e1744346756798.png\" class=\"wd-lazy-blur attachment-full size-full wp-image-22669 wvs-archive-product-image\" alt=\"nourrisseur pour biberons\" srcset=\"\" data-srcset=\"https:\/\/babyvk.com\/wp-content\/uploads\/2025\/04\/baby-food-bottle-feeder-e1744346756798.png 750w, https:\/\/babyvk.com\/wp-content\/uploads\/2025\/04\/baby-food-bottle-feeder-e1744346756798-400x275.png 400w, https:\/\/babyvk.com\/wp-content\/uploads\/2025\/04\/baby-food-bottle-feeder-e1744346756798-430x295.png 430w, https:\/\/babyvk.com\/wp-content\/uploads\/2025\/04\/baby-food-bottle-feeder-e1744346756798-700x481.png 700w, https:\/\/babyvk.com\/wp-content\/uploads\/2025\/04\/baby-food-bottle-feeder-e1744346756798-100x69.png 100w\" sizes=\"(max-width: 750px) 100vw, 750px\" title=\"\">\t\t\t\t\t\t\t\t\t\t\t\t\t\t\t<\/div>\n\t\t\t\t<\/div>\n\t\t\t\t<div class=\"elementor-element elementor-element-9413dae elementor-widget elementor-widget-image\" data-id=\"9413dae\" data-element_type=\"widget\" data-widget_type=\"image.default\">\n\t\t\t\t<div class=\"elementor-widget-container\">\n\t\t\t\t\t\t\t\t\t\t\t\t\t\t\t<img decoding=\"async\" width=\"800\" height=\"800\" src=\"https:\/\/babyvk.com\/wp-content\/themes\/woodmart\/images\/lazy.svg\" data-src=\"https:\/\/babyvk.com\/wp-content\/uploads\/2025\/04\/baby-food-spoon-feeder.jpg\" class=\"wd-lazy-blur attachment-large size-large wp-image-22672 wvs-archive-product-image\" alt=\"Cuill\u00e8re d&#039;alimentation en silicone \u00e0 presser\" srcset=\"\" data-srcset=\"https:\/\/babyvk.com\/wp-content\/uploads\/2025\/04\/baby-food-spoon-feeder.jpg 801w, https:\/\/babyvk.com\/wp-content\/uploads\/2025\/04\/baby-food-spoon-feeder-300x300.jpg 300w, https:\/\/babyvk.com\/wp-content\/uploads\/2025\/04\/baby-food-spoon-feeder-150x150.jpg 150w, https:\/\/babyvk.com\/wp-content\/uploads\/2025\/04\/baby-food-spoon-feeder-768x768.jpg 768w, https:\/\/babyvk.com\/wp-content\/uploads\/2025\/04\/baby-food-spoon-feeder-430x430.jpg 430w, https:\/\/babyvk.com\/wp-content\/uploads\/2025\/04\/baby-food-spoon-feeder-700x700.jpg 700w, https:\/\/babyvk.com\/wp-content\/uploads\/2025\/04\/baby-food-spoon-feeder-100x100.jpg 100w, https:\/\/babyvk.com\/wp-content\/uploads\/2025\/04\/baby-food-spoon-feeder-50x50.jpg 50w\" sizes=\"(max-width: 800px) 100vw, 800px\" title=\"\">\t\t\t\t\t\t\t\t\t\t\t\t\t\t\t<\/div>\n\t\t\t\t<\/div>\n\t\t\t\t<div class=\"elementor-element elementor-element-3a60904 color-scheme-inherit text-left elementor-widget elementor-widget-text-editor\" data-id=\"3a60904\" data-element_type=\"widget\" data-widget_type=\"text-editor.default\">\n\t\t\t\t<div class=\"elementor-widget-container\">\n\t\t\t\t\t\t\t\t\t<h3 class=\"\" data-start=\"73\" data-end=\"94\">Caract\u00e9ristiques :<\/h3><ol data-start=\"95\" data-end=\"641\"><li class=\"\" data-start=\"95\" data-end=\"242\"><p class=\"\" data-start=\"98\" data-end=\"242\"><strong data-start=\"98\" data-end=\"116\">Mat\u00e9riaux s\u00fbrs<\/strong>: Fabriqu\u00e9 en PP+silicone alimentaire de haute qualit\u00e9, sans BPA, parfait pour la transition du lait maternel\/formule vers les aliments solides.<\/p><\/li><li class=\"\" data-start=\"243\" data-end=\"343\"><p class=\"\" data-start=\"246\" data-end=\"343\"><strong data-start=\"246\" data-end=\"267\">Conception \u00e0 une main<\/strong>: La conception \u00e0 pression permet de nourrir facilement l'enfant d'une seule main, ce qui rend les repas moins salissants.<\/p><\/li><li class=\"\" data-start=\"344\" data-end=\"455\"><p class=\"\" data-start=\"347\" data-end=\"455\"><strong data-start=\"347\" data-end=\"376\">Filtre pour \u00e9viter l'\u00e9touffement<\/strong>: Comprend un couvercle de filtre pour \u00e9liminer les grosses particules d'aliments et contr\u00f4ler le flux d'aliments.<\/p><\/li><li class=\"\" data-start=\"456\" data-end=\"531\"><p class=\"\" data-start=\"459\" data-end=\"531\"><strong data-start=\"459\" data-end=\"473\">\u00c9tanch\u00e9it\u00e9<\/strong>: Comprend un couvercle d'\u00e9tanch\u00e9it\u00e9 pour \u00e9viter les fuites pendant le voyage.<\/p><\/li><li class=\"\" data-start=\"532\" data-end=\"641\"><p class=\"\" data-start=\"535\" data-end=\"641\"><strong data-start=\"535\" data-end=\"555\">Base \u00e0 ventouse<\/strong>: La cuill\u00e8re est munie d'une ventouse qui l'emp\u00eache de basculer et la maintient stable pendant les pauses.<\/p><\/li><\/ol>\t\t\t\t\t\t\t\t<\/div>\n\t\t\t\t<\/div>\n\t\t\t\t<div class=\"elementor-element elementor-element-4fa6aad elementor-widget elementor-widget-image\" data-id=\"4fa6aad\" data-element_type=\"widget\" data-widget_type=\"image.default\">\n\t\t\t\t<div class=\"elementor-widget-container\">\n\t\t\t\t\t\t\t\t\t\t\t\t\t\t\t<img decoding=\"async\" width=\"568\" height=\"800\" src=\"https:\/\/babyvk.com\/wp-content\/themes\/woodmart\/images\/lazy.svg\" data-src=\"https:\/\/babyvk.com\/wp-content\/uploads\/2025\/04\/Baby-Food-Dispensing-Spoon-568x800.png\" class=\"wd-lazy-blur attachment-large size-large wp-image-22670 wvs-archive-product-image\" alt=\"biberon d&#039;alimentation pour b\u00e9b\u00e9\" srcset=\"\" data-srcset=\"https:\/\/babyvk.com\/wp-content\/uploads\/2025\/04\/Baby-Food-Dispensing-Spoon-568x800.png 568w, https:\/\/babyvk.com\/wp-content\/uploads\/2025\/04\/Baby-Food-Dispensing-Spoon-213x300.png 213w, https:\/\/babyvk.com\/wp-content\/uploads\/2025\/04\/Baby-Food-Dispensing-Spoon-430x605.png 430w, https:\/\/babyvk.com\/wp-content\/uploads\/2025\/04\/Baby-Food-Dispensing-Spoon-700x985.png 700w, https:\/\/babyvk.com\/wp-content\/uploads\/2025\/04\/Baby-Food-Dispensing-Spoon-100x141.png 100w, https:\/\/babyvk.com\/wp-content\/uploads\/2025\/04\/Baby-Food-Dispensing-Spoon.png 751w\" sizes=\"(max-width: 568px) 100vw, 568px\" title=\"\">\t\t\t\t\t\t\t\t\t\t\t\t\t\t\t<\/div>\n\t\t\t\t<\/div>\n\t\t\t\t<div class=\"elementor-element elementor-element-10a25d1 elementor-widget elementor-widget-image\" data-id=\"10a25d1\" data-element_type=\"widget\" data-widget_type=\"image.default\">\n\t\t\t\t<div class=\"elementor-widget-container\">\n\t\t\t\t\t\t\t\t\t\t\t\t\t\t\t<img loading=\"lazy\" decoding=\"async\" width=\"751\" height=\"739\" src=\"https:\/\/babyvk.com\/wp-content\/themes\/woodmart\/images\/lazy.svg\" data-src=\"https:\/\/babyvk.com\/wp-content\/uploads\/2025\/04\/Baby-Squeeze-Feeder-Dispenser.png\" class=\"wd-lazy-blur attachment-large size-large wp-image-22664 wvs-archive-product-image\" alt=\"baby puree spoon\" srcset=\"\" data-srcset=\"https:\/\/babyvk.com\/wp-content\/uploads\/2025\/04\/Baby-Squeeze-Feeder-Dispenser.png 751w, https:\/\/babyvk.com\/wp-content\/uploads\/2025\/04\/Baby-Squeeze-Feeder-Dispenser-305x300.png 305w, https:\/\/babyvk.com\/wp-content\/uploads\/2025\/04\/Baby-Squeeze-Feeder-Dispenser-430x423.png 430w, https:\/\/babyvk.com\/wp-content\/uploads\/2025\/04\/Baby-Squeeze-Feeder-Dispenser-700x689.png 700w, https:\/\/babyvk.com\/wp-content\/uploads\/2025\/04\/Baby-Squeeze-Feeder-Dispenser-100x98.png 100w, https:\/\/babyvk.com\/wp-content\/uploads\/2025\/04\/Baby-Squeeze-Feeder-Dispenser-50x50.png 50w\" sizes=\"(max-width: 751px) 100vw, 751px\" title=\"\">\t\t\t\t\t\t\t\t\t\t\t\t\t\t\t<\/div>\n\t\t\t\t<\/div>\n\t\t\t\t<div class=\"elementor-element elementor-element-83da607 elementor-widget elementor-widget-image\" data-id=\"83da607\" data-element_type=\"widget\" data-widget_type=\"image.default\">\n\t\t\t\t<div class=\"elementor-widget-container\">\n\t\t\t\t\t\t\t\t\t\t\t\t\t\t\t<img loading=\"lazy\" decoding=\"async\" width=\"751\" height=\"642\" src=\"https:\/\/babyvk.com\/wp-content\/themes\/woodmart\/images\/lazy.svg\" data-src=\"https:\/\/babyvk.com\/wp-content\/uploads\/2025\/04\/Squeeze-Feeder-Dispenser-for-Baby.jpg\" class=\"wd-lazy-blur attachment-large size-large wp-image-22665 wvs-archive-product-image\" alt=\"spoon feeder for baby food\" srcset=\"\" data-srcset=\"https:\/\/babyvk.com\/wp-content\/uploads\/2025\/04\/Squeeze-Feeder-Dispenser-for-Baby.jpg 751w, https:\/\/babyvk.com\/wp-content\/uploads\/2025\/04\/Squeeze-Feeder-Dispenser-for-Baby-351x300.jpg 351w, https:\/\/babyvk.com\/wp-content\/uploads\/2025\/04\/Squeeze-Feeder-Dispenser-for-Baby-430x368.jpg 430w, https:\/\/babyvk.com\/wp-content\/uploads\/2025\/04\/Squeeze-Feeder-Dispenser-for-Baby-700x598.jpg 700w, https:\/\/babyvk.com\/wp-content\/uploads\/2025\/04\/Squeeze-Feeder-Dispenser-for-Baby-100x85.jpg 100w\" sizes=\"(max-width: 751px) 100vw, 751px\" title=\"\">\t\t\t\t\t\t\t\t\t\t\t\t\t\t\t<\/div>\n\t\t\t\t<\/div>\n\t\t\t\t\t<\/div>\n\t\t<\/div>\n\t\t\t\t\t<\/div>\n\t\t<\/section>\n\t\t\t\t<section class=\"wd-negative-gap elementor-section elementor-top-section elementor-element elementor-element-2fcf576 elementor-section-boxed elementor-section-height-default elementor-section-height-default\" data-id=\"2fcf576\" data-element_type=\"section\">\n\t\t\t\t\t\t<div class=\"elementor-container elementor-column-gap-default\">\n\t\t\t\t\t<div class=\"elementor-column elementor-col-100 elementor-top-column elementor-element elementor-element-141e33c\" data-id=\"141e33c\" data-element_type=\"column\">\n\t\t\t<div class=\"elementor-widget-wrap elementor-element-populated\">\n\t\t\t\t\t\t<div class=\"elementor-element elementor-element-94e0239 color-scheme-inherit text-left elementor-widget elementor-widget-text-editor\" data-id=\"94e0239\" data-element_type=\"widget\" data-widget_type=\"text-editor.default\">\n\t\t\t\t<div class=\"elementor-widget-container\">\n\t\t\t\t\t\t\t\t\t<p class=\"\" data-start=\"0\" data-end=\"196\"><strong>Sp\u00e9cifications :<\/strong><\/p><ul><li data-start=\"0\" data-end=\"196\"><strong data-start=\"26\" data-end=\"42\">Nom<\/strong>: Bouteille en silicone pour c\u00e9r\u00e9ales de riz<\/li><li data-start=\"0\" data-end=\"196\"><strong data-start=\"74\" data-end=\"86\">Capacit\u00e9<\/strong>: 120ml<\/li><li data-start=\"0\" data-end=\"196\"><strong data-start=\"96\" data-end=\"115\">\u00c2ge recommand\u00e9<\/strong>: 4-6 mois et plus<\/li><li data-start=\"0\" data-end=\"196\"><strong data-start=\"137\" data-end=\"150\">Mat\u00e9riaux<\/strong>: Silicone, PP<\/li><li data-start=\"0\" data-end=\"196\"><strong data-start=\"167\" data-end=\"193\">R\u00e9sistance \u00e0 la temp\u00e9rature<\/strong>: PP : -20\u00b0C \u00e0 100\u00b0C\uff0cSilicone Bouteille\/ Embout de cuill\u00e8re : -20\u00b0C \u00e0 180\u00b0C<\/li><li data-start=\"0\" data-end=\"196\"><strong data-start=\"267\" data-end=\"281\">Dimensions<\/strong>: 6,3 \u00d7 6,3 \u00d7 21 cm<\/li><\/ul>\t\t\t\t\t\t\t\t<\/div>\n\t\t\t\t<\/div>\n\t\t\t\t<div class=\"elementor-element elementor-element-dc5f1f9 elementor-widget elementor-widget-image\" data-id=\"dc5f1f9\" data-element_type=\"widget\" data-widget_type=\"image.default\">\n\t\t\t\t<div class=\"elementor-widget-container\">\n\t\t\t\t\t\t\t\t\t\t\t\t\t\t\t<img loading=\"lazy\" decoding=\"async\" width=\"350\" height=\"350\" src=\"https:\/\/babyvk.com\/wp-content\/themes\/woodmart\/images\/lazy.svg\" data-src=\"https:\/\/babyvk.com\/wp-content\/uploads\/2025\/04\/baby-food-feeder-bottle.jpg\" class=\"wd-lazy-blur attachment-full size-full wp-image-22671 wvs-archive-product-image\" alt=\"baby food spoon feeder\" srcset=\"\" data-srcset=\"https:\/\/babyvk.com\/wp-content\/uploads\/2025\/04\/baby-food-feeder-bottle.jpg 350w, https:\/\/babyvk.com\/wp-content\/uploads\/2025\/04\/baby-food-feeder-bottle-300x300.jpg 300w, https:\/\/babyvk.com\/wp-content\/uploads\/2025\/04\/baby-food-feeder-bottle-150x150.jpg 150w, https:\/\/babyvk.com\/wp-content\/uploads\/2025\/04\/baby-food-feeder-bottle-100x100.jpg 100w, https:\/\/babyvk.com\/wp-content\/uploads\/2025\/04\/baby-food-feeder-bottle-50x50.jpg 50w\" sizes=\"(max-width: 350px) 100vw, 350px\" title=\"\">\t\t\t\t\t\t\t\t\t\t\t\t\t\t\t<\/div>\n\t\t\t\t<\/div>\n\t\t\t\t\t<\/div>\n\t\t<\/div>\n\t\t\t\t\t<\/div>\n\t\t<\/section>\n\t\t\t\t<\/div>","protected":false},"excerpt":{"rendered":"<p>&#8220;<strong>Vous avez du mal \u00e0 nourrir votre b\u00e9b\u00e9 sans le salir ?<\/strong> La cuill\u00e8re distributrice d'aliments pour b\u00e9b\u00e9s rend l'alimentation d'une seule main simple et propre. Achetez maintenant et b\u00e9n\u00e9ficiez de la livraison gratuite !<\/p>","protected":false},"featured_media":22667,"comment_status":"open","ping_status":"closed","template":"","meta":{"_acf_changed":false},"product_brand":[],"product_cat":[508],"product_tag":[1021,1019,1020,1016,1017,1018],"class_list":{"0":"post-22677","1":"product","2":"type-product","3":"status-publish","4":"has-post-thumbnail","6":"product_cat-best-baby-feeding","7":"product_tag-baby-bottle-spoon-feeder","8":"product_tag-baby-food-feeder-bottle","9":"product_tag-baby-spoons-self-feeding-6-months","10":"product_tag-infant-fruit-squeeze-feeder","11":"product_tag-silicone-baby-food-dispensing-spoon","12":"product_tag-silicone-squeeze-feeding-spoon","14":"first","15":"instock","16":"taxable","17":"shipping-taxable","18":"purchasable","19":"product-type-variable","20":"wvs-archive-product-wrapper"},"acf":[],"_links":{"self":[{"href":"https:\/\/babyvk.com\/fr\/wp-json\/wp\/v2\/product\/22677","targetHints":{"allow":["GET"]}}],"collection":[{"href":"https:\/\/babyvk.com\/fr\/wp-json\/wp\/v2\/product"}],"about":[{"href":"https:\/\/babyvk.com\/fr\/wp-json\/wp\/v2\/types\/product"}],"replies":[{"embeddable":true,"href":"https:\/\/babyvk.com\/fr\/wp-json\/wp\/v2\/comments?post=22677"}],"version-history":[{"count":0,"href":"https:\/\/babyvk.com\/fr\/wp-json\/wp\/v2\/product\/22677\/revisions"}],"wp:featuredmedia":[{"embeddable":true,"href":"https:\/\/babyvk.com\/fr\/wp-json\/wp\/v2\/media\/22667"}],"wp:attachment":[{"href":"https:\/\/babyvk.com\/fr\/wp-json\/wp\/v2\/media?parent=22677"}],"wp:term":[{"taxonomy":"product_brand","embeddable":true,"href":"https:\/\/babyvk.com\/fr\/wp-json\/wp\/v2\/product_brand?post=22677"},{"taxonomy":"product_cat","embeddable":true,"href":"https:\/\/babyvk.com\/fr\/wp-json\/wp\/v2\/product_cat?post=22677"},{"taxonomy":"product_tag","embeddable":true,"href":"https:\/\/babyvk.com\/fr\/wp-json\/wp\/v2\/product_tag?post=22677"}],"curies":[{"name":"wp","href":"https:\/\/api.w.org\/{rel}","templated":true}]}}