{"id":22603,"date":"2025-04-07T19:30:23","date_gmt":"2025-04-07T19:30:23","guid":{"rendered":"https:\/\/babyvk.com\/?post_type=product&#038;p=22603"},"modified":"2025-11-11T19:52:48","modified_gmt":"2025-11-11T19:52:48","slug":"baby-patter-for-sleep","status":"publish","type":"product","link":"https:\/\/babyvk.com\/fr\/product\/baby-patter-for-sleep\/","title":{"rendered":"Le berceau du sommeil"},"content":{"rendered":"<div data-elementor-type=\"product-post\" data-elementor-id=\"22603\" class=\"elementor elementor-22603\" data-elementor-post-type=\"product\">\n\t\t\t\t\t\t<section class=\"wd-negative-gap elementor-section elementor-top-section elementor-element elementor-element-b8bba76 elementor-section-boxed elementor-section-height-default elementor-section-height-default\" data-id=\"b8bba76\" data-element_type=\"section\">\n\t\t\t\t\t\t<div class=\"elementor-container elementor-column-gap-default\">\n\t\t\t\t\t<div class=\"elementor-column elementor-col-100 elementor-top-column elementor-element elementor-element-eb941bc\" data-id=\"eb941bc\" data-element_type=\"column\">\n\t\t\t<div class=\"elementor-widget-wrap elementor-element-populated\">\n\t\t\t\t\t\t<div class=\"elementor-element elementor-element-648d6c0 color-scheme-inherit text-left elementor-widget elementor-widget-text-editor\" data-id=\"648d6c0\" data-element_type=\"widget\" data-widget_type=\"text-editor.default\">\n\t\t\t\t<div class=\"elementor-widget-container\">\n\t\t\t\t\t\t\t\t\t<h3 class=\"\" data-start=\"184\" data-end=\"209\"><strong data-start=\"188\" data-end=\"209\">Caract\u00e9ristiques :<\/strong><\/h3><ol data-start=\"210\" data-end=\"689\"><li class=\"\" data-start=\"210\" data-end=\"319\"><p class=\"\" data-start=\"213\" data-end=\"319\"><strong data-start=\"213\" data-end=\"242\">Simulation de toucher apaisant<\/strong> - Imite d\u00e9licatement les caresses d'un parent pour aider \u00e0 calmer et \u00e0 endormir votre b\u00e9b\u00e9.<\/p><\/li><li class=\"\" data-start=\"320\" data-end=\"426\"><p class=\"\" data-start=\"323\" data-end=\"426\"><strong data-start=\"323\" data-end=\"347\">Commandes faciles \u00e0 utiliser<\/strong> - Les boutons simples et la t\u00e9l\u00e9commande permettent aux parents de l'utiliser sans effort.<\/p><\/li><li class=\"\" data-start=\"427\" data-end=\"504\"><p class=\"\" data-start=\"430\" data-end=\"504\"><strong data-start=\"430\" data-end=\"457\">Mati\u00e8re douce et moelleuse<\/strong> - Fabriqu\u00e9 en coton douillet pour un confort optimal tout au long de la nuit.<\/p><\/li><li class=\"\" data-start=\"505\" data-end=\"598\"><p class=\"\" data-start=\"508\" data-end=\"598\"><strong data-start=\"508\" data-end=\"527\">Aide mains libres<\/strong> - Le tapotement automatique vous permet de calmer votre b\u00e9b\u00e9 tout en faisant plusieurs choses \u00e0 la fois.<\/p><\/li><li class=\"\" data-start=\"599\" data-end=\"689\"><p class=\"\" data-start=\"602\" data-end=\"689\"><strong data-start=\"602\" data-end=\"624\">Id\u00e9al pour n'importe quel endroit<\/strong> - Parfait pour une utilisation \u00e0 la maison, dans la voiture ou pendant les promenades en poussette.<\/p><\/li><\/ol>\t\t\t\t\t\t\t\t<\/div>\n\t\t\t\t<\/div>\n\t\t\t\t<div class=\"elementor-element elementor-element-16aa196 color-scheme-inherit text-left elementor-widget elementor-widget-text-editor\" data-id=\"16aa196\" data-element_type=\"widget\" data-widget_type=\"text-editor.default\">\n\t\t\t\t<div class=\"elementor-widget-container\">\n\t\t\t\t\t\t\t\t\t<div data-slate-node=\"element\"><h3 class=\"\" data-start=\"696\" data-end=\"727\"><strong>Sp\u00e9cifications :<\/strong><\/h3><ul data-start=\"728\" data-end=\"953\"><li class=\"\" data-start=\"728\" data-end=\"772\"><p class=\"\" data-start=\"731\" data-end=\"772\"><strong data-start=\"731\" data-end=\"747\">Nom du produit<\/strong>: Le berceau pour le sommeil<\/p><\/li><li class=\"\" data-start=\"773\" data-end=\"803\"><p class=\"\" data-start=\"776\" data-end=\"803\"><strong data-start=\"776\" data-end=\"788\">Mat\u00e9riau<\/strong>: Coton doux<\/p><\/li><li class=\"\" data-start=\"804\" data-end=\"859\"><p class=\"\" data-start=\"807\" data-end=\"859\"><strong data-start=\"807\" data-end=\"821\">Dimensions<\/strong>Dimensions : 23,62 x 9,06 pouces (600 x 230 mm)<\/p><\/li><li class=\"\" data-start=\"860\" data-end=\"922\"><p class=\"\" data-start=\"863\" data-end=\"922\"><strong data-start=\"863\" data-end=\"886\">Inclus dans le paquet<\/strong>: 1 jouet apaisant, 1 t\u00e9l\u00e9commande<\/p><\/li><\/ul><\/div>\t\t\t\t\t\t\t\t<\/div>\n\t\t\t\t<\/div>\n\t\t\t\t\t<\/div>\n\t\t<\/div>\n\t\t\t\t\t<\/div>\n\t\t<\/section>\n\t\t\t\t<\/div>","protected":false},"excerpt":{"rendered":"<p>&#8220;<strong>Vous avez du mal \u00e0 endormir votre b\u00e9b\u00e9 ?<\/strong> Baby Patter for Sleep imite les caresses douces pour calmer votre petit. Achetez maintenant et b\u00e9n\u00e9ficiez de la livraison gratuite !\"<\/p>","protected":false},"featured_media":22594,"comment_status":"open","ping_status":"closed","template":"","meta":{"_acf_changed":false},"product_brand":[],"product_cat":[29],"product_tag":[1010,1011,1009,1008,1007,990,1006],"class_list":{"0":"post-22603","1":"product","2":"type-product","3":"status-publish","4":"has-post-thumbnail","6":"product_cat-best-baby-care","7":"product_tag-automatic-palm-for-soothing-baby","8":"product_tag-automatic-palm-slapping","9":"product_tag-baby-butt-patter","10":"product_tag-baby-soothing-palm-hand","11":"product_tag-baby-tapping-toy-for-sleep","12":"product_tag-patting-hand-for-baby-sleep","13":"product_tag-patting-soother-pillow-for-baby","15":"first","16":"instock","17":"sale","18":"taxable","19":"shipping-taxable","20":"purchasable","21":"product-type-variable","22":"wvs-archive-product-wrapper"},"acf":[],"_links":{"self":[{"href":"https:\/\/babyvk.com\/fr\/wp-json\/wp\/v2\/product\/22603","targetHints":{"allow":["GET"]}}],"collection":[{"href":"https:\/\/babyvk.com\/fr\/wp-json\/wp\/v2\/product"}],"about":[{"href":"https:\/\/babyvk.com\/fr\/wp-json\/wp\/v2\/types\/product"}],"replies":[{"embeddable":true,"href":"https:\/\/babyvk.com\/fr\/wp-json\/wp\/v2\/comments?post=22603"}],"version-history":[{"count":0,"href":"https:\/\/babyvk.com\/fr\/wp-json\/wp\/v2\/product\/22603\/revisions"}],"wp:featuredmedia":[{"embeddable":true,"href":"https:\/\/babyvk.com\/fr\/wp-json\/wp\/v2\/media\/22594"}],"wp:attachment":[{"href":"https:\/\/babyvk.com\/fr\/wp-json\/wp\/v2\/media?parent=22603"}],"wp:term":[{"taxonomy":"product_brand","embeddable":true,"href":"https:\/\/babyvk.com\/fr\/wp-json\/wp\/v2\/product_brand?post=22603"},{"taxonomy":"product_cat","embeddable":true,"href":"https:\/\/babyvk.com\/fr\/wp-json\/wp\/v2\/product_cat?post=22603"},{"taxonomy":"product_tag","embeddable":true,"href":"https:\/\/babyvk.com\/fr\/wp-json\/wp\/v2\/product_tag?post=22603"}],"curies":[{"name":"wp","href":"https:\/\/api.w.org\/{rel}","templated":true}]}}