{"id":22535,"date":"2025-04-04T20:39:11","date_gmt":"2025-04-04T20:39:11","guid":{"rendered":"https:\/\/babyvk.com\/?post_type=product&#038;p=22535"},"modified":"2025-04-04T21:24:59","modified_gmt":"2025-04-04T21:24:59","slug":"automatic-baby-formula-mixer","status":"publish","type":"product","link":"https:\/\/babyvk.com\/fr\/product\/automatic-baby-formula-mixer\/","title":{"rendered":"M\u00e9langeur automatique de lait maternis\u00e9"},"content":{"rendered":"<div data-elementor-type=\"product-post\" data-elementor-id=\"22535\" class=\"elementor elementor-22535\" data-elementor-post-type=\"product\">\n\t\t\t\t\t\t<section class=\"wd-negative-gap elementor-section elementor-top-section elementor-element elementor-element-5fe2e15 elementor-section-boxed elementor-section-height-default elementor-section-height-default\" data-id=\"5fe2e15\" data-element_type=\"section\">\n\t\t\t\t\t\t<div class=\"elementor-container elementor-column-gap-default\">\n\t\t\t\t\t<div class=\"elementor-column elementor-col-100 elementor-top-column elementor-element elementor-element-86cfee0\" data-id=\"86cfee0\" data-element_type=\"column\">\n\t\t\t<div class=\"elementor-widget-wrap elementor-element-populated\">\n\t\t\t\t\t\t<div class=\"elementor-element elementor-element-fd41709 elementor-widget elementor-widget-image\" data-id=\"fd41709\" data-element_type=\"widget\" data-widget_type=\"image.default\">\n\t\t\t\t<div class=\"elementor-widget-container\">\n\t\t\t\t\t\t\t\t\t\t\t\t\t\t\t<img fetchpriority=\"high\" decoding=\"async\" width=\"800\" height=\"800\" src=\"https:\/\/babyvk.com\/wp-content\/themes\/woodmart\/images\/lazy.svg\" data-src=\"https:\/\/babyvk.com\/wp-content\/uploads\/2025\/04\/baby-formula-maker-800x800.jpeg\" class=\"wd-lazy-blur attachment-large size-large wp-image-22523 wvs-archive-product-image\" alt=\"milk shaker baby\" srcset=\"\" data-srcset=\"https:\/\/babyvk.com\/wp-content\/uploads\/2025\/04\/baby-formula-maker-800x800.jpeg 800w, https:\/\/babyvk.com\/wp-content\/uploads\/2025\/04\/baby-formula-maker-300x300.jpeg 300w, https:\/\/babyvk.com\/wp-content\/uploads\/2025\/04\/baby-formula-maker-150x150.jpeg 150w, https:\/\/babyvk.com\/wp-content\/uploads\/2025\/04\/baby-formula-maker-768x768.jpeg 768w, https:\/\/babyvk.com\/wp-content\/uploads\/2025\/04\/baby-formula-maker-860x860.jpeg 860w, https:\/\/babyvk.com\/wp-content\/uploads\/2025\/04\/baby-formula-maker-430x430.jpeg 430w, https:\/\/babyvk.com\/wp-content\/uploads\/2025\/04\/baby-formula-maker-700x700.jpeg 700w, https:\/\/babyvk.com\/wp-content\/uploads\/2025\/04\/baby-formula-maker-100x100.jpeg 100w, https:\/\/babyvk.com\/wp-content\/uploads\/2025\/04\/baby-formula-maker-50x50.jpeg 50w, https:\/\/babyvk.com\/wp-content\/uploads\/2025\/04\/baby-formula-maker.jpeg 1000w\" sizes=\"(max-width: 800px) 100vw, 800px\" title=\"\">\t\t\t\t\t\t\t\t\t\t\t\t\t\t\t<\/div>\n\t\t\t\t<\/div>\n\t\t\t\t\t<\/div>\n\t\t<\/div>\n\t\t\t\t\t<\/div>\n\t\t<\/section>\n\t\t\t\t<section class=\"wd-negative-gap elementor-section elementor-top-section elementor-element elementor-element-437bef0 elementor-section-boxed elementor-section-height-default elementor-section-height-default\" data-id=\"437bef0\" data-element_type=\"section\">\n\t\t\t\t\t\t<div class=\"elementor-container elementor-column-gap-default\">\n\t\t\t\t\t<div class=\"elementor-column elementor-col-100 elementor-top-column elementor-element elementor-element-fe57f98\" data-id=\"fe57f98\" data-element_type=\"column\">\n\t\t\t<div class=\"elementor-widget-wrap elementor-element-populated\">\n\t\t\t\t\t\t<div class=\"elementor-element elementor-element-06324fa color-scheme-inherit text-left elementor-widget elementor-widget-text-editor\" data-id=\"06324fa\" data-element_type=\"widget\" data-widget_type=\"text-editor.default\">\n\t\t\t\t<div class=\"elementor-widget-container\">\n\t\t\t\t\t\t\t\t\t<h2 data-start=\"118\" data-end=\"197\">Caract\u00e9ristiques<\/h2><ol data-start=\"199\" data-end=\"1239\"><li class=\"\" data-start=\"199\" data-end=\"331\"><p class=\"\" data-start=\"202\" data-end=\"331\"><strong data-start=\"202\" data-end=\"228\">M\u00e9lange homog\u00e8ne, pas de grumeaux<\/strong><br data-start=\"228\" data-end=\"231\" \/>La commande intelligente par micro-ordinateur m\u00e9lange la formule et l'eau en profondeur, pour un r\u00e9sultat lisse et sans grumeaux \u00e0 chaque fois.<\/p><\/li><li class=\"\" data-start=\"333\" data-end=\"467\"><p class=\"\" data-start=\"336\" data-end=\"467\"><strong data-start=\"336\" data-end=\"367\">Moins de mousse, une digestion plus facile<\/strong><br data-start=\"367\" data-end=\"370\" \/>La rotation \u00e0 vitesse constante sur 360\u00b0 r\u00e9duit les bulles, prot\u00e8ge le ventre de votre b\u00e9b\u00e9 et pr\u00e9vient les gaz.<\/p><\/li><li class=\"\" data-start=\"469\" data-end=\"672\"><p class=\"\" data-start=\"472\" data-end=\"520\"><strong data-start=\"472\" data-end=\"518\">3 Modes de synchronisation pour diff\u00e9rents types de formules<\/strong><\/p><ul data-start=\"524\" data-end=\"672\"><li class=\"\" data-start=\"524\" data-end=\"568\"><p class=\"\" data-start=\"526\" data-end=\"568\">Mode 1 : pour une formule facilement dissoluble<\/p><\/li><li class=\"\" data-start=\"572\" data-end=\"614\"><p class=\"\" data-start=\"574\" data-end=\"614\">Mode 2 : pour une formule \u00e0 dissolution moyenne<\/p><\/li><li class=\"\" data-start=\"618\" data-end=\"672\"><p class=\"\" data-start=\"620\" data-end=\"672\">Mode 3 : pour les formules plus \u00e9paisses ou plus difficiles \u00e0 dissoudre<\/p><\/li><\/ul><\/li><li class=\"\" data-start=\"674\" data-end=\"794\"><p class=\"\" data-start=\"677\" data-end=\"794\"><strong data-start=\"677\" data-end=\"705\">Mains libres et gain de temps<\/strong><br data-start=\"705\" data-end=\"708\" \/>Fonctionnement \u00e0 l'aide d'un seul bouton - plus besoin de secouer \u00e0 la main. Permet d'\u00e9conomiser des efforts et de faciliter l'alimentation.<\/p><\/li><li class=\"\" data-start=\"796\" data-end=\"946\"><p class=\"\" data-start=\"799\" data-end=\"946\"><strong data-start=\"799\" data-end=\"840\">Compatible avec les bouteilles et autres boissons<\/strong><br data-start=\"840\" data-end=\"843\" \/>Convient aux bouteilles d'un diam\u00e8tre de 50 \u00e0 75 mm (2 \u00e0 3 pouces). Id\u00e9al pour m\u00e9langer le caf\u00e9, le jus de fruit, le th\u00e9, etc.<\/p><\/li><li class=\"\" data-start=\"948\" data-end=\"1077\"><p class=\"\" data-start=\"951\" data-end=\"1077\"><strong data-start=\"951\" data-end=\"981\">Base solide \u00e0 triple aspiration<\/strong><br data-start=\"981\" data-end=\"984\" \/>Trois ventouses puissantes maintiennent le mixeur stable sur les surfaces planes - pas de glissement ni de basculement.<\/p><\/li><li class=\"\" data-start=\"1079\" data-end=\"1239\"><p class=\"\" data-start=\"1082\" data-end=\"1239\"><strong data-start=\"1082\" data-end=\"1109\">Rechargeable et portable<\/strong><br data-start=\"1109\" data-end=\"1112\" \/>Batterie int\u00e9gr\u00e9e de 1 200 mAh avec charge de type C. Fonctionne avec les ordinateurs portables, les banques d'alimentation et les chargeurs de voiture - parfait pour la maison ou les voyages.<\/p><\/li><\/ol>\t\t\t\t\t\t\t\t<\/div>\n\t\t\t\t<\/div>\n\t\t\t\t\t<\/div>\n\t\t<\/div>\n\t\t\t\t\t<\/div>\n\t\t<\/section>\n\t\t\t\t<section class=\"wd-negative-gap elementor-section elementor-top-section elementor-element elementor-element-13f2587 elementor-section-boxed elementor-section-height-default elementor-section-height-default\" data-id=\"13f2587\" data-element_type=\"section\">\n\t\t\t\t\t\t<div class=\"elementor-container elementor-column-gap-default\">\n\t\t\t\t\t<div class=\"elementor-column elementor-col-100 elementor-top-column elementor-element elementor-element-b366d30\" data-id=\"b366d30\" data-element_type=\"column\">\n\t\t\t<div class=\"elementor-widget-wrap elementor-element-populated\">\n\t\t\t\t\t\t<div class=\"elementor-element elementor-element-3723fff elementor-widget elementor-widget-heading\" data-id=\"3723fff\" data-element_type=\"widget\" data-widget_type=\"heading.default\">\n\t\t\t\t<div class=\"elementor-widget-container\">\n\t\t\t\t\t<p class=\"elementor-heading-title elementor-size-default\">Remarque : ce m\u00e9langeur automatique de lait maternis\u00e9 ne convient qu'aux biberons d'un diam\u00e8tre de 50 \u00e0 75 mm. Les bouteilles avec des ouvertures plus petites peuvent glisser facilement. Utilisez les biberons en verre avec pr\u00e9caution.<\/p>\t\t\t\t<\/div>\n\t\t\t\t<\/div>\n\t\t\t\t<div class=\"elementor-element elementor-element-ffaa0bc elementor-widget elementor-widget-image\" data-id=\"ffaa0bc\" data-element_type=\"widget\" data-widget_type=\"image.default\">\n\t\t\t\t<div class=\"elementor-widget-container\">\n\t\t\t\t\t\t\t\t\t\t\t\t\t\t\t<img decoding=\"async\" width=\"800\" height=\"800\" src=\"https:\/\/babyvk.com\/wp-content\/themes\/woodmart\/images\/lazy.svg\" data-src=\"https:\/\/babyvk.com\/wp-content\/uploads\/2025\/04\/baby-bottle-shaker-800x800.jpeg\" class=\"wd-lazy-blur attachment-large size-large wp-image-22522 wvs-archive-product-image\" alt=\"agitateur \u00e9lectrique de biberons\" srcset=\"\" data-srcset=\"https:\/\/babyvk.com\/wp-content\/uploads\/2025\/04\/baby-bottle-shaker-800x800.jpeg 800w, https:\/\/babyvk.com\/wp-content\/uploads\/2025\/04\/baby-bottle-shaker-300x300.jpeg 300w, https:\/\/babyvk.com\/wp-content\/uploads\/2025\/04\/baby-bottle-shaker-150x150.jpeg 150w, https:\/\/babyvk.com\/wp-content\/uploads\/2025\/04\/baby-bottle-shaker-768x768.jpeg 768w, https:\/\/babyvk.com\/wp-content\/uploads\/2025\/04\/baby-bottle-shaker-860x860.jpeg 860w, https:\/\/babyvk.com\/wp-content\/uploads\/2025\/04\/baby-bottle-shaker-430x430.jpeg 430w, https:\/\/babyvk.com\/wp-content\/uploads\/2025\/04\/baby-bottle-shaker-700x700.jpeg 700w, https:\/\/babyvk.com\/wp-content\/uploads\/2025\/04\/baby-bottle-shaker-100x100.jpeg 100w, https:\/\/babyvk.com\/wp-content\/uploads\/2025\/04\/baby-bottle-shaker-50x50.jpeg 50w, https:\/\/babyvk.com\/wp-content\/uploads\/2025\/04\/baby-bottle-shaker.jpeg 1000w\" sizes=\"(max-width: 800px) 100vw, 800px\" title=\"\">\t\t\t\t\t\t\t\t\t\t\t\t\t\t\t<\/div>\n\t\t\t\t<\/div>\n\t\t\t\t<div class=\"elementor-element elementor-element-fb20435 elementor-widget elementor-widget-image\" data-id=\"fb20435\" data-element_type=\"widget\" data-widget_type=\"image.default\">\n\t\t\t\t<div class=\"elementor-widget-container\">\n\t\t\t\t\t\t\t\t\t\t\t\t\t\t\t<img decoding=\"async\" width=\"651\" height=\"800\" src=\"https:\/\/babyvk.com\/wp-content\/themes\/woodmart\/images\/lazy.svg\" data-src=\"https:\/\/babyvk.com\/wp-content\/uploads\/2025\/04\/bottle-maker-formula-machine-1-651x800.jpg\" class=\"wd-lazy-blur attachment-large size-large wp-image-22544 wvs-archive-product-image\" alt=\"M\u00e9langeur automatique de lait maternis\u00e9\" srcset=\"\" data-srcset=\"https:\/\/babyvk.com\/wp-content\/uploads\/2025\/04\/bottle-maker-formula-machine-1-651x800.jpg 651w, https:\/\/babyvk.com\/wp-content\/uploads\/2025\/04\/bottle-maker-formula-machine-1-244x300.jpg 244w, https:\/\/babyvk.com\/wp-content\/uploads\/2025\/04\/bottle-maker-formula-machine-1-430x528.jpg 430w, https:\/\/babyvk.com\/wp-content\/uploads\/2025\/04\/bottle-maker-formula-machine-1-700x860.jpg 700w, https:\/\/babyvk.com\/wp-content\/uploads\/2025\/04\/bottle-maker-formula-machine-1-100x123.jpg 100w, https:\/\/babyvk.com\/wp-content\/uploads\/2025\/04\/bottle-maker-formula-machine-1.jpg 751w\" sizes=\"(max-width: 651px) 100vw, 651px\" title=\"\">\t\t\t\t\t\t\t\t\t\t\t\t\t\t\t<\/div>\n\t\t\t\t<\/div>\n\t\t\t\t\t<\/div>\n\t\t<\/div>\n\t\t\t\t\t<\/div>\n\t\t<\/section>\n\t\t\t\t<section class=\"wd-negative-gap elementor-section elementor-top-section elementor-element elementor-element-e8e45dc elementor-section-boxed elementor-section-height-default elementor-section-height-default\" data-id=\"e8e45dc\" data-element_type=\"section\">\n\t\t\t\t\t\t<div class=\"elementor-container elementor-column-gap-default\">\n\t\t\t\t\t<div class=\"elementor-column elementor-col-100 elementor-top-column elementor-element elementor-element-0f1fdcc\" data-id=\"0f1fdcc\" data-element_type=\"column\">\n\t\t\t<div class=\"elementor-widget-wrap elementor-element-populated\">\n\t\t\t\t\t\t<div class=\"elementor-element elementor-element-a703aeb color-scheme-inherit text-left elementor-widget elementor-widget-text-editor\" data-id=\"a703aeb\" data-element_type=\"widget\" data-widget_type=\"text-editor.default\">\n\t\t\t\t<div class=\"elementor-widget-container\">\n\t\t\t\t\t\t\t\t\t<h3 class=\"\" data-start=\"73\" data-end=\"103\"><strong data-start=\"77\" data-end=\"103\">Sp\u00e9cifications des produits<\/strong><\/h3><ul data-start=\"105\" data-end=\"770\"><li class=\"\" data-start=\"105\" data-end=\"155\"><p class=\"\" data-start=\"107\" data-end=\"155\"><strong data-start=\"107\" data-end=\"124\">Nom du produit :<\/strong> M\u00e9langeur automatique de lait maternis\u00e9<\/p><\/li><li class=\"\" data-start=\"156\" data-end=\"222\"><p class=\"\" data-start=\"158\" data-end=\"222\"><strong data-start=\"158\" data-end=\"173\">Dimensions :<\/strong> 12,7 \u00d7 12,7 \u00d7 12,2 cm (5,0 \u00d7 5,0 \u00d7 4,8 pouces)<\/p><\/li><li class=\"\" data-start=\"283\" data-end=\"354\"><p class=\"\" data-start=\"285\" data-end=\"354\"><strong data-start=\"285\" data-end=\"298\">Mat\u00e9riau :<\/strong> Plastique sans BPA, ABS<\/p><\/li><li class=\"\" data-start=\"355\" data-end=\"403\"><p class=\"\" data-start=\"357\" data-end=\"403\"><strong data-start=\"357\" data-end=\"378\">Capacit\u00e9 de la batterie :<\/strong> 1200mAh (rechargeable)<\/p><\/li><li class=\"\" data-start=\"404\" data-end=\"433\"><p class=\"\" data-start=\"406\" data-end=\"433\"><strong data-start=\"406\" data-end=\"424\">Port de charge :<\/strong> Type-C<\/p><\/li><li class=\"\" data-start=\"434\" data-end=\"520\"><p class=\"\" data-start=\"436\" data-end=\"520\"><strong data-start=\"436\" data-end=\"461\">Compatibilit\u00e9 avec les bouteilles :<\/strong> Convient aux bouteilles d'un diam\u00e8tre compris entre 50 et 75 mm (2-3 pouces)<\/p><\/li><li class=\"\" data-start=\"521\" data-end=\"564\"><p class=\"\" data-start=\"523\" data-end=\"564\"><strong data-start=\"523\" data-end=\"540\">Modes de mixage :<\/strong> 3 modes<\/p><\/li><li class=\"\" data-start=\"565\" data-end=\"618\"><p class=\"\" data-start=\"567\" data-end=\"618\"><strong data-start=\"567\" data-end=\"587\">M\u00e9thode de rotation :<\/strong> Rotation \u00e0 vitesse constante sur 360<\/p><\/li><li class=\"\" data-start=\"674\" data-end=\"770\"><p class=\"\" data-start=\"676\" data-end=\"770\"><strong data-start=\"676\" data-end=\"694\">Fonctionnalit\u00e9 :<\/strong> Convient pour m\u00e9langer le lait maternis\u00e9, le lait maternel, le caf\u00e9, le th\u00e9, le jus, etc.<\/p><\/li><\/ul>\t\t\t\t\t\t\t\t<\/div>\n\t\t\t\t<\/div>\n\t\t\t\t<div class=\"elementor-element elementor-element-2ecf009 elementor-widget elementor-widget-image\" data-id=\"2ecf009\" data-element_type=\"widget\" data-widget_type=\"image.default\">\n\t\t\t\t<div class=\"elementor-widget-container\">\n\t\t\t\t\t\t\t\t\t\t\t\t\t\t\t<img loading=\"lazy\" decoding=\"async\" width=\"493\" height=\"493\" src=\"https:\/\/babyvk.com\/wp-content\/themes\/woodmart\/images\/lazy.svg\" data-src=\"https:\/\/babyvk.com\/wp-content\/uploads\/2025\/04\/electric-baby-bottle-shaker.jpg\" class=\"wd-lazy-blur attachment-full size-full wp-image-22536 wvs-archive-product-image\" alt=\"m\u00e9langeur de lait maternis\u00e9\" srcset=\"\" data-srcset=\"https:\/\/babyvk.com\/wp-content\/uploads\/2025\/04\/electric-baby-bottle-shaker.jpg 493w, https:\/\/babyvk.com\/wp-content\/uploads\/2025\/04\/electric-baby-bottle-shaker-300x300.jpg 300w, https:\/\/babyvk.com\/wp-content\/uploads\/2025\/04\/electric-baby-bottle-shaker-150x150.jpg 150w, https:\/\/babyvk.com\/wp-content\/uploads\/2025\/04\/electric-baby-bottle-shaker-430x430.jpg 430w, https:\/\/babyvk.com\/wp-content\/uploads\/2025\/04\/electric-baby-bottle-shaker-100x100.jpg 100w, https:\/\/babyvk.com\/wp-content\/uploads\/2025\/04\/electric-baby-bottle-shaker-50x50.jpg 50w\" sizes=\"(max-width: 493px) 100vw, 493px\" title=\"\">\t\t\t\t\t\t\t\t\t\t\t\t\t\t\t<\/div>\n\t\t\t\t<\/div>\n\t\t\t\t\t<\/div>\n\t\t<\/div>\n\t\t\t\t\t<\/div>\n\t\t<\/section>\n\t\t\t\t<\/div>","protected":false},"excerpt":{"rendered":"<p>Caract\u00e9ristiques M\u00e9lange homog\u00e8ne, pas de grumeauxLa commande intelligente par micro-ordinateur m\u00e9lange la formule et l'eau de mani\u00e8re homog\u00e8ne et sans grumeaux \u00e0 chaque fois. Moins de mousse, une digestion plus facile360\u00b0.<\/p>","protected":false},"featured_media":22524,"comment_status":"open","ping_status":"closed","template":"","meta":{"_acf_changed":false},"product_brand":[],"product_cat":[508],"product_tag":[1002,999,1004,1001,1000,1003],"class_list":{"0":"post-22535","1":"product","2":"type-product","3":"status-publish","4":"has-post-thumbnail","6":"product_cat-best-baby-feeding","7":"product_tag-baby-formula-maker","8":"product_tag-baby-milk-shaker","9":"product_tag-electric-automatic-infant-bottle-shaker","10":"product_tag-electric-baby-bottle-shaker","11":"product_tag-formula-shaker","12":"product_tag-usb-charging-baby-milk-bottle-shaker","14":"first","15":"instock","16":"taxable","17":"shipping-taxable","18":"purchasable","19":"product-type-variable","20":"wvs-archive-product-wrapper"},"acf":[],"_links":{"self":[{"href":"https:\/\/babyvk.com\/fr\/wp-json\/wp\/v2\/product\/22535","targetHints":{"allow":["GET"]}}],"collection":[{"href":"https:\/\/babyvk.com\/fr\/wp-json\/wp\/v2\/product"}],"about":[{"href":"https:\/\/babyvk.com\/fr\/wp-json\/wp\/v2\/types\/product"}],"replies":[{"embeddable":true,"href":"https:\/\/babyvk.com\/fr\/wp-json\/wp\/v2\/comments?post=22535"}],"version-history":[{"count":0,"href":"https:\/\/babyvk.com\/fr\/wp-json\/wp\/v2\/product\/22535\/revisions"}],"wp:featuredmedia":[{"embeddable":true,"href":"https:\/\/babyvk.com\/fr\/wp-json\/wp\/v2\/media\/22524"}],"wp:attachment":[{"href":"https:\/\/babyvk.com\/fr\/wp-json\/wp\/v2\/media?parent=22535"}],"wp:term":[{"taxonomy":"product_brand","embeddable":true,"href":"https:\/\/babyvk.com\/fr\/wp-json\/wp\/v2\/product_brand?post=22535"},{"taxonomy":"product_cat","embeddable":true,"href":"https:\/\/babyvk.com\/fr\/wp-json\/wp\/v2\/product_cat?post=22535"},{"taxonomy":"product_tag","embeddable":true,"href":"https:\/\/babyvk.com\/fr\/wp-json\/wp\/v2\/product_tag?post=22535"}],"curies":[{"name":"wp","href":"https:\/\/api.w.org\/{rel}","templated":true}]}}