{"id":22484,"date":"2025-04-01T17:03:43","date_gmt":"2025-04-01T17:03:43","guid":{"rendered":"https:\/\/babyvk.com\/?post_type=product&#038;p=22484"},"modified":"2025-04-01T18:14:51","modified_gmt":"2025-04-01T18:14:51","slug":"inflatable-baby-seat","status":"publish","type":"product","link":"https:\/\/babyvk.com\/fr\/product\/inflatable-baby-seat\/","title":{"rendered":"Si\u00e8ge b\u00e9b\u00e9 gonflable"},"content":{"rendered":"<div data-elementor-type=\"product-post\" data-elementor-id=\"22484\" class=\"elementor elementor-22484\" data-elementor-post-type=\"product\">\n\t\t\t\t\t\t<section class=\"wd-negative-gap elementor-section elementor-top-section elementor-element elementor-element-b1a11f5 elementor-section-boxed elementor-section-height-default elementor-section-height-default\" data-id=\"b1a11f5\" data-element_type=\"section\">\n\t\t\t\t\t\t<div class=\"elementor-container elementor-column-gap-default\">\n\t\t\t\t\t<div class=\"elementor-column elementor-col-100 elementor-top-column elementor-element elementor-element-85daf0c\" data-id=\"85daf0c\" data-element_type=\"column\">\n\t\t\t<div class=\"elementor-widget-wrap elementor-element-populated\">\n\t\t\t\t\t\t<div class=\"elementor-element elementor-element-67af729 color-scheme-inherit text-left elementor-widget elementor-widget-text-editor\" data-id=\"67af729\" data-element_type=\"widget\" data-widget_type=\"text-editor.default\">\n\t\t\t\t<div class=\"elementor-widget-container\">\n\t\t\t\t\t\t\t\t\t<p class=\"\" data-start=\"0\" data-end=\"80\"><strong data-start=\"0\" data-end=\"78\">A propos de cet article :<\/strong><\/p><ul data-start=\"82\" data-end=\"829\"><li class=\"\" data-start=\"82\" data-end=\"263\"><p class=\"\" data-start=\"85\" data-end=\"263\"><strong data-start=\"85\" data-end=\"118\">Conception ergonomique et de soutien<\/strong> - Il est dot\u00e9 d'un dossier haut, d'accoudoirs sur\u00e9lev\u00e9s et d'airbags sup\u00e9rieurs int\u00e9gr\u00e9s pour soutenir la colonne vert\u00e9brale, la t\u00eate et la posture de l'enfant tout en \u00e9vitant qu'il ne bascule.<\/p><\/li><li class=\"\" data-start=\"264\" data-end=\"410\"><p class=\"\" data-start=\"267\" data-end=\"410\"><strong data-start=\"267\" data-end=\"293\">Gonflage rapide et facile<\/strong> - Se gonfle en seulement 3 minutes gr\u00e2ce \u00e0 une pompe \u00e0 air int\u00e9gr\u00e9e ; se d\u00e9gonfle facilement et se plie de mani\u00e8re compacte pour le voyage et le stockage.<\/p><\/li><li class=\"\" data-start=\"411\" data-end=\"554\"><p class=\"\" data-start=\"414\" data-end=\"554\"><strong data-start=\"414\" data-end=\"448\">Mat\u00e9riaux s\u00fbrs et adapt\u00e9s aux b\u00e9b\u00e9s<\/strong> - Fabriqu\u00e9 en PVC non toxique de haute qualit\u00e9, il est durable, \u00e9tanche, inodore et doux pour la peau.<\/p><\/li><li class=\"\" data-start=\"555\" data-end=\"692\"><p class=\"\" data-start=\"558\" data-end=\"692\"><strong data-start=\"558\" data-end=\"575\">Utilisation polyvalente<\/strong> - Id\u00e9al pour s'asseoir, se nourrir, jouer, raconter des histoires, et m\u00eame comme si\u00e8ge de plage ou de camping pour les aventures de voyage.<\/p><\/li><li class=\"\" data-start=\"693\" data-end=\"829\"><p class=\"\" data-start=\"696\" data-end=\"829\"><strong data-start=\"696\" data-end=\"724\">Id\u00e9al pour les b\u00e9b\u00e9s en pleine croissance<\/strong> - Convient aux b\u00e9b\u00e9s de 3 mois et plus, supportant jusqu'\u00e0 67 livres ; constitue un cadeau parfait pour les nouveaux parents.<\/p><\/li><\/ul>\t\t\t\t\t\t\t\t<\/div>\n\t\t\t\t<\/div>\n\t\t\t\t\t<\/div>\n\t\t<\/div>\n\t\t\t\t\t<\/div>\n\t\t<\/section>\n\t\t\t\t<section class=\"wd-negative-gap elementor-section elementor-top-section elementor-element elementor-element-8d801e6 elementor-section-boxed elementor-section-height-default elementor-section-height-default\" data-id=\"8d801e6\" data-element_type=\"section\">\n\t\t\t\t\t\t<div class=\"elementor-container elementor-column-gap-default\">\n\t\t\t\t\t<div class=\"elementor-column elementor-col-100 elementor-top-column elementor-element elementor-element-158574c\" data-id=\"158574c\" data-element_type=\"column\">\n\t\t\t<div class=\"elementor-widget-wrap elementor-element-populated\">\n\t\t\t\t\t\t<div class=\"elementor-element elementor-element-1d9e95a elementor-widget elementor-widget-image\" data-id=\"1d9e95a\" data-element_type=\"widget\" data-widget_type=\"image.default\">\n\t\t\t\t<div class=\"elementor-widget-container\">\n\t\t\t\t\t\t\t\t\t\t\t\t\t\t\t<img fetchpriority=\"high\" decoding=\"async\" width=\"800\" height=\"800\" src=\"https:\/\/babyvk.com\/wp-content\/themes\/woodmart\/images\/lazy.svg\" data-src=\"https:\/\/babyvk.com\/wp-content\/uploads\/2025\/04\/blow-up-baby-seat.jpg\" class=\"wd-lazy-blur attachment-large size-large wp-image-22482 wvs-archive-product-image\" alt=\"baby seats for sitting up 3-12 months\" srcset=\"\" data-srcset=\"https:\/\/babyvk.com\/wp-content\/uploads\/2025\/04\/blow-up-baby-seat.jpg 800w, https:\/\/babyvk.com\/wp-content\/uploads\/2025\/04\/blow-up-baby-seat-300x300.jpg 300w, https:\/\/babyvk.com\/wp-content\/uploads\/2025\/04\/blow-up-baby-seat-150x150.jpg 150w, https:\/\/babyvk.com\/wp-content\/uploads\/2025\/04\/blow-up-baby-seat-768x768.jpg 768w, https:\/\/babyvk.com\/wp-content\/uploads\/2025\/04\/blow-up-baby-seat-430x430.jpg 430w, https:\/\/babyvk.com\/wp-content\/uploads\/2025\/04\/blow-up-baby-seat-700x700.jpg 700w, https:\/\/babyvk.com\/wp-content\/uploads\/2025\/04\/blow-up-baby-seat-100x100.jpg 100w, https:\/\/babyvk.com\/wp-content\/uploads\/2025\/04\/blow-up-baby-seat-50x50.jpg 50w\" sizes=\"(max-width: 800px) 100vw, 800px\" title=\"\">\t\t\t\t\t\t\t\t\t\t\t\t\t\t\t<\/div>\n\t\t\t\t<\/div>\n\t\t\t\t<div class=\"elementor-element elementor-element-fabcc9c elementor-widget elementor-widget-image\" data-id=\"fabcc9c\" data-element_type=\"widget\" data-widget_type=\"image.default\">\n\t\t\t\t<div class=\"elementor-widget-container\">\n\t\t\t\t\t\t\t\t\t\t\t\t\t\t\t<img decoding=\"async\" width=\"800\" height=\"800\" src=\"https:\/\/babyvk.com\/wp-content\/themes\/woodmart\/images\/lazy.svg\" data-src=\"https:\/\/babyvk.com\/wp-content\/uploads\/2025\/04\/blow-up-baby-chair-800x800.jpg\" class=\"wd-lazy-blur attachment-large size-large wp-image-22481 wvs-archive-product-image\" alt=\"inflatable chair for baby\" srcset=\"\" data-srcset=\"https:\/\/babyvk.com\/wp-content\/uploads\/2025\/04\/blow-up-baby-chair-800x800.jpg 800w, https:\/\/babyvk.com\/wp-content\/uploads\/2025\/04\/blow-up-baby-chair-300x300.jpg 300w, https:\/\/babyvk.com\/wp-content\/uploads\/2025\/04\/blow-up-baby-chair-150x150.jpg 150w, https:\/\/babyvk.com\/wp-content\/uploads\/2025\/04\/blow-up-baby-chair-768x768.jpg 768w, https:\/\/babyvk.com\/wp-content\/uploads\/2025\/04\/blow-up-baby-chair-1536x1536.jpg 1536w, https:\/\/babyvk.com\/wp-content\/uploads\/2025\/04\/blow-up-baby-chair-860x860.jpg 860w, https:\/\/babyvk.com\/wp-content\/uploads\/2025\/04\/blow-up-baby-chair-1320x1320.jpg 1320w, https:\/\/babyvk.com\/wp-content\/uploads\/2025\/04\/blow-up-baby-chair-430x430.jpg 430w, https:\/\/babyvk.com\/wp-content\/uploads\/2025\/04\/blow-up-baby-chair-700x700.jpg 700w, https:\/\/babyvk.com\/wp-content\/uploads\/2025\/04\/blow-up-baby-chair-100x100.jpg 100w, https:\/\/babyvk.com\/wp-content\/uploads\/2025\/04\/blow-up-baby-chair-50x50.jpg 50w, https:\/\/babyvk.com\/wp-content\/uploads\/2025\/04\/blow-up-baby-chair.jpg 1600w\" sizes=\"(max-width: 800px) 100vw, 800px\" title=\"\">\t\t\t\t\t\t\t\t\t\t\t\t\t\t\t<\/div>\n\t\t\t\t<\/div>\n\t\t\t\t\t<\/div>\n\t\t<\/div>\n\t\t\t\t\t<\/div>\n\t\t<\/section>\n\t\t\t\t<section class=\"wd-negative-gap elementor-section elementor-top-section elementor-element elementor-element-df635b3 elementor-section-boxed elementor-section-height-default elementor-section-height-default\" data-id=\"df635b3\" data-element_type=\"section\">\n\t\t\t\t\t\t<div class=\"elementor-container elementor-column-gap-default\">\n\t\t\t\t\t<div class=\"elementor-column elementor-col-100 elementor-top-column elementor-element elementor-element-fe8b0db\" data-id=\"fe8b0db\" data-element_type=\"column\">\n\t\t\t<div class=\"elementor-widget-wrap elementor-element-populated\">\n\t\t\t\t\t\t<div class=\"elementor-element elementor-element-c7c12bf elementor-widget elementor-widget-heading\" data-id=\"c7c12bf\" data-element_type=\"widget\" data-widget_type=\"heading.default\">\n\t\t\t\t<div class=\"elementor-widget-container\">\n\t\t\t\t\t<h2 class=\"elementor-heading-title elementor-size-default\">Comment utiliser ce si\u00e8ge b\u00e9b\u00e9 gonflable ?<\/h2>\t\t\t\t<\/div>\n\t\t\t\t<\/div>\n\t\t\t\t\t<\/div>\n\t\t<\/div>\n\t\t\t\t\t<\/div>\n\t\t<\/section>\n\t\t\t\t<section class=\"wd-negative-gap elementor-section elementor-top-section elementor-element elementor-element-0c6bcc4 elementor-section-boxed elementor-section-height-default elementor-section-height-default\" data-id=\"0c6bcc4\" data-element_type=\"section\">\n\t\t\t\t\t\t<div class=\"elementor-container elementor-column-gap-default\">\n\t\t\t\t\t<div class=\"elementor-column elementor-col-100 elementor-top-column elementor-element elementor-element-f148c6d\" data-id=\"f148c6d\" data-element_type=\"column\">\n\t\t\t<div class=\"elementor-widget-wrap elementor-element-populated\">\n\t\t\t\t\t\t<div class=\"elementor-element elementor-element-2ac37ac elementor-widget elementor-widget-image\" data-id=\"2ac37ac\" data-element_type=\"widget\" data-widget_type=\"image.default\">\n\t\t\t\t<div class=\"elementor-widget-container\">\n\t\t\t\t\t\t\t\t\t\t\t\t\t\t\t<img decoding=\"async\" width=\"800\" height=\"800\" src=\"https:\/\/babyvk.com\/wp-content\/themes\/woodmart\/images\/lazy.svg\" data-src=\"https:\/\/babyvk.com\/wp-content\/uploads\/2025\/04\/inflatable-booster-seat-for-kids-800x800.jpg\" class=\"wd-lazy-blur attachment-large size-large wp-image-22475 wvs-archive-product-image\" alt=\"chaise b\u00e9b\u00e9 gonflable\" srcset=\"\" data-srcset=\"https:\/\/babyvk.com\/wp-content\/uploads\/2025\/04\/inflatable-booster-seat-for-kids-800x800.jpg 800w, https:\/\/babyvk.com\/wp-content\/uploads\/2025\/04\/inflatable-booster-seat-for-kids-300x300.jpg 300w, https:\/\/babyvk.com\/wp-content\/uploads\/2025\/04\/inflatable-booster-seat-for-kids-150x150.jpg 150w, https:\/\/babyvk.com\/wp-content\/uploads\/2025\/04\/inflatable-booster-seat-for-kids-768x768.jpg 768w, https:\/\/babyvk.com\/wp-content\/uploads\/2025\/04\/inflatable-booster-seat-for-kids-1536x1536.jpg 1536w, https:\/\/babyvk.com\/wp-content\/uploads\/2025\/04\/inflatable-booster-seat-for-kids-860x860.jpg 860w, https:\/\/babyvk.com\/wp-content\/uploads\/2025\/04\/inflatable-booster-seat-for-kids-1320x1320.jpg 1320w, https:\/\/babyvk.com\/wp-content\/uploads\/2025\/04\/inflatable-booster-seat-for-kids-430x430.jpg 430w, https:\/\/babyvk.com\/wp-content\/uploads\/2025\/04\/inflatable-booster-seat-for-kids-700x700.jpg 700w, https:\/\/babyvk.com\/wp-content\/uploads\/2025\/04\/inflatable-booster-seat-for-kids-100x100.jpg 100w, https:\/\/babyvk.com\/wp-content\/uploads\/2025\/04\/inflatable-booster-seat-for-kids-50x50.jpg 50w, https:\/\/babyvk.com\/wp-content\/uploads\/2025\/04\/inflatable-booster-seat-for-kids.jpg 1600w\" sizes=\"(max-width: 800px) 100vw, 800px\" title=\"\">\t\t\t\t\t\t\t\t\t\t\t\t\t\t\t<\/div>\n\t\t\t\t<\/div>\n\t\t\t\t<div class=\"elementor-element elementor-element-3f4a8cc elementor-widget elementor-widget-image\" data-id=\"3f4a8cc\" data-element_type=\"widget\" data-widget_type=\"image.default\">\n\t\t\t\t<div class=\"elementor-widget-container\">\n\t\t\t\t\t\t\t\t\t\t\t\t\t\t\t<img loading=\"lazy\" decoding=\"async\" width=\"800\" height=\"800\" src=\"https:\/\/babyvk.com\/wp-content\/themes\/woodmart\/images\/lazy.svg\" data-src=\"https:\/\/babyvk.com\/wp-content\/uploads\/2025\/04\/baby-chair-sit-me-up-800x800.jpg\" class=\"wd-lazy-blur attachment-large size-large wp-image-22476 wvs-archive-product-image\" alt=\"si\u00e8ge de sol pour b\u00e9b\u00e9\" srcset=\"\" data-srcset=\"https:\/\/babyvk.com\/wp-content\/uploads\/2025\/04\/baby-chair-sit-me-up-800x800.jpg 800w, https:\/\/babyvk.com\/wp-content\/uploads\/2025\/04\/baby-chair-sit-me-up-300x300.jpg 300w, https:\/\/babyvk.com\/wp-content\/uploads\/2025\/04\/baby-chair-sit-me-up-150x150.jpg 150w, https:\/\/babyvk.com\/wp-content\/uploads\/2025\/04\/baby-chair-sit-me-up-768x768.jpg 768w, https:\/\/babyvk.com\/wp-content\/uploads\/2025\/04\/baby-chair-sit-me-up-1536x1536.jpg 1536w, https:\/\/babyvk.com\/wp-content\/uploads\/2025\/04\/baby-chair-sit-me-up-860x860.jpg 860w, https:\/\/babyvk.com\/wp-content\/uploads\/2025\/04\/baby-chair-sit-me-up-1320x1320.jpg 1320w, https:\/\/babyvk.com\/wp-content\/uploads\/2025\/04\/baby-chair-sit-me-up-430x430.jpg 430w, https:\/\/babyvk.com\/wp-content\/uploads\/2025\/04\/baby-chair-sit-me-up-700x700.jpg 700w, https:\/\/babyvk.com\/wp-content\/uploads\/2025\/04\/baby-chair-sit-me-up-100x100.jpg 100w, https:\/\/babyvk.com\/wp-content\/uploads\/2025\/04\/baby-chair-sit-me-up-50x50.jpg 50w, https:\/\/babyvk.com\/wp-content\/uploads\/2025\/04\/baby-chair-sit-me-up.jpg 1600w\" sizes=\"(max-width: 800px) 100vw, 800px\" title=\"\">\t\t\t\t\t\t\t\t\t\t\t\t\t\t\t<\/div>\n\t\t\t\t<\/div>\n\t\t\t\t\t<\/div>\n\t\t<\/div>\n\t\t\t\t\t<\/div>\n\t\t<\/section>\n\t\t\t\t<\/div>","protected":false},"excerpt":{"rendered":"<p>&#8220;<strong>Vous avez besoin d'un moyen s\u00fbr d'aider votre b\u00e9b\u00e9 \u00e0 s'asseoir ?<\/strong> Le si\u00e8ge gonflable pour b\u00e9b\u00e9 offre un soutien solide au niveau du dos et des bras, ce qui permet \u00e0 votre enfant de rester stable et confortable. Achetez maintenant et b\u00e9n\u00e9ficiez de la livraison gratuite !\"<\/p>","protected":false},"featured_media":22473,"comment_status":"open","ping_status":"closed","template":"","meta":{"_acf_changed":false},"product_brand":[],"product_cat":[29],"product_tag":[998,995,996,997,994,993],"class_list":{"0":"post-22484","1":"product","2":"type-product","3":"status-publish","4":"has-post-thumbnail","6":"product_cat-best-baby-care","7":"product_tag-baby-chair-sit-me-up","8":"product_tag-baby-floor-seat","9":"product_tag-baby-inflatable-seat","10":"product_tag-blow-up-baby-seat","11":"product_tag-inflatable-baby-chair","12":"product_tag-inflatable-baby-seat","14":"first","15":"instock","16":"sale","17":"taxable","18":"shipping-taxable","19":"purchasable","20":"product-type-variable","21":"wvs-archive-product-wrapper"},"acf":[],"_links":{"self":[{"href":"https:\/\/babyvk.com\/fr\/wp-json\/wp\/v2\/product\/22484","targetHints":{"allow":["GET"]}}],"collection":[{"href":"https:\/\/babyvk.com\/fr\/wp-json\/wp\/v2\/product"}],"about":[{"href":"https:\/\/babyvk.com\/fr\/wp-json\/wp\/v2\/types\/product"}],"replies":[{"embeddable":true,"href":"https:\/\/babyvk.com\/fr\/wp-json\/wp\/v2\/comments?post=22484"}],"version-history":[{"count":0,"href":"https:\/\/babyvk.com\/fr\/wp-json\/wp\/v2\/product\/22484\/revisions"}],"wp:featuredmedia":[{"embeddable":true,"href":"https:\/\/babyvk.com\/fr\/wp-json\/wp\/v2\/media\/22473"}],"wp:attachment":[{"href":"https:\/\/babyvk.com\/fr\/wp-json\/wp\/v2\/media?parent=22484"}],"wp:term":[{"taxonomy":"product_brand","embeddable":true,"href":"https:\/\/babyvk.com\/fr\/wp-json\/wp\/v2\/product_brand?post=22484"},{"taxonomy":"product_cat","embeddable":true,"href":"https:\/\/babyvk.com\/fr\/wp-json\/wp\/v2\/product_cat?post=22484"},{"taxonomy":"product_tag","embeddable":true,"href":"https:\/\/babyvk.com\/fr\/wp-json\/wp\/v2\/product_tag?post=22484"}],"curies":[{"name":"wp","href":"https:\/\/api.w.org\/{rel}","templated":true}]}}