{"id":22449,"date":"2025-03-31T17:59:06","date_gmt":"2025-03-31T17:59:06","guid":{"rendered":"https:\/\/babyvk.com\/?post_type=product&#038;p=22449"},"modified":"2025-12-23T01:32:19","modified_gmt":"2025-12-23T01:32:19","slug":"baby-soothing-palm","status":"publish","type":"product","link":"https:\/\/babyvk.com\/fr\/product\/baby-soothing-palm\/","title":{"rendered":"Palmier apaisant pour le sommeil de b\u00e9b\u00e9"},"content":{"rendered":"<div data-elementor-type=\"product-post\" data-elementor-id=\"22449\" class=\"elementor elementor-22449\" data-elementor-post-type=\"product\">\n\t\t\t\t\t\t<section class=\"wd-negative-gap elementor-section elementor-top-section elementor-element elementor-element-14d1bce elementor-section-boxed elementor-section-height-default elementor-section-height-default\" data-id=\"14d1bce\" data-element_type=\"section\">\n\t\t\t\t\t\t<div class=\"elementor-container elementor-column-gap-default\">\n\t\t\t\t\t<div class=\"elementor-column elementor-col-100 elementor-top-column elementor-element elementor-element-6343d16\" data-id=\"6343d16\" data-element_type=\"column\">\n\t\t\t<div class=\"elementor-widget-wrap elementor-element-populated\">\n\t\t\t\t\t\t<div class=\"elementor-element elementor-element-ad5c55e elementor-widget elementor-widget-image\" data-id=\"ad5c55e\" data-element_type=\"widget\" data-widget_type=\"image.default\">\n\t\t\t\t<div class=\"elementor-widget-container\">\n\t\t\t\t\t\t\t\t\t\t\t\t\t\t\t<img fetchpriority=\"high\" decoding=\"async\" width=\"800\" height=\"800\" src=\"https:\/\/babyvk.com\/wp-content\/themes\/woodmart\/images\/lazy.svg\" data-src=\"https:\/\/babyvk.com\/wp-content\/uploads\/2025\/03\/baby-patter-for-sleep-800x800.jpg\" class=\"wd-lazy-blur attachment-large size-large wp-image-22447 wvs-archive-product-image\" alt=\"Oreiller automatique \u00e0 tapoter les fesses\" srcset=\"\" data-srcset=\"https:\/\/babyvk.com\/wp-content\/uploads\/2025\/03\/baby-patter-for-sleep-800x800.jpg 800w, https:\/\/babyvk.com\/wp-content\/uploads\/2025\/03\/baby-patter-for-sleep-300x300.jpg 300w, https:\/\/babyvk.com\/wp-content\/uploads\/2025\/03\/baby-patter-for-sleep-150x150.jpg 150w, https:\/\/babyvk.com\/wp-content\/uploads\/2025\/03\/baby-patter-for-sleep-768x768.jpg 768w, https:\/\/babyvk.com\/wp-content\/uploads\/2025\/03\/baby-patter-for-sleep-860x860.jpg 860w, https:\/\/babyvk.com\/wp-content\/uploads\/2025\/03\/baby-patter-for-sleep-1320x1320.jpg 1320w, https:\/\/babyvk.com\/wp-content\/uploads\/2025\/03\/baby-patter-for-sleep-430x430.jpg 430w, https:\/\/babyvk.com\/wp-content\/uploads\/2025\/03\/baby-patter-for-sleep-700x700.jpg 700w, https:\/\/babyvk.com\/wp-content\/uploads\/2025\/03\/baby-patter-for-sleep-100x100.jpg 100w, https:\/\/babyvk.com\/wp-content\/uploads\/2025\/03\/baby-patter-for-sleep-50x50.jpg 50w, https:\/\/babyvk.com\/wp-content\/uploads\/2025\/03\/baby-patter-for-sleep.jpg 1500w\" sizes=\"(max-width: 800px) 100vw, 800px\" title=\"\">\t\t\t\t\t\t\t\t\t\t\t\t\t\t\t<\/div>\n\t\t\t\t<\/div>\n\t\t\t\t\t<\/div>\n\t\t<\/div>\n\t\t\t\t\t<\/div>\n\t\t<\/section>\n\t\t\t\t<section class=\"wd-negative-gap elementor-section elementor-top-section elementor-element elementor-element-8786c39 elementor-section-boxed elementor-section-height-default elementor-section-height-default\" data-id=\"8786c39\" data-element_type=\"section\">\n\t\t\t\t\t\t<div class=\"elementor-container elementor-column-gap-default\">\n\t\t\t\t\t<div class=\"elementor-column elementor-col-100 elementor-top-column elementor-element elementor-element-3f45b43\" data-id=\"3f45b43\" data-element_type=\"column\">\n\t\t\t<div class=\"elementor-widget-wrap elementor-element-populated\">\n\t\t\t\t\t\t<div class=\"elementor-element elementor-element-a8e7568 color-scheme-inherit text-left elementor-widget elementor-widget-text-editor\" data-id=\"a8e7568\" data-element_type=\"widget\" data-widget_type=\"text-editor.default\">\n\t\t\t\t<div class=\"elementor-widget-container\">\n\t\t\t\t\t\t\t\t\t<h3 data-start=\"0\" data-end=\"54\">Caract\u00e9ristiques :<\/h3><ol data-start=\"56\" data-end=\"686\" data-is-last-node=\"\" data-is-only-node=\"\"><li class=\"\" data-start=\"56\" data-end=\"191\"><p class=\"\" data-start=\"59\" data-end=\"191\"><strong data-start=\"59\" data-end=\"84\">Favorise un meilleur sommeil<\/strong> - R\u00e9duit le r\u00e9flexe de sursaut gr\u00e2ce \u00e0 des tapotements doux et rythm\u00e9s, aidant les b\u00e9b\u00e9s \u00e0 dormir plus longtemps et plus paisiblement.<\/p><\/li><li class=\"\" data-start=\"193\" data-end=\"295\"><p class=\"\" data-start=\"196\" data-end=\"295\"><strong data-start=\"196\" data-end=\"228\">Design adorable et r\u00e9confortant<\/strong> - La forme d'un petit animal mignon attire et apaise les b\u00e9b\u00e9s.<\/p><\/li><li class=\"\" data-start=\"297\" data-end=\"422\"><p class=\"\" data-start=\"300\" data-end=\"422\"><strong data-start=\"300\" data-end=\"325\">Mat\u00e9riaux souples et s\u00fbrs<\/strong> - Fabriqu\u00e9 dans un tissu respirant et doux pour la peau, il procure une chaleur douce et un confort tout au long de la journ\u00e9e.<\/p><\/li><li class=\"\" data-start=\"424\" data-end=\"559\"><p class=\"\" data-start=\"427\" data-end=\"559\"><strong data-start=\"427\" data-end=\"469\">Apaisement automatique avec t\u00e9l\u00e9commande<\/strong> - Imite les caresses parentales avec une vitesse et une intensit\u00e9 r\u00e9glables pour un confort personnalis\u00e9.<\/p><\/li><li class=\"\" data-start=\"561\" data-end=\"686\"><p class=\"\" data-start=\"564\" data-end=\"686\"><strong data-start=\"564\" data-end=\"597\">L\u00e9ger et facile \u00e0 transporter<\/strong> - Compact et portable, il est parfait pour les berceaux, les si\u00e8ges auto, les poussettes et les d\u00e9placements.<\/p><\/li><\/ol>\t\t\t\t\t\t\t\t<\/div>\n\t\t\t\t<\/div>\n\t\t\t\t\t<\/div>\n\t\t<\/div>\n\t\t\t\t\t<\/div>\n\t\t<\/section>\n\t\t\t\t<section class=\"wd-negative-gap elementor-section elementor-top-section elementor-element elementor-element-4158aaf elementor-section-boxed elementor-section-height-default elementor-section-height-default\" data-id=\"4158aaf\" data-element_type=\"section\">\n\t\t\t\t\t\t<div class=\"elementor-container elementor-column-gap-default\">\n\t\t\t\t\t<div class=\"elementor-column elementor-col-100 elementor-top-column elementor-element elementor-element-8b091f4\" data-id=\"8b091f4\" data-element_type=\"column\">\n\t\t\t<div class=\"elementor-widget-wrap elementor-element-populated\">\n\t\t\t\t\t\t<div class=\"elementor-element elementor-element-affb8e9 color-scheme-inherit text-left elementor-widget elementor-widget-text-editor\" data-id=\"affb8e9\" data-element_type=\"widget\" data-widget_type=\"text-editor.default\">\n\t\t\t\t<div class=\"elementor-widget-container\">\n\t\t\t\t\t\t\t\t\t<h3 data-start=\"0\" data-end=\"49\">Sp\u00e9cifications\uff1a<\/h3><ul><li data-start=\"0\" data-end=\"49\"><strong data-start=\"53\" data-end=\"70\">Nom du produit :<\/strong> Palmier apaisant pour b\u00e9b\u00e9<\/li><li data-start=\"0\" data-end=\"49\"><strong data-start=\"94\" data-end=\"112\">Mat\u00e9riau de remplissage :<\/strong> Coton<\/li><li data-start=\"0\" data-end=\"49\"><strong data-start=\"124\" data-end=\"142\">Options de couleur :<\/strong> Bleu, Beige, Rose<\/li><li data-start=\"0\" data-end=\"49\"><strong data-start=\"165\" data-end=\"180\">Dimensions :<\/strong> 9.4 in \u00d7 10.2 in<\/li><\/ul>\t\t\t\t\t\t\t\t<\/div>\n\t\t\t\t<\/div>\n\t\t\t\t<div class=\"elementor-element elementor-element-e552e8d elementor-widget elementor-widget-image\" data-id=\"e552e8d\" data-element_type=\"widget\" data-widget_type=\"image.default\">\n\t\t\t\t<div class=\"elementor-widget-container\">\n\t\t\t\t\t\t\t\t\t\t\t\t\t\t\t<img decoding=\"async\" width=\"800\" height=\"800\" src=\"https:\/\/babyvk.com\/wp-content\/themes\/woodmart\/images\/lazy.svg\" data-src=\"https:\/\/babyvk.com\/wp-content\/uploads\/2025\/03\/baby-tapping-toy-for-sleep-800x800.jpeg\" class=\"wd-lazy-blur attachment-large size-large wp-image-22438 wvs-archive-product-image\" alt=\"palmier apaisant pour b\u00e9b\u00e9\" srcset=\"\" data-srcset=\"https:\/\/babyvk.com\/wp-content\/uploads\/2025\/03\/baby-tapping-toy-for-sleep-800x800.jpeg 800w, https:\/\/babyvk.com\/wp-content\/uploads\/2025\/03\/baby-tapping-toy-for-sleep-300x300.jpeg 300w, https:\/\/babyvk.com\/wp-content\/uploads\/2025\/03\/baby-tapping-toy-for-sleep-150x150.jpeg 150w, https:\/\/babyvk.com\/wp-content\/uploads\/2025\/03\/baby-tapping-toy-for-sleep-768x768.jpeg 768w, https:\/\/babyvk.com\/wp-content\/uploads\/2025\/03\/baby-tapping-toy-for-sleep-860x860.jpeg 860w, https:\/\/babyvk.com\/wp-content\/uploads\/2025\/03\/baby-tapping-toy-for-sleep-430x430.jpeg 430w, https:\/\/babyvk.com\/wp-content\/uploads\/2025\/03\/baby-tapping-toy-for-sleep-700x700.jpeg 700w, https:\/\/babyvk.com\/wp-content\/uploads\/2025\/03\/baby-tapping-toy-for-sleep-100x100.jpeg 100w, https:\/\/babyvk.com\/wp-content\/uploads\/2025\/03\/baby-tapping-toy-for-sleep-50x50.jpeg 50w, https:\/\/babyvk.com\/wp-content\/uploads\/2025\/03\/baby-tapping-toy-for-sleep.jpeg 1000w\" sizes=\"(max-width: 800px) 100vw, 800px\" title=\"\">\t\t\t\t\t\t\t\t\t\t\t\t\t\t\t<\/div>\n\t\t\t\t<\/div>\n\t\t\t\t\t<\/div>\n\t\t<\/div>\n\t\t\t\t\t<\/div>\n\t\t<\/section>\n\t\t\t\t<\/div>","protected":false},"excerpt":{"rendered":"<p>&#8220;<strong>Votre b\u00e9b\u00e9 a-t-il des difficult\u00e9s \u00e0 s'endormir ?<\/strong> Baby Soothing Palm for Sleep aide \u00e0 calmer les petits avec une relaxation douce, facilitant ainsi l'heure du coucher. Achetez maintenant et b\u00e9n\u00e9ficiez de la livraison gratuite !<\/p>","protected":false},"featured_media":22448,"comment_status":"open","ping_status":"closed","template":"","meta":{"_acf_changed":false},"product_brand":[],"product_cat":[29],"product_tag":[989,988,992,991,990],"class_list":{"0":"post-22449","1":"product","2":"type-product","3":"status-publish","4":"has-post-thumbnail","6":"product_cat-best-baby-care","7":"product_tag-baby-butt-patter-for-sleep","8":"product_tag-baby-patter-for-sleep","9":"product_tag-baby-patting-pillow","10":"product_tag-baby-soothing-pillow","11":"product_tag-patting-hand-for-baby-sleep","13":"first","14":"instock","15":"sale","16":"taxable","17":"shipping-taxable","18":"purchasable","19":"product-type-variable","20":"wvs-archive-product-wrapper"},"acf":[],"_links":{"self":[{"href":"https:\/\/babyvk.com\/fr\/wp-json\/wp\/v2\/product\/22449","targetHints":{"allow":["GET"]}}],"collection":[{"href":"https:\/\/babyvk.com\/fr\/wp-json\/wp\/v2\/product"}],"about":[{"href":"https:\/\/babyvk.com\/fr\/wp-json\/wp\/v2\/types\/product"}],"replies":[{"embeddable":true,"href":"https:\/\/babyvk.com\/fr\/wp-json\/wp\/v2\/comments?post=22449"}],"version-history":[{"count":4,"href":"https:\/\/babyvk.com\/fr\/wp-json\/wp\/v2\/product\/22449\/revisions"}],"predecessor-version":[{"id":24771,"href":"https:\/\/babyvk.com\/fr\/wp-json\/wp\/v2\/product\/22449\/revisions\/24771"}],"wp:featuredmedia":[{"embeddable":true,"href":"https:\/\/babyvk.com\/fr\/wp-json\/wp\/v2\/media\/22448"}],"wp:attachment":[{"href":"https:\/\/babyvk.com\/fr\/wp-json\/wp\/v2\/media?parent=22449"}],"wp:term":[{"taxonomy":"product_brand","embeddable":true,"href":"https:\/\/babyvk.com\/fr\/wp-json\/wp\/v2\/product_brand?post=22449"},{"taxonomy":"product_cat","embeddable":true,"href":"https:\/\/babyvk.com\/fr\/wp-json\/wp\/v2\/product_cat?post=22449"},{"taxonomy":"product_tag","embeddable":true,"href":"https:\/\/babyvk.com\/fr\/wp-json\/wp\/v2\/product_tag?post=22449"}],"curies":[{"name":"wp","href":"https:\/\/api.w.org\/{rel}","templated":true}]}}