{"id":21901,"date":"2025-03-01T18:33:03","date_gmt":"2025-03-01T18:33:03","guid":{"rendered":"https:\/\/babyvk.com\/?post_type=product&#038;p=21901"},"modified":"2025-09-08T17:05:03","modified_gmt":"2025-09-08T17:05:03","slug":"travel-portable-potty","status":"publish","type":"product","link":"https:\/\/babyvk.com\/fr\/product\/travel-portable-potty\/","title":{"rendered":"Pot de voyage portable pour les tout-petits"},"content":{"rendered":"<div data-elementor-type=\"product-post\" data-elementor-id=\"21901\" class=\"elementor elementor-21901\" data-elementor-post-type=\"product\">\n\t\t\t\t\t\t<section class=\"wd-negative-gap elementor-section elementor-top-section elementor-element elementor-element-72cde61 elementor-section-boxed elementor-section-height-default elementor-section-height-default\" data-id=\"72cde61\" data-element_type=\"section\">\n\t\t\t\t\t\t<div class=\"elementor-container elementor-column-gap-default\">\n\t\t\t\t\t<div class=\"elementor-column elementor-col-100 elementor-top-column elementor-element elementor-element-a437557\" data-id=\"a437557\" data-element_type=\"column\">\n\t\t\t<div class=\"elementor-widget-wrap elementor-element-populated\">\n\t\t\t\t\t\t<div class=\"elementor-element elementor-element-e1fc517 color-scheme-inherit text-left elementor-widget elementor-widget-text-editor\" data-id=\"e1fc517\" data-element_type=\"widget\" data-widget_type=\"text-editor.default\">\n\t\t\t\t<div class=\"elementor-widget-container\">\n\t\t\t\t\t\t\t\t\t<h2 data-start=\"0\" data-end=\"20\">A propos de cet article<\/h2>\n<ol data-start=\"22\" data-end=\"645\" data-is-last-node=\"\" data-is-only-node=\"\">\n<li data-start=\"22\" data-end=\"187\"><strong data-start=\"25\" data-end=\"47\">Portable et compact<\/strong> - Se plie facilement pour le rangement et est livr\u00e9 avec un sac de transport. Se glisse dans la voiture, la poussette ou le sac \u00e0 langer pour un acc\u00e8s rapide en cas d'urgence sur le pot.<\/li>\n<li data-start=\"188\" data-end=\"303\"><strong data-start=\"191\" data-end=\"208\">Facile \u00e0 nettoyer<\/strong> - Essuyez la surface avec de l'eau ti\u00e8de ; le pot portable de voyage r\u00e9siste \u00e0 la salet\u00e9 pour un entretien sans souci.<\/li>\n<li data-start=\"304\" data-end=\"438\"><strong data-start=\"307\" data-end=\"326\">S\u00fbr et antid\u00e9rapant<\/strong> - Fabriqu\u00e9 en mat\u00e9riaux sans danger pour les enfants, avec des pieds \u00e0 verrouillage s\u00e9curis\u00e9. Des bandes antid\u00e9rapantes sur la base assurent une stabilit\u00e9 suppl\u00e9mentaire.<\/li>\n<li data-start=\"439\" data-end=\"565\"><strong data-start=\"442\" data-end=\"459\">Utilisation polyvalente<\/strong> - Parfait pour les voyages afin d'\u00e9viter de devoir chercher des toilettes et id\u00e9al pour une utilisation \u00e0 domicile afin d'encourager l'ind\u00e9pendance.<\/li>\n<li data-start=\"566\" data-end=\"645\" data-is-last-node=\"\"><strong data-start=\"569\" data-end=\"585\">Pour les tout-petits<\/strong> - Id\u00e9al pour les enfants de 10 mois et plus, supportant jusqu'\u00e0 50 livres.<\/li>\n<\/ol>\t\t\t\t\t\t\t\t<\/div>\n\t\t\t\t<\/div>\n\t\t\t\t\t<\/div>\n\t\t<\/div>\n\t\t\t\t\t<\/div>\n\t\t<\/section>\n\t\t\t\t<section class=\"wd-negative-gap elementor-section elementor-top-section elementor-element elementor-element-b8a5da9 elementor-section-boxed elementor-section-height-default elementor-section-height-default\" data-id=\"b8a5da9\" data-element_type=\"section\">\n\t\t\t\t\t\t<div class=\"elementor-container elementor-column-gap-default\">\n\t\t\t\t\t<div class=\"elementor-column elementor-col-100 elementor-top-column elementor-element elementor-element-777389f\" data-id=\"777389f\" data-element_type=\"column\">\n\t\t\t<div class=\"elementor-widget-wrap elementor-element-populated\">\n\t\t\t\t\t\t<div class=\"elementor-element elementor-element-f223eb6 color-scheme-inherit text-left elementor-widget elementor-widget-text-editor\" data-id=\"f223eb6\" data-element_type=\"widget\" data-widget_type=\"text-editor.default\">\n\t\t\t\t<div class=\"elementor-widget-container\">\n\t\t\t\t\t\t\t\t\t<h3 data-start=\"1712\" data-end=\"1736\">Sp\u00e9cifications<\/h3><ul><li data-start=\"1737\" data-end=\"2047\"><strong data-start=\"1740\" data-end=\"1757\">Nom du produit :<\/strong> Pot de voyage portable pour les tout-petits<\/li><li data-start=\"1737\" data-end=\"2047\"><strong data-start=\"1798\" data-end=\"1811\">Mat\u00e9riau :<\/strong> Plastique non toxique et sans danger pour les enfants<\/li><li data-start=\"1737\" data-end=\"2047\"><strong data-start=\"1847\" data-end=\"1864\">Limite de poids :<\/strong> Jusqu'\u00e0 50 livres<\/li><li data-start=\"1737\" data-end=\"2047\"><strong data-start=\"1883\" data-end=\"1903\">\u00c2ge recommand\u00e9 :<\/strong> 10 mois et plus<\/li><li data-start=\"1737\" data-end=\"2047\"><strong data-start=\"1926\" data-end=\"1948\">Pli\u00e9 Dimensions :<\/strong> Compact pour faciliter le stockage et le transport<\/li><li data-start=\"1737\" data-end=\"2047\"><strong data-start=\"1993\" data-end=\"2006\">Inclus :<\/strong> Toilettes pliantes pour les tout-petits, sac de transport<\/li><\/ul>\t\t\t\t\t\t\t\t<\/div>\n\t\t\t\t<\/div>\n\t\t\t\t\t<\/div>\n\t\t<\/div>\n\t\t\t\t\t<\/div>\n\t\t<\/section>\n\t\t\t\t<section class=\"wd-negative-gap elementor-section elementor-top-section elementor-element elementor-element-d72bcef elementor-section-boxed elementor-section-height-default elementor-section-height-default\" data-id=\"d72bcef\" data-element_type=\"section\">\n\t\t\t\t\t\t<div class=\"elementor-container elementor-column-gap-default\">\n\t\t\t\t\t<div class=\"elementor-column elementor-col-100 elementor-top-column elementor-element elementor-element-cc59c63\" data-id=\"cc59c63\" data-element_type=\"column\">\n\t\t\t<div class=\"elementor-widget-wrap elementor-element-populated\">\n\t\t\t\t\t\t<div class=\"elementor-element elementor-element-eea186e elementor-widget elementor-widget-image\" data-id=\"eea186e\" data-element_type=\"widget\" data-widget_type=\"image.default\">\n\t\t\t\t<div class=\"elementor-widget-container\">\n\t\t\t\t\t\t\t\t\t\t\t\t\t\t\t<img fetchpriority=\"high\" decoding=\"async\" width=\"858\" height=\"323\" src=\"https:\/\/babyvk.com\/wp-content\/themes\/woodmart\/images\/lazy.svg\" data-src=\"https:\/\/babyvk.com\/wp-content\/uploads\/2025\/03\/portable-folding-toilet-for-car.jpg\" class=\"wd-lazy-blur attachment-full size-full wp-image-21893 wvs-archive-product-image\" alt=\"folding toilet for car\" srcset=\"\" data-srcset=\"https:\/\/babyvk.com\/wp-content\/uploads\/2025\/03\/portable-folding-toilet-for-car.jpg 858w, https:\/\/babyvk.com\/wp-content\/uploads\/2025\/03\/portable-folding-toilet-for-car-400x151.jpg 400w, https:\/\/babyvk.com\/wp-content\/uploads\/2025\/03\/portable-folding-toilet-for-car-768x289.jpg 768w, https:\/\/babyvk.com\/wp-content\/uploads\/2025\/03\/portable-folding-toilet-for-car-430x162.jpg 430w, https:\/\/babyvk.com\/wp-content\/uploads\/2025\/03\/portable-folding-toilet-for-car-700x264.jpg 700w, https:\/\/babyvk.com\/wp-content\/uploads\/2025\/03\/portable-folding-toilet-for-car-100x38.jpg 100w\" sizes=\"(max-width: 858px) 100vw, 858px\" title=\"\">\t\t\t\t\t\t\t\t\t\t\t\t\t\t\t<\/div>\n\t\t\t\t<\/div>\n\t\t\t\t\t<\/div>\n\t\t<\/div>\n\t\t\t\t\t<\/div>\n\t\t<\/section>\n\t\t\t\t<section class=\"wd-negative-gap elementor-section elementor-top-section elementor-element elementor-element-dade1b0 elementor-section-boxed elementor-section-height-default elementor-section-height-default\" data-id=\"dade1b0\" data-element_type=\"section\">\n\t\t\t\t\t\t<div class=\"elementor-container elementor-column-gap-default\">\n\t\t\t\t\t<div class=\"elementor-column elementor-col-100 elementor-top-column elementor-element elementor-element-7e6e299\" data-id=\"7e6e299\" data-element_type=\"column\">\n\t\t\t<div class=\"elementor-widget-wrap elementor-element-populated\">\n\t\t\t\t\t\t<div class=\"elementor-element elementor-element-6bb4d17 elementor-widget elementor-widget-heading\" data-id=\"6bb4d17\" data-element_type=\"widget\" data-widget_type=\"heading.default\">\n\t\t\t\t<div class=\"elementor-widget-container\">\n\t\t\t\t\t<h2 class=\"elementor-heading-title elementor-size-default\">Comment l'utiliser ?<\/h2>\t\t\t\t<\/div>\n\t\t\t\t<\/div>\n\t\t\t\t\t<\/div>\n\t\t<\/div>\n\t\t\t\t\t<\/div>\n\t\t<\/section>\n\t\t\t\t<section class=\"wd-negative-gap elementor-section elementor-top-section elementor-element elementor-element-3453f6e elementor-section-boxed elementor-section-height-default elementor-section-height-default\" data-id=\"3453f6e\" data-element_type=\"section\">\n\t\t\t\t\t\t<div class=\"elementor-container elementor-column-gap-default\">\n\t\t\t\t\t<div class=\"elementor-column elementor-col-100 elementor-top-column elementor-element elementor-element-150eba3\" data-id=\"150eba3\" data-element_type=\"column\">\n\t\t\t<div class=\"elementor-widget-wrap elementor-element-populated\">\n\t\t\t\t\t\t<div class=\"elementor-element elementor-element-fe52328 elementor-widget elementor-widget-image\" data-id=\"fe52328\" data-element_type=\"widget\" data-widget_type=\"image.default\">\n\t\t\t\t<div class=\"elementor-widget-container\">\n\t\t\t\t\t\t\t\t\t\t\t\t\t\t\t<img decoding=\"async\" width=\"1011\" height=\"340\" src=\"https:\/\/babyvk.com\/wp-content\/themes\/woodmart\/images\/lazy.svg\" data-src=\"https:\/\/babyvk.com\/wp-content\/uploads\/2025\/03\/folding-toilet-for-kids.jpg\" class=\"wd-lazy-blur attachment-full size-full wp-image-21899 wvs-archive-product-image\" alt=\"portable folding car travel potty training toilet for toddlers\" srcset=\"\" data-srcset=\"https:\/\/babyvk.com\/wp-content\/uploads\/2025\/03\/folding-toilet-for-kids.jpg 1011w, https:\/\/babyvk.com\/wp-content\/uploads\/2025\/03\/folding-toilet-for-kids-400x135.jpg 400w, https:\/\/babyvk.com\/wp-content\/uploads\/2025\/03\/folding-toilet-for-kids-768x258.jpg 768w, https:\/\/babyvk.com\/wp-content\/uploads\/2025\/03\/folding-toilet-for-kids-860x289.jpg 860w, https:\/\/babyvk.com\/wp-content\/uploads\/2025\/03\/folding-toilet-for-kids-430x145.jpg 430w, https:\/\/babyvk.com\/wp-content\/uploads\/2025\/03\/folding-toilet-for-kids-700x235.jpg 700w, https:\/\/babyvk.com\/wp-content\/uploads\/2025\/03\/folding-toilet-for-kids-100x34.jpg 100w\" sizes=\"(max-width: 1011px) 100vw, 1011px\" title=\"\">\t\t\t\t\t\t\t\t\t\t\t\t\t\t\t<\/div>\n\t\t\t\t<\/div>\n\t\t\t\t\t<\/div>\n\t\t<\/div>\n\t\t\t\t\t<\/div>\n\t\t<\/section>\n\t\t\t\t<section class=\"wd-negative-gap elementor-section elementor-top-section elementor-element elementor-element-2cf7d7a elementor-section-boxed elementor-section-height-default elementor-section-height-default\" data-id=\"2cf7d7a\" data-element_type=\"section\">\n\t\t\t\t\t\t<div class=\"elementor-container elementor-column-gap-default\">\n\t\t\t\t\t<div class=\"elementor-column elementor-col-100 elementor-top-column elementor-element elementor-element-571d7f5\" data-id=\"571d7f5\" data-element_type=\"column\">\n\t\t\t<div class=\"elementor-widget-wrap elementor-element-populated\">\n\t\t\t\t\t\t<div class=\"elementor-element elementor-element-4549aaf elementor-widget elementor-widget-image\" data-id=\"4549aaf\" data-element_type=\"widget\" data-widget_type=\"image.default\">\n\t\t\t\t<div class=\"elementor-widget-container\">\n\t\t\t\t\t\t\t\t\t\t\t\t\t\t\t<img decoding=\"async\" width=\"970\" height=\"600\" src=\"https:\/\/babyvk.com\/wp-content\/themes\/woodmart\/images\/lazy.svg\" data-src=\"https:\/\/babyvk.com\/wp-content\/uploads\/2025\/03\/folding-toilet-seat-for-toddlers-travel.jpg\" class=\"wd-lazy-blur attachment-large size-large wp-image-21891 wvs-archive-product-image\" alt=\"folding toilet seat for kids\" srcset=\"\" data-srcset=\"https:\/\/babyvk.com\/wp-content\/uploads\/2025\/03\/folding-toilet-seat-for-toddlers-travel.jpg 970w, https:\/\/babyvk.com\/wp-content\/uploads\/2025\/03\/folding-toilet-seat-for-toddlers-travel-400x247.jpg 400w, https:\/\/babyvk.com\/wp-content\/uploads\/2025\/03\/folding-toilet-seat-for-toddlers-travel-768x475.jpg 768w, https:\/\/babyvk.com\/wp-content\/uploads\/2025\/03\/folding-toilet-seat-for-toddlers-travel-860x532.jpg 860w, https:\/\/babyvk.com\/wp-content\/uploads\/2025\/03\/folding-toilet-seat-for-toddlers-travel-430x266.jpg 430w, https:\/\/babyvk.com\/wp-content\/uploads\/2025\/03\/folding-toilet-seat-for-toddlers-travel-700x433.jpg 700w, https:\/\/babyvk.com\/wp-content\/uploads\/2025\/03\/folding-toilet-seat-for-toddlers-travel-100x62.jpg 100w\" sizes=\"(max-width: 970px) 100vw, 970px\" title=\"\">\t\t\t\t\t\t\t\t\t\t\t\t\t\t\t<\/div>\n\t\t\t\t<\/div>\n\t\t\t\t<div class=\"elementor-element elementor-element-b337a38 elementor-widget elementor-widget-image\" data-id=\"b337a38\" data-element_type=\"widget\" data-widget_type=\"image.default\">\n\t\t\t\t<div class=\"elementor-widget-container\">\n\t\t\t\t\t\t\t\t\t\t\t\t\t\t\t<img loading=\"lazy\" decoding=\"async\" width=\"970\" height=\"600\" src=\"https:\/\/babyvk.com\/wp-content\/themes\/woodmart\/images\/lazy.svg\" data-src=\"https:\/\/babyvk.com\/wp-content\/uploads\/2025\/03\/portable-potty-seat-for-toddler-travel.jpg\" class=\"wd-lazy-blur attachment-large size-large wp-image-21895 wvs-archive-product-image\" alt=\"portable folding toilet for car\" srcset=\"\" data-srcset=\"https:\/\/babyvk.com\/wp-content\/uploads\/2025\/03\/portable-potty-seat-for-toddler-travel.jpg 970w, https:\/\/babyvk.com\/wp-content\/uploads\/2025\/03\/portable-potty-seat-for-toddler-travel-400x247.jpg 400w, https:\/\/babyvk.com\/wp-content\/uploads\/2025\/03\/portable-potty-seat-for-toddler-travel-768x475.jpg 768w, https:\/\/babyvk.com\/wp-content\/uploads\/2025\/03\/portable-potty-seat-for-toddler-travel-860x532.jpg 860w, https:\/\/babyvk.com\/wp-content\/uploads\/2025\/03\/portable-potty-seat-for-toddler-travel-430x266.jpg 430w, https:\/\/babyvk.com\/wp-content\/uploads\/2025\/03\/portable-potty-seat-for-toddler-travel-700x433.jpg 700w, https:\/\/babyvk.com\/wp-content\/uploads\/2025\/03\/portable-potty-seat-for-toddler-travel-100x62.jpg 100w\" sizes=\"(max-width: 970px) 100vw, 970px\" title=\"\">\t\t\t\t\t\t\t\t\t\t\t\t\t\t\t<\/div>\n\t\t\t\t<\/div>\n\t\t\t\t<div class=\"elementor-element elementor-element-35d0fd6 elementor-widget elementor-widget-image\" data-id=\"35d0fd6\" data-element_type=\"widget\" data-widget_type=\"image.default\">\n\t\t\t\t<div class=\"elementor-widget-container\">\n\t\t\t\t\t\t\t\t\t\t\t\t\t\t\t<img loading=\"lazy\" decoding=\"async\" width=\"970\" height=\"600\" src=\"https:\/\/babyvk.com\/wp-content\/themes\/woodmart\/images\/lazy.svg\" data-src=\"https:\/\/babyvk.com\/wp-content\/uploads\/2025\/03\/travel-potty-seat-for-toddler.jpg\" class=\"wd-lazy-blur attachment-large size-large wp-image-21896 wvs-archive-product-image\" alt=\"folding camp toilet\" srcset=\"\" data-srcset=\"https:\/\/babyvk.com\/wp-content\/uploads\/2025\/03\/travel-potty-seat-for-toddler.jpg 970w, https:\/\/babyvk.com\/wp-content\/uploads\/2025\/03\/travel-potty-seat-for-toddler-400x247.jpg 400w, https:\/\/babyvk.com\/wp-content\/uploads\/2025\/03\/travel-potty-seat-for-toddler-768x475.jpg 768w, https:\/\/babyvk.com\/wp-content\/uploads\/2025\/03\/travel-potty-seat-for-toddler-860x532.jpg 860w, https:\/\/babyvk.com\/wp-content\/uploads\/2025\/03\/travel-potty-seat-for-toddler-430x266.jpg 430w, https:\/\/babyvk.com\/wp-content\/uploads\/2025\/03\/travel-potty-seat-for-toddler-700x433.jpg 700w, https:\/\/babyvk.com\/wp-content\/uploads\/2025\/03\/travel-potty-seat-for-toddler-100x62.jpg 100w\" sizes=\"(max-width: 970px) 100vw, 970px\" title=\"\">\t\t\t\t\t\t\t\t\t\t\t\t\t\t\t<\/div>\n\t\t\t\t<\/div>\n\t\t\t\t\t<\/div>\n\t\t<\/div>\n\t\t\t\t\t<\/div>\n\t\t<\/section>\n\t\t\t\t<\/div>","protected":false},"excerpt":{"rendered":"<p>&#8220;<strong>Vous cherchez un pot parfait pour voyager avec des enfants en bas \u00e2ge ?<\/strong> Le pot portable de voyage pour les tout-petits est compact, facile \u00e0 utiliser et parfait pour les d\u00e9placements. Achetez maintenant et b\u00e9n\u00e9ficiez de la livraison gratuite !\"<\/p>","protected":false},"featured_media":21894,"comment_status":"open","ping_status":"closed","template":"","meta":{"_acf_changed":false},"product_brand":[],"product_cat":[29,42],"product_tag":[946,944,945,947],"class_list":{"0":"post-21901","1":"product","2":"type-product","3":"status-publish","4":"has-post-thumbnail","6":"product_cat-best-baby-care","7":"product_cat-best-travel-gear","8":"product_tag-folding-toilet-for-kids","9":"product_tag-folding-toilet-seat-camping","10":"product_tag-folding-toilet-seat-for-toddlers","11":"product_tag-portable-folding-toilet-for-car","13":"first","14":"instock","15":"sale","16":"taxable","17":"shipping-taxable","18":"purchasable","19":"product-type-variable","20":"wvs-archive-product-wrapper"},"acf":[],"_links":{"self":[{"href":"https:\/\/babyvk.com\/fr\/wp-json\/wp\/v2\/product\/21901","targetHints":{"allow":["GET"]}}],"collection":[{"href":"https:\/\/babyvk.com\/fr\/wp-json\/wp\/v2\/product"}],"about":[{"href":"https:\/\/babyvk.com\/fr\/wp-json\/wp\/v2\/types\/product"}],"replies":[{"embeddable":true,"href":"https:\/\/babyvk.com\/fr\/wp-json\/wp\/v2\/comments?post=21901"}],"version-history":[{"count":0,"href":"https:\/\/babyvk.com\/fr\/wp-json\/wp\/v2\/product\/21901\/revisions"}],"wp:featuredmedia":[{"embeddable":true,"href":"https:\/\/babyvk.com\/fr\/wp-json\/wp\/v2\/media\/21894"}],"wp:attachment":[{"href":"https:\/\/babyvk.com\/fr\/wp-json\/wp\/v2\/media?parent=21901"}],"wp:term":[{"taxonomy":"product_brand","embeddable":true,"href":"https:\/\/babyvk.com\/fr\/wp-json\/wp\/v2\/product_brand?post=21901"},{"taxonomy":"product_cat","embeddable":true,"href":"https:\/\/babyvk.com\/fr\/wp-json\/wp\/v2\/product_cat?post=21901"},{"taxonomy":"product_tag","embeddable":true,"href":"https:\/\/babyvk.com\/fr\/wp-json\/wp\/v2\/product_tag?post=21901"}],"curies":[{"name":"wp","href":"https:\/\/api.w.org\/{rel}","templated":true}]}}