{"id":21437,"date":"2024-11-13T17:32:22","date_gmt":"2024-11-13T17:32:22","guid":{"rendered":"https:\/\/babyvk.com\/?post_type=product&#038;p=21437"},"modified":"2024-11-26T14:05:50","modified_gmt":"2024-11-26T14:05:50","slug":"baby-nest-lounger","status":"publish","type":"product","link":"https:\/\/babyvk.com\/fr\/product\/baby-nest-lounger\/","title":{"rendered":"Nid d'ange avec sangles"},"content":{"rendered":"<div data-elementor-type=\"product-post\" data-elementor-id=\"21437\" class=\"elementor elementor-21437\" data-elementor-post-type=\"product\">\n\t\t\t\t\t\t<section class=\"wd-negative-gap elementor-section elementor-top-section elementor-element elementor-element-3f89355 elementor-section-boxed elementor-section-height-default elementor-section-height-default\" data-id=\"3f89355\" data-element_type=\"section\">\n\t\t\t\t\t\t<div class=\"elementor-container elementor-column-gap-default\">\n\t\t\t\t\t<div class=\"elementor-column elementor-col-100 elementor-top-column elementor-element elementor-element-5ca6451\" data-id=\"5ca6451\" data-element_type=\"column\">\n\t\t\t<div class=\"elementor-widget-wrap elementor-element-populated\">\n\t\t\t\t\t\t<div class=\"elementor-element elementor-element-86397f6 color-scheme-inherit text-left elementor-widget elementor-widget-text-editor\" data-id=\"86397f6\" data-element_type=\"widget\" data-widget_type=\"text-editor.default\">\n\t\t\t\t<div class=\"elementor-widget-container\">\n\t\t\t\t\t\t\t\t\t<h2>Caract\u00e9ristiques :<\/h2><ol><li><strong>Toutes saisons Confort :<\/strong> La conception de la housse \u00e0 deux faces permet \u00e0 votre b\u00e9b\u00e9 de rester au frais par temps chaud et au chaud par temps froid, ce qui est parfait pour toutes les saisons !<\/li><li><strong>S\u00e9curit\u00e9 anti-d\u00e9marrage :<\/strong> \u00c9quip\u00e9 d'une conception anti-d\u00e9marrage et d'une ceinture de couverture pour \u00e9viter de rouler, pour que vous puissiez vous reposer tranquillement.<\/li><li><strong>Multi-Use Essential :<\/strong> Utilisez-le comme nid d'enfant, comme si\u00e8ge au sol sur des surfaces fermes, ou m\u00eame comme couffin portable - \u00e0 vous de choisir !<\/li><li><strong>Soutien optimal :<\/strong> Le coton \u00e0 air tr\u00e8s \u00e9lastique soutient d\u00e9licatement la t\u00eate, la colonne vert\u00e9brale, les hanches et les jambes de votre b\u00e9b\u00e9, pour qu'il reste confortable et calme.<\/li><li><strong>Couverture facile d'entretien :<\/strong> Housse amovible et lavable en machine pour un nettoyage sans souci, car nous savons \u00e0 quel point la vie avec un b\u00e9b\u00e9 peut \u00eatre tr\u00e9pidante !<\/li><\/ol>\t\t\t\t\t\t\t\t<\/div>\n\t\t\t\t<\/div>\n\t\t\t\t\t<\/div>\n\t\t<\/div>\n\t\t\t\t\t<\/div>\n\t\t<\/section>\n\t\t\t\t<section class=\"wd-negative-gap elementor-section elementor-top-section elementor-element elementor-element-7c5010b elementor-section-boxed elementor-section-height-default elementor-section-height-default\" data-id=\"7c5010b\" data-element_type=\"section\">\n\t\t\t\t\t\t<div class=\"elementor-container elementor-column-gap-default\">\n\t\t\t\t\t<div class=\"elementor-column elementor-col-100 elementor-top-column elementor-element elementor-element-b60c283\" data-id=\"b60c283\" data-element_type=\"column\">\n\t\t\t<div class=\"elementor-widget-wrap elementor-element-populated\">\n\t\t\t\t\t\t<div class=\"elementor-element elementor-element-9c16994 elementor-widget elementor-widget-wd_image_or_svg\" data-id=\"9c16994\" data-element_type=\"widget\" data-widget_type=\"wd_image_or_svg.default\">\n\t\t\t\t<div class=\"elementor-widget-container\">\n\t\t\t\t\t\n\t\t<div class=\"wd-image text-left\">\n\t\t\t\t\t\t\t\t<img fetchpriority=\"high\" decoding=\"async\" width=\"800\" height=\"800\" src=\"https:\/\/babyvk.com\/wp-content\/uploads\/2024\/11\/baby-nest-with-incline.png\" class=\"attachment-full size-full wvs-archive-product-image\" alt=\"nid de b\u00e9b\u00e9 avec oreiller\" srcset=\"https:\/\/babyvk.com\/wp-content\/uploads\/2024\/11\/baby-nest-with-incline.png 800w, https:\/\/babyvk.com\/wp-content\/uploads\/2024\/11\/baby-nest-with-incline-300x300.png 300w, https:\/\/babyvk.com\/wp-content\/uploads\/2024\/11\/baby-nest-with-incline-150x150.png 150w, https:\/\/babyvk.com\/wp-content\/uploads\/2024\/11\/baby-nest-with-incline-768x768.png 768w, https:\/\/babyvk.com\/wp-content\/uploads\/2024\/11\/baby-nest-with-incline-430x430.png 430w, https:\/\/babyvk.com\/wp-content\/uploads\/2024\/11\/baby-nest-with-incline-700x700.png 700w, https:\/\/babyvk.com\/wp-content\/uploads\/2024\/11\/baby-nest-with-incline-100x100.png 100w, https:\/\/babyvk.com\/wp-content\/uploads\/2024\/11\/baby-nest-with-incline-50x50.png 50w\" sizes=\"(max-width: 800px) 100vw, 800px\" title=\"\">\t\t\t\t\t<\/div>\n\n\t\t\t\t\t\t<\/div>\n\t\t\t\t<\/div>\n\t\t\t\t\t<\/div>\n\t\t<\/div>\n\t\t\t\t\t<\/div>\n\t\t<\/section>\n\t\t\t\t<section class=\"wd-negative-gap elementor-section elementor-top-section elementor-element elementor-element-7890c27 elementor-section-boxed elementor-section-height-default elementor-section-height-default\" data-id=\"7890c27\" data-element_type=\"section\">\n\t\t\t\t\t\t<div class=\"elementor-container elementor-column-gap-default\">\n\t\t\t\t\t<div class=\"elementor-column elementor-col-100 elementor-top-column elementor-element elementor-element-65876cc\" data-id=\"65876cc\" data-element_type=\"column\">\n\t\t\t<div class=\"elementor-widget-wrap elementor-element-populated\">\n\t\t\t\t\t\t<div class=\"elementor-element elementor-element-ee83971 elementor-widget elementor-widget-wd_image_or_svg\" data-id=\"ee83971\" data-element_type=\"widget\" data-widget_type=\"wd_image_or_svg.default\">\n\t\t\t\t<div class=\"elementor-widget-container\">\n\t\t\t\t\t\n\t\t<div class=\"wd-image text-left\">\n\t\t\t\t\t\t\t\t<img decoding=\"async\" width=\"800\" height=\"800\" src=\"https:\/\/babyvk.com\/wp-content\/uploads\/2024\/11\/baby-nest-pillow.png\" class=\"attachment-full size-full wvs-archive-product-image\" alt=\"Oreiller de transat pour nouveau-n\u00e9\" srcset=\"https:\/\/babyvk.com\/wp-content\/uploads\/2024\/11\/baby-nest-pillow.png 800w, https:\/\/babyvk.com\/wp-content\/uploads\/2024\/11\/baby-nest-pillow-300x300.png 300w, https:\/\/babyvk.com\/wp-content\/uploads\/2024\/11\/baby-nest-pillow-150x150.png 150w, https:\/\/babyvk.com\/wp-content\/uploads\/2024\/11\/baby-nest-pillow-768x768.png 768w, https:\/\/babyvk.com\/wp-content\/uploads\/2024\/11\/baby-nest-pillow-430x430.png 430w, https:\/\/babyvk.com\/wp-content\/uploads\/2024\/11\/baby-nest-pillow-700x700.png 700w, https:\/\/babyvk.com\/wp-content\/uploads\/2024\/11\/baby-nest-pillow-100x100.png 100w, https:\/\/babyvk.com\/wp-content\/uploads\/2024\/11\/baby-nest-pillow-50x50.png 50w\" sizes=\"(max-width: 800px) 100vw, 800px\" title=\"\">\t\t\t\t\t<\/div>\n\n\t\t\t\t\t\t<\/div>\n\t\t\t\t<\/div>\n\t\t\t\t\t<\/div>\n\t\t<\/div>\n\t\t\t\t\t<\/div>\n\t\t<\/section>\n\t\t\t\t<section class=\"wd-negative-gap elementor-section elementor-top-section elementor-element elementor-element-8c089dc elementor-section-boxed elementor-section-height-default elementor-section-height-default\" data-id=\"8c089dc\" data-element_type=\"section\">\n\t\t\t\t\t\t<div class=\"elementor-container elementor-column-gap-default\">\n\t\t\t\t\t<div class=\"elementor-column elementor-col-50 elementor-top-column elementor-element elementor-element-1b62675\" data-id=\"1b62675\" data-element_type=\"column\">\n\t\t\t<div class=\"elementor-widget-wrap elementor-element-populated\">\n\t\t\t\t\t\t<div class=\"elementor-element elementor-element-de25edc elementor-widget elementor-widget-wd_image_or_svg\" data-id=\"de25edc\" data-element_type=\"widget\" data-widget_type=\"wd_image_or_svg.default\">\n\t\t\t\t<div class=\"elementor-widget-container\">\n\t\t\t\t\t\n\t\t<div class=\"wd-image text-left\">\n\t\t\t\t\t\t\t\t<img decoding=\"async\" width=\"800\" height=\"800\" src=\"https:\/\/babyvk.com\/wp-content\/uploads\/2024\/11\/baby-nest.png\" class=\"attachment-full size-full wvs-archive-product-image\" alt=\"chaise longue pour b\u00e9b\u00e9\" srcset=\"https:\/\/babyvk.com\/wp-content\/uploads\/2024\/11\/baby-nest.png 800w, https:\/\/babyvk.com\/wp-content\/uploads\/2024\/11\/baby-nest-300x300.png 300w, https:\/\/babyvk.com\/wp-content\/uploads\/2024\/11\/baby-nest-150x150.png 150w, https:\/\/babyvk.com\/wp-content\/uploads\/2024\/11\/baby-nest-768x768.png 768w, https:\/\/babyvk.com\/wp-content\/uploads\/2024\/11\/baby-nest-430x430.png 430w, https:\/\/babyvk.com\/wp-content\/uploads\/2024\/11\/baby-nest-700x700.png 700w, https:\/\/babyvk.com\/wp-content\/uploads\/2024\/11\/baby-nest-100x100.png 100w, https:\/\/babyvk.com\/wp-content\/uploads\/2024\/11\/baby-nest-50x50.png 50w\" sizes=\"(max-width: 800px) 100vw, 800px\" title=\"\">\t\t\t\t\t<\/div>\n\n\t\t\t\t\t\t<\/div>\n\t\t\t\t<\/div>\n\t\t\t\t\t<\/div>\n\t\t<\/div>\n\t\t\t\t<div class=\"elementor-column elementor-col-50 elementor-top-column elementor-element elementor-element-5e4d528\" data-id=\"5e4d528\" data-element_type=\"column\">\n\t\t\t<div class=\"elementor-widget-wrap elementor-element-populated\">\n\t\t\t\t\t\t<div class=\"elementor-element elementor-element-a0fad2e elementor-widget elementor-widget-wd_image_or_svg\" data-id=\"a0fad2e\" data-element_type=\"widget\" data-widget_type=\"wd_image_or_svg.default\">\n\t\t\t\t<div class=\"elementor-widget-container\">\n\t\t\t\t\t\n\t\t<div class=\"wd-image text-left\">\n\t\t\t\t\t\t\t\t<img loading=\"lazy\" decoding=\"async\" width=\"800\" height=\"800\" src=\"https:\/\/babyvk.com\/wp-content\/uploads\/2024\/11\/baby-nest-cover.png\" class=\"attachment-full size-full wvs-archive-product-image\" alt=\"transat nid d&#039;ange\" srcset=\"https:\/\/babyvk.com\/wp-content\/uploads\/2024\/11\/baby-nest-cover.png 800w, https:\/\/babyvk.com\/wp-content\/uploads\/2024\/11\/baby-nest-cover-300x300.png 300w, https:\/\/babyvk.com\/wp-content\/uploads\/2024\/11\/baby-nest-cover-150x150.png 150w, https:\/\/babyvk.com\/wp-content\/uploads\/2024\/11\/baby-nest-cover-768x768.png 768w, https:\/\/babyvk.com\/wp-content\/uploads\/2024\/11\/baby-nest-cover-430x430.png 430w, https:\/\/babyvk.com\/wp-content\/uploads\/2024\/11\/baby-nest-cover-700x700.png 700w, https:\/\/babyvk.com\/wp-content\/uploads\/2024\/11\/baby-nest-cover-100x100.png 100w, https:\/\/babyvk.com\/wp-content\/uploads\/2024\/11\/baby-nest-cover-50x50.png 50w\" sizes=\"(max-width: 800px) 100vw, 800px\" title=\"\">\t\t\t\t\t<\/div>\n\n\t\t\t\t\t\t<\/div>\n\t\t\t\t<\/div>\n\t\t\t\t\t<\/div>\n\t\t<\/div>\n\t\t\t\t\t<\/div>\n\t\t<\/section>\n\t\t\t\t<section class=\"wd-negative-gap elementor-section elementor-top-section elementor-element elementor-element-fbad5ca elementor-section-boxed elementor-section-height-default elementor-section-height-default\" data-id=\"fbad5ca\" data-element_type=\"section\">\n\t\t\t\t\t\t<div class=\"elementor-container elementor-column-gap-default\">\n\t\t\t\t\t<div class=\"elementor-column elementor-col-100 elementor-top-column elementor-element elementor-element-2562cea\" data-id=\"2562cea\" data-element_type=\"column\">\n\t\t\t<div class=\"elementor-widget-wrap elementor-element-populated\">\n\t\t\t\t\t\t<div class=\"elementor-element elementor-element-b4a8c0d color-scheme-inherit text-left elementor-widget elementor-widget-text-editor\" data-id=\"b4a8c0d\" data-element_type=\"widget\" data-widget_type=\"text-editor.default\">\n\t\t\t\t<div class=\"elementor-widget-container\">\n\t\t\t\t\t\t\t\t\t<h2>Sp\u00e9cifications :<\/h2><ul><li>Nom du produit : Oreiller de transat pour b\u00e9b\u00e9<\/li><li>Mati\u00e8re : Coton a\u00e9rien \u00e0 haute \u00e9lasticit\u00e9, housse en tissu doux<\/li><li>Dimensions : 41 x 23.6 x 4.3 pouces \/ 104 x 60 x 11 cm<\/li><li>Gamme d'\u00e2ge : Nouveau-n\u00e9 \u00e0 12 mois<\/li><\/ul>\t\t\t\t\t\t\t\t<\/div>\n\t\t\t\t<\/div>\n\t\t\t\t\t<\/div>\n\t\t<\/div>\n\t\t\t\t\t<\/div>\n\t\t<\/section>\n\t\t\t\t<section class=\"wd-negative-gap elementor-section elementor-top-section elementor-element elementor-element-fb911fa elementor-section-boxed elementor-section-height-default elementor-section-height-default\" data-id=\"fb911fa\" data-element_type=\"section\">\n\t\t\t\t\t\t<div class=\"elementor-container elementor-column-gap-default\">\n\t\t\t\t\t<div class=\"elementor-column elementor-col-50 elementor-top-column elementor-element elementor-element-ef9c007\" data-id=\"ef9c007\" data-element_type=\"column\">\n\t\t\t<div class=\"elementor-widget-wrap elementor-element-populated\">\n\t\t\t\t\t\t<div class=\"elementor-element elementor-element-fcf19c3 elementor-widget elementor-widget-wd_image_or_svg\" data-id=\"fcf19c3\" data-element_type=\"widget\" data-widget_type=\"wd_image_or_svg.default\">\n\t\t\t\t<div class=\"elementor-widget-container\">\n\t\t\t\t\t\n\t\t<div class=\"wd-image text-left\">\n\t\t\t\t\t\t\t\t<img loading=\"lazy\" decoding=\"async\" width=\"800\" height=\"800\" src=\"https:\/\/babyvk.com\/wp-content\/uploads\/2024\/11\/baby-nest-with-pillow.jpg\" class=\"attachment-full size-full wvs-archive-product-image\" alt=\"nid d&#039;enfant avec sangles\" srcset=\"https:\/\/babyvk.com\/wp-content\/uploads\/2024\/11\/baby-nest-with-pillow.jpg 800w, https:\/\/babyvk.com\/wp-content\/uploads\/2024\/11\/baby-nest-with-pillow-300x300.jpg 300w, https:\/\/babyvk.com\/wp-content\/uploads\/2024\/11\/baby-nest-with-pillow-150x150.jpg 150w, https:\/\/babyvk.com\/wp-content\/uploads\/2024\/11\/baby-nest-with-pillow-768x768.jpg 768w, https:\/\/babyvk.com\/wp-content\/uploads\/2024\/11\/baby-nest-with-pillow-430x430.jpg 430w, https:\/\/babyvk.com\/wp-content\/uploads\/2024\/11\/baby-nest-with-pillow-700x700.jpg 700w, https:\/\/babyvk.com\/wp-content\/uploads\/2024\/11\/baby-nest-with-pillow-100x100.jpg 100w, https:\/\/babyvk.com\/wp-content\/uploads\/2024\/11\/baby-nest-with-pillow-50x50.jpg 50w\" sizes=\"(max-width: 800px) 100vw, 800px\" title=\"\">\t\t\t\t\t<\/div>\n\n\t\t\t\t\t\t<\/div>\n\t\t\t\t<\/div>\n\t\t\t\t\t<\/div>\n\t\t<\/div>\n\t\t\t\t<div class=\"elementor-column elementor-col-50 elementor-top-column elementor-element elementor-element-0e75e7b\" data-id=\"0e75e7b\" data-element_type=\"column\">\n\t\t\t<div class=\"elementor-widget-wrap elementor-element-populated\">\n\t\t\t\t\t\t<div class=\"elementor-element elementor-element-c7aa738 elementor-widget elementor-widget-wd_image_or_svg\" data-id=\"c7aa738\" data-element_type=\"widget\" data-widget_type=\"wd_image_or_svg.default\">\n\t\t\t\t<div class=\"elementor-widget-container\">\n\t\t\t\t\t\n\t\t<div class=\"wd-image text-left\">\n\t\t\t\t\t\t\t\t<img loading=\"lazy\" decoding=\"async\" width=\"800\" height=\"800\" src=\"https:\/\/babyvk.com\/wp-content\/uploads\/2024\/11\/baby-nester.jpg\" class=\"attachment-full size-full wvs-archive-product-image\" alt=\"nid d&#039;enfant avec inclinaison\" srcset=\"https:\/\/babyvk.com\/wp-content\/uploads\/2024\/11\/baby-nester.jpg 800w, https:\/\/babyvk.com\/wp-content\/uploads\/2024\/11\/baby-nester-300x300.jpg 300w, https:\/\/babyvk.com\/wp-content\/uploads\/2024\/11\/baby-nester-150x150.jpg 150w, https:\/\/babyvk.com\/wp-content\/uploads\/2024\/11\/baby-nester-768x768.jpg 768w, https:\/\/babyvk.com\/wp-content\/uploads\/2024\/11\/baby-nester-430x430.jpg 430w, https:\/\/babyvk.com\/wp-content\/uploads\/2024\/11\/baby-nester-700x700.jpg 700w, https:\/\/babyvk.com\/wp-content\/uploads\/2024\/11\/baby-nester-100x100.jpg 100w, https:\/\/babyvk.com\/wp-content\/uploads\/2024\/11\/baby-nester-50x50.jpg 50w\" sizes=\"(max-width: 800px) 100vw, 800px\" title=\"\">\t\t\t\t\t<\/div>\n\n\t\t\t\t\t\t<\/div>\n\t\t\t\t<\/div>\n\t\t\t\t\t<\/div>\n\t\t<\/div>\n\t\t\t\t\t<\/div>\n\t\t<\/section>\n\t\t\t\t<section class=\"wd-negative-gap elementor-section elementor-top-section elementor-element elementor-element-9c8490b elementor-section-boxed elementor-section-height-default elementor-section-height-default\" data-id=\"9c8490b\" data-element_type=\"section\">\n\t\t\t\t\t\t<div class=\"elementor-container elementor-column-gap-default\">\n\t\t\t\t\t<div class=\"elementor-column elementor-col-100 elementor-top-column elementor-element elementor-element-1ed5f7e\" data-id=\"1ed5f7e\" data-element_type=\"column\">\n\t\t\t<div class=\"elementor-widget-wrap elementor-element-populated\">\n\t\t\t\t\t\t<div class=\"elementor-element elementor-element-308ce56 color-scheme-inherit text-left elementor-widget elementor-widget-text-editor\" data-id=\"308ce56\" data-element_type=\"widget\" data-widget_type=\"text-editor.default\">\n\t\t\t\t<div class=\"elementor-widget-container\">\n\t\t\t\t\t\t\t\t\t<h2>Paquet :<\/h2><ul><li>1 Oreiller de chaise longue pour b\u00e9b\u00e9<\/li><li>1 Plaque de pente<\/li><li>1 Colonne de d\u00e9compression<\/li><\/ul>\t\t\t\t\t\t\t\t<\/div>\n\t\t\t\t<\/div>\n\t\t\t\t\t<\/div>\n\t\t<\/div>\n\t\t\t\t\t<\/div>\n\t\t<\/section>\n\t\t\t\t<section class=\"wd-negative-gap elementor-section elementor-top-section elementor-element elementor-element-1506de9 elementor-section-boxed elementor-section-height-default elementor-section-height-default\" data-id=\"1506de9\" data-element_type=\"section\">\n\t\t\t\t\t\t<div class=\"elementor-container elementor-column-gap-default\">\n\t\t\t\t\t<div class=\"elementor-column elementor-col-100 elementor-top-column elementor-element elementor-element-4affea6\" data-id=\"4affea6\" data-element_type=\"column\">\n\t\t\t<div class=\"elementor-widget-wrap elementor-element-populated\">\n\t\t\t\t\t\t<div class=\"elementor-element elementor-element-c711fd3 color-scheme-inherit text-left elementor-widget elementor-widget-text-editor\" data-id=\"c711fd3\" data-element_type=\"widget\" data-widget_type=\"text-editor.default\">\n\t\t\t\t<div class=\"elementor-widget-container\">\n\t\t\t\t\t\t\t\t\t<h2>Notes :<\/h2><p>Veuillez noter que ce transat est con\u00e7u pour une utilisation supervis\u00e9e sur des surfaces plates et fermes uniquement. Ne laissez jamais votre b\u00e9b\u00e9 sans surveillance lorsque vous utilisez ce produit. Profitez d'une tranquillit\u00e9 d'esprit et d'un b\u00e9b\u00e9 satisfait gr\u00e2ce \u00e0 notre coussin transatlantique pour b\u00e9b\u00e9 !<\/p>\t\t\t\t\t\t\t\t<\/div>\n\t\t\t\t<\/div>\n\t\t\t\t\t<\/div>\n\t\t<\/div>\n\t\t\t\t\t<\/div>\n\t\t<\/section>\n\t\t\t\t<\/div>","protected":false},"excerpt":{"rendered":"<p>\"Gardez votre b\u00e9b\u00e9 en s\u00e9curit\u00e9 et en bonne sant\u00e9 avec le transat Baby Nest. Con\u00e7u pour \u00e9viter les chocs et les reflux, il garantit des siestes paisibles. Achetez maintenant pour le confort !\"<\/p>","protected":false},"featured_media":21458,"comment_status":"open","ping_status":"closed","template":"","meta":{"_acf_changed":false},"product_brand":[],"product_cat":[29],"product_tag":[940,942,943,939,941],"class_list":{"0":"post-21437","1":"product","2":"type-product","3":"status-publish","4":"has-post-thumbnail","6":"product_cat-best-baby-care","7":"product_tag-baby-lounger-pillow","8":"product_tag-baby-nest-bed","9":"product_tag-baby-nest-for-co-sleeping","10":"product_tag-baby-nest-lounger","11":"product_tag-baby-nest-with-belt","13":"first","14":"outofstock","15":"sale","16":"taxable","17":"shipping-taxable","18":"purchasable","19":"product-type-variable","20":"wvs-archive-product-wrapper"},"acf":[],"_links":{"self":[{"href":"https:\/\/babyvk.com\/fr\/wp-json\/wp\/v2\/product\/21437","targetHints":{"allow":["GET"]}}],"collection":[{"href":"https:\/\/babyvk.com\/fr\/wp-json\/wp\/v2\/product"}],"about":[{"href":"https:\/\/babyvk.com\/fr\/wp-json\/wp\/v2\/types\/product"}],"replies":[{"embeddable":true,"href":"https:\/\/babyvk.com\/fr\/wp-json\/wp\/v2\/comments?post=21437"}],"version-history":[{"count":0,"href":"https:\/\/babyvk.com\/fr\/wp-json\/wp\/v2\/product\/21437\/revisions"}],"wp:featuredmedia":[{"embeddable":true,"href":"https:\/\/babyvk.com\/fr\/wp-json\/wp\/v2\/media\/21458"}],"wp:attachment":[{"href":"https:\/\/babyvk.com\/fr\/wp-json\/wp\/v2\/media?parent=21437"}],"wp:term":[{"taxonomy":"product_brand","embeddable":true,"href":"https:\/\/babyvk.com\/fr\/wp-json\/wp\/v2\/product_brand?post=21437"},{"taxonomy":"product_cat","embeddable":true,"href":"https:\/\/babyvk.com\/fr\/wp-json\/wp\/v2\/product_cat?post=21437"},{"taxonomy":"product_tag","embeddable":true,"href":"https:\/\/babyvk.com\/fr\/wp-json\/wp\/v2\/product_tag?post=21437"}],"curies":[{"name":"wp","href":"https:\/\/api.w.org\/{rel}","templated":true}]}}