{"id":21191,"date":"2024-10-18T07:44:48","date_gmt":"2024-10-18T07:44:48","guid":{"rendered":"https:\/\/babyvk.com\/?post_type=product&#038;p=21191"},"modified":"2025-06-22T03:32:06","modified_gmt":"2025-06-22T03:32:06","slug":"baby-formula-container-to-go","status":"publish","type":"product","link":"https:\/\/babyvk.com\/fr\/product\/baby-formula-container-to-go\/","title":{"rendered":"R\u00e9cipient pour lait maternis\u00e9 \u00e0 emporter"},"content":{"rendered":"<div data-elementor-type=\"product-post\" data-elementor-id=\"21191\" class=\"elementor elementor-21191\" data-elementor-post-type=\"product\">\n\t\t\t\t\t\t<section class=\"wd-negative-gap elementor-section elementor-top-section elementor-element elementor-element-c5909ca elementor-section-boxed elementor-section-height-default elementor-section-height-default\" data-id=\"c5909ca\" data-element_type=\"section\">\n\t\t\t\t\t\t<div class=\"elementor-container elementor-column-gap-default\">\n\t\t\t\t\t<div class=\"elementor-column elementor-col-100 elementor-top-column elementor-element elementor-element-e60aa3f\" data-id=\"e60aa3f\" data-element_type=\"column\">\n\t\t\t<div class=\"elementor-widget-wrap elementor-element-populated\">\n\t\t\t\t\t\t<div class=\"elementor-element elementor-element-cb800c9 color-scheme-inherit text-left elementor-widget elementor-widget-text-editor\" data-id=\"cb800c9\" data-element_type=\"widget\" data-widget_type=\"text-editor.default\">\n\t\t\t\t<div class=\"elementor-widget-container\">\n\t\t\t\t\t\t\t\t\t<h2>Caract\u00e9ristiques :<\/h2><ol class=\"a-unordered-list a-vertical a-spacing-mini\"><li class=\"a-spacing-mini\"><span class=\"a-list-item\">Comprend des r\u00e9cipients de stockage d'aliments pour b\u00e9b\u00e9s \u00e0 4 couches avec une capacit\u00e9 suffisante pour vos besoins d'utilisation. Chaque couche peut contenir environ 35-40g. Chaque paquet de r\u00e9cipients de distribution de lait maternis\u00e9 comprend des activit\u00e9s \u00e0 4 couches qui peuvent contenir environ 175-200g.<\/span><\/li><li class=\"a-spacing-mini\"><span class=\"a-list-item\">Cette bo\u00eete de lait en poudre pour b\u00e9b\u00e9 mesure 7,5cm x 22cm.(2.95 x 8.85inch), compacte et portable, id\u00e9ale pour le babysitting, la garderie, \u00e0 la maison et en d\u00e9placement.Mat\u00e9riau PP de premi\u00e8re qualit\u00e9 sans BPA, lavable au lave-vaisselle.Convient pour:0-6 ans.<\/span><\/li><li class=\"a-spacing-mini\"><span class=\"a-list-item\">En plus du lait en poudre, l'espace de stockage g\u00e9n\u00e9reux signifie que le distributeur peut \u00e9galement \u00eatre utilis\u00e9 pour contenir des fruits, des collations pour b\u00e9b\u00e9s, des aliments solides pour b\u00e9b\u00e9s et des accessoires tels que des sucettes, des t\u00e9tines et des t\u00e9tines de biberon.<\/span><\/li><li class=\"a-spacing-mini\"><span class=\"a-list-item\">L'encombrement r\u00e9duit permet de le ranger facilement dans les sacs de poussette et les porte-bouteilles et porte-gobelets\/boissons.<\/span><\/li><li class=\"a-spacing-mini\"><span class=\"a-list-item\">Les 4 compartiments de ce distributeur de lait en poudre peuvent \u00eatre combin\u00e9s dans un ordre diff\u00e9rent et en nombre illimit\u00e9, et chaque couche peut \u00e9galement \u00eatre retir\u00e9e et utilis\u00e9e ind\u00e9pendamment.<\/span><\/li><\/ol>\t\t\t\t\t\t\t\t<\/div>\n\t\t\t\t<\/div>\n\t\t\t\t\t<\/div>\n\t\t<\/div>\n\t\t\t\t\t<\/div>\n\t\t<\/section>\n\t\t\t\t<section class=\"wd-negative-gap elementor-section elementor-top-section elementor-element elementor-element-4e45fc1 elementor-section-boxed elementor-section-height-default elementor-section-height-default\" data-id=\"4e45fc1\" data-element_type=\"section\">\n\t\t\t\t\t\t<div class=\"elementor-container elementor-column-gap-default\">\n\t\t\t\t\t<div class=\"elementor-column elementor-col-100 elementor-top-column elementor-element elementor-element-48a53b7\" data-id=\"48a53b7\" data-element_type=\"column\">\n\t\t\t<div class=\"elementor-widget-wrap elementor-element-populated\">\n\t\t\t\t\t\t<div class=\"elementor-element elementor-element-6da4a00 color-scheme-inherit text-left elementor-widget elementor-widget-text-editor\" data-id=\"6da4a00\" data-element_type=\"widget\" data-widget_type=\"text-editor.default\">\n\t\t\t\t<div class=\"elementor-widget-container\">\n\t\t\t\t\t\t\t\t\t<h2>Sp\u00e9cifications :<\/h2><ul><li>Taille : 7,5 cm x 22 cm (2,95 x 8,85 pouces).<\/li><li>Emballage : 1 paquet (4 couches).<\/li><li>Capacit\u00e9 : Chaque couche peut contenir environ 35-40g. Chaque paquet de distributeur de lait maternis\u00e9 comprend 4 couches qui peuvent contenir environ 175-200g.<\/li><\/ul>\t\t\t\t\t\t\t\t<\/div>\n\t\t\t\t<\/div>\n\t\t\t\t\t<\/div>\n\t\t<\/div>\n\t\t\t\t\t<\/div>\n\t\t<\/section>\n\t\t\t\t<section class=\"wd-negative-gap elementor-section elementor-top-section elementor-element elementor-element-b66fc99 elementor-section-boxed elementor-section-height-default elementor-section-height-default\" data-id=\"b66fc99\" data-element_type=\"section\">\n\t\t\t\t\t\t<div class=\"elementor-container elementor-column-gap-default\">\n\t\t\t\t\t<div class=\"elementor-column elementor-col-100 elementor-top-column elementor-element elementor-element-55a75f9\" data-id=\"55a75f9\" data-element_type=\"column\">\n\t\t\t<div class=\"elementor-widget-wrap elementor-element-populated\">\n\t\t\t\t\t\t<div class=\"elementor-element elementor-element-e697049 color-scheme-inherit text-left elementor-widget elementor-widget-text-editor\" data-id=\"e697049\" data-element_type=\"widget\" data-widget_type=\"text-editor.default\">\n\t\t\t\t<div class=\"elementor-widget-container\">\n\t\t\t\t\t\t\t\t\t<h2>Remarque :<\/h2><ol><li>La couleur de la photo peut varier l\u00e9g\u00e8rement en raison de l'\u00e9clairage et de la diff\u00e9rence d'\u00e9cran.<\/li><li>Veuillez tenir compte d'un \u00e9cart de 1 \u00e0 3 cm d\u00fb aux mesures manuelles.<\/li><\/ol>\t\t\t\t\t\t\t\t<\/div>\n\t\t\t\t<\/div>\n\t\t\t\t\t<\/div>\n\t\t<\/div>\n\t\t\t\t\t<\/div>\n\t\t<\/section>\n\t\t\t\t<\/div>","protected":false},"excerpt":{"rendered":"<p>Features: Includes 4-Layer Baby Food Storage Containers With Enough Capacity For Your Usage Needs.Each Layer Can Hold About 35-40g.Each Pack<\/p>","protected":false},"featured_media":21186,"comment_status":"open","ping_status":"closed","template":"","meta":{"_acf_changed":false},"product_brand":[],"product_cat":[508],"product_tag":[856,854,932,931,855,933],"class_list":{"0":"post-21191","1":"product","2":"type-product","3":"status-publish","4":"has-post-thumbnail","6":"product_cat-best-baby-feeding","7":"product_tag-baby-formula-container","8":"product_tag-baby-formula-dispenser","9":"product_tag-baby-snack-containers","10":"product_tag-formula-container-to-go","11":"product_tag-formula-dispenser-on-the-go","12":"product_tag-travel-formula-container","14":"first","15":"instock","16":"sale","17":"taxable","18":"shipping-taxable","19":"purchasable","20":"product-type-variable","21":"wvs-archive-product-wrapper"},"acf":[],"_links":{"self":[{"href":"https:\/\/babyvk.com\/fr\/wp-json\/wp\/v2\/product\/21191","targetHints":{"allow":["GET"]}}],"collection":[{"href":"https:\/\/babyvk.com\/fr\/wp-json\/wp\/v2\/product"}],"about":[{"href":"https:\/\/babyvk.com\/fr\/wp-json\/wp\/v2\/types\/product"}],"replies":[{"embeddable":true,"href":"https:\/\/babyvk.com\/fr\/wp-json\/wp\/v2\/comments?post=21191"}],"version-history":[{"count":1,"href":"https:\/\/babyvk.com\/fr\/wp-json\/wp\/v2\/product\/21191\/revisions"}],"predecessor-version":[{"id":24852,"href":"https:\/\/babyvk.com\/fr\/wp-json\/wp\/v2\/product\/21191\/revisions\/24852"}],"wp:featuredmedia":[{"embeddable":true,"href":"https:\/\/babyvk.com\/fr\/wp-json\/wp\/v2\/media\/21186"}],"wp:attachment":[{"href":"https:\/\/babyvk.com\/fr\/wp-json\/wp\/v2\/media?parent=21191"}],"wp:term":[{"taxonomy":"product_brand","embeddable":true,"href":"https:\/\/babyvk.com\/fr\/wp-json\/wp\/v2\/product_brand?post=21191"},{"taxonomy":"product_cat","embeddable":true,"href":"https:\/\/babyvk.com\/fr\/wp-json\/wp\/v2\/product_cat?post=21191"},{"taxonomy":"product_tag","embeddable":true,"href":"https:\/\/babyvk.com\/fr\/wp-json\/wp\/v2\/product_tag?post=21191"}],"curies":[{"name":"wp","href":"https:\/\/api.w.org\/{rel}","templated":true}]}}