{"id":20978,"date":"2024-09-12T13:34:08","date_gmt":"2024-09-12T13:34:08","guid":{"rendered":"https:\/\/babyvk.com\/?post_type=product&#038;p=20978"},"modified":"2026-01-14T02:07:24","modified_gmt":"2026-01-14T02:07:24","slug":"glass-baby-bottle-4-2oz-120ml","status":"publish","type":"product","link":"https:\/\/babyvk.com\/fr\/product\/glass-baby-bottle-4-2oz-120ml\/","title":{"rendered":"Biberon en verre 4.2oz\/120ml"},"content":{"rendered":"<div data-elementor-type=\"product-post\" data-elementor-id=\"20978\" class=\"elementor elementor-20978\" data-elementor-post-type=\"product\">\n\t\t\t\t\t\t<section class=\"wd-negative-gap elementor-section elementor-top-section elementor-element elementor-element-d28830b elementor-section-boxed elementor-section-height-default elementor-section-height-default\" data-id=\"d28830b\" data-element_type=\"section\">\n\t\t\t\t\t\t<div class=\"elementor-container elementor-column-gap-default\">\n\t\t\t\t\t<div class=\"elementor-column elementor-col-100 elementor-top-column elementor-element elementor-element-edeb7da\" data-id=\"edeb7da\" data-element_type=\"column\">\n\t\t\t<div class=\"elementor-widget-wrap elementor-element-populated\">\n\t\t\t\t\t\t<div class=\"elementor-element elementor-element-238cafe color-scheme-inherit text-left elementor-widget elementor-widget-text-editor\" data-id=\"238cafe\" data-element_type=\"widget\" data-widget_type=\"text-editor.default\">\n\t\t\t\t<div class=\"elementor-widget-container\">\n\t\t\t\t\t\t\t\t\t<p>Rendez l'heure du repas plus facile et plus s\u00fbre gr\u00e2ce \u00e0 notre biberon en verre (4,2 oz\/120 ml) ! Con\u00e7u pour \u00eatre polyvalent, il est livr\u00e9 avec une cuill\u00e8re et une t\u00e9tine pour les diff\u00e9rentes \u00e9tapes de l'alimentation, ainsi qu'un mignon manchon de protection en forme de vache pour \u00e9viter la casse. Plus d'inqui\u00e9tude, juste une bonne alimentation ! \ud83c\udf7c\ud83d\udc04\u2728<\/p>\t\t\t\t\t\t\t\t<\/div>\n\t\t\t\t<\/div>\n\t\t\t\t\t<\/div>\n\t\t<\/div>\n\t\t\t\t\t<\/div>\n\t\t<\/section>\n\t\t\t\t<section class=\"wd-negative-gap elementor-section elementor-top-section elementor-element elementor-element-d931356 elementor-section-boxed elementor-section-height-default elementor-section-height-default\" data-id=\"d931356\" data-element_type=\"section\">\n\t\t\t\t\t\t<div class=\"elementor-container elementor-column-gap-default\">\n\t\t\t\t\t<div class=\"elementor-column elementor-col-100 elementor-top-column elementor-element elementor-element-fb1f4c4\" data-id=\"fb1f4c4\" data-element_type=\"column\">\n\t\t\t<div class=\"elementor-widget-wrap elementor-element-populated\">\n\t\t\t\t\t\t<div class=\"elementor-element elementor-element-bd66e22 color-scheme-inherit text-left elementor-widget elementor-widget-text-editor\" data-id=\"bd66e22\" data-element_type=\"widget\" data-widget_type=\"text-editor.default\">\n\t\t\t\t<div class=\"elementor-widget-container\">\n\t\t\t\t\t\t\t\t\t<p><strong> Caract\u00e9ristiques :<\/strong><\/p>\n<ol>\n<li>Deux modes d'alimentation : Passez de la cuill\u00e8re souple pour des pur\u00e9es lisses \u00e0 la t\u00e9tine pour du lait ou de l'eau.<\/li>\n<li>Mignon et protecteur : L'adorable \u00e9tui \u00e0 bouteille en forme de vache prot\u00e8ge le verre des chutes et des chocs accidentels.<\/li>\n<li>Verre r\u00e9sistant \u00e0 la chaleur : Fabriqu\u00e9 en verre de haute qualit\u00e9, sans BPA, il r\u00e9siste \u00e0 la chaleur et pr\u00e9serve l'hygi\u00e8ne.<\/li>\n<li>Facile \u00e0 nettoyer : Livr\u00e9 avec un goupillon gratuit pour un nettoyage sans probl\u00e8me.<\/li>\n<li>\u00c9cologique : Dites adieu aux biberons en plastique - notre option en verre est durable et plus s\u00fbre pour votre b\u00e9b\u00e9 !<\/li>\n<\/ol>\t\t\t\t\t\t\t\t<\/div>\n\t\t\t\t<\/div>\n\t\t\t\t\t<\/div>\n\t\t<\/div>\n\t\t\t\t\t<\/div>\n\t\t<\/section>\n\t\t\t\t<section class=\"wd-negative-gap elementor-section elementor-top-section elementor-element elementor-element-aa210ef elementor-section-boxed elementor-section-height-default elementor-section-height-default\" data-id=\"aa210ef\" data-element_type=\"section\">\n\t\t\t\t\t\t<div class=\"elementor-container elementor-column-gap-default\">\n\t\t\t\t\t<div class=\"elementor-column elementor-col-100 elementor-top-column elementor-element elementor-element-fac37e5\" data-id=\"fac37e5\" data-element_type=\"column\">\n\t\t\t<div class=\"elementor-widget-wrap elementor-element-populated\">\n\t\t\t\t\t\t<div class=\"elementor-element elementor-element-2c2b8b9 color-scheme-inherit text-left elementor-widget elementor-widget-text-editor\" data-id=\"2c2b8b9\" data-element_type=\"widget\" data-widget_type=\"text-editor.default\">\n\t\t\t\t<div class=\"elementor-widget-container\">\n\t\t\t\t\t\t\t\t\t<p><strong>Sp\u00e9cifications :<\/strong><\/p><ul><li>Nom du produit : Biberon en verre (4.2oz\/120ml)<\/li><li>Mat\u00e9riau : Verre sans BPA, silicone, PP<\/li><li>Capacit\u00e9 : 120ml\/4.2oz<\/li><li>Comprend : Cuill\u00e8re et t\u00e9tine, manchon de protection en forme de vache<\/li><li>Gamme d'\u00e2ge : 0-8 mois<\/li><\/ul>\t\t\t\t\t\t\t\t<\/div>\n\t\t\t\t<\/div>\n\t\t\t\t\t<\/div>\n\t\t<\/div>\n\t\t\t\t\t<\/div>\n\t\t<\/section>\n\t\t\t\t<section class=\"wd-negative-gap elementor-section elementor-top-section elementor-element elementor-element-fa1cd56 elementor-section-boxed elementor-section-height-default elementor-section-height-default\" data-id=\"fa1cd56\" data-element_type=\"section\">\n\t\t\t\t\t\t<div class=\"elementor-container elementor-column-gap-default\">\n\t\t\t\t\t<div class=\"elementor-column elementor-col-100 elementor-top-column elementor-element elementor-element-449fc6b\" data-id=\"449fc6b\" data-element_type=\"column\">\n\t\t\t<div class=\"elementor-widget-wrap elementor-element-populated\">\n\t\t\t\t\t\t<div class=\"elementor-element elementor-element-ec44419 color-scheme-inherit text-left elementor-widget elementor-widget-text-editor\" data-id=\"ec44419\" data-element_type=\"widget\" data-widget_type=\"text-editor.default\">\n\t\t\t\t<div class=\"elementor-widget-container\">\n\t\t\t\t\t\t\t\t\t<p><strong>Paquet :<\/strong><\/p><ul><li>1 biberon en verre (120ml\/4.2oz)<\/li><li>1 Attachement pour cuill\u00e8re<\/li><li>1 Attachement de la t\u00e9tine<\/li><li>1 Housse de protection en forme de vache<\/li><li>1 brosse de nettoyage de bouteille<\/li><\/ul>\t\t\t\t\t\t\t\t<\/div>\n\t\t\t\t<\/div>\n\t\t\t\t\t<\/div>\n\t\t<\/div>\n\t\t\t\t\t<\/div>\n\t\t<\/section>\n\t\t\t\t<\/div>","protected":false},"excerpt":{"rendered":"<p>\"Verre durable, design adorable ! Nourrissez votre b\u00e9b\u00e9 en toute confiance gr\u00e2ce \u00e0 notre biberon en verre de 4,2 oz sur le th\u00e8me de la vache. Achetez-le maintenant !\"<\/p>","protected":false},"featured_media":20983,"comment_status":"open","ping_status":"closed","template":"","meta":{"_acf_changed":false},"product_brand":[],"product_cat":[508],"product_tag":[923,924,922,925,921],"class_list":{"0":"post-20978","1":"product","2":"type-product","3":"status-publish","4":"has-post-thumbnail","6":"product_cat-best-baby-feeding","7":"product_tag-anti-colic-baby-bottles","8":"product_tag-bottles-for-breastfeeding-babies","9":"product_tag-bottles-for-newborn-babies","10":"product_tag-breastfed-baby-bottles","11":"product_tag-glass-baby-bottles","13":"first","14":"outofstock","15":"sale","16":"taxable","17":"shipping-taxable","18":"purchasable","19":"product-type-variable","20":"wvs-archive-product-wrapper"},"acf":[],"_links":{"self":[{"href":"https:\/\/babyvk.com\/fr\/wp-json\/wp\/v2\/product\/20978","targetHints":{"allow":["GET"]}}],"collection":[{"href":"https:\/\/babyvk.com\/fr\/wp-json\/wp\/v2\/product"}],"about":[{"href":"https:\/\/babyvk.com\/fr\/wp-json\/wp\/v2\/types\/product"}],"replies":[{"embeddable":true,"href":"https:\/\/babyvk.com\/fr\/wp-json\/wp\/v2\/comments?post=20978"}],"version-history":[{"count":0,"href":"https:\/\/babyvk.com\/fr\/wp-json\/wp\/v2\/product\/20978\/revisions"}],"wp:featuredmedia":[{"embeddable":true,"href":"https:\/\/babyvk.com\/fr\/wp-json\/wp\/v2\/media\/20983"}],"wp:attachment":[{"href":"https:\/\/babyvk.com\/fr\/wp-json\/wp\/v2\/media?parent=20978"}],"wp:term":[{"taxonomy":"product_brand","embeddable":true,"href":"https:\/\/babyvk.com\/fr\/wp-json\/wp\/v2\/product_brand?post=20978"},{"taxonomy":"product_cat","embeddable":true,"href":"https:\/\/babyvk.com\/fr\/wp-json\/wp\/v2\/product_cat?post=20978"},{"taxonomy":"product_tag","embeddable":true,"href":"https:\/\/babyvk.com\/fr\/wp-json\/wp\/v2\/product_tag?post=20978"}],"curies":[{"name":"wp","href":"https:\/\/api.w.org\/{rel}","templated":true}]}}