{"id":20774,"date":"2024-07-26T05:43:44","date_gmt":"2024-07-26T05:43:44","guid":{"rendered":"https:\/\/babyvk.com\/?post_type=product&#038;p=20774"},"modified":"2025-09-08T17:03:24","modified_gmt":"2025-09-08T17:03:24","slug":"portable-potty-training-seat","status":"publish","type":"product","link":"https:\/\/babyvk.com\/fr\/product\/portable-potty-training-seat\/","title":{"rendered":"Si\u00e8ge d'apprentissage de la propret\u00e9 portable pour les enfants en bas \u00e2ge"},"content":{"rendered":"<div data-elementor-type=\"product-post\" data-elementor-id=\"20774\" class=\"elementor elementor-20774\" data-elementor-post-type=\"product\">\n\t\t\t\t\t\t<section class=\"wd-negative-gap elementor-section elementor-top-section elementor-element elementor-element-50d78f2 elementor-section-boxed elementor-section-height-default elementor-section-height-default\" data-id=\"50d78f2\" data-element_type=\"section\">\n\t\t\t\t\t\t<div class=\"elementor-container elementor-column-gap-default\">\n\t\t\t\t\t<div class=\"elementor-column elementor-col-100 elementor-top-column elementor-element elementor-element-6086e0d\" data-id=\"6086e0d\" data-element_type=\"column\">\n\t\t\t<div class=\"elementor-widget-wrap elementor-element-populated\">\n\t\t\t\t\t\t<div class=\"elementor-element elementor-element-aec4f02 color-scheme-inherit text-left elementor-widget elementor-widget-text-editor\" data-id=\"aec4f02\" data-element_type=\"widget\" data-widget_type=\"text-editor.default\">\n\t\t\t\t<div class=\"elementor-widget-container\">\n\t\t\t\t\t\t\t\t\t<h2>A propos de cet article<\/h2><ol><li><p><strong>Mat\u00e9riau de qualit\u00e9 sup\u00e9rieure<\/strong>: Notre pot de voyage pour enfants est fabriqu\u00e9 \u00e0 partir de mat\u00e9riaux PP et PVC de haute qualit\u00e9 et respectueux de l'environnement. Il est s\u00fbr, durable et r\u00e9sistant \u00e0 l'usure.<\/p><\/li><li><p><strong>Conception r\u00e9fl\u00e9chie<\/strong>: Ce pot portable est dot\u00e9 d'une base antid\u00e9rapante, de pi\u00e8ces d\u00e9tachables et d'accoudoirs, ce qui garantit sa stabilit\u00e9 et aide les enfants \u00e0 acqu\u00e9rir de bonnes habitudes de toilette.<\/p><\/li><li><p><strong>Pour tous les enfants<\/strong>: Convient aux filles et aux gar\u00e7ons \u00e2g\u00e9s de 6 mois \u00e0 5 ans, ce pot est parfait pour vos petits.<\/p><\/li><li><p><strong>Design adorable<\/strong>: Disponible en rose et en jaune, le pot se pr\u00e9sente sous la forme d'un mignon canard de dessin anim\u00e9 que les enfants adoreront.<\/p><\/li><li><p><strong>Utilisation polyvalente<\/strong>: Mesurant 17,12 x 13,77 x 11,81 pouces, il est id\u00e9al pour les voitures, les activit\u00e9s de plein air, les pique-niques et les sorties.<\/p><\/li><\/ol>\t\t\t\t\t\t\t\t<\/div>\n\t\t\t\t<\/div>\n\t\t\t\t\t<\/div>\n\t\t<\/div>\n\t\t\t\t\t<\/div>\n\t\t<\/section>\n\t\t\t\t<section class=\"wd-negative-gap elementor-section elementor-top-section elementor-element elementor-element-404dbc3 elementor-section-boxed elementor-section-height-default elementor-section-height-default\" data-id=\"404dbc3\" data-element_type=\"section\">\n\t\t\t\t\t\t<div class=\"elementor-container elementor-column-gap-default\">\n\t\t\t\t\t<div class=\"elementor-column elementor-col-100 elementor-top-column elementor-element elementor-element-4ea3224\" data-id=\"4ea3224\" data-element_type=\"column\">\n\t\t\t<div class=\"elementor-widget-wrap elementor-element-populated\">\n\t\t\t\t\t\t<div class=\"elementor-element elementor-element-a894440 color-scheme-inherit text-left elementor-widget elementor-widget-text-editor\" data-id=\"a894440\" data-element_type=\"widget\" data-widget_type=\"text-editor.default\">\n\t\t\t\t<div class=\"elementor-widget-container\">\n\t\t\t\t\t\t\t\t\t<h2>Sp\u00e9cification :<\/h2><ul><li>Nom : Pot portable pour enfants<\/li><li>Mat\u00e9riau : PP + PVC<\/li><li>Taille : 43.5*35*30CM\/17.12*13.77*11.81IN (approx.)<\/li><li>Poids : 1200 g (environ)\u00a0<\/li><li>Liste d'emballage : 1 pcs Portable Kids Potty<\/li><\/ul><h2>Liste d'emballage :<\/h2><ul><li>1 pcs Portable Kids Potty<\/li><\/ul><h2>Notes :<\/h2><p>En raison des effets de lumi\u00e8re et des angles de prise de vue, il peut y avoir une diff\u00e9rence de couleur dans le produit, veuillez comprendre.<br \/>En raison des mesures manuelles, il peut y avoir une erreur dans la taille du produit.<\/p>\t\t\t\t\t\t\t\t<\/div>\n\t\t\t\t<\/div>\n\t\t\t\t\t<\/div>\n\t\t<\/div>\n\t\t\t\t\t<\/div>\n\t\t<\/section>\n\t\t\t\t<section class=\"wd-negative-gap elementor-section elementor-top-section elementor-element elementor-element-5ae7ab6 elementor-section-boxed elementor-section-height-default elementor-section-height-default\" data-id=\"5ae7ab6\" data-element_type=\"section\">\n\t\t\t\t\t\t<div class=\"elementor-container elementor-column-gap-default\">\n\t\t\t\t\t<div class=\"elementor-column elementor-col-100 elementor-top-column elementor-element elementor-element-173e19c\" data-id=\"173e19c\" data-element_type=\"column\">\n\t\t\t<div class=\"elementor-widget-wrap elementor-element-populated\">\n\t\t\t\t\t\t<div class=\"elementor-element elementor-element-d6f30e8 wd-width-100 elementor-widget elementor-widget-wd_title\" data-id=\"d6f30e8\" data-element_type=\"widget\" data-widget_type=\"wd_title.default\">\n\t\t\t\t<div class=\"elementor-widget-container\">\n\t\t\t\t\t\t\t<div class=\"title-wrapper wd-set-mb reset-last-child wd-title-color-default wd-title-style-default wd-title-size-default text-center\">\n\n\t\t\t\t\t\t\t\t\t\t\t<div class=\"title-subtitle subtitle-color-default subtitle-style-default wd-fontsize-xs\">\n\t\t\t\t\tVOIR NOTRE EXPOSITION\t\t\t\t<\/div>\n\t\t\t\n\t\t\t<div class=\"liner-continer\">\n\t\t\t\t<h4 class=\"woodmart-title-container title wd-fontsize-l\">Notre courte vid\u00e9o<\/h4> \n\t\t\t\t\t\t\t<\/div>\n\n\t\t\t\t\t\t\t<div class=\"title-after_title reset-last-child wd-fontsize-xs\">\n\t\t\t\t\t<p>Montrer la sc\u00e8ne d'utilisation du produit, vous donner plus de d\u00e9tails.<\/p>\t\t\t\t<\/div>\n\t\t\t\t\t<\/div>\n\t\t\t\t\t\t<\/div>\n\t\t\t\t<\/div>\n\t\t\t\t<div class=\"elementor-element elementor-element-e8893c5 elementor-widget elementor-widget-wd_testimonials\" data-id=\"e8893c5\" data-element_type=\"widget\" data-widget_type=\"wd_testimonials.default\">\n\t\t\t\t<div class=\"elementor-widget-container\">\n\t\t\t\t\t\t\t<div class=\"testimonials testimon-style-standard  color-scheme- testimon-align-center wd-carousel-container\" id=\"carousel-4581\">\n\t\t\t\t\t\t\t<div class=\"wd-carousel-inner\">\n\t\t\t\n\t\t\t<div class=\"wd-carousel wd-grid\" data-scroll_per_page=\"yes\" style=\"--wd-col-lg:2;--wd-col-md:2;--wd-col-sm:1;--wd-gap-lg:30px;--wd-gap-sm:10px;\">\n\t\t\t\t\t\t\t\t\t<div class=\"wd-carousel-wrap\">\n\t\t\t\t\n\t\t\t\t\t\t\t\t\t\n<div class=\"testimonial wd-carousel-item\">\n\t<div class=\"testimonial-inner\">\n\t\t\n\t\t<div class=\"testimonial-content\">\n\t\t\t<div class=\"testimonial-rating\">\n\t\t\t\t<span class=\"star-rating\">\n\t\t\t\t\t<span style=\"width:100%\"><\/span>\n\t\t\t\t<\/span>\n\t\t\t<\/div>\n\n\t\t\t<p><iframe  id=\"_ytid_55121\"  width=\"800\" height=\"450\"  data-origwidth=\"800\" data-origheight=\"450\"  data-relstop=\"1\" src=\"https:\/\/www.youtube.com\/embed\/-Ud1RDqdR7s?enablejsapi=1&autoplay=0&cc_load_policy=1&cc_lang_pref=&iv_load_policy=3&loop=0&rel=0&fs=1&playsinline=0&autohide=2&theme=dark&color=red&controls=1&disablekb=0&\" class=\"__youtube_prefs__  no-lazyload\" title=\"Lecteur YouTube\"  allow=\"fullscreen; accelerometer; autoplay; clipboard-write; encrypted-media; gyroscope; picture-in-picture; web-share\" referrerpolicy=\"strict-origin-when-cross-origin\" allowfullscreen data-no-lazy=\"1\" data-skipgform_ajax_framebjll=\"\"><\/iframe><\/p>\n\t\t\t<footer>\n\t\t\t\t\n\t\t\t\t\t\t\t<\/footer>\n\t\t<\/div>\n\t<\/div>\n<\/div>\t\t\t\t\t\t\t\t\t\n<div class=\"testimonial wd-carousel-item\">\n\t<div class=\"testimonial-inner\">\n\t\t\n\t\t<div class=\"testimonial-content\">\n\t\t\t<div class=\"testimonial-rating\">\n\t\t\t\t<span class=\"star-rating\">\n\t\t\t\t\t<span style=\"width:100%\"><\/span>\n\t\t\t\t<\/span>\n\t\t\t<\/div>\n\n\t\t\t<p><iframe  id=\"_ytid_19887\"  width=\"800\" height=\"450\"  data-origwidth=\"800\" data-origheight=\"450\"  data-relstop=\"1\" src=\"https:\/\/www.youtube.com\/embed\/kBI3dgeMru4?enablejsapi=1&autoplay=0&cc_load_policy=1&cc_lang_pref=&iv_load_policy=3&loop=0&rel=0&fs=1&playsinline=0&autohide=2&theme=dark&color=red&controls=1&disablekb=0&\" class=\"__youtube_prefs__  no-lazyload\" title=\"Lecteur YouTube\"  allow=\"fullscreen; accelerometer; autoplay; clipboard-write; encrypted-media; gyroscope; picture-in-picture; web-share\" referrerpolicy=\"strict-origin-when-cross-origin\" allowfullscreen data-no-lazy=\"1\" data-skipgform_ajax_framebjll=\"\"><\/iframe><\/p>\n\t\t\t<footer>\n\t\t\t\t\n\t\t\t\t\t\t\t<\/footer>\n\t\t<\/div>\n\t<\/div>\n<\/div>\t\t\t\t\t\t\t\t\t\n<div class=\"testimonial wd-carousel-item\">\n\t<div class=\"testimonial-inner\">\n\t\t\n\t\t<div class=\"testimonial-content\">\n\t\t\t<div class=\"testimonial-rating\">\n\t\t\t\t<span class=\"star-rating\">\n\t\t\t\t\t<span style=\"width:100%\"><\/span>\n\t\t\t\t<\/span>\n\t\t\t<\/div>\n\n\t\t\t<p><iframe  id=\"_ytid_82911\"  width=\"800\" height=\"450\"  data-origwidth=\"800\" data-origheight=\"450\"  data-relstop=\"1\" src=\"https:\/\/www.youtube.com\/embed\/wDhaOtXcsuM?enablejsapi=1&autoplay=0&cc_load_policy=1&cc_lang_pref=&iv_load_policy=3&loop=0&rel=0&fs=1&playsinline=0&autohide=2&theme=dark&color=red&controls=1&disablekb=0&\" class=\"__youtube_prefs__  no-lazyload\" title=\"Lecteur YouTube\"  allow=\"fullscreen; accelerometer; autoplay; clipboard-write; encrypted-media; gyroscope; picture-in-picture; web-share\" referrerpolicy=\"strict-origin-when-cross-origin\" allowfullscreen data-no-lazy=\"1\" data-skipgform_ajax_framebjll=\"\"><\/iframe><\/p>\n\t\t\t<footer>\n\t\t\t\t\n\t\t\t\t\t\t\t<\/footer>\n\t\t<\/div>\n\t<\/div>\n<\/div>\t\t\t\t\n\t\t\t\t\t\t\t\t\t<\/div>\n\t\t\t\t\t\t\t<\/div>\n\t\t\t\t\t\t\t\t\t\t\t\t\t\t<div class=\"wd-nav-arrows wd-pos-sep wd-hover-1 wd-icon-1\">\n\t\t\t<div class=\"wd-btn-arrow wd-prev wd-disabled\">\n\t\t\t\t<div class=\"wd-arrow-inner\"><\/div>\n\t\t\t<\/div>\n\t\t\t<div class=\"wd-btn-arrow wd-next\">\n\t\t\t\t<div class=\"wd-arrow-inner\"><\/div>\n\t\t\t<\/div>\n\t\t<\/div>\n\t\t\t\t\t\t\n\t\t\t\t<\/div>\n\n\t\t\t\t\t\t<div class=\"wd-nav-pagin-wrap text-center wd-style-shape wd-hide-md-sm wd-hide-sm\">\n\t\t\t<ul class=\"wd-nav-pagin\"><\/ul>\n\t\t<\/div>\n\t\t\t\t\t\t\t\t\t\t\t<\/div>\n\t\t\t\t\t\t<\/div>\n\t\t\t\t<\/div>\n\t\t\t\t\t<\/div>\n\t\t<\/div>\n\t\t\t\t\t<\/div>\n\t\t<\/section>\n\t\t\t\t<\/div>","protected":false},"excerpt":{"rendered":"<p>&#8220;<strong>Des difficult\u00e9s avec l'apprentissage de la propret\u00e9 ?<\/strong> Le si\u00e8ge portable d'apprentissage de la propret\u00e9 pour les enfants en bas \u00e2ge offre stabilit\u00e9 et confort. Facilitez l'apprentissage d\u00e8s aujourd'hui ! Magasinez d\u00e8s maintenant et b\u00e9n\u00e9ficiez de la livraison gratuite !<\/p>","protected":false},"featured_media":20764,"comment_status":"open","ping_status":"closed","template":"","meta":{"_acf_changed":false},"product_brand":[],"product_cat":[29],"product_tag":[920,917,919,901,916,918],"class_list":{"0":"post-20774","1":"product","2":"type-product","3":"status-publish","4":"has-post-thumbnail","6":"product_cat-best-baby-care","7":"product_tag-baby-potty-training-toilet","8":"product_tag-kids-toilet-seat","9":"product_tag-portable-potty-for-toddler-travel","10":"product_tag-portable-toilet-for-kids","11":"product_tag-potty-seats-for-toddlers","12":"product_tag-travel-potty-for-toddler","14":"first","15":"instock","16":"taxable","17":"shipping-taxable","18":"purchasable","19":"product-type-variable","20":"wvs-archive-product-wrapper"},"acf":[],"_links":{"self":[{"href":"https:\/\/babyvk.com\/fr\/wp-json\/wp\/v2\/product\/20774","targetHints":{"allow":["GET"]}}],"collection":[{"href":"https:\/\/babyvk.com\/fr\/wp-json\/wp\/v2\/product"}],"about":[{"href":"https:\/\/babyvk.com\/fr\/wp-json\/wp\/v2\/types\/product"}],"replies":[{"embeddable":true,"href":"https:\/\/babyvk.com\/fr\/wp-json\/wp\/v2\/comments?post=20774"}],"version-history":[{"count":0,"href":"https:\/\/babyvk.com\/fr\/wp-json\/wp\/v2\/product\/20774\/revisions"}],"wp:featuredmedia":[{"embeddable":true,"href":"https:\/\/babyvk.com\/fr\/wp-json\/wp\/v2\/media\/20764"}],"wp:attachment":[{"href":"https:\/\/babyvk.com\/fr\/wp-json\/wp\/v2\/media?parent=20774"}],"wp:term":[{"taxonomy":"product_brand","embeddable":true,"href":"https:\/\/babyvk.com\/fr\/wp-json\/wp\/v2\/product_brand?post=20774"},{"taxonomy":"product_cat","embeddable":true,"href":"https:\/\/babyvk.com\/fr\/wp-json\/wp\/v2\/product_cat?post=20774"},{"taxonomy":"product_tag","embeddable":true,"href":"https:\/\/babyvk.com\/fr\/wp-json\/wp\/v2\/product_tag?post=20774"}],"curies":[{"name":"wp","href":"https:\/\/api.w.org\/{rel}","templated":true}]}}