{"id":20567,"date":"2024-07-07T06:15:57","date_gmt":"2024-07-07T06:15:57","guid":{"rendered":"https:\/\/babyvk.com\/?post_type=product&#038;p=20567"},"modified":"2025-09-08T17:06:28","modified_gmt":"2025-09-08T17:06:28","slug":"portable-manual-breast-pump","status":"publish","type":"product","link":"https:\/\/babyvk.com\/fr\/product\/portable-manual-breast-pump\/","title":{"rendered":"Tire-lait manuel portable"},"content":{"rendered":"<div data-elementor-type=\"product-post\" data-elementor-id=\"20567\" class=\"elementor elementor-20567\" data-elementor-post-type=\"product\">\n\t\t\t\t\t\t<section class=\"wd-negative-gap elementor-section elementor-top-section elementor-element elementor-element-f8fb908 elementor-section-boxed elementor-section-height-default elementor-section-height-default\" data-id=\"f8fb908\" data-element_type=\"section\">\n\t\t\t\t\t\t<div class=\"elementor-container elementor-column-gap-default\">\n\t\t\t\t\t<div class=\"elementor-column elementor-col-100 elementor-top-column elementor-element elementor-element-7753c08\" data-id=\"7753c08\" data-element_type=\"column\">\n\t\t\t<div class=\"elementor-widget-wrap elementor-element-populated\">\n\t\t\t\t\t\t<div class=\"elementor-element elementor-element-656610f color-scheme-inherit text-left elementor-widget elementor-widget-text-editor\" data-id=\"656610f\" data-element_type=\"widget\" data-widget_type=\"text-editor.default\">\n\t\t\t\t<div class=\"elementor-widget-container\">\n\t\t\t\t\t\t\t\t\t<h2>A propos de cet article\uff1a<\/h2><div class=\"flex flex-grow flex-col max-w-full\"><div class=\"min-h-[20px] text-message flex flex-col items-start whitespace-pre-wrap break-words [.text-message+&amp;]:mt-5 juice:w-full juice:items-end overflow-x-auto gap-2\" dir=\"auto\" data-message-author-role=\"assistant\" data-message-id=\"17fd105e-56d0-41d5-89d5-66550b8994b3\"><div class=\"flex w-full flex-col gap-1 juice:empty:hidden juice:first:pt-[3px]\"><div class=\"markdown prose w-full break-words dark:prose-invert light\"><ul><li><p><strong>R\u00e9duire la fatigue des mains et des poignets<\/strong> - Ce tire-lait est con\u00e7u de mani\u00e8re ergonomique pour r\u00e9duire la fatigue des mains et des poignets pendant l'allaitement. Il est l\u00e9ger, portable et facile \u00e0 transporter en voyage. Contrairement aux pompes \u00e9lectriques encombrantes, ce tire-lait manuel est \u00e9cologique et ne consomme pas d'\u00e9lectricit\u00e9.<\/p><\/li><li><p><strong>Pratique et hygi\u00e9nique<\/strong> - Fabriqu\u00e9 en silicone de haute qualit\u00e9, sans BPA et de qualit\u00e9 alimentaire, ce tire-lait garantit que votre lait reste naturel et s\u00fbr. Il r\u00e9siste \u00e9galement aux temp\u00e9ratures \u00e9lev\u00e9es pour une plus grande tranquillit\u00e9 d'esprit.<\/p><\/li><li><p><strong>Confortable et silencieux<\/strong> - Le contr\u00f4le manuel de l'aspiration vous permet de r\u00e9gler la succion pour un confort optimal et un d\u00e9bit de lait efficace. Passez du c\u00f4t\u00e9 de la poign\u00e9e la plus longue pour un cycle de succion plus lent afin d'extraire plus de lait.<\/p><\/li><li><p><strong>Levier de r\u00e9glage \u00e0 trois vitesses<\/strong> - Ce tire-lait manuel offre trois r\u00e9glages de vitesse pour une meilleure efficacit\u00e9 de pompage, aidant les mamans \u00e0 obtenir plus de lait en moins de temps.<\/p><\/li><li><p><strong>Facile \u00e0 nettoyer<\/strong> - Nettoyez la pompe et le couvercle avec de l'eau et faites-les bouillir pendant 3 \u00e0 5 minutes pour les st\u00e9riliser. L'emballage comprend un biberon de 5 oz, une t\u00e9tine avec un rebord et un couvercle anti-poussi\u00e8re pour la pompe.<\/p><\/li><\/ul><\/div><\/div><\/div><\/div><div class=\"mt-1 flex gap-3 empty:hidden juice:-ml-3\"><div class=\"items-center justify-start rounded-xl p-1 flex\"><div class=\"flex items-center\">\u00a0<\/div><\/div><\/div>\t\t\t\t\t\t\t\t<\/div>\n\t\t\t\t<\/div>\n\t\t\t\t\t<\/div>\n\t\t<\/div>\n\t\t\t\t\t<\/div>\n\t\t<\/section>\n\t\t\t\t<section class=\"wd-negative-gap elementor-section elementor-top-section elementor-element elementor-element-1b6fd9d elementor-section-boxed elementor-section-height-default elementor-section-height-default\" data-id=\"1b6fd9d\" data-element_type=\"section\">\n\t\t\t\t\t\t<div class=\"elementor-container elementor-column-gap-default\">\n\t\t\t\t\t<div class=\"elementor-column elementor-col-100 elementor-top-column elementor-element elementor-element-c459291\" data-id=\"c459291\" data-element_type=\"column\">\n\t\t\t<div class=\"elementor-widget-wrap elementor-element-populated\">\n\t\t\t\t\t\t<div class=\"elementor-element elementor-element-e6ccdd6 color-scheme-inherit text-left elementor-widget elementor-widget-text-editor\" data-id=\"e6ccdd6\" data-element_type=\"widget\" data-widget_type=\"text-editor.default\">\n\t\t\t\t<div class=\"elementor-widget-container\">\n\t\t\t\t\t\t\t\t\t<div class=\"a-section a-spacing-none premium-aplus-15-heading\"><h2 class=\"premium-aplus-15-heading-text a-text-bold\">Conseils de sant\u00e9 :<\/h2><\/div><div class=\"a-section a-spacing-none\"><ol><li class=\"description\">Lavez-vous les mains avant d'utiliser le tire-lait ou de traiter le lait maternel.<\/li><li class=\"description\">Le tire-lait est chauff\u00e9 avec une serviette chaude avant la traite. Le massage stimule l'ar\u00e9ole pour rendre le sein compl\u00e8tement d\u00e9gag\u00e9.<\/li><li class=\"description\">Traire selon sa propre pression. Les seins ou les mamelons doivent cesser de traire lorsqu'ils ressentent une douleur.<\/li><li class=\"description\">Il suffit de presser la quantit\u00e9 de huit points pour la traite (pas plus de 20 minutes).<\/li><li class=\"description\">Utiliser un r\u00e9cipient \u00e0 couvercle pour conserver le lait maternel<\/li><li class=\"description\">Retirer le lait maternel qui a \u00e9t\u00e9 r\u00e9frig\u00e9r\u00e9 pendant plus de 72 heures (3 jours).<\/li><li class=\"description\">Ne pas mettre ensemble du lait maternel r\u00e9frig\u00e9r\u00e9 et du lait maternel frais.<\/li><li class=\"description\">D\u00e9congeler le lait maternel r\u00e9frig\u00e9r\u00e9 ou lier le r\u00e9cipient au lait chaud pour l'alimentation chaude.<\/li><li class=\"description\">Apr\u00e8s la d\u00e9cong\u00e9lation du lait maternel, si le b\u00e9b\u00e9 ne peut pas finir de boire apr\u00e8s 24 heures, ne recommencez pas \u00e0 donner du lait maternel r\u00e9frig\u00e9r\u00e9. Jetez le reste et d\u00e9sinfectez le r\u00e9cipient.<\/li><\/ol><\/div>\t\t\t\t\t\t\t\t<\/div>\n\t\t\t\t<\/div>\n\t\t\t\t\t<\/div>\n\t\t<\/div>\n\t\t\t\t\t<\/div>\n\t\t<\/section>\n\t\t\t\t<\/div>","protected":false},"excerpt":{"rendered":"<p>&#8220;<strong>Vous \u00eates aux prises avec une surabondance de lait maternel ?<\/strong> D\u00e9couvrez notre tire-lait manuel portable ! Efficace, doux et portable, il permet de g\u00e9rer confortablement l'exc\u00e8s de lait. Achetez maintenant et b\u00e9n\u00e9ficiez de la livraison gratuite !<\/p>","protected":false},"featured_media":20561,"comment_status":"open","ping_status":"closed","template":"","meta":{"_acf_changed":false},"product_brand":[],"product_cat":[20],"product_tag":[906,907,909,908,905],"class_list":{"0":"post-20567","1":"product","2":"type-product","3":"status-publish","4":"has-post-thumbnail","6":"product_cat-new-mom","7":"product_tag-hand-breast-pump","8":"product_tag-hand-breast-pump-manual","9":"product_tag-hand-express-breast-pump","10":"product_tag-hand-pump-breast-pump","11":"product_tag-hand-pump-breastmilk","13":"first","14":"instock","15":"taxable","16":"shipping-taxable","17":"purchasable","18":"product-type-variable","19":"wvs-archive-product-wrapper"},"acf":[],"_links":{"self":[{"href":"https:\/\/babyvk.com\/fr\/wp-json\/wp\/v2\/product\/20567","targetHints":{"allow":["GET"]}}],"collection":[{"href":"https:\/\/babyvk.com\/fr\/wp-json\/wp\/v2\/product"}],"about":[{"href":"https:\/\/babyvk.com\/fr\/wp-json\/wp\/v2\/types\/product"}],"replies":[{"embeddable":true,"href":"https:\/\/babyvk.com\/fr\/wp-json\/wp\/v2\/comments?post=20567"}],"version-history":[{"count":0,"href":"https:\/\/babyvk.com\/fr\/wp-json\/wp\/v2\/product\/20567\/revisions"}],"wp:featuredmedia":[{"embeddable":true,"href":"https:\/\/babyvk.com\/fr\/wp-json\/wp\/v2\/media\/20561"}],"wp:attachment":[{"href":"https:\/\/babyvk.com\/fr\/wp-json\/wp\/v2\/media?parent=20567"}],"wp:term":[{"taxonomy":"product_brand","embeddable":true,"href":"https:\/\/babyvk.com\/fr\/wp-json\/wp\/v2\/product_brand?post=20567"},{"taxonomy":"product_cat","embeddable":true,"href":"https:\/\/babyvk.com\/fr\/wp-json\/wp\/v2\/product_cat?post=20567"},{"taxonomy":"product_tag","embeddable":true,"href":"https:\/\/babyvk.com\/fr\/wp-json\/wp\/v2\/product_tag?post=20567"}],"curies":[{"name":"wp","href":"https:\/\/api.w.org\/{rel}","templated":true}]}}