{"id":20529,"date":"2024-07-07T04:35:04","date_gmt":"2024-07-07T04:35:04","guid":{"rendered":"https:\/\/babyvk.com\/?post_type=product&#038;p=20529"},"modified":"2025-09-08T17:03:41","modified_gmt":"2025-09-08T17:03:41","slug":"travel-portable-pee-cup-for-kids","status":"publish","type":"product","link":"https:\/\/babyvk.com\/fr\/product\/travel-portable-pee-cup-for-kids\/","title":{"rendered":"Tasse \u00e0 pipi portable de voyage pour les enfants"},"content":{"rendered":"<div data-elementor-type=\"product-post\" data-elementor-id=\"20529\" class=\"elementor elementor-20529\" data-elementor-post-type=\"product\">\n\t\t\t\t\t\t<section class=\"wd-negative-gap elementor-section elementor-top-section elementor-element elementor-element-430fe31 elementor-section-boxed elementor-section-height-default elementor-section-height-default\" data-id=\"430fe31\" data-element_type=\"section\">\n\t\t\t\t\t\t<div class=\"elementor-container elementor-column-gap-default\">\n\t\t\t\t\t<div class=\"elementor-column elementor-col-100 elementor-top-column elementor-element elementor-element-22747a8\" data-id=\"22747a8\" data-element_type=\"column\">\n\t\t\t<div class=\"elementor-widget-wrap elementor-element-populated\">\n\t\t\t\t\t\t<div class=\"elementor-element elementor-element-035d4ae elementor-widget elementor-widget-image\" data-id=\"035d4ae\" data-element_type=\"widget\" data-widget_type=\"image.default\">\n\t\t\t\t<div class=\"elementor-widget-container\">\n\t\t\t\t\t\t\t\t\t\t\t\t\t\t\t<img fetchpriority=\"high\" decoding=\"async\" width=\"970\" height=\"600\" src=\"https:\/\/babyvk.com\/wp-content\/themes\/woodmart\/images\/lazy.svg\" data-src=\"https:\/\/babyvk.com\/wp-content\/uploads\/2024\/07\/portable-urinals-for-children.webp\" class=\"wd-lazy-blur attachment-large size-large wp-image-20537 wvs-archive-product-image\" alt=\"toilettes portables pour enfants\" srcset=\"\" data-srcset=\"https:\/\/babyvk.com\/wp-content\/uploads\/2024\/07\/portable-urinals-for-children.webp 970w, https:\/\/babyvk.com\/wp-content\/uploads\/2024\/07\/portable-urinals-for-children-400x247.webp 400w, https:\/\/babyvk.com\/wp-content\/uploads\/2024\/07\/portable-urinals-for-children-768x475.webp 768w, https:\/\/babyvk.com\/wp-content\/uploads\/2024\/07\/portable-urinals-for-children-860x532.webp 860w, https:\/\/babyvk.com\/wp-content\/uploads\/2024\/07\/portable-urinals-for-children-430x266.webp 430w, https:\/\/babyvk.com\/wp-content\/uploads\/2024\/07\/portable-urinals-for-children-700x433.webp 700w, https:\/\/babyvk.com\/wp-content\/uploads\/2024\/07\/portable-urinals-for-children-100x62.webp 100w\" sizes=\"(max-width: 970px) 100vw, 970px\" title=\"\">\t\t\t\t\t\t\t\t\t\t\t\t\t\t\t<\/div>\n\t\t\t\t<\/div>\n\t\t\t\t\t<\/div>\n\t\t<\/div>\n\t\t\t\t\t<\/div>\n\t\t<\/section>\n\t\t\t\t<section class=\"wd-negative-gap elementor-section elementor-top-section elementor-element elementor-element-ab6447b elementor-section-boxed elementor-section-height-default elementor-section-height-default\" data-id=\"ab6447b\" data-element_type=\"section\">\n\t\t\t\t\t\t<div class=\"elementor-container elementor-column-gap-default\">\n\t\t\t\t\t<div class=\"elementor-column elementor-col-100 elementor-top-column elementor-element elementor-element-5781aa8\" data-id=\"5781aa8\" data-element_type=\"column\">\n\t\t\t<div class=\"elementor-widget-wrap elementor-element-populated\">\n\t\t\t\t\t\t<div class=\"elementor-element elementor-element-67a5aa3 color-scheme-inherit text-left elementor-widget elementor-widget-text-editor\" data-id=\"67a5aa3\" data-element_type=\"widget\" data-widget_type=\"text-editor.default\">\n\t\t\t\t<div class=\"elementor-widget-container\">\n\t\t\t\t\t\t\t\t\t<h2>Caract\u00e9ristiques<\/h2><ol class=\"a-unordered-list a-vertical a-spacing-mini\"><li class=\"a-spacing-mini\"><span class=\"a-list-item\">Capacit\u00e9 : 500ml pour contenir l'urine, tr\u00e8s l\u00e9ger pour transporter seulement 0.45bl. Taille raisonnable 8.07in*3.15in (diam\u00e8tre).<\/span><\/li><li class=\"a-spacing-mini\"><span class=\"a-list-item\">Portable : avec une taille raisonnable, il est facile \u00e0 transporter, vous pouvez le mettre dans presque tous les sacs.<\/span><\/li><li class=\"a-spacing-mini\"><span class=\"a-list-item\">R\u00e9utilisable : peut \u00eatre r\u00e9utilis\u00e9 apr\u00e8s avoir \u00e9t\u00e9 nettoy\u00e9, il est pr\u00e9f\u00e9rable de le nettoyer \u00e0 l'eau ti\u00e8de, ce qui est respectueux de l'environnement et de la sant\u00e9.<\/span><\/li><li class=\"a-spacing-mini\"><span class=\"a-list-item\">Pratique : vous pouvez l'utiliser partout, \u00e0 l'int\u00e9rieur comme \u00e0 l'ext\u00e9rieur, sur les autoroutes, dans les parcs, sur les routes, dans les voitures ou dans les toilettes, pour que b\u00e9b\u00e9 n'ait pas besoin de se rendre d'urgence aux toilettes.<\/span><\/li><li class=\"a-spacing-mini\"><span class=\"a-list-item\">\u00c9tanch\u00e9it\u00e9 : Pas de fuite apr\u00e8s utilisation. Conception \u00e9tanche \u00e0 3 couches.<\/span><\/li><\/ol>\t\t\t\t\t\t\t\t<\/div>\n\t\t\t\t<\/div>\n\t\t\t\t\t<\/div>\n\t\t<\/div>\n\t\t\t\t\t<\/div>\n\t\t<\/section>\n\t\t\t\t<section class=\"wd-negative-gap elementor-section elementor-top-section elementor-element elementor-element-2534930 elementor-section-boxed elementor-section-height-default elementor-section-height-default\" data-id=\"2534930\" data-element_type=\"section\">\n\t\t\t\t\t\t<div class=\"elementor-container elementor-column-gap-default\">\n\t\t\t\t\t<div class=\"elementor-column elementor-col-100 elementor-top-column elementor-element elementor-element-ad5d854\" data-id=\"ad5d854\" data-element_type=\"column\">\n\t\t\t<div class=\"elementor-widget-wrap elementor-element-populated\">\n\t\t\t\t\t\t<div class=\"elementor-element elementor-element-7938565 elementor-widget elementor-widget-heading\" data-id=\"7938565\" data-element_type=\"widget\" data-widget_type=\"heading.default\">\n\t\t\t\t<div class=\"elementor-widget-container\">\n\t\t\t\t\t<h2 class=\"elementor-heading-title elementor-size-default\">Comment utiliser un gobelet hygi\u00e9nique portable de voyage ?<\/h2>\t\t\t\t<\/div>\n\t\t\t\t<\/div>\n\t\t\t\t\t<\/div>\n\t\t<\/div>\n\t\t\t\t\t<\/div>\n\t\t<\/section>\n\t\t\t\t<section class=\"wd-negative-gap elementor-section elementor-top-section elementor-element elementor-element-f3fceec elementor-section-boxed elementor-section-height-default elementor-section-height-default\" data-id=\"f3fceec\" data-element_type=\"section\">\n\t\t\t\t\t\t<div class=\"elementor-container elementor-column-gap-default\">\n\t\t\t\t\t<div class=\"elementor-column elementor-col-25 elementor-top-column elementor-element elementor-element-c3bf3e4\" data-id=\"c3bf3e4\" data-element_type=\"column\">\n\t\t\t<div class=\"elementor-widget-wrap elementor-element-populated\">\n\t\t\t\t\t\t<div class=\"elementor-element elementor-element-867fd67 elementor-widget elementor-widget-image\" data-id=\"867fd67\" data-element_type=\"widget\" data-widget_type=\"image.default\">\n\t\t\t\t<div class=\"elementor-widget-container\">\n\t\t\t\t\t\t\t\t\t\t\t\t\t\t\t<img decoding=\"async\" width=\"220\" height=\"220\" src=\"https:\/\/babyvk.com\/wp-content\/themes\/woodmart\/images\/lazy.svg\" data-src=\"https:\/\/babyvk.com\/wp-content\/uploads\/2024\/07\/portable-baby-urinal.webp\" class=\"wd-lazy-blur attachment-large size-large wp-image-20534 wvs-archive-product-image\" alt=\"gobelet pour pipi sur le pot\" srcset=\"\" data-srcset=\"https:\/\/babyvk.com\/wp-content\/uploads\/2024\/07\/portable-baby-urinal.webp 220w, https:\/\/babyvk.com\/wp-content\/uploads\/2024\/07\/portable-baby-urinal-150x150.webp 150w, https:\/\/babyvk.com\/wp-content\/uploads\/2024\/07\/portable-baby-urinal-100x100.webp 100w, https:\/\/babyvk.com\/wp-content\/uploads\/2024\/07\/portable-baby-urinal-50x50.webp 50w\" sizes=\"(max-width: 220px) 100vw, 220px\" title=\"\">\t\t\t\t\t\t\t\t\t\t\t\t\t\t\t<\/div>\n\t\t\t\t<\/div>\n\t\t\t\t<div class=\"elementor-element elementor-element-733c52a color-scheme-inherit text-left elementor-widget elementor-widget-text-editor\" data-id=\"733c52a\" data-element_type=\"widget\" data-widget_type=\"text-editor.default\">\n\t\t\t\t<div class=\"elementor-widget-container\">\n\t\t\t\t\t\t\t\t\t<ol><li>Ouvrez le couvercle de l'urinoir.<\/li><\/ol>\t\t\t\t\t\t\t\t<\/div>\n\t\t\t\t<\/div>\n\t\t\t\t\t<\/div>\n\t\t<\/div>\n\t\t\t\t<div class=\"elementor-column elementor-col-25 elementor-top-column elementor-element elementor-element-1e982ca\" data-id=\"1e982ca\" data-element_type=\"column\">\n\t\t\t<div class=\"elementor-widget-wrap elementor-element-populated\">\n\t\t\t\t\t\t<div class=\"elementor-element elementor-element-3babd81 elementor-widget elementor-widget-image\" data-id=\"3babd81\" data-element_type=\"widget\" data-widget_type=\"image.default\">\n\t\t\t\t<div class=\"elementor-widget-container\">\n\t\t\t\t\t\t\t\t\t\t\t\t\t\t\t<img decoding=\"async\" width=\"220\" height=\"220\" src=\"https:\/\/babyvk.com\/wp-content\/themes\/woodmart\/images\/lazy.svg\" data-src=\"https:\/\/babyvk.com\/wp-content\/uploads\/2024\/07\/portable-car-urinal-kid.webp\" class=\"wd-lazy-blur attachment-large size-large wp-image-20536 wvs-archive-product-image\" alt=\"urinoir portable pour voiture kid\" srcset=\"\" data-srcset=\"https:\/\/babyvk.com\/wp-content\/uploads\/2024\/07\/portable-car-urinal-kid.webp 220w, https:\/\/babyvk.com\/wp-content\/uploads\/2024\/07\/portable-car-urinal-kid-150x150.webp 150w, https:\/\/babyvk.com\/wp-content\/uploads\/2024\/07\/portable-car-urinal-kid-100x100.webp 100w, https:\/\/babyvk.com\/wp-content\/uploads\/2024\/07\/portable-car-urinal-kid-50x50.webp 50w\" sizes=\"(max-width: 220px) 100vw, 220px\" title=\"\">\t\t\t\t\t\t\t\t\t\t\t\t\t\t\t<\/div>\n\t\t\t\t<\/div>\n\t\t\t\t<div class=\"elementor-element elementor-element-a954f8a color-scheme-inherit text-left elementor-widget elementor-widget-text-editor\" data-id=\"a954f8a\" data-element_type=\"widget\" data-widget_type=\"text-editor.default\">\n\t\t\t\t<div class=\"elementor-widget-container\">\n\t\t\t\t\t\t\t\t\t<p>2. Tournez l'interrupteur de remplissage de l'urinoir dans le sens inverse des aiguilles d'une montre pour l'ouvrir.<\/p>\t\t\t\t\t\t\t\t<\/div>\n\t\t\t\t<\/div>\n\t\t\t\t\t<\/div>\n\t\t<\/div>\n\t\t\t\t<div class=\"elementor-column elementor-col-25 elementor-top-column elementor-element elementor-element-6ad99fd\" data-id=\"6ad99fd\" data-element_type=\"column\">\n\t\t\t<div class=\"elementor-widget-wrap elementor-element-populated\">\n\t\t\t\t\t\t<div class=\"elementor-element elementor-element-bf3dd46 elementor-widget elementor-widget-image\" data-id=\"bf3dd46\" data-element_type=\"widget\" data-widget_type=\"image.default\">\n\t\t\t\t<div class=\"elementor-widget-container\">\n\t\t\t\t\t\t\t\t\t\t\t\t\t\t\t<img loading=\"lazy\" decoding=\"async\" width=\"220\" height=\"220\" src=\"https:\/\/babyvk.com\/wp-content\/themes\/woodmart\/images\/lazy.svg\" data-src=\"https:\/\/babyvk.com\/wp-content\/uploads\/2024\/07\/portable-bear-toilet-for-children.webp\" class=\"wd-lazy-blur attachment-large size-large wp-image-20535 wvs-archive-product-image\" alt=\"urinoirs portables pour enfants\" srcset=\"\" data-srcset=\"https:\/\/babyvk.com\/wp-content\/uploads\/2024\/07\/portable-bear-toilet-for-children.webp 220w, https:\/\/babyvk.com\/wp-content\/uploads\/2024\/07\/portable-bear-toilet-for-children-150x150.webp 150w, https:\/\/babyvk.com\/wp-content\/uploads\/2024\/07\/portable-bear-toilet-for-children-100x100.webp 100w, https:\/\/babyvk.com\/wp-content\/uploads\/2024\/07\/portable-bear-toilet-for-children-50x50.webp 50w\" sizes=\"(max-width: 220px) 100vw, 220px\" title=\"\">\t\t\t\t\t\t\t\t\t\t\t\t\t\t\t<\/div>\n\t\t\t\t<\/div>\n\t\t\t\t<div class=\"elementor-element elementor-element-06f77a0 color-scheme-inherit text-left elementor-widget elementor-widget-text-editor\" data-id=\"06f77a0\" data-element_type=\"widget\" data-widget_type=\"text-editor.default\">\n\t\t\t\t<div class=\"elementor-widget-container\">\n\t\t\t\t\t\t\t\t\t<p>3. Fermez le couvercle de l'urinoir pour \u00e9viter les fuites d'urine.<\/p>\t\t\t\t\t\t\t\t<\/div>\n\t\t\t\t<\/div>\n\t\t\t\t\t<\/div>\n\t\t<\/div>\n\t\t\t\t<div class=\"elementor-column elementor-col-25 elementor-top-column elementor-element elementor-element-4f24804\" data-id=\"4f24804\" data-element_type=\"column\">\n\t\t\t<div class=\"elementor-widget-wrap elementor-element-populated\">\n\t\t\t\t\t\t<div class=\"elementor-element elementor-element-2d8a438 elementor-widget elementor-widget-image\" data-id=\"2d8a438\" data-element_type=\"widget\" data-widget_type=\"image.default\">\n\t\t\t\t<div class=\"elementor-widget-container\">\n\t\t\t\t\t\t\t\t\t\t\t\t\t\t\t<img loading=\"lazy\" decoding=\"async\" width=\"220\" height=\"220\" src=\"https:\/\/babyvk.com\/wp-content\/themes\/woodmart\/images\/lazy.svg\" data-src=\"https:\/\/babyvk.com\/wp-content\/uploads\/2024\/07\/potty-pee-cup.webp\" class=\"wd-lazy-blur attachment-large size-large wp-image-20538 wvs-archive-product-image\" alt=\"urinoir portable pour b\u00e9b\u00e9\" srcset=\"\" data-srcset=\"https:\/\/babyvk.com\/wp-content\/uploads\/2024\/07\/potty-pee-cup.webp 220w, https:\/\/babyvk.com\/wp-content\/uploads\/2024\/07\/potty-pee-cup-150x150.webp 150w, https:\/\/babyvk.com\/wp-content\/uploads\/2024\/07\/potty-pee-cup-100x100.webp 100w, https:\/\/babyvk.com\/wp-content\/uploads\/2024\/07\/potty-pee-cup-50x50.webp 50w\" sizes=\"(max-width: 220px) 100vw, 220px\" title=\"\">\t\t\t\t\t\t\t\t\t\t\t\t\t\t\t<\/div>\n\t\t\t\t<\/div>\n\t\t\t\t<div class=\"elementor-element elementor-element-b01b97b color-scheme-inherit text-left elementor-widget elementor-widget-text-editor\" data-id=\"b01b97b\" data-element_type=\"widget\" data-widget_type=\"text-editor.default\">\n\t\t\t\t<div class=\"elementor-widget-container\">\n\t\t\t\t\t\t\t\t\t<p>4. L'interrupteur doit \u00eatre ferm\u00e9 herm\u00e9tiquement apr\u00e8s utilisation pour \u00e9viter les fuites, et il ne faut pas oublier de nettoyer la bouteille de l'urinoir apr\u00e8s usage.<\/p>\t\t\t\t\t\t\t\t<\/div>\n\t\t\t\t<\/div>\n\t\t\t\t\t<\/div>\n\t\t<\/div>\n\t\t\t\t\t<\/div>\n\t\t<\/section>\n\t\t\t\t<section class=\"wd-negative-gap elementor-section elementor-top-section elementor-element elementor-element-8062034 elementor-section-boxed elementor-section-height-default elementor-section-height-default\" data-id=\"8062034\" data-element_type=\"section\">\n\t\t\t\t\t\t<div class=\"elementor-container elementor-column-gap-default\">\n\t\t\t\t\t<div class=\"elementor-column elementor-col-100 elementor-top-column elementor-element elementor-element-c5f4157\" data-id=\"c5f4157\" data-element_type=\"column\">\n\t\t\t<div class=\"elementor-widget-wrap elementor-element-populated\">\n\t\t\t\t\t\t<div class=\"elementor-element elementor-element-c32e771 color-scheme-inherit text-left elementor-widget elementor-widget-text-editor\" data-id=\"c32e771\" data-element_type=\"widget\" data-widget_type=\"text-editor.default\">\n\t\t\t\t<div class=\"elementor-widget-container\">\n\t\t\t\t\t\t\t\t\t<h3 class=\"a-spacing-mini\">Sp\u00e9cifications<\/h3>\n<ul class=\"a-unordered-list a-vertical\">\n<li><span class=\"a-list-item\">Mati\u00e8re\uff1a ABS<\/span><\/li>\n<li><span class=\"a-list-item\">Taille : 4.72 x 8.66 x 3.15 POUCES<\/span><\/li>\n<li><span class=\"a-list-item\">Capacit\u00e9 maximale : 500 ML<\/span><\/li>\n<li><span class=\"a-list-item\">Utilisation rapide et pratique.<\/span><\/li>\n<li><span class=\"a-list-item\">Urinoir tr\u00e8s portable, nouvelle version avec valve d'\u00e9tanch\u00e9it\u00e9 renforc\u00e9e pour une meilleure \u00e9tanch\u00e9it\u00e9.<\/span><\/li>\n<\/ul>\t\t\t\t\t\t\t\t<\/div>\n\t\t\t\t<\/div>\n\t\t\t\t\t<\/div>\n\t\t<\/div>\n\t\t\t\t\t<\/div>\n\t\t<\/section>\n\t\t\t\t<\/div>","protected":false},"excerpt":{"rendered":"<p>&#8220;<strong>Vous cherchez une solution pour les urgences sanitaires des enfants en d\u00e9placement ?<\/strong> D\u00e9couvrez le gobelet de voyage portatif pour enfants ! R\u00e9sout les besoins urgents en mati\u00e8re de toilettes \u00e0 tout moment et en tout lieu. Achetez maintenant et b\u00e9n\u00e9ficiez de la livraison gratuite !<\/p>","protected":false},"featured_media":20521,"comment_status":"open","ping_status":"closed","template":"","meta":{"_acf_changed":false},"product_brand":[],"product_cat":[42,29],"product_tag":[903,904,901,900,902],"class_list":{"0":"post-20529","1":"product","2":"type-product","3":"status-publish","4":"has-post-thumbnail","6":"product_cat-best-travel-gear","7":"product_cat-best-baby-care","8":"product_tag-baby-travel-essentials-for-roadtrip","9":"product_tag-pee-bottle-for-kids","10":"product_tag-portable-toilet-for-kids","11":"product_tag-portable-urinal-for-kids","12":"product_tag-travel-pee-bottle-for-kids","14":"first","15":"instock","16":"taxable","17":"shipping-taxable","18":"purchasable","19":"product-type-variable","20":"wvs-archive-product-wrapper"},"acf":[],"_links":{"self":[{"href":"https:\/\/babyvk.com\/fr\/wp-json\/wp\/v2\/product\/20529","targetHints":{"allow":["GET"]}}],"collection":[{"href":"https:\/\/babyvk.com\/fr\/wp-json\/wp\/v2\/product"}],"about":[{"href":"https:\/\/babyvk.com\/fr\/wp-json\/wp\/v2\/types\/product"}],"replies":[{"embeddable":true,"href":"https:\/\/babyvk.com\/fr\/wp-json\/wp\/v2\/comments?post=20529"}],"version-history":[{"count":0,"href":"https:\/\/babyvk.com\/fr\/wp-json\/wp\/v2\/product\/20529\/revisions"}],"wp:featuredmedia":[{"embeddable":true,"href":"https:\/\/babyvk.com\/fr\/wp-json\/wp\/v2\/media\/20521"}],"wp:attachment":[{"href":"https:\/\/babyvk.com\/fr\/wp-json\/wp\/v2\/media?parent=20529"}],"wp:term":[{"taxonomy":"product_brand","embeddable":true,"href":"https:\/\/babyvk.com\/fr\/wp-json\/wp\/v2\/product_brand?post=20529"},{"taxonomy":"product_cat","embeddable":true,"href":"https:\/\/babyvk.com\/fr\/wp-json\/wp\/v2\/product_cat?post=20529"},{"taxonomy":"product_tag","embeddable":true,"href":"https:\/\/babyvk.com\/fr\/wp-json\/wp\/v2\/product_tag?post=20529"}],"curies":[{"name":"wp","href":"https:\/\/api.w.org\/{rel}","templated":true}]}}