{"id":20502,"date":"2024-07-06T05:56:44","date_gmt":"2024-07-06T05:56:44","guid":{"rendered":"https:\/\/babyvk.com\/?post_type=product&#038;p=20502"},"modified":"2025-07-12T17:53:56","modified_gmt":"2025-07-12T17:53:56","slug":"silicone-baby-tongue-cleaner-brush","status":"publish","type":"product","link":"https:\/\/babyvk.com\/fr\/product\/silicone-baby-tongue-cleaner-brush\/","title":{"rendered":"Brosse en silicone pour nettoyer la langue des b\u00e9b\u00e9s"},"content":{"rendered":"<div data-elementor-type=\"product-post\" data-elementor-id=\"20502\" class=\"elementor elementor-20502\" data-elementor-post-type=\"product\">\n\t\t\t\t\t\t<section class=\"wd-negative-gap elementor-section elementor-top-section elementor-element elementor-element-e3950fb elementor-section-boxed elementor-section-height-default elementor-section-height-default\" data-id=\"e3950fb\" data-element_type=\"section\">\n\t\t\t\t\t\t<div class=\"elementor-container elementor-column-gap-default\">\n\t\t\t\t\t<div class=\"elementor-column elementor-col-100 elementor-top-column elementor-element elementor-element-3eccc75\" data-id=\"3eccc75\" data-element_type=\"column\">\n\t\t\t<div class=\"elementor-widget-wrap elementor-element-populated\">\n\t\t\t\t\t\t<div class=\"elementor-element elementor-element-066e16c color-scheme-inherit text-left elementor-widget elementor-widget-text-editor\" data-id=\"066e16c\" data-element_type=\"widget\" data-widget_type=\"text-editor.default\">\n\t\t\t\t<div class=\"elementor-widget-container\">\n\t\t\t\t\t\t\t\t\t<h2>Caract\u00e9ristiques :<\/h2><ol><li>Le mat\u00e9riau pr\u00e9f\u00e9r\u00e9 est le silicone r\u00e9sistant aux temp\u00e9ratures \u00e9lev\u00e9es, s\u00fbr et respectueux de l'environnement, inodore et sans BPA.<\/li><li>Marquer le bain de bouche en quelques secondes pour \u00e9viter une infection crois\u00e9e<\/li><li>Stockage de 360 degr\u00e9s r\u00e9sistant \u00e0 la poussi\u00e8re, propre et hygi\u00e9nique<\/li><li>9 couches de silicone sur les deux faces, massage pendant le nettoyage, nettoyage efficace des r\u00e9sidus entre la couche de la langue et l'espace entre les dents.<\/li><li>La t\u00eate brosse doucement sans noyau dur, le traitement doux nettoie sans blesser les gencives.<\/li><li>Ligne de s\u00e9curit\u00e9 pour \u00e9viter les entr\u00e9es trop profondes<\/li><li>Toucher flou, plus facile \u00e0 tenir, pour \u00e9viter les blessures involontaires dans la bouche du b\u00e9b\u00e9.<\/li><\/ol>\t\t\t\t\t\t\t\t<\/div>\n\t\t\t\t<\/div>\n\t\t\t\t\t<\/div>\n\t\t<\/div>\n\t\t\t\t\t<\/div>\n\t\t<\/section>\n\t\t\t\t<section class=\"wd-negative-gap elementor-section elementor-top-section elementor-element elementor-element-7b02580 elementor-section-boxed elementor-section-height-default elementor-section-height-default\" data-id=\"7b02580\" data-element_type=\"section\">\n\t\t\t\t\t\t<div class=\"elementor-container elementor-column-gap-default\">\n\t\t\t\t\t<div class=\"elementor-column elementor-col-100 elementor-top-column elementor-element elementor-element-8c4dd58\" data-id=\"8c4dd58\" data-element_type=\"column\">\n\t\t\t<div class=\"elementor-widget-wrap elementor-element-populated\">\n\t\t\t\t\t\t<div class=\"elementor-element elementor-element-f195c1d color-scheme-inherit text-left elementor-widget elementor-widget-text-editor\" data-id=\"f195c1d\" data-element_type=\"widget\" data-widget_type=\"text-editor.default\">\n\t\t\t\t<div class=\"elementor-widget-container\">\n\t\t\t\t\t\t\t\t\t<h2>Comment l'utiliser ?<\/h2><ol><li>Tester 2 gouttes d'huile de s\u00e9same dans de l'eau ti\u00e8de, de l'eau l\u00e9g\u00e8rement sal\u00e9e ou de l'eau claire \u00e0 40 degr\u00e9s Celsius, tremper un peu \u00e0 l'aide d'un pinceau.<\/li><li>Brosser d\u00e9licatement les dents et les gencives de haut en bas, et brosser d\u00e9licatement la tache de lait de la base \u00e0 la pointe de la langue.<\/li><li>Rincer la brosse \u00e0 t\u00eate dans<\/li><li>R\u00e9p\u00e9ter 3 \u00e0 5 fois pour compl\u00e9ter le nettoyage de la bouche.<\/li><\/ol>\t\t\t\t\t\t\t\t<\/div>\n\t\t\t\t<\/div>\n\t\t\t\t\t<\/div>\n\t\t<\/div>\n\t\t\t\t\t<\/div>\n\t\t<\/section>\n\t\t\t\t<section class=\"wd-negative-gap elementor-section elementor-top-section elementor-element elementor-element-49e74d8 elementor-section-boxed elementor-section-height-default elementor-section-height-default\" data-id=\"49e74d8\" data-element_type=\"section\">\n\t\t\t\t\t\t<div class=\"elementor-container elementor-column-gap-default\">\n\t\t\t\t\t<div class=\"elementor-column elementor-col-100 elementor-top-column elementor-element elementor-element-66d3164\" data-id=\"66d3164\" data-element_type=\"column\">\n\t\t\t<div class=\"elementor-widget-wrap elementor-element-populated\">\n\t\t\t\t\t\t<div class=\"elementor-element elementor-element-3bb2b32 color-scheme-inherit text-left elementor-widget elementor-widget-text-editor\" data-id=\"3bb2b32\" data-element_type=\"widget\" data-widget_type=\"text-editor.default\">\n\t\t\t\t<div class=\"elementor-widget-container\">\n\t\t\t\t\t\t\t\t\t<h2>Sp\u00e9cifications :<\/h2><ul><li>Couleur : Nano Brown<\/li><li>Mat\u00e9riau : Silicone alimentaire<\/li><li>Dia. de la tranche ronde : 13mm<\/li><li>Longueur totale : 90 mm<\/li><\/ul>\t\t\t\t\t\t\t\t<\/div>\n\t\t\t\t<\/div>\n\t\t\t\t\t<\/div>\n\t\t<\/div>\n\t\t\t\t\t<\/div>\n\t\t<\/section>\n\t\t\t\t<\/div>","protected":false},"excerpt":{"rendered":"<p>&#8220;<strong>Vous vous demandez comment nettoyer efficacement la langue de votre b\u00e9b\u00e9 ?<\/strong> Essayez notre brosse en silicone pour nettoyer la langue de votre b\u00e9b\u00e9 pour enlever le rev\u00eatement de la langue en douceur. Achetez maintenant et b\u00e9n\u00e9ficiez de la livraison gratuite !<\/p>","protected":false},"featured_media":20500,"comment_status":"open","ping_status":"closed","template":"","meta":{"_acf_changed":false},"product_brand":[],"product_cat":[29],"product_tag":[895,893,705,894],"class_list":{"0":"post-20502","1":"product","2":"type-product","3":"status-publish","4":"has-post-thumbnail","6":"product_cat-best-baby-care","7":"product_tag-baby-care-kit","8":"product_tag-baby-tongue-cleaner","9":"product_tag-baby-toothbrush","10":"product_tag-infant-toothbrush","12":"first","13":"instock","14":"taxable","15":"shipping-taxable","16":"purchasable","17":"product-type-variable","18":"wvs-archive-product-wrapper"},"acf":[],"_links":{"self":[{"href":"https:\/\/babyvk.com\/fr\/wp-json\/wp\/v2\/product\/20502","targetHints":{"allow":["GET"]}}],"collection":[{"href":"https:\/\/babyvk.com\/fr\/wp-json\/wp\/v2\/product"}],"about":[{"href":"https:\/\/babyvk.com\/fr\/wp-json\/wp\/v2\/types\/product"}],"replies":[{"embeddable":true,"href":"https:\/\/babyvk.com\/fr\/wp-json\/wp\/v2\/comments?post=20502"}],"version-history":[{"count":0,"href":"https:\/\/babyvk.com\/fr\/wp-json\/wp\/v2\/product\/20502\/revisions"}],"wp:featuredmedia":[{"embeddable":true,"href":"https:\/\/babyvk.com\/fr\/wp-json\/wp\/v2\/media\/20500"}],"wp:attachment":[{"href":"https:\/\/babyvk.com\/fr\/wp-json\/wp\/v2\/media?parent=20502"}],"wp:term":[{"taxonomy":"product_brand","embeddable":true,"href":"https:\/\/babyvk.com\/fr\/wp-json\/wp\/v2\/product_brand?post=20502"},{"taxonomy":"product_cat","embeddable":true,"href":"https:\/\/babyvk.com\/fr\/wp-json\/wp\/v2\/product_cat?post=20502"},{"taxonomy":"product_tag","embeddable":true,"href":"https:\/\/babyvk.com\/fr\/wp-json\/wp\/v2\/product_tag?post=20502"}],"curies":[{"name":"wp","href":"https:\/\/api.w.org\/{rel}","templated":true}]}}