{"id":20489,"date":"2024-07-06T05:01:43","date_gmt":"2024-07-06T05:01:43","guid":{"rendered":"https:\/\/babyvk.com\/?post_type=product&#038;p=20489"},"modified":"2026-02-01T19:13:08","modified_gmt":"2026-02-01T19:13:08","slug":"dancing-talking-cactus-toy","status":"publish","type":"product","link":"https:\/\/babyvk.com\/fr\/product\/dancing-talking-cactus-toy\/","title":{"rendered":"Jouet Cactus dansant et parlant"},"content":{"rendered":"<div data-elementor-type=\"product-post\" data-elementor-id=\"20489\" class=\"elementor elementor-20489\" data-elementor-post-type=\"product\">\n\t\t\t\t\t\t<section class=\"wd-negative-gap elementor-section elementor-top-section elementor-element elementor-element-f42bd14 elementor-section-boxed elementor-section-height-default elementor-section-height-default\" data-id=\"f42bd14\" data-element_type=\"section\">\n\t\t\t\t\t\t<div class=\"elementor-container elementor-column-gap-default\">\n\t\t\t\t\t<div class=\"elementor-column elementor-col-100 elementor-top-column elementor-element elementor-element-f08a127\" data-id=\"f08a127\" data-element_type=\"column\">\n\t\t\t<div class=\"elementor-widget-wrap elementor-element-populated\">\n\t\t\t\t\t\t<div class=\"elementor-element elementor-element-b416709 color-scheme-inherit text-left elementor-widget elementor-widget-text-editor\" data-id=\"b416709\" data-element_type=\"widget\" data-widget_type=\"text-editor.default\">\n\t\t\t\t<div class=\"elementor-widget-container\">\n\t\t\t\t\t\t\t\t\t<h2>Caract\u00e9ristiques :<\/h2><ul class=\"a-unordered-list a-vertical a-spacing-mini\"><li class=\"a-spacing-mini\"><span class=\"a-list-item\">\ud83c\udf35\u3010Repeat Cactus Toy\/Talking Cactus Toy\u3011(Enregistrer &amp; R\u00e9p\u00e9ter &amp; Briller &amp; Parler &amp; Remuer &amp; Imiter &amp; Chanter &amp; Danser\uff09Dancing Cactus peut r\u00e9p\u00e9ter ce que vous dites, Dancing cactus light up singing.<\/span><\/li><li class=\"a-spacing-mini\"><span class=\"a-list-item\">\ud83c\udf35\u3010USB Charging Design\u3011Ces cactus \u00e9lectriques dansants peuvent \u00eatre recharg\u00e9s avec un c\u00e2ble USB, les jouets cactus pour enfants peuvent \u00eatre ins\u00e9r\u00e9s dans votre lap top, power bank ,et ainsi de suite, il suffit de tourner l'interrupteur sur \"ON\".Il y a un interrupteur cach\u00e9 sur le pot de fleurs, il suffit de demander \u00e0 vos enfants d'appuyer dessus. Ainsi, les enfants peuvent interagir avec le cactus dansant et le partager avec leurs amis.<\/span><\/li><li class=\"a-spacing-mini\"><span class=\"a-list-item\">\ud83c\udf35\u3010High Quality Material\u3011Dancing cactus toys made of non-toxic and harmless soft plush, the fabric of the dancing cactus is comfortable you and your children can play with confidence.<\/span><\/li><li class=\"a-spacing-mini\"><span class=\"a-list-item\">\ud83c\udf35\u3010LED Light Cactus Toys\u3011Nous nous engageons \u00e0 fournir aux consommateurs des produits et des services de qualit\u00e9 sup\u00e9rieure, votre SATISFACTION est la plus importante.Si vous n'\u00eates pas enti\u00e8rement satisfait de notre produit, n'h\u00e9sitez pas \u00e0 nous contacter.Nous vous donnerons une solution satisfaisante.<\/span><\/li><li class=\"a-spacing-mini\"><span class=\"a-list-item\">\ud83c\udf35\u3010Educational Gift Toys\u3011Talking cactus toy gift for your kids or friends.This funny toy will definitely make people who reaceive it laught ! Jouets en peluche de cactus dansant et chantant,Jouets pour les b\u00e9b\u00e9s et les enfants de 7 mois et plus,Il peut \u00e9galement servir de d\u00e9coration de chambre.<\/span><\/li><\/ul>\t\t\t\t\t\t\t\t<\/div>\n\t\t\t\t<\/div>\n\t\t\t\t\t<\/div>\n\t\t<\/div>\n\t\t\t\t\t<\/div>\n\t\t<\/section>\n\t\t\t\t<\/div>","protected":false},"excerpt":{"rendered":"<p>&#8220;<strong>Vous avez besoin d'un jouet amusant pour vos enfants ?<\/strong> Le jouet Dancing Talking Cactus chante, danse et imite la parole, cr\u00e9ant ainsi un amusement sans fin. Achetez maintenant et b\u00e9n\u00e9ficiez de la livraison gratuite !<\/p>","protected":false},"featured_media":20483,"comment_status":"open","ping_status":"closed","template":"","meta":{"_acf_changed":false},"product_brand":[],"product_cat":[509],"product_tag":[889,892,888,890,891],"class_list":{"0":"post-20489","1":"product","2":"type-product","3":"status-publish","4":"has-post-thumbnail","6":"product_cat-best-baby-toys","7":"product_tag-cactus-baby-toy","8":"product_tag-dancing-cactus-mimicking","9":"product_tag-dancing-cactus-toy","10":"product_tag-repeating-cactus-toy","11":"product_tag-talking-cactus-toy-original","13":"first","14":"instock","15":"taxable","16":"shipping-taxable","17":"purchasable","18":"product-type-variable","19":"wvs-archive-product-wrapper"},"acf":[],"_links":{"self":[{"href":"https:\/\/babyvk.com\/fr\/wp-json\/wp\/v2\/product\/20489","targetHints":{"allow":["GET"]}}],"collection":[{"href":"https:\/\/babyvk.com\/fr\/wp-json\/wp\/v2\/product"}],"about":[{"href":"https:\/\/babyvk.com\/fr\/wp-json\/wp\/v2\/types\/product"}],"replies":[{"embeddable":true,"href":"https:\/\/babyvk.com\/fr\/wp-json\/wp\/v2\/comments?post=20489"}],"version-history":[{"count":1,"href":"https:\/\/babyvk.com\/fr\/wp-json\/wp\/v2\/product\/20489\/revisions"}],"predecessor-version":[{"id":25266,"href":"https:\/\/babyvk.com\/fr\/wp-json\/wp\/v2\/product\/20489\/revisions\/25266"}],"wp:featuredmedia":[{"embeddable":true,"href":"https:\/\/babyvk.com\/fr\/wp-json\/wp\/v2\/media\/20483"}],"wp:attachment":[{"href":"https:\/\/babyvk.com\/fr\/wp-json\/wp\/v2\/media?parent=20489"}],"wp:term":[{"taxonomy":"product_brand","embeddable":true,"href":"https:\/\/babyvk.com\/fr\/wp-json\/wp\/v2\/product_brand?post=20489"},{"taxonomy":"product_cat","embeddable":true,"href":"https:\/\/babyvk.com\/fr\/wp-json\/wp\/v2\/product_cat?post=20489"},{"taxonomy":"product_tag","embeddable":true,"href":"https:\/\/babyvk.com\/fr\/wp-json\/wp\/v2\/product_tag?post=20489"}],"curies":[{"name":"wp","href":"https:\/\/api.w.org\/{rel}","templated":true}]}}