{"id":20472,"date":"2024-07-06T03:40:39","date_gmt":"2024-07-06T03:40:39","guid":{"rendered":"https:\/\/babyvk.com\/?post_type=product&#038;p=20472"},"modified":"2025-03-10T20:03:28","modified_gmt":"2025-03-10T20:03:28","slug":"8-in-1-baby-grooming-kit","status":"publish","type":"product","link":"https:\/\/babyvk.com\/fr\/product\/8-in-1-baby-grooming-kit\/","title":{"rendered":"Kit de toilettage pour b\u00e9b\u00e9 8 en 1"},"content":{"rendered":"<div data-elementor-type=\"product-post\" data-elementor-id=\"20472\" class=\"elementor elementor-20472\" data-elementor-post-type=\"product\">\n\t\t\t\t\t\t<section class=\"wd-negative-gap elementor-section elementor-top-section elementor-element elementor-element-09a062a elementor-section-boxed elementor-section-height-default elementor-section-height-default\" data-id=\"09a062a\" data-element_type=\"section\">\n\t\t\t\t\t\t<div class=\"elementor-container elementor-column-gap-default\">\n\t\t\t\t\t<div class=\"elementor-column elementor-col-100 elementor-top-column elementor-element elementor-element-ae7c166\" data-id=\"ae7c166\" data-element_type=\"column\">\n\t\t\t<div class=\"elementor-widget-wrap elementor-element-populated\">\n\t\t\t\t\t\t<div class=\"elementor-element elementor-element-ad475ff color-scheme-inherit text-left elementor-widget elementor-widget-text-editor\" data-id=\"ad475ff\" data-element_type=\"widget\" data-widget_type=\"text-editor.default\">\n\t\t\t\t<div class=\"elementor-widget-container\">\n\t\t\t\t\t\t\t\t\t<h2>Caract\u00e9ristiques :<\/h2><ul><li>8 ensembles de produits essentiels pour les nouveau-n\u00e9s (1 ensemble). Peignes, peignes, pinces, coupe-ongles, aspirateur nasal, brosse \u00e0 dents pour les doigts, ciseaux \u00e0 t\u00eate ronde peuvent r\u00e9pondre aux besoins quotidiens des b\u00e9b\u00e9s. Le meilleur mat\u00e9riel de pu\u00e9riculture pour les nouveau-n\u00e9s.<\/li><li>Durable et portable : Une trousse de soins pour b\u00e9b\u00e9 dot\u00e9e d'une bo\u00eete de rangement durable \u00e0 fermeture \u00e9clair peut r\u00e9soudre ce probl\u00e8me et assurer la sant\u00e9 et le confort du b\u00e9b\u00e9. Que vous soyez \u00e0 la maison ou \u00e0 l'ext\u00e9rieur, tout est facile \u00e0 transporter.<\/li><li>Kit de soins pour b\u00e9b\u00e9s en toute s\u00e9curit\u00e9 : Nous avons con\u00e7u ce kit de soins pour que chaque b\u00e9b\u00e9 b\u00e9n\u00e9ficie toujours d'une bonne hygi\u00e8ne et d'une bonne sant\u00e9. Le kit utilise des mat\u00e9riaux de haute qualit\u00e9 et s\u00fbrs pour garantir qu'il ne contient pas de BPA et qu'il peut \u00eatre utilis\u00e9 en toute s\u00e9curit\u00e9 pour rassurer les parents. Il permet de rassurer les parents et de fournir les meilleurs soins m\u00e9dicaux \u00e0 votre b\u00e9b\u00e9.<\/li><li>Ensemble de brosses pour nouveau-n\u00e9s:essentiels pour b\u00e9b\u00e9,soins des cheveux de b\u00e9b\u00e9,la brosse est faite de poils doux,les dents rondes du peigne sont tr\u00e8s lisses,ce qui est particuli\u00e8rement doux pour le cuir chevelu sensible de votre b\u00e9b\u00e9.<\/li><li>Boule de succion en silicone pour b\u00e9b\u00e9 : Pressez la boule de succion pour aspirer la morve. L'embout en silicone est doux et confortable, il n'ab\u00eeme pas le nez du b\u00e9b\u00e9. Les parties amovibles sont faciles \u00e0 nettoyer \u00e0 tout moment.<\/li><\/ul>\t\t\t\t\t\t\t\t<\/div>\n\t\t\t\t<\/div>\n\t\t\t\t\t<\/div>\n\t\t<\/div>\n\t\t\t\t\t<\/div>\n\t\t<\/section>\n\t\t\t\t<section class=\"wd-negative-gap elementor-section elementor-top-section elementor-element elementor-element-98b6f9c elementor-section-boxed elementor-section-height-default elementor-section-height-default\" data-id=\"98b6f9c\" data-element_type=\"section\">\n\t\t\t\t\t\t<div class=\"elementor-container elementor-column-gap-default\">\n\t\t\t\t\t<div class=\"elementor-column elementor-col-100 elementor-top-column elementor-element elementor-element-ec84dc7\" data-id=\"ec84dc7\" data-element_type=\"column\">\n\t\t\t<div class=\"elementor-widget-wrap elementor-element-populated\">\n\t\t\t\t\t\t<div class=\"elementor-element elementor-element-d9b83bc color-scheme-inherit text-left elementor-widget elementor-widget-text-editor\" data-id=\"d9b83bc\" data-element_type=\"widget\" data-widget_type=\"text-editor.default\">\n\t\t\t\t<div class=\"elementor-widget-container\">\n\t\t\t\t\t\t\t\t\t<h2>Sp\u00e9cifications :<\/h2><ul><li>Nom : Kit de soins pour b\u00e9b\u00e9 8 en 1<\/li><li>Couleur : rose, bleu, jaune<\/li><li>Mat\u00e9riau : Plastique + silicone<\/li><li>Poids : 235g<\/li><\/ul><h2>Liste d'emballage :<\/h2><p>1 * Brosse<br \/>1 * Peigne \u00e0 cheveux<br \/>1 * Coupe-ongles<br \/>1 * Brosse \u00e0 dents pour doigts<br \/>1 * Lime \u00e0 ongles<br \/>1 * Nettoyant pour le nez<br \/>1 * Paire de ciseaux<br \/>1 * Thermom\u00e8tres \u00e9lectroniques<\/p>\t\t\t\t\t\t\t\t<\/div>\n\t\t\t\t<\/div>\n\t\t\t\t\t<\/div>\n\t\t<\/div>\n\t\t\t\t\t<\/div>\n\t\t<\/section>\n\t\t\t\t<\/div>","protected":false},"excerpt":{"rendered":"<p>&#8220;<strong>Vous cherchez la solution id\u00e9ale pour la toilette de b\u00e9b\u00e9 ?<\/strong> Le kit de toilettage pour b\u00e9b\u00e9 8 en 1 contient tout ce dont vous avez besoin pour garder votre b\u00e9b\u00e9 propre et en bonne sant\u00e9. Achetez maintenant et b\u00e9n\u00e9ficiez de la livraison gratuite !\"<\/p>","protected":false},"featured_media":20463,"comment_status":"open","ping_status":"closed","template":"","meta":{"_acf_changed":false},"product_brand":[],"product_cat":[29],"product_tag":[885,887,883,886,884],"class_list":{"0":"post-20472","1":"product","2":"type-product","3":"status-publish","4":"has-post-thumbnail","6":"product_cat-best-baby-care","7":"product_tag-finger-toothbrush","8":"product_tag-manicure-kit","9":"product_tag-nail-clipper","10":"product_tag-nail-scissors","11":"product_tag-nose-cleaner","13":"first","14":"instock","15":"taxable","16":"shipping-taxable","17":"purchasable","18":"product-type-variable","19":"wvs-archive-product-wrapper"},"acf":[],"_links":{"self":[{"href":"https:\/\/babyvk.com\/fr\/wp-json\/wp\/v2\/product\/20472","targetHints":{"allow":["GET"]}}],"collection":[{"href":"https:\/\/babyvk.com\/fr\/wp-json\/wp\/v2\/product"}],"about":[{"href":"https:\/\/babyvk.com\/fr\/wp-json\/wp\/v2\/types\/product"}],"replies":[{"embeddable":true,"href":"https:\/\/babyvk.com\/fr\/wp-json\/wp\/v2\/comments?post=20472"}],"version-history":[{"count":0,"href":"https:\/\/babyvk.com\/fr\/wp-json\/wp\/v2\/product\/20472\/revisions"}],"wp:featuredmedia":[{"embeddable":true,"href":"https:\/\/babyvk.com\/fr\/wp-json\/wp\/v2\/media\/20463"}],"wp:attachment":[{"href":"https:\/\/babyvk.com\/fr\/wp-json\/wp\/v2\/media?parent=20472"}],"wp:term":[{"taxonomy":"product_brand","embeddable":true,"href":"https:\/\/babyvk.com\/fr\/wp-json\/wp\/v2\/product_brand?post=20472"},{"taxonomy":"product_cat","embeddable":true,"href":"https:\/\/babyvk.com\/fr\/wp-json\/wp\/v2\/product_cat?post=20472"},{"taxonomy":"product_tag","embeddable":true,"href":"https:\/\/babyvk.com\/fr\/wp-json\/wp\/v2\/product_tag?post=20472"}],"curies":[{"name":"wp","href":"https:\/\/api.w.org\/{rel}","templated":true}]}}