{"id":20328,"date":"2024-06-29T16:43:13","date_gmt":"2024-06-29T16:43:13","guid":{"rendered":"https:\/\/babyvk.com\/?post_type=product&#038;p=20328"},"modified":"2025-09-08T17:06:49","modified_gmt":"2025-09-08T17:06:49","slug":"disposable-breast-nursing-pads","status":"publish","type":"product","link":"https:\/\/babyvk.com\/fr\/product\/disposable-breast-nursing-pads\/","title":{"rendered":"Coussinets d'allaitement jetables"},"content":{"rendered":"<div data-elementor-type=\"product-post\" data-elementor-id=\"20328\" class=\"elementor elementor-20328\" data-elementor-post-type=\"product\">\n\t\t\t\t\t\t<section class=\"wd-negative-gap elementor-section elementor-top-section elementor-element elementor-element-3c9e7ce elementor-section-boxed elementor-section-height-default elementor-section-height-default\" data-id=\"3c9e7ce\" data-element_type=\"section\">\n\t\t\t\t\t\t<div class=\"elementor-container elementor-column-gap-default\">\n\t\t\t\t\t<div class=\"elementor-column elementor-col-100 elementor-top-column elementor-element elementor-element-2814bca\" data-id=\"2814bca\" data-element_type=\"column\">\n\t\t\t<div class=\"elementor-widget-wrap elementor-element-populated\">\n\t\t\t\t\t\t<div class=\"elementor-element elementor-element-c5327d4 color-scheme-inherit text-left elementor-widget elementor-widget-text-editor\" data-id=\"c5327d4\" data-element_type=\"widget\" data-widget_type=\"text-editor.default\">\n\t\t\t\t<div class=\"elementor-widget-container\">\n\t\t\t\t\t\t\t\t\t<h2>Description<\/h2><p>Les nouvelles mamans ne devraient pas avoir \u00e0 s'inqui\u00e9ter des fuites ! Les coussinets d'allaitement jetables BabyVK sont super absorbants pour plus de confiance. Approuv\u00e9s par des parents du monde entier, les coussinets d'allaitement BabyVK vous gardent au sec et \u00e0 l'aise tout au long de la journ\u00e9e et de la nuit. Nos coussinets sont emball\u00e9s individuellement pour une utilisation pratique en d\u00e9placement. Une forme fine et profil\u00e9e offre un ajustement discret et deux bandes adh\u00e9sives aident les coussinets \u00e0 rester en place. Sans latex. Sans BPA ni BPS. Ces coussinets d'allaitement sont un produit certifi\u00e9 FSC, fabriqu\u00e9 \u00e0 partir de mat\u00e9riaux provenant de for\u00eats bien g\u00e9r\u00e9es certifi\u00e9es FSC et de mat\u00e9riaux recycl\u00e9s.<\/p>\t\t\t\t\t\t\t\t<\/div>\n\t\t\t\t<\/div>\n\t\t\t\t\t<\/div>\n\t\t<\/div>\n\t\t\t\t\t<\/div>\n\t\t<\/section>\n\t\t\t\t<section class=\"wd-negative-gap elementor-section elementor-top-section elementor-element elementor-element-1722da1 elementor-section-boxed elementor-section-height-default elementor-section-height-default\" data-id=\"1722da1\" data-element_type=\"section\">\n\t\t\t\t\t\t<div class=\"elementor-container elementor-column-gap-default\">\n\t\t\t\t\t<div class=\"elementor-column elementor-col-100 elementor-top-column elementor-element elementor-element-1c49e24\" data-id=\"1c49e24\" data-element_type=\"column\">\n\t\t\t<div class=\"elementor-widget-wrap elementor-element-populated\">\n\t\t\t\t\t\t<div class=\"elementor-element elementor-element-0c10628 color-scheme-inherit text-left elementor-widget elementor-widget-text-editor\" data-id=\"0c10628\" data-element_type=\"widget\" data-widget_type=\"text-editor.default\">\n\t\t\t\t<div class=\"elementor-widget-container\">\n\t\t\t\t\t\t\t\t\t<h2>Caract\u00e9ristiques<\/h2><ol><li>UNE ABSORBANCE SUP\u00c9RIEURE POUR UNE CONFIDENCE EXTRAORDINAIRE - Ces coussinets absorbent 20 fois leur poids pour que vous restiez confiante et au sec jour et nuit.<\/li><li>RECOMMAND\u00c9S PAR LES MAMANS - Pratiques, faciles \u00e0 utiliser et tr\u00e8s absorbants, les coussinets d'allaitement sont dot\u00e9s d'un noyau InvisiLock qui capture et disperse instantan\u00e9ment l'humidit\u00e9.<\/li><li>SANS FRAGRANCES - S\u00fbr et confortable pour la peau de maman, sans BPA ni BPS.<\/li><li>ENVELOPPEMENT INDIVIDUEL POUR PLUS DE CONVENANCE - L'emballage hygi\u00e9nique permet de garder les tampons propres, quel que soit l'endroit o\u00f9 vous les rangez.<\/li><li>POCHETTES D'AIR RESPIRABLES POUR UNE PEAU SAINE - Test\u00e9 par des dermatologues et tr\u00e8s doux pour les peaux sensibles.<\/li><li>AJUSTEMENT DISCRET - Forme fine et profil\u00e9e pour un ajustement discret.<\/li><\/ol>\t\t\t\t\t\t\t\t<\/div>\n\t\t\t\t<\/div>\n\t\t\t\t\t<\/div>\n\t\t<\/div>\n\t\t\t\t\t<\/div>\n\t\t<\/section>\n\t\t\t\t<section class=\"wd-negative-gap elementor-section elementor-top-section elementor-element elementor-element-73f4a9c elementor-section-boxed elementor-section-height-default elementor-section-height-default\" data-id=\"73f4a9c\" data-element_type=\"section\">\n\t\t\t\t\t\t<div class=\"elementor-container elementor-column-gap-default\">\n\t\t\t\t\t<div class=\"elementor-column elementor-col-100 elementor-top-column elementor-element elementor-element-9b7a728\" data-id=\"9b7a728\" data-element_type=\"column\">\n\t\t\t<div class=\"elementor-widget-wrap elementor-element-populated\">\n\t\t\t\t\t\t<div class=\"elementor-element elementor-element-9c7a61c elementor-widget elementor-widget-wd_image_or_svg\" data-id=\"9c7a61c\" data-element_type=\"widget\" data-widget_type=\"wd_image_or_svg.default\">\n\t\t\t\t<div class=\"elementor-widget-container\">\n\t\t\t\t\t\n\t\t<div class=\"wd-image text-left\">\n\t\t\t\t\t\t\t\t<img fetchpriority=\"high\" decoding=\"async\" width=\"1000\" height=\"1000\" src=\"https:\/\/babyvk.com\/wp-content\/uploads\/2024\/06\/nursing-bras-for-breastfeeding-and-pumping.jpg\" class=\"attachment-full size-full wvs-archive-product-image\" alt=\"coussinets pour l&#039;allaitement\" srcset=\"https:\/\/babyvk.com\/wp-content\/uploads\/2024\/06\/nursing-bras-for-breastfeeding-and-pumping.jpg 1000w, https:\/\/babyvk.com\/wp-content\/uploads\/2024\/06\/nursing-bras-for-breastfeeding-and-pumping-300x300.jpg 300w, https:\/\/babyvk.com\/wp-content\/uploads\/2024\/06\/nursing-bras-for-breastfeeding-and-pumping-800x800.jpg 800w, https:\/\/babyvk.com\/wp-content\/uploads\/2024\/06\/nursing-bras-for-breastfeeding-and-pumping-150x150.jpg 150w, https:\/\/babyvk.com\/wp-content\/uploads\/2024\/06\/nursing-bras-for-breastfeeding-and-pumping-768x768.jpg 768w, https:\/\/babyvk.com\/wp-content\/uploads\/2024\/06\/nursing-bras-for-breastfeeding-and-pumping-860x860.jpg 860w, https:\/\/babyvk.com\/wp-content\/uploads\/2024\/06\/nursing-bras-for-breastfeeding-and-pumping-430x430.jpg 430w, https:\/\/babyvk.com\/wp-content\/uploads\/2024\/06\/nursing-bras-for-breastfeeding-and-pumping-700x700.jpg 700w, https:\/\/babyvk.com\/wp-content\/uploads\/2024\/06\/nursing-bras-for-breastfeeding-and-pumping-100x100.jpg 100w, https:\/\/babyvk.com\/wp-content\/uploads\/2024\/06\/nursing-bras-for-breastfeeding-and-pumping-50x50.jpg 50w\" sizes=\"(max-width: 1000px) 100vw, 1000px\" title=\"\">\t\t\t\t\t<\/div>\n\n\t\t\t\t\t\t<\/div>\n\t\t\t\t<\/div>\n\t\t\t\t<div class=\"elementor-element elementor-element-283f67a elementor-widget elementor-widget-wd_image_or_svg\" data-id=\"283f67a\" data-element_type=\"widget\" data-widget_type=\"wd_image_or_svg.default\">\n\t\t\t\t<div class=\"elementor-widget-container\">\n\t\t\t\t\t\n\t\t<div class=\"wd-image text-left\">\n\t\t\t\t\t\t\t\t<img decoding=\"async\" width=\"1000\" height=\"1000\" src=\"https:\/\/babyvk.com\/wp-content\/uploads\/2024\/06\/disposable-nursing-pads.jpg\" class=\"attachment-full size-full wvs-archive-product-image\" alt=\"Coussinets d&#039;allaitement jetables\" srcset=\"https:\/\/babyvk.com\/wp-content\/uploads\/2024\/06\/disposable-nursing-pads.jpg 1000w, https:\/\/babyvk.com\/wp-content\/uploads\/2024\/06\/disposable-nursing-pads-300x300.jpg 300w, https:\/\/babyvk.com\/wp-content\/uploads\/2024\/06\/disposable-nursing-pads-800x800.jpg 800w, https:\/\/babyvk.com\/wp-content\/uploads\/2024\/06\/disposable-nursing-pads-150x150.jpg 150w, https:\/\/babyvk.com\/wp-content\/uploads\/2024\/06\/disposable-nursing-pads-768x768.jpg 768w, https:\/\/babyvk.com\/wp-content\/uploads\/2024\/06\/disposable-nursing-pads-860x860.jpg 860w, https:\/\/babyvk.com\/wp-content\/uploads\/2024\/06\/disposable-nursing-pads-430x430.jpg 430w, https:\/\/babyvk.com\/wp-content\/uploads\/2024\/06\/disposable-nursing-pads-700x700.jpg 700w, https:\/\/babyvk.com\/wp-content\/uploads\/2024\/06\/disposable-nursing-pads-100x100.jpg 100w, https:\/\/babyvk.com\/wp-content\/uploads\/2024\/06\/disposable-nursing-pads-50x50.jpg 50w\" sizes=\"(max-width: 1000px) 100vw, 1000px\" title=\"\">\t\t\t\t\t<\/div>\n\n\t\t\t\t\t\t<\/div>\n\t\t\t\t<\/div>\n\t\t\t\t<div class=\"elementor-element elementor-element-a8bf9c2 elementor-widget elementor-widget-wd_image_or_svg\" data-id=\"a8bf9c2\" data-element_type=\"widget\" data-widget_type=\"wd_image_or_svg.default\">\n\t\t\t\t<div class=\"elementor-widget-container\">\n\t\t\t\t\t\n\t\t<div class=\"wd-image text-left\">\n\t\t\t\t\t\t\t\t<img decoding=\"async\" width=\"1000\" height=\"1000\" src=\"https:\/\/babyvk.com\/wp-content\/uploads\/2024\/06\/breast-pads-disposable.jpg\" class=\"attachment-full size-full wvs-archive-product-image\" alt=\"coussinets d&#039;allaitement jetables\" srcset=\"https:\/\/babyvk.com\/wp-content\/uploads\/2024\/06\/breast-pads-disposable.jpg 1000w, https:\/\/babyvk.com\/wp-content\/uploads\/2024\/06\/breast-pads-disposable-300x300.jpg 300w, https:\/\/babyvk.com\/wp-content\/uploads\/2024\/06\/breast-pads-disposable-800x800.jpg 800w, https:\/\/babyvk.com\/wp-content\/uploads\/2024\/06\/breast-pads-disposable-150x150.jpg 150w, https:\/\/babyvk.com\/wp-content\/uploads\/2024\/06\/breast-pads-disposable-768x768.jpg 768w, https:\/\/babyvk.com\/wp-content\/uploads\/2024\/06\/breast-pads-disposable-860x860.jpg 860w, https:\/\/babyvk.com\/wp-content\/uploads\/2024\/06\/breast-pads-disposable-430x430.jpg 430w, https:\/\/babyvk.com\/wp-content\/uploads\/2024\/06\/breast-pads-disposable-700x700.jpg 700w, https:\/\/babyvk.com\/wp-content\/uploads\/2024\/06\/breast-pads-disposable-100x100.jpg 100w, https:\/\/babyvk.com\/wp-content\/uploads\/2024\/06\/breast-pads-disposable-50x50.jpg 50w\" sizes=\"(max-width: 1000px) 100vw, 1000px\" title=\"\">\t\t\t\t\t<\/div>\n\n\t\t\t\t\t\t<\/div>\n\t\t\t\t<\/div>\n\t\t\t\t<div class=\"elementor-element elementor-element-813e169 elementor-widget elementor-widget-image\" data-id=\"813e169\" data-element_type=\"widget\" data-widget_type=\"image.default\">\n\t\t\t\t<div class=\"elementor-widget-container\">\n\t\t\t\t\t\t\t\t\t\t\t\t\t\t\t<img loading=\"lazy\" decoding=\"async\" width=\"800\" height=\"800\" src=\"https:\/\/babyvk.com\/wp-content\/themes\/woodmart\/images\/lazy.svg\" data-src=\"https:\/\/babyvk.com\/wp-content\/uploads\/2024\/06\/disposable-nursing-pads-for-breastfeeding-800x800.jpg\" class=\"wd-lazy-blur attachment-large size-large wp-image-20352 wvs-archive-product-image\" alt=\"Coussinets d&#039;allaitement jetables\" srcset=\"\" data-srcset=\"https:\/\/babyvk.com\/wp-content\/uploads\/2024\/06\/disposable-nursing-pads-for-breastfeeding-800x800.jpg 800w, https:\/\/babyvk.com\/wp-content\/uploads\/2024\/06\/disposable-nursing-pads-for-breastfeeding-300x300.jpg 300w, https:\/\/babyvk.com\/wp-content\/uploads\/2024\/06\/disposable-nursing-pads-for-breastfeeding-150x150.jpg 150w, https:\/\/babyvk.com\/wp-content\/uploads\/2024\/06\/disposable-nursing-pads-for-breastfeeding-768x768.jpg 768w, https:\/\/babyvk.com\/wp-content\/uploads\/2024\/06\/disposable-nursing-pads-for-breastfeeding-860x860.jpg 860w, https:\/\/babyvk.com\/wp-content\/uploads\/2024\/06\/disposable-nursing-pads-for-breastfeeding-430x430.jpg 430w, https:\/\/babyvk.com\/wp-content\/uploads\/2024\/06\/disposable-nursing-pads-for-breastfeeding-700x700.jpg 700w, https:\/\/babyvk.com\/wp-content\/uploads\/2024\/06\/disposable-nursing-pads-for-breastfeeding-100x100.jpg 100w, https:\/\/babyvk.com\/wp-content\/uploads\/2024\/06\/disposable-nursing-pads-for-breastfeeding-50x50.jpg 50w, https:\/\/babyvk.com\/wp-content\/uploads\/2024\/06\/disposable-nursing-pads-for-breastfeeding.jpg 1000w\" sizes=\"(max-width: 800px) 100vw, 800px\" title=\"\">\t\t\t\t\t\t\t\t\t\t\t\t\t\t\t<\/div>\n\t\t\t\t<\/div>\n\t\t\t\t\t<\/div>\n\t\t<\/div>\n\t\t\t\t\t<\/div>\n\t\t<\/section>\n\t\t\t\t<\/div>","protected":false},"excerpt":{"rendered":"<p>\"<strong>Nouvelles mamans, \u00eates-vous pr\u00e9occup\u00e9es par les fuites ?<\/strong> Avec les coussinets d'allaitement jetables, vous restez au sec et en confiance toute la journ\u00e9e. Achetez maintenant et b\u00e9n\u00e9ficiez de la livraison gratuite !<\/p>","protected":false},"featured_media":20354,"comment_status":"open","ping_status":"closed","template":"","meta":{"_acf_changed":false},"product_brand":[],"product_cat":[20],"product_tag":[866,869,868,865,867,870],"class_list":{"0":"post-20328","1":"product","2":"type-product","3":"status-publish","4":"has-post-thumbnail","6":"product_cat-new-mom","7":"product_tag-breast-pads-for-leaking-milk","8":"product_tag-breastfeeding-pads","9":"product_tag-disposable-nursing-pads","10":"product_tag-nipple-shields-for-breastfeeding-newborn","11":"product_tag-nursing-pads-disposable","12":"product_tag-nursing-pads-for-breastfeeding","14":"first","15":"instock","16":"sale","17":"taxable","18":"shipping-taxable","19":"purchasable","20":"product-type-variable","21":"wvs-archive-product-wrapper"},"acf":[],"_links":{"self":[{"href":"https:\/\/babyvk.com\/fr\/wp-json\/wp\/v2\/product\/20328","targetHints":{"allow":["GET"]}}],"collection":[{"href":"https:\/\/babyvk.com\/fr\/wp-json\/wp\/v2\/product"}],"about":[{"href":"https:\/\/babyvk.com\/fr\/wp-json\/wp\/v2\/types\/product"}],"replies":[{"embeddable":true,"href":"https:\/\/babyvk.com\/fr\/wp-json\/wp\/v2\/comments?post=20328"}],"version-history":[{"count":0,"href":"https:\/\/babyvk.com\/fr\/wp-json\/wp\/v2\/product\/20328\/revisions"}],"wp:featuredmedia":[{"embeddable":true,"href":"https:\/\/babyvk.com\/fr\/wp-json\/wp\/v2\/media\/20354"}],"wp:attachment":[{"href":"https:\/\/babyvk.com\/fr\/wp-json\/wp\/v2\/media?parent=20328"}],"wp:term":[{"taxonomy":"product_brand","embeddable":true,"href":"https:\/\/babyvk.com\/fr\/wp-json\/wp\/v2\/product_brand?post=20328"},{"taxonomy":"product_cat","embeddable":true,"href":"https:\/\/babyvk.com\/fr\/wp-json\/wp\/v2\/product_cat?post=20328"},{"taxonomy":"product_tag","embeddable":true,"href":"https:\/\/babyvk.com\/fr\/wp-json\/wp\/v2\/product_tag?post=20328"}],"curies":[{"name":"wp","href":"https:\/\/api.w.org\/{rel}","templated":true}]}}