{"id":20152,"date":"2024-06-04T13:08:29","date_gmt":"2024-06-04T13:08:29","guid":{"rendered":"https:\/\/babyvk.com\/?post_type=product&#038;p=20152"},"modified":"2025-03-10T20:03:29","modified_gmt":"2025-03-10T20:03:29","slug":"baby-waterproof-ear-stickers-for-swimming","status":"publish","type":"product","link":"https:\/\/babyvk.com\/fr\/product\/baby-waterproof-ear-stickers-for-swimming\/","title":{"rendered":"Autocollants auriculaires imperm\u00e9ables pour b\u00e9b\u00e9s"},"content":{"rendered":"<div data-elementor-type=\"product-post\" data-elementor-id=\"20152\" class=\"elementor elementor-20152\" data-elementor-post-type=\"product\">\n\t\t\t\t\t\t<section class=\"wd-negative-gap elementor-section elementor-top-section elementor-element elementor-element-b8e18ad elementor-section-boxed elementor-section-height-default elementor-section-height-default\" data-id=\"b8e18ad\" data-element_type=\"section\">\n\t\t\t\t\t\t<div class=\"elementor-container elementor-column-gap-default\">\n\t\t\t\t\t<div class=\"elementor-column elementor-col-100 elementor-top-column elementor-element elementor-element-ed0cd97\" data-id=\"ed0cd97\" data-element_type=\"column\">\n\t\t\t<div class=\"elementor-widget-wrap elementor-element-populated\">\n\t\t\t\t\t\t<div class=\"elementor-element elementor-element-5a90991 color-scheme-inherit text-left elementor-widget elementor-widget-text-editor\" data-id=\"5a90991\" data-element_type=\"widget\" data-widget_type=\"text-editor.default\">\n\t\t\t\t<div class=\"elementor-widget-container\">\n\t\t\t\t\t\t\t\t\t<h2>Caract\u00e9ristiques :<\/h2><ul><li><strong>Tenir \u00e0 l'\u00e9cart de l'eau :<\/strong> ces cache-oreilles pour la douche emp\u00eacheront l'eau de p\u00e9n\u00e9trer dans les oreilles, r\u00e9duisant ainsi l'inconfort des b\u00e9b\u00e9s et leur permettant d'avoir une bonne exp\u00e9rience du bain, vous trouverez \u00e9galement qu'il est facile de les laver<\/li><li><strong>Couverture ad\u00e9quate :<\/strong> Les autocollants imperm\u00e9ables pour oreilles d'enfants mesurent environ 7 x 4,5 cm, convenant aux oreilles des b\u00e9b\u00e9s. Le design ovale s'adapte \u00e0 la forme des oreilles et permet d'\u00e9viter la p\u00e9n\u00e9tration de l'eau.<\/li><li><strong>Conception compl\u00e8te :<\/strong> bLa couche ext\u00e9rieure des coquilles de bain pour b\u00e9b\u00e9 est un film transparent jetable qui couvre l'ensemble de l'oreille et ne se d\u00e9tache pas facilement.<\/li><li><strong>Confortable \u00e0 couvrir :<\/strong> Le bouchon d'oreille imperm\u00e9able pour la douche est fabriqu\u00e9 \u00e0 partir d'un film PU doux et respirant, imperm\u00e9able, respectueux de la peau, facile \u00e0 porter et \u00e0 retirer. Les tout-petits se sentiront \u00e0 l'aise lorsqu'ils prendront leur bain ou leur douche et aimeront progressivement ce processus.<\/li><li><strong>Facile \u00e0 prendre :<\/strong> Les autocollants pour oreilles de nage sont compacts et portables, vous pouvez donc les placer dans vos bagages lorsque vous voyagez, et vos enfants peuvent alors profiter de la plage et jouer avec enthousiasme.<\/li><\/ul>\t\t\t\t\t\t\t\t<\/div>\n\t\t\t\t<\/div>\n\t\t\t\t<div class=\"elementor-element elementor-element-3940e25 color-scheme-inherit text-left elementor-widget elementor-widget-text-editor\" data-id=\"3940e25\" data-element_type=\"widget\" data-widget_type=\"text-editor.default\">\n\t\t\t\t<div class=\"elementor-widget-container\">\n\t\t\t\t\t\t\t\t\t<h2>Sp\u00e9cifications :<\/h2><ul><li>Mat\u00e9riau : Bande de film polyur\u00e9thane<\/li><li>Taille : 4.4*6.8cm<\/li><li>Dur\u00e9e de conservation : 3 ans<\/li><li>\u00c2ge appropri\u00e9 : tous les \u00e2ges sont disponibles<\/li><\/ul><h2>L'emballage comprend :<\/h2><ul><li>100 * Prot\u00e8ge-oreilles \u00e9tanches<\/li><\/ul><p><strong>Remarque : les tout-petits doivent appliquer une cr\u00e8me hydratante avant de l'utiliser, afin qu'il s'ouvre facilement.<\/strong><\/p>\t\t\t\t\t\t\t\t<\/div>\n\t\t\t\t<\/div>\n\t\t\t\t\t<\/div>\n\t\t<\/div>\n\t\t\t\t\t<\/div>\n\t\t<\/section>\n\t\t\t\t<section class=\"wd-negative-gap elementor-section elementor-top-section elementor-element elementor-element-253e1d9 elementor-section-boxed elementor-section-height-default elementor-section-height-default\" data-id=\"253e1d9\" data-element_type=\"section\">\n\t\t\t\t\t\t<div class=\"elementor-container elementor-column-gap-default\">\n\t\t\t\t\t<div class=\"elementor-column elementor-col-100 elementor-top-column elementor-element elementor-element-101fc08\" data-id=\"101fc08\" data-element_type=\"column\">\n\t\t\t<div class=\"elementor-widget-wrap elementor-element-populated\">\n\t\t\t\t\t\t<div class=\"elementor-element elementor-element-56d2641 elementor-widget elementor-widget-wd_image_or_svg\" data-id=\"56d2641\" data-element_type=\"widget\" data-widget_type=\"wd_image_or_svg.default\">\n\t\t\t\t<div class=\"elementor-widget-container\">\n\t\t\t\t\t\n\t\t<div class=\"wd-image text-left\">\n\t\t\t\t\t\t\t\t<img fetchpriority=\"high\" decoding=\"async\" width=\"1600\" height=\"1600\" src=\"https:\/\/babyvk.com\/wp-content\/uploads\/2024\/06\/swim-ear-plugs-kids.jpg\" class=\"attachment-full size-full wvs-archive-product-image\" alt=\"protection auditive du nouveau-n\u00e9\" srcset=\"https:\/\/babyvk.com\/wp-content\/uploads\/2024\/06\/swim-ear-plugs-kids.jpg 1600w, https:\/\/babyvk.com\/wp-content\/uploads\/2024\/06\/swim-ear-plugs-kids-300x300.jpg 300w, https:\/\/babyvk.com\/wp-content\/uploads\/2024\/06\/swim-ear-plugs-kids-800x800.jpg 800w, https:\/\/babyvk.com\/wp-content\/uploads\/2024\/06\/swim-ear-plugs-kids-150x150.jpg 150w, https:\/\/babyvk.com\/wp-content\/uploads\/2024\/06\/swim-ear-plugs-kids-768x768.jpg 768w, https:\/\/babyvk.com\/wp-content\/uploads\/2024\/06\/swim-ear-plugs-kids-1536x1536.jpg 1536w, https:\/\/babyvk.com\/wp-content\/uploads\/2024\/06\/swim-ear-plugs-kids-860x860.jpg 860w, https:\/\/babyvk.com\/wp-content\/uploads\/2024\/06\/swim-ear-plugs-kids-430x430.jpg 430w, https:\/\/babyvk.com\/wp-content\/uploads\/2024\/06\/swim-ear-plugs-kids-700x700.jpg 700w, https:\/\/babyvk.com\/wp-content\/uploads\/2024\/06\/swim-ear-plugs-kids-100x100.jpg 100w, https:\/\/babyvk.com\/wp-content\/uploads\/2024\/06\/swim-ear-plugs-kids-50x50.jpg 50w\" sizes=\"(max-width: 1600px) 100vw, 1600px\" title=\"\">\t\t\t\t\t<\/div>\n\n\t\t\t\t\t\t<\/div>\n\t\t\t\t<\/div>\n\t\t\t\t<div class=\"elementor-element elementor-element-5bd2b62 elementor-widget elementor-widget-wd_image_or_svg\" data-id=\"5bd2b62\" data-element_type=\"widget\" data-widget_type=\"wd_image_or_svg.default\">\n\t\t\t\t<div class=\"elementor-widget-container\">\n\t\t\t\t\t\n\t\t<div class=\"wd-image text-left\">\n\t\t\t\t\t\t\t\t<img decoding=\"async\" width=\"1600\" height=\"1600\" src=\"https:\/\/babyvk.com\/wp-content\/uploads\/2024\/06\/ear-covers-for-swimming.jpg\" class=\"attachment-full size-full wvs-archive-product-image\" alt=\"prot\u00e8ge-oreilles pour b\u00e9b\u00e9 pour le bain\" srcset=\"https:\/\/babyvk.com\/wp-content\/uploads\/2024\/06\/ear-covers-for-swimming.jpg 1600w, https:\/\/babyvk.com\/wp-content\/uploads\/2024\/06\/ear-covers-for-swimming-300x300.jpg 300w, https:\/\/babyvk.com\/wp-content\/uploads\/2024\/06\/ear-covers-for-swimming-800x800.jpg 800w, https:\/\/babyvk.com\/wp-content\/uploads\/2024\/06\/ear-covers-for-swimming-150x150.jpg 150w, https:\/\/babyvk.com\/wp-content\/uploads\/2024\/06\/ear-covers-for-swimming-768x768.jpg 768w, https:\/\/babyvk.com\/wp-content\/uploads\/2024\/06\/ear-covers-for-swimming-1536x1536.jpg 1536w, https:\/\/babyvk.com\/wp-content\/uploads\/2024\/06\/ear-covers-for-swimming-860x860.jpg 860w, https:\/\/babyvk.com\/wp-content\/uploads\/2024\/06\/ear-covers-for-swimming-430x430.jpg 430w, https:\/\/babyvk.com\/wp-content\/uploads\/2024\/06\/ear-covers-for-swimming-700x700.jpg 700w, https:\/\/babyvk.com\/wp-content\/uploads\/2024\/06\/ear-covers-for-swimming-100x100.jpg 100w, https:\/\/babyvk.com\/wp-content\/uploads\/2024\/06\/ear-covers-for-swimming-50x50.jpg 50w\" sizes=\"(max-width: 1600px) 100vw, 1600px\" title=\"\">\t\t\t\t\t<\/div>\n\n\t\t\t\t\t\t<\/div>\n\t\t\t\t<\/div>\n\t\t\t\t<div class=\"elementor-element elementor-element-3e57ff2 elementor-widget elementor-widget-wd_image_or_svg\" data-id=\"3e57ff2\" data-element_type=\"widget\" data-widget_type=\"wd_image_or_svg.default\">\n\t\t\t\t<div class=\"elementor-widget-container\">\n\t\t\t\t\t\n\t\t<div class=\"wd-image text-left\">\n\t\t\t\t\t\t\t\t<img decoding=\"async\" width=\"1600\" height=\"1600\" src=\"https:\/\/babyvk.com\/wp-content\/uploads\/2024\/06\/toddler-earplugs-forswimming.jpg\" class=\"attachment-full size-full wvs-archive-product-image\" alt=\"bouchons d&#039;oreille pour enfants\" srcset=\"https:\/\/babyvk.com\/wp-content\/uploads\/2024\/06\/toddler-earplugs-forswimming.jpg 1600w, https:\/\/babyvk.com\/wp-content\/uploads\/2024\/06\/toddler-earplugs-forswimming-300x300.jpg 300w, https:\/\/babyvk.com\/wp-content\/uploads\/2024\/06\/toddler-earplugs-forswimming-800x800.jpg 800w, https:\/\/babyvk.com\/wp-content\/uploads\/2024\/06\/toddler-earplugs-forswimming-150x150.jpg 150w, https:\/\/babyvk.com\/wp-content\/uploads\/2024\/06\/toddler-earplugs-forswimming-768x768.jpg 768w, https:\/\/babyvk.com\/wp-content\/uploads\/2024\/06\/toddler-earplugs-forswimming-1536x1536.jpg 1536w, https:\/\/babyvk.com\/wp-content\/uploads\/2024\/06\/toddler-earplugs-forswimming-860x860.jpg 860w, https:\/\/babyvk.com\/wp-content\/uploads\/2024\/06\/toddler-earplugs-forswimming-430x430.jpg 430w, https:\/\/babyvk.com\/wp-content\/uploads\/2024\/06\/toddler-earplugs-forswimming-700x700.jpg 700w, https:\/\/babyvk.com\/wp-content\/uploads\/2024\/06\/toddler-earplugs-forswimming-100x100.jpg 100w, https:\/\/babyvk.com\/wp-content\/uploads\/2024\/06\/toddler-earplugs-forswimming-50x50.jpg 50w\" sizes=\"(max-width: 1600px) 100vw, 1600px\" title=\"\">\t\t\t\t\t<\/div>\n\n\t\t\t\t\t\t<\/div>\n\t\t\t\t<\/div>\n\t\t\t\t<div class=\"elementor-element elementor-element-7cd6326 elementor-widget elementor-widget-wd_image_or_svg\" data-id=\"7cd6326\" data-element_type=\"widget\" data-widget_type=\"wd_image_or_svg.default\">\n\t\t\t\t<div class=\"elementor-widget-container\">\n\t\t\t\t\t\n\t\t<div class=\"wd-image text-left\">\n\t\t\t\t\t\t\t\t<img loading=\"lazy\" decoding=\"async\" width=\"1600\" height=\"1600\" src=\"https:\/\/babyvk.com\/wp-content\/uploads\/2024\/06\/baby-ear-covers-for-shower.jpg\" class=\"attachment-full size-full wvs-archive-product-image\" alt=\"bouchons d&#039;oreille imperm\u00e9ables pour la natation\" srcset=\"https:\/\/babyvk.com\/wp-content\/uploads\/2024\/06\/baby-ear-covers-for-shower.jpg 1600w, https:\/\/babyvk.com\/wp-content\/uploads\/2024\/06\/baby-ear-covers-for-shower-300x300.jpg 300w, https:\/\/babyvk.com\/wp-content\/uploads\/2024\/06\/baby-ear-covers-for-shower-800x800.jpg 800w, https:\/\/babyvk.com\/wp-content\/uploads\/2024\/06\/baby-ear-covers-for-shower-150x150.jpg 150w, https:\/\/babyvk.com\/wp-content\/uploads\/2024\/06\/baby-ear-covers-for-shower-768x768.jpg 768w, https:\/\/babyvk.com\/wp-content\/uploads\/2024\/06\/baby-ear-covers-for-shower-1536x1536.jpg 1536w, https:\/\/babyvk.com\/wp-content\/uploads\/2024\/06\/baby-ear-covers-for-shower-860x860.jpg 860w, https:\/\/babyvk.com\/wp-content\/uploads\/2024\/06\/baby-ear-covers-for-shower-430x430.jpg 430w, https:\/\/babyvk.com\/wp-content\/uploads\/2024\/06\/baby-ear-covers-for-shower-700x700.jpg 700w, https:\/\/babyvk.com\/wp-content\/uploads\/2024\/06\/baby-ear-covers-for-shower-100x100.jpg 100w, https:\/\/babyvk.com\/wp-content\/uploads\/2024\/06\/baby-ear-covers-for-shower-50x50.jpg 50w\" sizes=\"(max-width: 1600px) 100vw, 1600px\" title=\"\">\t\t\t\t\t<\/div>\n\n\t\t\t\t\t\t<\/div>\n\t\t\t\t<\/div>\n\t\t\t\t\t<\/div>\n\t\t<\/div>\n\t\t\t\t\t<\/div>\n\t\t<\/section>\n\t\t\t\t<section class=\"wd-negative-gap elementor-section elementor-top-section elementor-element elementor-element-88b2d40 elementor-section-boxed elementor-section-height-default elementor-section-height-default\" data-id=\"88b2d40\" data-element_type=\"section\">\n\t\t\t\t\t\t<div class=\"elementor-container elementor-column-gap-default\">\n\t\t\t\t\t<div class=\"elementor-column elementor-col-100 elementor-top-column elementor-element elementor-element-53e4aa6\" data-id=\"53e4aa6\" data-element_type=\"column\">\n\t\t\t<div class=\"elementor-widget-wrap elementor-element-populated\">\n\t\t\t\t\t\t<div class=\"elementor-element elementor-element-b08436d wd-width-100 elementor-widget elementor-widget-wd_title\" data-id=\"b08436d\" data-element_type=\"widget\" data-widget_type=\"wd_title.default\">\n\t\t\t\t<div class=\"elementor-widget-container\">\n\t\t\t\t\t\t\t<div class=\"title-wrapper wd-set-mb reset-last-child wd-title-color-default wd-title-style-default wd-title-size-default text-center\">\n\n\t\t\t\t\t\t\t\t\t\t\t<div class=\"title-subtitle subtitle-color-default subtitle-style-default wd-fontsize-xs\">\n\t\t\t\t\tVOIR NOTRE EXPOSITION\t\t\t\t<\/div>\n\t\t\t\n\t\t\t<div class=\"liner-continer\">\n\t\t\t\t<h4 class=\"woodmart-title-container title wd-fontsize-l\">Notre courte vid\u00e9o<\/h4> \n\t\t\t\t\t\t\t<\/div>\n\n\t\t\t\t\t\t\t<div class=\"title-after_title reset-last-child wd-fontsize-xs\">\n\t\t\t\t\t<p>Montrer la sc\u00e8ne d'utilisation du produit, vous donner plus de d\u00e9tails.<\/p>\t\t\t\t<\/div>\n\t\t\t\t\t<\/div>\n\t\t\t\t\t\t<\/div>\n\t\t\t\t<\/div>\n\t\t\t\t<div class=\"elementor-element elementor-element-c152264 elementor-widget elementor-widget-wd_testimonials\" data-id=\"c152264\" data-element_type=\"widget\" data-widget_type=\"wd_testimonials.default\">\n\t\t\t\t<div class=\"elementor-widget-container\">\n\t\t\t\t\t\t\t<div class=\"testimonials testimon-style-standard  color-scheme- testimon-align-center wd-carousel-container\" id=\"carousel-4884\">\n\t\t\t\t\t\t\t<div class=\"wd-carousel-inner\">\n\t\t\t\n\t\t\t<div class=\"wd-carousel wd-grid\" data-scroll_per_page=\"yes\" style=\"--wd-col-lg:2;--wd-col-md:2;--wd-col-sm:1;--wd-gap-lg:30px;--wd-gap-sm:10px;\">\n\t\t\t\t\t\t\t\t\t<div class=\"wd-carousel-wrap\">\n\t\t\t\t\n\t\t\t\t\t\t\t\t\t\n<div class=\"testimonial wd-carousel-item\">\n\t<div class=\"testimonial-inner\">\n\t\t\n\t\t<div class=\"testimonial-content\">\n\t\t\t<div class=\"testimonial-rating\">\n\t\t\t\t<span class=\"star-rating\">\n\t\t\t\t\t<span style=\"width:100%\"><\/span>\n\t\t\t\t<\/span>\n\t\t\t<\/div>\n\n\t\t\t<p><iframe  id=\"_ytid_42129\"  width=\"800\" height=\"450\"  data-origwidth=\"800\" data-origheight=\"450\"  data-relstop=\"1\" src=\"https:\/\/www.youtube.com\/embed\/XAHlACTDcdk?enablejsapi=1&autoplay=0&cc_load_policy=1&cc_lang_pref=&iv_load_policy=3&loop=0&rel=0&fs=1&playsinline=0&autohide=2&theme=dark&color=red&controls=1&disablekb=0&\" class=\"__youtube_prefs__  no-lazyload\" title=\"Lecteur YouTube\"  allow=\"fullscreen; accelerometer; autoplay; clipboard-write; encrypted-media; gyroscope; picture-in-picture; web-share\" referrerpolicy=\"strict-origin-when-cross-origin\" allowfullscreen data-no-lazy=\"1\" data-skipgform_ajax_framebjll=\"\"><\/iframe><\/p>\n\t\t\t<footer>\n\t\t\t\t\n\t\t\t\t\t\t\t\t\t<span>\n\t\t\t\t\t\tD\u00e9veloppeur Web\t\t\t\t\t<\/span>\n\t\t\t\t\t\t\t<\/footer>\n\t\t<\/div>\n\t<\/div>\n<\/div>\t\t\t\t\t\t\t\t\t\n<div class=\"testimonial wd-carousel-item\">\n\t<div class=\"testimonial-inner\">\n\t\t\n\t\t<div class=\"testimonial-content\">\n\t\t\t<div class=\"testimonial-rating\">\n\t\t\t\t<span class=\"star-rating\">\n\t\t\t\t\t<span style=\"width:100%\"><\/span>\n\t\t\t\t<\/span>\n\t\t\t<\/div>\n\n\t\t\t<p><iframe  id=\"_ytid_19436\"  width=\"800\" height=\"450\"  data-origwidth=\"800\" data-origheight=\"450\"  data-relstop=\"1\" src=\"https:\/\/www.youtube.com\/embed\/IWpwlpDYPWc?enablejsapi=1&autoplay=0&cc_load_policy=1&cc_lang_pref=&iv_load_policy=3&loop=0&rel=0&fs=1&playsinline=0&autohide=2&theme=dark&color=red&controls=1&disablekb=0&\" class=\"__youtube_prefs__  no-lazyload\" title=\"Lecteur YouTube\"  allow=\"fullscreen; accelerometer; autoplay; clipboard-write; encrypted-media; gyroscope; picture-in-picture; web-share\" referrerpolicy=\"strict-origin-when-cross-origin\" allowfullscreen data-no-lazy=\"1\" data-skipgform_ajax_framebjll=\"\"><\/iframe><\/p>\n\t\t\t<footer>\n\t\t\t\t\n\t\t\t\t\t\t\t<\/footer>\n\t\t<\/div>\n\t<\/div>\n<\/div>\t\t\t\t\t\t\t\t\t\n<div class=\"testimonial wd-carousel-item\">\n\t<div class=\"testimonial-inner\">\n\t\t\n\t\t<div class=\"testimonial-content\">\n\t\t\t<div class=\"testimonial-rating\">\n\t\t\t\t<span class=\"star-rating\">\n\t\t\t\t\t<span style=\"width:100%\"><\/span>\n\t\t\t\t<\/span>\n\t\t\t<\/div>\n\n\t\t\t<p><iframe  id=\"_ytid_67266\"  width=\"800\" height=\"450\"  data-origwidth=\"800\" data-origheight=\"450\"  data-relstop=\"1\" src=\"https:\/\/www.youtube.com\/embed\/9fxMaRCEKRE?enablejsapi=1&autoplay=0&cc_load_policy=1&cc_lang_pref=&iv_load_policy=3&loop=0&rel=0&fs=1&playsinline=0&autohide=2&theme=dark&color=red&controls=1&disablekb=0&\" class=\"__youtube_prefs__  no-lazyload\" title=\"Lecteur YouTube\"  allow=\"fullscreen; accelerometer; autoplay; clipboard-write; encrypted-media; gyroscope; picture-in-picture; web-share\" referrerpolicy=\"strict-origin-when-cross-origin\" allowfullscreen data-no-lazy=\"1\" data-skipgform_ajax_framebjll=\"\"><\/iframe><\/p>\n\t\t\t<footer>\n\t\t\t\t\n\t\t\t\t\t\t\t\t\t<span>\n\t\t\t\t\t\tD\u00e9veloppeur Web\t\t\t\t\t<\/span>\n\t\t\t\t\t\t\t<\/footer>\n\t\t<\/div>\n\t<\/div>\n<\/div>\t\t\t\t\n\t\t\t\t\t\t\t\t\t<\/div>\n\t\t\t\t\t\t\t<\/div>\n\t\t\t\t\t\t\t\t\t\t\t\t\t\t<div class=\"wd-nav-arrows wd-pos-sep wd-hover-1 wd-icon-1\">\n\t\t\t<div class=\"wd-btn-arrow wd-prev wd-disabled\">\n\t\t\t\t<div class=\"wd-arrow-inner\"><\/div>\n\t\t\t<\/div>\n\t\t\t<div class=\"wd-btn-arrow wd-next\">\n\t\t\t\t<div class=\"wd-arrow-inner\"><\/div>\n\t\t\t<\/div>\n\t\t<\/div>\n\t\t\t\t\t\t\n\t\t\t\t<\/div>\n\n\t\t\t\t\t\t<div class=\"wd-nav-pagin-wrap text-center wd-style-shape wd-hide-md-sm wd-hide-sm\">\n\t\t\t<ul class=\"wd-nav-pagin\"><\/ul>\n\t\t<\/div>\n\t\t\t\t\t\t\t\t\t\t\t<\/div>\n\t\t\t\t\t\t<\/div>\n\t\t\t\t<\/div>\n\t\t\t\t\t<\/div>\n\t\t<\/div>\n\t\t\t\t\t<\/div>\n\t\t<\/section>\n\t\t\t\t<\/div>","protected":false},"excerpt":{"rendered":"<p><strong>Vous avez peur que de l'eau s'infiltre dans les oreilles de votre b\u00e9b\u00e9 pendant le bain ?<\/strong> Les autocollants auriculaires imperm\u00e9ables pour b\u00e9b\u00e9s offrent une protection fiable contre l'eau. Achetez maintenant et b\u00e9n\u00e9ficiez de la livraison gratuite !<\/p>","protected":false},"featured_media":20144,"comment_status":"open","ping_status":"closed","template":"","meta":{"_acf_changed":false},"product_brand":[],"product_cat":[29],"product_tag":[852,849,850,851],"class_list":{"0":"post-20152","1":"product","2":"type-product","3":"status-publish","4":"has-post-thumbnail","6":"product_cat-best-baby-care","7":"product_tag-ear-plugs-for-swimming","8":"product_tag-ear-plugs-for-swimming-kids","9":"product_tag-swimming-ear-plugs-for-kids","10":"product_tag-toddler-ear-plugs-for-swimming","12":"first","13":"instock","14":"sale","15":"taxable","16":"shipping-taxable","17":"purchasable","18":"product-type-variable","19":"wvs-archive-product-wrapper"},"acf":[],"_links":{"self":[{"href":"https:\/\/babyvk.com\/fr\/wp-json\/wp\/v2\/product\/20152","targetHints":{"allow":["GET"]}}],"collection":[{"href":"https:\/\/babyvk.com\/fr\/wp-json\/wp\/v2\/product"}],"about":[{"href":"https:\/\/babyvk.com\/fr\/wp-json\/wp\/v2\/types\/product"}],"replies":[{"embeddable":true,"href":"https:\/\/babyvk.com\/fr\/wp-json\/wp\/v2\/comments?post=20152"}],"version-history":[{"count":0,"href":"https:\/\/babyvk.com\/fr\/wp-json\/wp\/v2\/product\/20152\/revisions"}],"wp:featuredmedia":[{"embeddable":true,"href":"https:\/\/babyvk.com\/fr\/wp-json\/wp\/v2\/media\/20144"}],"wp:attachment":[{"href":"https:\/\/babyvk.com\/fr\/wp-json\/wp\/v2\/media?parent=20152"}],"wp:term":[{"taxonomy":"product_brand","embeddable":true,"href":"https:\/\/babyvk.com\/fr\/wp-json\/wp\/v2\/product_brand?post=20152"},{"taxonomy":"product_cat","embeddable":true,"href":"https:\/\/babyvk.com\/fr\/wp-json\/wp\/v2\/product_cat?post=20152"},{"taxonomy":"product_tag","embeddable":true,"href":"https:\/\/babyvk.com\/fr\/wp-json\/wp\/v2\/product_tag?post=20152"}],"curies":[{"name":"wp","href":"https:\/\/api.w.org\/{rel}","templated":true}]}}