{"id":20133,"date":"2024-06-04T12:09:56","date_gmt":"2024-06-04T12:09:56","guid":{"rendered":"https:\/\/babyvk.com\/?post_type=product&#038;p=20133"},"modified":"2025-07-06T03:13:06","modified_gmt":"2025-07-06T03:13:06","slug":"silicone-baby-head-scrubber","status":"publish","type":"product","link":"https:\/\/babyvk.com\/fr\/product\/silicone-baby-head-scrubber\/","title":{"rendered":"Brosse \u00e0 t\u00eate en silicone pour b\u00e9b\u00e9 2PCS"},"content":{"rendered":"<div data-elementor-type=\"product-post\" data-elementor-id=\"20133\" class=\"elementor elementor-20133\" data-elementor-post-type=\"product\">\n\t\t\t\t\t\t<section class=\"wd-negative-gap elementor-section elementor-top-section elementor-element elementor-element-c352778 elementor-section-boxed elementor-section-height-default elementor-section-height-default\" data-id=\"c352778\" data-element_type=\"section\">\n\t\t\t\t\t\t<div class=\"elementor-container elementor-column-gap-default\">\n\t\t\t\t\t<div class=\"elementor-column elementor-col-100 elementor-top-column elementor-element elementor-element-def4124\" data-id=\"def4124\" data-element_type=\"column\">\n\t\t\t<div class=\"elementor-widget-wrap elementor-element-populated\">\n\t\t\t\t\t\t<div class=\"elementor-element elementor-element-da2b368 color-scheme-inherit text-left elementor-widget elementor-widget-text-editor\" data-id=\"da2b368\" data-element_type=\"widget\" data-widget_type=\"text-editor.default\">\n\t\t\t\t<div class=\"elementor-widget-container\">\n\t\t\t\t\t\t\t\t\t<h2>CARACT\u00c9RISTIQUES :<\/h2><ul><li><strong>QUALIT\u00c9 SUP\u00c9RIEURE :<\/strong> Brosse pour b\u00e9b\u00e9 en mat\u00e9riau de haute qualit\u00e9, pour que les enfants de tous \u00e2ges puissent \"faire eux-m\u00eames\" pendant la douche et le bain !<\/li><li><strong>MEILLEUR CHOIX :<\/strong> Les poils souples en silicone sont con\u00e7us pour \u00e9viter de griffer le cuir chevelu avec les ongles. La brosse en silicone souple et douce aide \u00e0 \u00e9liminer la salet\u00e9. Se rince proprement et s\u00e8che rapidement.<\/li><li><strong>L'UTILISATION FINALE :<\/strong> Cette brosse de nettoyage multifonctionnelle peut \u00e9galement servir de masseur corporel et d'outil de nettoyage.<\/li><li><strong>MAT\u00c9RIAU S\u00c9CURITAIRE :\u00a0<\/strong> Fabriqu\u00e9 en silicone 100% durable et flexible. Hypoallerg\u00e9nique et \u00e9cologique !<\/li><li><strong>CON\u00c7U POUR LES B\u00c9B\u00c9S :\u00a0<\/strong> Masse et nettoie b\u00e9b\u00e9 en douceur, de la t\u00eate aux pieds ! C'est un cadeau id\u00e9al pour les b\u00e9b\u00e9s et les enfants.<\/li><\/ul><h2><span class=\"a-text-bold\">ATTENTION :<\/span>\u00a0<\/h2><p>Rincer \u00e0 l'eau claire et placer dans de l'eau bouillante pendant 2 \u00e0 3 minutes avant utilisation. Conserver au frais.<\/p><h2><span class=\"a-text-bold\">UTILISER :<\/span>\u00a0<\/h2><p>Humidifier la t\u00eate ou la peau avec de l'eau, appliquer une quantit\u00e9 appropri\u00e9e de gel douche ou de shampoing sur ce produit, frotter doucement. Am\u00e9liorer le d\u00e9veloppement mental.<\/p><h2><span class=\"a-text-bold\">SURPRISE :<\/span>\u00a0<\/h2><p>Cette brosse en silicone pour le bain des b\u00e9b\u00e9s convient \u00e9galement au nettoyage du visage des adultes, \u00e0 l'exfoliation et au blanchiment de la peau. Une utilisation r\u00e9guli\u00e8re peut rendre la peau plus \u00e9lastique et la resserrer, favorisant ainsi la circulation sanguine.<\/p>\t\t\t\t\t\t\t\t<\/div>\n\t\t\t\t<\/div>\n\t\t\t\t\t<\/div>\n\t\t<\/div>\n\t\t\t\t\t<\/div>\n\t\t<\/section>\n\t\t\t\t<section class=\"wd-negative-gap elementor-section elementor-top-section elementor-element elementor-element-4fc4ca3 elementor-section-boxed elementor-section-height-default elementor-section-height-default\" data-id=\"4fc4ca3\" data-element_type=\"section\">\n\t\t\t\t\t\t<div class=\"elementor-container elementor-column-gap-default\">\n\t\t\t\t\t<div class=\"elementor-column elementor-col-100 elementor-top-column elementor-element elementor-element-1f1194f\" data-id=\"1f1194f\" data-element_type=\"column\">\n\t\t\t<div class=\"elementor-widget-wrap elementor-element-populated\">\n\t\t\t\t\t\t\t<\/div>\n\t\t<\/div>\n\t\t\t\t\t<\/div>\n\t\t<\/section>\n\t\t\t\t<section class=\"wd-negative-gap elementor-section elementor-top-section elementor-element elementor-element-5645c76 elementor-section-boxed elementor-section-height-default elementor-section-height-default\" data-id=\"5645c76\" data-element_type=\"section\">\n\t\t\t\t\t\t<div class=\"elementor-container elementor-column-gap-default\">\n\t\t\t\t\t<div class=\"elementor-column elementor-col-100 elementor-top-column elementor-element elementor-element-fe613e6\" data-id=\"fe613e6\" data-element_type=\"column\">\n\t\t\t<div class=\"elementor-widget-wrap elementor-element-populated\">\n\t\t\t\t\t\t<div class=\"elementor-element elementor-element-b97d522 wd-width-100 elementor-widget elementor-widget-wd_title\" data-id=\"b97d522\" data-element_type=\"widget\" data-widget_type=\"wd_title.default\">\n\t\t\t\t<div class=\"elementor-widget-container\">\n\t\t\t\t\t\t\t<div class=\"title-wrapper wd-set-mb reset-last-child wd-title-color-default wd-title-style-default wd-title-size-default text-center\">\n\n\t\t\t\t\t\t\t\t\t\t\t<div class=\"title-subtitle subtitle-color-default subtitle-style-default wd-fontsize-xs\">\n\t\t\t\t\tVOIR NOTRE EXPOSITION\t\t\t\t<\/div>\n\t\t\t\n\t\t\t<div class=\"liner-continer\">\n\t\t\t\t<h4 class=\"woodmart-title-container title wd-fontsize-l\">Notre courte vid\u00e9o<\/h4> \n\t\t\t\t\t\t\t<\/div>\n\n\t\t\t\t\t\t\t<div class=\"title-after_title reset-last-child wd-fontsize-xs\">\n\t\t\t\t\t<p>Montrer la sc\u00e8ne d'utilisation du produit, vous donner plus de d\u00e9tails.<\/p>\t\t\t\t<\/div>\n\t\t\t\t\t<\/div>\n\t\t\t\t\t\t<\/div>\n\t\t\t\t<\/div>\n\t\t\t\t<div class=\"elementor-element elementor-element-833c718 elementor-widget elementor-widget-wd_testimonials\" data-id=\"833c718\" data-element_type=\"widget\" data-widget_type=\"wd_testimonials.default\">\n\t\t\t\t<div class=\"elementor-widget-container\">\n\t\t\t\t\t\t\t<div class=\"testimonials testimon-style-standard  color-scheme- testimon-align-center wd-carousel-container\" id=\"carousel-2834\">\n\t\t\t\t\t\t\t<div class=\"wd-carousel-inner\">\n\t\t\t\n\t\t\t<div class=\"wd-carousel wd-grid\" data-scroll_per_page=\"yes\" style=\"--wd-col-lg:2;--wd-col-md:2;--wd-col-sm:1;--wd-gap-lg:30px;--wd-gap-sm:10px;\">\n\t\t\t\t\t\t\t\t\t<div class=\"wd-carousel-wrap\">\n\t\t\t\t\n\t\t\t\t\t\t\t\t\t\n<div class=\"testimonial wd-carousel-item\">\n\t<div class=\"testimonial-inner\">\n\t\t\n\t\t<div class=\"testimonial-content\">\n\t\t\t<div class=\"testimonial-rating\">\n\t\t\t\t<span class=\"star-rating\">\n\t\t\t\t\t<span style=\"width:100%\"><\/span>\n\t\t\t\t<\/span>\n\t\t\t<\/div>\n\n\t\t\t<p><iframe  id=\"_ytid_57011\"  width=\"800\" height=\"450\"  data-origwidth=\"800\" data-origheight=\"450\"  data-relstop=\"1\" src=\"https:\/\/www.youtube.com\/embed\/LhnEg8IMp1s?enablejsapi=1&autoplay=0&cc_load_policy=1&cc_lang_pref=&iv_load_policy=3&loop=0&rel=0&fs=1&playsinline=0&autohide=2&theme=dark&color=red&controls=1&disablekb=0&\" class=\"__youtube_prefs__  no-lazyload\" title=\"Lecteur YouTube\"  allow=\"fullscreen; accelerometer; autoplay; clipboard-write; encrypted-media; gyroscope; picture-in-picture; web-share\" referrerpolicy=\"strict-origin-when-cross-origin\" allowfullscreen data-no-lazy=\"1\" data-skipgform_ajax_framebjll=\"\"><\/iframe><\/p>\n\t\t\t<footer>\n\t\t\t\t\n\t\t\t\t\t\t\t<\/footer>\n\t\t<\/div>\n\t<\/div>\n<\/div>\t\t\t\t\n\t\t\t\t\t\t\t\t\t<\/div>\n\t\t\t\t\t\t\t<\/div>\n\t\t\t\t\t\t\t\t\t\t\t\t\t\t<div class=\"wd-nav-arrows wd-pos-sep wd-hover-1 wd-icon-1\">\n\t\t\t<div class=\"wd-btn-arrow wd-prev wd-disabled\">\n\t\t\t\t<div class=\"wd-arrow-inner\"><\/div>\n\t\t\t<\/div>\n\t\t\t<div class=\"wd-btn-arrow wd-next\">\n\t\t\t\t<div class=\"wd-arrow-inner\"><\/div>\n\t\t\t<\/div>\n\t\t<\/div>\n\t\t\t\t\t\t\n\t\t\t\t<\/div>\n\n\t\t\t\t\t\t<div class=\"wd-nav-pagin-wrap text-center wd-style-shape wd-hide-md-sm wd-hide-sm\">\n\t\t\t<ul class=\"wd-nav-pagin\"><\/ul>\n\t\t<\/div>\n\t\t\t\t\t\t\t\t\t\t\t<\/div>\n\t\t\t\t\t\t<\/div>\n\t\t\t\t<\/div>\n\t\t\t\t\t<\/div>\n\t\t<\/div>\n\t\t\t\t\t<\/div>\n\t\t<\/section>\n\t\t\t\t<\/div>","protected":false},"excerpt":{"rendered":"<p><strong>Vous cherchez une m\u00e9thode douce pour nettoyer le cuir chevelu de votre b\u00e9b\u00e9 ?<\/strong> Le gratte-t\u00eate en silicone pour b\u00e9b\u00e9 est doux, s\u00fbr et parfait pour \u00e9liminer les cro\u00fbtes de lait. Achetez maintenant et b\u00e9n\u00e9ficiez de la livraison gratuite !<\/p>","protected":false},"featured_media":20122,"comment_status":"open","ping_status":"closed","template":"","meta":{"_acf_changed":false},"product_brand":[],"product_cat":[29],"product_tag":[846,844,847,845,848],"class_list":{"0":"post-20133","1":"product","2":"type-product","3":"status-publish","4":"has-post-thumbnail","6":"product_cat-best-baby-care","7":"product_tag-baby-bath-scrubber","8":"product_tag-baby-head-scrubber","9":"product_tag-baby-scrubber-bath","10":"product_tag-shower-head-for-baby","11":"product_tag-silicone-baby-brush","13":"first","14":"instock","15":"sale","16":"taxable","17":"shipping-taxable","18":"purchasable","19":"product-type-variable","20":"wvs-archive-product-wrapper"},"acf":[],"_links":{"self":[{"href":"https:\/\/babyvk.com\/fr\/wp-json\/wp\/v2\/product\/20133","targetHints":{"allow":["GET"]}}],"collection":[{"href":"https:\/\/babyvk.com\/fr\/wp-json\/wp\/v2\/product"}],"about":[{"href":"https:\/\/babyvk.com\/fr\/wp-json\/wp\/v2\/types\/product"}],"replies":[{"embeddable":true,"href":"https:\/\/babyvk.com\/fr\/wp-json\/wp\/v2\/comments?post=20133"}],"version-history":[{"count":0,"href":"https:\/\/babyvk.com\/fr\/wp-json\/wp\/v2\/product\/20133\/revisions"}],"wp:featuredmedia":[{"embeddable":true,"href":"https:\/\/babyvk.com\/fr\/wp-json\/wp\/v2\/media\/20122"}],"wp:attachment":[{"href":"https:\/\/babyvk.com\/fr\/wp-json\/wp\/v2\/media?parent=20133"}],"wp:term":[{"taxonomy":"product_brand","embeddable":true,"href":"https:\/\/babyvk.com\/fr\/wp-json\/wp\/v2\/product_brand?post=20133"},{"taxonomy":"product_cat","embeddable":true,"href":"https:\/\/babyvk.com\/fr\/wp-json\/wp\/v2\/product_cat?post=20133"},{"taxonomy":"product_tag","embeddable":true,"href":"https:\/\/babyvk.com\/fr\/wp-json\/wp\/v2\/product_tag?post=20133"}],"curies":[{"name":"wp","href":"https:\/\/api.w.org\/{rel}","templated":true}]}}