{"id":19905,"date":"2024-05-24T16:35:27","date_gmt":"2024-05-24T16:35:27","guid":{"rendered":"https:\/\/babyvk.com\/?post_type=product&#038;p=19905"},"modified":"2025-11-22T09:13:05","modified_gmt":"2025-11-22T09:13:05","slug":"car-water-bottle-with-straw-for-kids","status":"publish","type":"product","link":"https:\/\/babyvk.com\/fr\/product\/car-water-bottle-with-straw-for-kids\/","title":{"rendered":"Bouteille d'eau en forme de bus avec paille pour les enfants"},"content":{"rendered":"<div data-elementor-type=\"product-post\" data-elementor-id=\"19905\" class=\"elementor elementor-19905\" data-elementor-post-type=\"product\">\n\t\t\t\t\t\t<section class=\"wd-negative-gap elementor-section elementor-top-section elementor-element elementor-element-c7856de elementor-section-boxed elementor-section-height-default elementor-section-height-default\" data-id=\"c7856de\" data-element_type=\"section\">\n\t\t\t\t\t\t<div class=\"elementor-container elementor-column-gap-default\">\n\t\t\t\t\t<div class=\"elementor-column elementor-col-100 elementor-top-column elementor-element elementor-element-35026af\" data-id=\"35026af\" data-element_type=\"column\">\n\t\t\t<div class=\"elementor-widget-wrap elementor-element-populated\">\n\t\t\t\t\t\t<div class=\"elementor-element elementor-element-486d3a0 color-scheme-inherit text-left elementor-widget elementor-widget-text-editor\" data-id=\"486d3a0\" data-element_type=\"widget\" data-widget_type=\"text-editor.default\">\n\t\t\t\t<div class=\"elementor-widget-container\">\n\t\t\t\t\t\t\t\t\t<h2>Caract\u00e9ristiques :<\/h2><ol><li>\u3010Adorable design de voiture\u3011 Cette bouteille d'eau pour enfants a la forme d'un bus de dessin anim\u00e9, ce qui lui conf\u00e8re une touche d'originalit\u00e9. Ce n'est pas seulement un porte-boisson mais aussi un jouet, avec des roues qui roulent. Les couleurs vives et le design original captivent instantan\u00e9ment les enfants.<\/li><li>\u3010Construction de haute qualit\u00e9\u3011 Fabriqu\u00e9e en PC, ABS et silicone \u00e9cologiques et de qualit\u00e9 alimentaire, cette bouteille r\u00e9utilisable garantit une hydratation s\u00fbre. Avec une plage de temp\u00e9rature de service de -20 \u00e0 100 degr\u00e9s Celsius, elle peut contenir 500ML\/16oz de liquide.<\/li><li>\u3010360\u00b0 Protection contre les fuites\u3011 Dites adieu aux d\u00e9versements ! Notre bouteille b\u00e9n\u00e9ficie d'une conception \u00e9tanche \u00e0 360\u00b0, \u00e9pargnant aux cartables les surprises d\u00e9tremp\u00e9es. \u00c9quip\u00e9e d'un bouchon \u00e0 double \u00e9tanch\u00e9it\u00e9 et d'un anneau en caoutchouc \u00e9tanche \u00e0 l'eau, ainsi que d'un m\u00e9canisme de verrouillage par pression, les fuites sont de l'histoire ancienne.<\/li><li>\u3010Secure Flip Lid\u3011 Profitez d'une d\u00e9gustation sans souci gr\u00e2ce au couvercle rabattable et \u00e0 la paille. Verrouillez-le \u00e0 l'aide du loquet pour emp\u00eacher les gouttes de couler, ce qui le rend compatible avec un sac \u00e0 dos. Sa bandouli\u00e8re robuste offre un soutien fiable aux enfants en d\u00e9placement.<\/li><li>\u3010Facile \u00e0 nettoyer\u3011 D\u00e9tachez le couvercle et la paille pour un nettoyage sans effort, id\u00e9al pour les \u00e9coliers de tous \u00e2ges. D'une qualit\u00e9 fiable, cette bouteille sera votre compagnon d'hydratation sur le long terme.\u00a0<\/li><\/ol>\t\t\t\t\t\t\t\t<\/div>\n\t\t\t\t<\/div>\n\t\t\t\t\t<\/div>\n\t\t<\/div>\n\t\t\t\t\t<\/div>\n\t\t<\/section>\n\t\t\t\t<section class=\"wd-negative-gap elementor-section elementor-top-section elementor-element elementor-element-2fcc89a elementor-section-boxed elementor-section-height-default elementor-section-height-default\" data-id=\"2fcc89a\" data-element_type=\"section\">\n\t\t\t\t\t\t<div class=\"elementor-container elementor-column-gap-default\">\n\t\t\t\t\t<div class=\"elementor-column elementor-col-100 elementor-top-column elementor-element elementor-element-642bb91\" data-id=\"642bb91\" data-element_type=\"column\">\n\t\t\t<div class=\"elementor-widget-wrap elementor-element-populated\">\n\t\t\t\t\t\t<div class=\"elementor-element elementor-element-ae75e60 color-scheme-inherit text-left elementor-widget elementor-widget-text-editor\" data-id=\"ae75e60\" data-element_type=\"widget\" data-widget_type=\"text-editor.default\">\n\t\t\t\t<div class=\"elementor-widget-container\">\n\t\t\t\t\t\t\t\t\t<h2>Sp\u00e9cifications :<\/h2><ul><li><strong>Nom :<\/strong> Bouteille d'eau en forme de bus avec paille pour les enfants<\/li><li><strong>Mat\u00e9riau :<\/strong> Plastique+ABS+Silicone<\/li><li><strong>Taille :<\/strong> 19.4\u00d77.2\u00d77.8cm\/7.6\u00d72.8\u00d73.1inch<\/li><li><strong>Capacit\u00e9 :<\/strong> 500ml\/16oz<\/li><li><strong>Couleur<\/strong> (Optionnel) : Bleu, Jaune, RoseBouteille d'eau pour voiture avec paille pour enfants<\/li><\/ul>\t\t\t\t\t\t\t\t<\/div>\n\t\t\t\t<\/div>\n\t\t\t\t\t<\/div>\n\t\t<\/div>\n\t\t\t\t\t<\/div>\n\t\t<\/section>\n\t\t\t\t<section class=\"wd-negative-gap elementor-section elementor-top-section elementor-element elementor-element-aeda004 elementor-section-boxed elementor-section-height-default elementor-section-height-default\" data-id=\"aeda004\" data-element_type=\"section\">\n\t\t\t\t\t\t<div class=\"elementor-container elementor-column-gap-default\">\n\t\t\t\t\t<div class=\"elementor-column elementor-col-100 elementor-top-column elementor-element elementor-element-420d489\" data-id=\"420d489\" data-element_type=\"column\">\n\t\t\t<div class=\"elementor-widget-wrap elementor-element-populated\">\n\t\t\t\t\t\t<div class=\"elementor-element elementor-element-326a439 elementor-widget elementor-widget-image\" data-id=\"326a439\" data-element_type=\"widget\" data-widget_type=\"image.default\">\n\t\t\t\t<div class=\"elementor-widget-container\">\n\t\t\t\t\t\t\t\t\t\t\t\t\t\t\t<img fetchpriority=\"high\" decoding=\"async\" width=\"800\" height=\"800\" src=\"https:\/\/babyvk.com\/wp-content\/themes\/woodmart\/images\/lazy.svg\" data-src=\"https:\/\/babyvk.com\/wp-content\/uploads\/2024\/05\/bluey-water-bottle-for-kids-800x800.webp\" class=\"wd-lazy-blur attachment-large size-large wp-image-19897 wvs-archive-product-image\" alt=\"bouteille de boisson en carton\" srcset=\"\" data-srcset=\"https:\/\/babyvk.com\/wp-content\/uploads\/2024\/05\/bluey-water-bottle-for-kids-800x800.webp 800w, https:\/\/babyvk.com\/wp-content\/uploads\/2024\/05\/bluey-water-bottle-for-kids-300x300.webp 300w, https:\/\/babyvk.com\/wp-content\/uploads\/2024\/05\/bluey-water-bottle-for-kids-150x150.webp 150w, https:\/\/babyvk.com\/wp-content\/uploads\/2024\/05\/bluey-water-bottle-for-kids-768x768.webp 768w, https:\/\/babyvk.com\/wp-content\/uploads\/2024\/05\/bluey-water-bottle-for-kids-1536x1536.webp 1536w, https:\/\/babyvk.com\/wp-content\/uploads\/2024\/05\/bluey-water-bottle-for-kids-860x860.webp 860w, https:\/\/babyvk.com\/wp-content\/uploads\/2024\/05\/bluey-water-bottle-for-kids-430x430.webp 430w, https:\/\/babyvk.com\/wp-content\/uploads\/2024\/05\/bluey-water-bottle-for-kids-700x700.webp 700w, https:\/\/babyvk.com\/wp-content\/uploads\/2024\/05\/bluey-water-bottle-for-kids-100x100.webp 100w, https:\/\/babyvk.com\/wp-content\/uploads\/2024\/05\/bluey-water-bottle-for-kids-50x50.webp 50w, https:\/\/babyvk.com\/wp-content\/uploads\/2024\/05\/bluey-water-bottle-for-kids.webp 1600w\" sizes=\"(max-width: 800px) 100vw, 800px\" title=\"\">\t\t\t\t\t\t\t\t\t\t\t\t\t\t\t<\/div>\n\t\t\t\t<\/div>\n\t\t\t\t<div class=\"elementor-element elementor-element-05df071 elementor-widget elementor-widget-wd_image_or_svg\" data-id=\"05df071\" data-element_type=\"widget\" data-widget_type=\"wd_image_or_svg.default\">\n\t\t\t\t<div class=\"elementor-widget-container\">\n\t\t\t\t\t\n\t\t<div class=\"wd-image text-left\">\n\t\t\t\t\t\t\t\t<img decoding=\"async\" width=\"1600\" height=\"1600\" src=\"https:\/\/babyvk.com\/wp-content\/uploads\/2024\/05\/toddler-water-bottle.webp\" class=\"attachment-full size-full wvs-archive-product-image\" alt=\"Bouteille d&#039;eau avec paille pour voiture\" srcset=\"https:\/\/babyvk.com\/wp-content\/uploads\/2024\/05\/toddler-water-bottle.webp 1600w, https:\/\/babyvk.com\/wp-content\/uploads\/2024\/05\/toddler-water-bottle-300x300.webp 300w, https:\/\/babyvk.com\/wp-content\/uploads\/2024\/05\/toddler-water-bottle-800x800.webp 800w, https:\/\/babyvk.com\/wp-content\/uploads\/2024\/05\/toddler-water-bottle-150x150.webp 150w, https:\/\/babyvk.com\/wp-content\/uploads\/2024\/05\/toddler-water-bottle-768x768.webp 768w, https:\/\/babyvk.com\/wp-content\/uploads\/2024\/05\/toddler-water-bottle-1536x1536.webp 1536w, https:\/\/babyvk.com\/wp-content\/uploads\/2024\/05\/toddler-water-bottle-860x860.webp 860w, https:\/\/babyvk.com\/wp-content\/uploads\/2024\/05\/toddler-water-bottle-430x430.webp 430w, https:\/\/babyvk.com\/wp-content\/uploads\/2024\/05\/toddler-water-bottle-700x700.webp 700w, https:\/\/babyvk.com\/wp-content\/uploads\/2024\/05\/toddler-water-bottle-100x100.webp 100w, https:\/\/babyvk.com\/wp-content\/uploads\/2024\/05\/toddler-water-bottle-50x50.webp 50w\" sizes=\"(max-width: 1600px) 100vw, 1600px\" title=\"\">\t\t\t\t\t<\/div>\n\n\t\t\t\t\t\t<\/div>\n\t\t\t\t<\/div>\n\t\t\t\t<div class=\"elementor-element elementor-element-3f605d9 elementor-widget elementor-widget-wd_image_or_svg\" data-id=\"3f605d9\" data-element_type=\"widget\" data-widget_type=\"wd_image_or_svg.default\">\n\t\t\t\t<div class=\"elementor-widget-container\">\n\t\t\t\t\t\n\t\t<div class=\"wd-image text-left\">\n\t\t\t\t\t\t\t\t<img decoding=\"async\" width=\"1600\" height=\"1600\" src=\"https:\/\/babyvk.com\/wp-content\/uploads\/2024\/05\/cute-water-bottle-with-straw.webp\" class=\"attachment-full size-full wvs-archive-product-image\" alt=\"bouteille d&#039;eau \u00e9tanche pour dessins anim\u00e9s\" srcset=\"https:\/\/babyvk.com\/wp-content\/uploads\/2024\/05\/cute-water-bottle-with-straw.webp 1600w, https:\/\/babyvk.com\/wp-content\/uploads\/2024\/05\/cute-water-bottle-with-straw-300x300.webp 300w, https:\/\/babyvk.com\/wp-content\/uploads\/2024\/05\/cute-water-bottle-with-straw-800x800.webp 800w, https:\/\/babyvk.com\/wp-content\/uploads\/2024\/05\/cute-water-bottle-with-straw-150x150.webp 150w, https:\/\/babyvk.com\/wp-content\/uploads\/2024\/05\/cute-water-bottle-with-straw-768x768.webp 768w, https:\/\/babyvk.com\/wp-content\/uploads\/2024\/05\/cute-water-bottle-with-straw-1536x1536.webp 1536w, https:\/\/babyvk.com\/wp-content\/uploads\/2024\/05\/cute-water-bottle-with-straw-860x860.webp 860w, https:\/\/babyvk.com\/wp-content\/uploads\/2024\/05\/cute-water-bottle-with-straw-430x430.webp 430w, https:\/\/babyvk.com\/wp-content\/uploads\/2024\/05\/cute-water-bottle-with-straw-700x700.webp 700w, https:\/\/babyvk.com\/wp-content\/uploads\/2024\/05\/cute-water-bottle-with-straw-100x100.webp 100w, https:\/\/babyvk.com\/wp-content\/uploads\/2024\/05\/cute-water-bottle-with-straw-50x50.webp 50w\" sizes=\"(max-width: 1600px) 100vw, 1600px\" title=\"\">\t\t\t\t\t<\/div>\n\n\t\t\t\t\t\t<\/div>\n\t\t\t\t<\/div>\n\t\t\t\t<div class=\"elementor-element elementor-element-fbc0df5 elementor-widget elementor-widget-wd_image_or_svg\" data-id=\"fbc0df5\" data-element_type=\"widget\" data-widget_type=\"wd_image_or_svg.default\">\n\t\t\t\t<div class=\"elementor-widget-container\">\n\t\t\t\t\t\n\t\t<div class=\"wd-image text-left\">\n\t\t\t\t\t\t\t\t<img loading=\"lazy\" decoding=\"async\" width=\"1600\" height=\"1600\" src=\"https:\/\/babyvk.com\/wp-content\/uploads\/2024\/05\/cars-water-bottle-for-toddler-boys.webp\" class=\"attachment-full size-full wvs-archive-product-image\" alt=\"Bouteilles d&#039;eau en carton pour enfants\" srcset=\"https:\/\/babyvk.com\/wp-content\/uploads\/2024\/05\/cars-water-bottle-for-toddler-boys.webp 1600w, https:\/\/babyvk.com\/wp-content\/uploads\/2024\/05\/cars-water-bottle-for-toddler-boys-300x300.webp 300w, https:\/\/babyvk.com\/wp-content\/uploads\/2024\/05\/cars-water-bottle-for-toddler-boys-800x800.webp 800w, https:\/\/babyvk.com\/wp-content\/uploads\/2024\/05\/cars-water-bottle-for-toddler-boys-150x150.webp 150w, https:\/\/babyvk.com\/wp-content\/uploads\/2024\/05\/cars-water-bottle-for-toddler-boys-768x768.webp 768w, https:\/\/babyvk.com\/wp-content\/uploads\/2024\/05\/cars-water-bottle-for-toddler-boys-1536x1536.webp 1536w, https:\/\/babyvk.com\/wp-content\/uploads\/2024\/05\/cars-water-bottle-for-toddler-boys-860x860.webp 860w, https:\/\/babyvk.com\/wp-content\/uploads\/2024\/05\/cars-water-bottle-for-toddler-boys-430x430.webp 430w, https:\/\/babyvk.com\/wp-content\/uploads\/2024\/05\/cars-water-bottle-for-toddler-boys-700x700.webp 700w, https:\/\/babyvk.com\/wp-content\/uploads\/2024\/05\/cars-water-bottle-for-toddler-boys-100x100.webp 100w, https:\/\/babyvk.com\/wp-content\/uploads\/2024\/05\/cars-water-bottle-for-toddler-boys-50x50.webp 50w\" sizes=\"(max-width: 1600px) 100vw, 1600px\" title=\"\">\t\t\t\t\t<\/div>\n\n\t\t\t\t\t\t<\/div>\n\t\t\t\t<\/div>\n\t\t\t\t<div class=\"elementor-element elementor-element-d92324e elementor-widget elementor-widget-wd_image_or_svg\" data-id=\"d92324e\" data-element_type=\"widget\" data-widget_type=\"wd_image_or_svg.default\">\n\t\t\t\t<div class=\"elementor-widget-container\">\n\t\t\t\t\t\n\t\t<div class=\"wd-image text-left\">\n\t\t\t\t\t\t\t\t<img loading=\"lazy\" decoding=\"async\" width=\"1600\" height=\"1600\" src=\"https:\/\/babyvk.com\/wp-content\/uploads\/2024\/05\/portable-water-cup-in-bus-shape.webp\" class=\"attachment-full size-full wvs-archive-product-image\" alt=\"bus paille gobelet d&#039;eau\" srcset=\"https:\/\/babyvk.com\/wp-content\/uploads\/2024\/05\/portable-water-cup-in-bus-shape.webp 1600w, https:\/\/babyvk.com\/wp-content\/uploads\/2024\/05\/portable-water-cup-in-bus-shape-300x300.webp 300w, https:\/\/babyvk.com\/wp-content\/uploads\/2024\/05\/portable-water-cup-in-bus-shape-800x800.webp 800w, https:\/\/babyvk.com\/wp-content\/uploads\/2024\/05\/portable-water-cup-in-bus-shape-150x150.webp 150w, https:\/\/babyvk.com\/wp-content\/uploads\/2024\/05\/portable-water-cup-in-bus-shape-768x768.webp 768w, https:\/\/babyvk.com\/wp-content\/uploads\/2024\/05\/portable-water-cup-in-bus-shape-1536x1536.webp 1536w, https:\/\/babyvk.com\/wp-content\/uploads\/2024\/05\/portable-water-cup-in-bus-shape-860x860.webp 860w, https:\/\/babyvk.com\/wp-content\/uploads\/2024\/05\/portable-water-cup-in-bus-shape-430x430.webp 430w, https:\/\/babyvk.com\/wp-content\/uploads\/2024\/05\/portable-water-cup-in-bus-shape-700x700.webp 700w, https:\/\/babyvk.com\/wp-content\/uploads\/2024\/05\/portable-water-cup-in-bus-shape-100x100.webp 100w, https:\/\/babyvk.com\/wp-content\/uploads\/2024\/05\/portable-water-cup-in-bus-shape-50x50.webp 50w\" sizes=\"(max-width: 1600px) 100vw, 1600px\" title=\"\">\t\t\t\t\t<\/div>\n\n\t\t\t\t\t\t<\/div>\n\t\t\t\t<\/div>\n\t\t\t\t<div class=\"elementor-element elementor-element-bf408f4 elementor-widget elementor-widget-wd_image_or_svg\" data-id=\"bf408f4\" data-element_type=\"widget\" data-widget_type=\"wd_image_or_svg.default\">\n\t\t\t\t<div class=\"elementor-widget-container\">\n\t\t\t\t\t\n\t\t<div class=\"wd-image text-left\">\n\t\t\t\t\t\t\t\t<img loading=\"lazy\" decoding=\"async\" width=\"1600\" height=\"1600\" src=\"https:\/\/babyvk.com\/wp-content\/uploads\/2024\/05\/bus-water-bottle.webp\" class=\"attachment-full size-full wvs-archive-product-image\" alt=\"bouteilles d&#039;eau pour autobus\" srcset=\"https:\/\/babyvk.com\/wp-content\/uploads\/2024\/05\/bus-water-bottle.webp 1600w, https:\/\/babyvk.com\/wp-content\/uploads\/2024\/05\/bus-water-bottle-300x300.webp 300w, https:\/\/babyvk.com\/wp-content\/uploads\/2024\/05\/bus-water-bottle-800x800.webp 800w, https:\/\/babyvk.com\/wp-content\/uploads\/2024\/05\/bus-water-bottle-150x150.webp 150w, https:\/\/babyvk.com\/wp-content\/uploads\/2024\/05\/bus-water-bottle-768x768.webp 768w, https:\/\/babyvk.com\/wp-content\/uploads\/2024\/05\/bus-water-bottle-1536x1536.webp 1536w, https:\/\/babyvk.com\/wp-content\/uploads\/2024\/05\/bus-water-bottle-860x860.webp 860w, https:\/\/babyvk.com\/wp-content\/uploads\/2024\/05\/bus-water-bottle-430x430.webp 430w, https:\/\/babyvk.com\/wp-content\/uploads\/2024\/05\/bus-water-bottle-700x700.webp 700w, https:\/\/babyvk.com\/wp-content\/uploads\/2024\/05\/bus-water-bottle-100x100.webp 100w, https:\/\/babyvk.com\/wp-content\/uploads\/2024\/05\/bus-water-bottle-50x50.webp 50w\" sizes=\"(max-width: 1600px) 100vw, 1600px\" title=\"\">\t\t\t\t\t<\/div>\n\n\t\t\t\t\t\t<\/div>\n\t\t\t\t<\/div>\n\t\t\t\t<div class=\"elementor-element elementor-element-baf3319 elementor-widget elementor-widget-image\" data-id=\"baf3319\" data-element_type=\"widget\" data-widget_type=\"image.default\">\n\t\t\t\t<div class=\"elementor-widget-container\">\n\t\t\t\t\t\t\t\t\t\t\t\t\t\t\t<img loading=\"lazy\" decoding=\"async\" width=\"800\" height=\"800\" src=\"https:\/\/babyvk.com\/wp-content\/themes\/woodmart\/images\/lazy.svg\" data-src=\"https:\/\/babyvk.com\/wp-content\/uploads\/2024\/05\/kids-water-bottle-for-school-800x800.webp\" class=\"wd-lazy-blur attachment-large size-large wp-image-19903 wvs-archive-product-image\" alt=\"Bouteille d&#039;eau avec paille pour enfants\" srcset=\"\" data-srcset=\"https:\/\/babyvk.com\/wp-content\/uploads\/2024\/05\/kids-water-bottle-for-school-800x800.webp 800w, https:\/\/babyvk.com\/wp-content\/uploads\/2024\/05\/kids-water-bottle-for-school-300x300.webp 300w, https:\/\/babyvk.com\/wp-content\/uploads\/2024\/05\/kids-water-bottle-for-school-150x150.webp 150w, https:\/\/babyvk.com\/wp-content\/uploads\/2024\/05\/kids-water-bottle-for-school-768x768.webp 768w, https:\/\/babyvk.com\/wp-content\/uploads\/2024\/05\/kids-water-bottle-for-school-1536x1536.webp 1536w, https:\/\/babyvk.com\/wp-content\/uploads\/2024\/05\/kids-water-bottle-for-school-860x860.webp 860w, https:\/\/babyvk.com\/wp-content\/uploads\/2024\/05\/kids-water-bottle-for-school-430x430.webp 430w, https:\/\/babyvk.com\/wp-content\/uploads\/2024\/05\/kids-water-bottle-for-school-700x700.webp 700w, https:\/\/babyvk.com\/wp-content\/uploads\/2024\/05\/kids-water-bottle-for-school-100x100.webp 100w, https:\/\/babyvk.com\/wp-content\/uploads\/2024\/05\/kids-water-bottle-for-school-50x50.webp 50w, https:\/\/babyvk.com\/wp-content\/uploads\/2024\/05\/kids-water-bottle-for-school.webp 1600w\" sizes=\"(max-width: 800px) 100vw, 800px\" title=\"\">\t\t\t\t\t\t\t\t\t\t\t\t\t\t\t<\/div>\n\t\t\t\t<\/div>\n\t\t\t\t\t<\/div>\n\t\t<\/div>\n\t\t\t\t\t<\/div>\n\t\t<\/section>\n\t\t\t\t<section class=\"wd-negative-gap elementor-section elementor-top-section elementor-element elementor-element-741f1e8 elementor-section-boxed elementor-section-height-default elementor-section-height-default\" data-id=\"741f1e8\" data-element_type=\"section\">\n\t\t\t\t\t\t<div class=\"elementor-container elementor-column-gap-default\">\n\t\t\t\t\t<div class=\"elementor-column elementor-col-100 elementor-top-column elementor-element elementor-element-c6d116c\" data-id=\"c6d116c\" data-element_type=\"column\">\n\t\t\t<div class=\"elementor-widget-wrap elementor-element-populated\">\n\t\t\t\t\t\t<div class=\"elementor-element elementor-element-dd17c0d wd-width-100 elementor-widget elementor-widget-wd_title\" data-id=\"dd17c0d\" data-element_type=\"widget\" data-widget_type=\"wd_title.default\">\n\t\t\t\t<div class=\"elementor-widget-container\">\n\t\t\t\t\t\t\t<div class=\"title-wrapper wd-set-mb reset-last-child wd-title-color-default wd-title-style-default wd-title-size-default text-center\">\n\n\t\t\t\t\t\t\t\t\t\t\t<div class=\"title-subtitle subtitle-color-default subtitle-style-default wd-fontsize-xs\">\n\t\t\t\t\tVOIR NOTRE EXPOSITION\t\t\t\t<\/div>\n\t\t\t\n\t\t\t<div class=\"liner-continer\">\n\t\t\t\t<h4 class=\"woodmart-title-container title wd-fontsize-l\">Notre courte vid\u00e9o<\/h4> \n\t\t\t\t\t\t\t<\/div>\n\n\t\t\t\t\t\t\t<div class=\"title-after_title reset-last-child wd-fontsize-xs\">\n\t\t\t\t\t<p>Montrer la sc\u00e8ne d'utilisation du produit, vous donner plus de d\u00e9tails.<\/p>\t\t\t\t<\/div>\n\t\t\t\t\t<\/div>\n\t\t\t\t\t\t<\/div>\n\t\t\t\t<\/div>\n\t\t\t\t<div class=\"elementor-element elementor-element-ce7fada elementor-widget elementor-widget-wd_testimonials\" data-id=\"ce7fada\" data-element_type=\"widget\" data-widget_type=\"wd_testimonials.default\">\n\t\t\t\t<div class=\"elementor-widget-container\">\n\t\t\t\t\t\t\t<div class=\"testimonials testimon-style-standard  color-scheme- testimon-align-center wd-carousel-container\" id=\"carousel-9490\">\n\t\t\t\t\t\t\t<div class=\"wd-carousel-inner\">\n\t\t\t\n\t\t\t<div class=\"wd-carousel wd-grid\" data-scroll_per_page=\"yes\" style=\"--wd-col-lg:2;--wd-col-md:2;--wd-col-sm:1;--wd-gap-lg:30px;--wd-gap-sm:10px;\">\n\t\t\t\t\t\t\t\t\t<div class=\"wd-carousel-wrap\">\n\t\t\t\t\n\t\t\t\t\t\t\t\t\t\n<div class=\"testimonial wd-carousel-item\">\n\t<div class=\"testimonial-inner\">\n\t\t\n\t\t<div class=\"testimonial-content\">\n\t\t\t<div class=\"testimonial-rating\">\n\t\t\t\t<span class=\"star-rating\">\n\t\t\t\t\t<span style=\"width:100%\"><\/span>\n\t\t\t\t<\/span>\n\t\t\t<\/div>\n\n\t\t\t<p><iframe  id=\"_ytid_35951\"  width=\"800\" height=\"450\"  data-origwidth=\"800\" data-origheight=\"450\"  data-relstop=\"1\" src=\"https:\/\/www.youtube.com\/embed\/mTgl4eOBjoE?enablejsapi=1&autoplay=0&cc_load_policy=1&cc_lang_pref=&iv_load_policy=3&loop=0&rel=0&fs=1&playsinline=0&autohide=2&theme=dark&color=red&controls=1&disablekb=0&\" class=\"__youtube_prefs__  no-lazyload\" title=\"Lecteur YouTube\"  allow=\"fullscreen; accelerometer; autoplay; clipboard-write; encrypted-media; gyroscope; picture-in-picture; web-share\" referrerpolicy=\"strict-origin-when-cross-origin\" allowfullscreen data-no-lazy=\"1\" data-skipgform_ajax_framebjll=\"\"><\/iframe><\/p>\n\t\t\t<footer>\n\t\t\t\t\n\t\t\t\t\t\t\t<\/footer>\n\t\t<\/div>\n\t<\/div>\n<\/div>\t\t\t\t\t\t\t\t\t\n<div class=\"testimonial wd-carousel-item\">\n\t<div class=\"testimonial-inner\">\n\t\t\n\t\t<div class=\"testimonial-content\">\n\t\t\t<div class=\"testimonial-rating\">\n\t\t\t\t<span class=\"star-rating\">\n\t\t\t\t\t<span style=\"width:100%\"><\/span>\n\t\t\t\t<\/span>\n\t\t\t<\/div>\n\n\t\t\t<p><iframe  id=\"_ytid_58313\"  width=\"800\" height=\"450\"  data-origwidth=\"800\" data-origheight=\"450\"  data-relstop=\"1\" src=\"https:\/\/www.youtube.com\/embed\/mTgl4eOBjoE?enablejsapi=1&autoplay=0&cc_load_policy=1&cc_lang_pref=&iv_load_policy=3&loop=0&rel=0&fs=1&playsinline=0&autohide=2&theme=dark&color=red&controls=1&disablekb=0&\" class=\"__youtube_prefs__  no-lazyload\" title=\"Lecteur YouTube\"  allow=\"fullscreen; accelerometer; autoplay; clipboard-write; encrypted-media; gyroscope; picture-in-picture; web-share\" referrerpolicy=\"strict-origin-when-cross-origin\" allowfullscreen data-no-lazy=\"1\" data-skipgform_ajax_framebjll=\"\"><\/iframe><\/p>\n\t\t\t<footer>\n\t\t\t\t\n\t\t\t\t\t\t\t<\/footer>\n\t\t<\/div>\n\t<\/div>\n<\/div>\t\t\t\t\n\t\t\t\t\t\t\t\t\t<\/div>\n\t\t\t\t\t\t\t<\/div>\n\t\t\t\t\t\t\t\t\t\t\t\t\t\t<div class=\"wd-nav-arrows wd-pos-sep wd-hover-1 wd-icon-1\">\n\t\t\t<div class=\"wd-btn-arrow wd-prev wd-disabled\">\n\t\t\t\t<div class=\"wd-arrow-inner\"><\/div>\n\t\t\t<\/div>\n\t\t\t<div class=\"wd-btn-arrow wd-next\">\n\t\t\t\t<div class=\"wd-arrow-inner\"><\/div>\n\t\t\t<\/div>\n\t\t<\/div>\n\t\t\t\t\t\t\n\t\t\t\t<\/div>\n\n\t\t\t\t\t\t<div class=\"wd-nav-pagin-wrap text-center wd-style-shape wd-hide-md-sm wd-hide-sm\">\n\t\t\t<ul class=\"wd-nav-pagin\"><\/ul>\n\t\t<\/div>\n\t\t\t\t\t\t\t\t\t\t\t<\/div>\n\t\t\t\t\t\t<\/div>\n\t\t\t\t<\/div>\n\t\t\t\t\t<\/div>\n\t\t<\/div>\n\t\t\t\t\t<\/div>\n\t\t<\/section>\n\t\t\t\t<\/div>","protected":false},"excerpt":{"rendered":"<p>&#8220;<strong>Vous cherchez un moyen amusant d'hydrater vos enfants ?<\/strong> La bouteille d'eau en forme de bus avec paille pour les enfants rend la consommation d'eau agr\u00e9able. Achetez maintenant et b\u00e9n\u00e9ficiez de la livraison gratuite !<\/p>","protected":false},"featured_media":19966,"comment_status":"open","ping_status":"closed","template":"","meta":{"_acf_changed":false},"product_brand":[],"product_cat":[508],"product_tag":[838,836,837],"class_list":{"0":"post-19905","1":"product","2":"type-product","3":"status-publish","4":"has-post-thumbnail","6":"product_cat-best-baby-feeding","7":"product_tag-car-water-bottle","8":"product_tag-water-bottle-for-kids","9":"product_tag-water-bottle-with-straw","11":"first","12":"instock","13":"sale","14":"taxable","15":"shipping-taxable","16":"purchasable","17":"product-type-variable","18":"wvs-archive-product-wrapper"},"acf":[],"_links":{"self":[{"href":"https:\/\/babyvk.com\/fr\/wp-json\/wp\/v2\/product\/19905","targetHints":{"allow":["GET"]}}],"collection":[{"href":"https:\/\/babyvk.com\/fr\/wp-json\/wp\/v2\/product"}],"about":[{"href":"https:\/\/babyvk.com\/fr\/wp-json\/wp\/v2\/types\/product"}],"replies":[{"embeddable":true,"href":"https:\/\/babyvk.com\/fr\/wp-json\/wp\/v2\/comments?post=19905"}],"version-history":[{"count":0,"href":"https:\/\/babyvk.com\/fr\/wp-json\/wp\/v2\/product\/19905\/revisions"}],"wp:featuredmedia":[{"embeddable":true,"href":"https:\/\/babyvk.com\/fr\/wp-json\/wp\/v2\/media\/19966"}],"wp:attachment":[{"href":"https:\/\/babyvk.com\/fr\/wp-json\/wp\/v2\/media?parent=19905"}],"wp:term":[{"taxonomy":"product_brand","embeddable":true,"href":"https:\/\/babyvk.com\/fr\/wp-json\/wp\/v2\/product_brand?post=19905"},{"taxonomy":"product_cat","embeddable":true,"href":"https:\/\/babyvk.com\/fr\/wp-json\/wp\/v2\/product_cat?post=19905"},{"taxonomy":"product_tag","embeddable":true,"href":"https:\/\/babyvk.com\/fr\/wp-json\/wp\/v2\/product_tag?post=19905"}],"curies":[{"name":"wp","href":"https:\/\/api.w.org\/{rel}","templated":true}]}}