{"id":19530,"date":"2024-04-10T05:51:16","date_gmt":"2024-04-10T05:51:16","guid":{"rendered":"https:\/\/babyvk.com\/?post_type=product&#038;p=19530"},"modified":"2025-03-10T20:03:29","modified_gmt":"2025-03-10T20:03:29","slug":"shoe-measuring-devices-kids","status":"publish","type":"product","link":"https:\/\/babyvk.com\/fr\/product\/shoe-measuring-devices-kids\/","title":{"rendered":"Appareils de mesure de chaussures Kids"},"content":{"rendered":"<div data-elementor-type=\"product-post\" data-elementor-id=\"19530\" class=\"elementor elementor-19530\" data-elementor-post-type=\"product\">\n\t\t\t\t\t\t<section class=\"wd-negative-gap elementor-section elementor-top-section elementor-element elementor-element-3516b49 elementor-section-boxed elementor-section-height-default elementor-section-height-default\" data-id=\"3516b49\" data-element_type=\"section\">\n\t\t\t\t\t\t<div class=\"elementor-container elementor-column-gap-default\">\n\t\t\t\t\t<div class=\"elementor-column elementor-col-100 elementor-top-column elementor-element elementor-element-410f8c2\" data-id=\"410f8c2\" data-element_type=\"column\">\n\t\t\t<div class=\"elementor-widget-wrap elementor-element-populated\">\n\t\t\t\t\t\t<div class=\"elementor-element elementor-element-40fc584 color-scheme-inherit text-left elementor-widget elementor-widget-text-editor\" data-id=\"40fc584\" data-element_type=\"widget\" data-widget_type=\"text-editor.default\">\n\t\t\t\t<div class=\"elementor-widget-container\">\n\t\t\t\t\t\t\t\t\t<h2>Caract\u00e9ristiques du produit :<\/h2><ol><li>Appareils de mesure de chaussures pour enfants fabriqu\u00e9s en ABS, s\u00fbrs, inodores, durables et r\u00e9sistants \u00e0 la d\u00e9formation.<\/li><li>Cette r\u00e8gle pour pieds de b\u00e9b\u00e9 est con\u00e7ue pour mesurer la longueur des pieds d'un b\u00e9b\u00e9.<\/li><li>La r\u00e8gle pour pieds de b\u00e9b\u00e9 mesure 8,96<em>3.46in (8<\/em>8,8 cm), avec une plage de mesure du pied de 6 \u00e0 20 centim\u00e8tres.<\/li><li>La r\u00e8gle affiche les mesures en centim\u00e8tres et les pointures europ\u00e9ennes, \u00e0 choisir selon vos pr\u00e9f\u00e9rences.<\/li><li>La taille compacte permet de mesurer les pieds des enfants de mani\u00e8re pratique et en d\u00e9placement.<\/li><\/ol>\t\t\t\t\t\t\t\t<\/div>\n\t\t\t\t<\/div>\n\t\t\t\t<div class=\"elementor-element elementor-element-e9efd91 color-scheme-inherit text-left elementor-widget elementor-widget-text-editor\" data-id=\"e9efd91\" data-element_type=\"widget\" data-widget_type=\"text-editor.default\">\n\t\t\t\t<div class=\"elementor-widget-container\">\n\t\t\t\t\t\t\t\t\t<h2>Sp\u00e9cification :<\/h2><ul><li>Mat\u00e9riau : ABS.<\/li><li>Couleur : bleu uni.<\/li><li>\u00a0Taille : 22.8\u00d78.8\u00d72.4cm \/ 9\u00d73.5x1inch.<\/li><li>Taille de la mesure : 6-20cm.<\/li><\/ul><p><strong><span class=\"a-text-bold\">Le paquet comprend\uff1a<\/span>1 x Mesureur de pieds<\/strong><\/p>\t\t\t\t\t\t\t\t<\/div>\n\t\t\t\t<\/div>\n\t\t\t\t<div class=\"elementor-element elementor-element-58e2d59 elementor-widget elementor-widget-image\" data-id=\"58e2d59\" data-element_type=\"widget\" data-widget_type=\"image.default\">\n\t\t\t\t<div class=\"elementor-widget-container\">\n\t\t\t\t\t\t\t\t\t\t\t\t\t\t\t<img fetchpriority=\"high\" decoding=\"async\" width=\"800\" height=\"800\" src=\"https:\/\/babyvk.com\/wp-content\/themes\/woodmart\/images\/lazy.svg\" data-src=\"https:\/\/babyvk.com\/wp-content\/uploads\/2024\/04\/shoe-measurement-device-800x800.webp\" class=\"wd-lazy-blur attachment-large size-large wp-image-19523 wvs-archive-product-image\" alt=\"appareil de mesure des pieds pour enfants\" srcset=\"\" data-srcset=\"https:\/\/babyvk.com\/wp-content\/uploads\/2024\/04\/shoe-measurement-device-800x800.webp 800w, https:\/\/babyvk.com\/wp-content\/uploads\/2024\/04\/shoe-measurement-device-30x30.webp 30w, https:\/\/babyvk.com\/wp-content\/uploads\/2024\/04\/shoe-measurement-device-50x50.webp 50w, https:\/\/babyvk.com\/wp-content\/uploads\/2024\/04\/shoe-measurement-device-100x100.webp 100w, https:\/\/babyvk.com\/wp-content\/uploads\/2024\/04\/shoe-measurement-device-150x150.webp 150w, https:\/\/babyvk.com\/wp-content\/uploads\/2024\/04\/shoe-measurement-device-300x300.webp 300w, https:\/\/babyvk.com\/wp-content\/uploads\/2024\/04\/shoe-measurement-device-768x768.webp 768w, https:\/\/babyvk.com\/wp-content\/uploads\/2024\/04\/shoe-measurement-device-1536x1536.webp 1536w, https:\/\/babyvk.com\/wp-content\/uploads\/2024\/04\/shoe-measurement-device-860x860.webp 860w, https:\/\/babyvk.com\/wp-content\/uploads\/2024\/04\/shoe-measurement-device-500x500.webp 500w, https:\/\/babyvk.com\/wp-content\/uploads\/2024\/04\/shoe-measurement-device-430x430.webp 430w, https:\/\/babyvk.com\/wp-content\/uploads\/2024\/04\/shoe-measurement-device-700x700.webp 700w, https:\/\/babyvk.com\/wp-content\/uploads\/2024\/04\/shoe-measurement-device.webp 1600w\" sizes=\"(max-width: 800px) 100vw, 800px\" title=\"\">\t\t\t\t\t\t\t\t\t\t\t\t\t\t\t<\/div>\n\t\t\t\t<\/div>\n\t\t\t\t\t<\/div>\n\t\t<\/div>\n\t\t\t\t\t<\/div>\n\t\t<\/section>\n\t\t\t\t<\/div>","protected":false},"excerpt":{"rendered":"<p>&#8220;<strong>Vous cherchez la chaussure id\u00e9ale pour vos enfants ?<\/strong> D\u00e9couvrez les appareils de mesure de chaussures pour enfants - la solution pour garantir une taille pr\u00e9cise et un port confortable. Achetez maintenant pour une livraison gratuite et obtenez 30% de r\u00e9duction !\"<\/p>","protected":false},"featured_media":19529,"comment_status":"open","ping_status":"closed","template":"","meta":{"_acf_changed":false},"product_brand":[],"product_cat":[29],"product_tag":[825,823,826,824],"class_list":{"0":"post-19530","1":"product","2":"type-product","3":"status-publish","4":"has-post-thumbnail","6":"product_cat-best-baby-care","7":"product_tag-baby-foot-measurer","8":"product_tag-foot-measurement-device","9":"product_tag-kids-foot-measuring-device","10":"product_tag-shoe-size-measuring-devices","12":"first","13":"instock","14":"sale","15":"taxable","16":"shipping-taxable","17":"purchasable","18":"product-type-variable","19":"wvs-archive-product-wrapper"},"acf":[],"_links":{"self":[{"href":"https:\/\/babyvk.com\/fr\/wp-json\/wp\/v2\/product\/19530","targetHints":{"allow":["GET"]}}],"collection":[{"href":"https:\/\/babyvk.com\/fr\/wp-json\/wp\/v2\/product"}],"about":[{"href":"https:\/\/babyvk.com\/fr\/wp-json\/wp\/v2\/types\/product"}],"replies":[{"embeddable":true,"href":"https:\/\/babyvk.com\/fr\/wp-json\/wp\/v2\/comments?post=19530"}],"version-history":[{"count":0,"href":"https:\/\/babyvk.com\/fr\/wp-json\/wp\/v2\/product\/19530\/revisions"}],"wp:featuredmedia":[{"embeddable":true,"href":"https:\/\/babyvk.com\/fr\/wp-json\/wp\/v2\/media\/19529"}],"wp:attachment":[{"href":"https:\/\/babyvk.com\/fr\/wp-json\/wp\/v2\/media?parent=19530"}],"wp:term":[{"taxonomy":"product_brand","embeddable":true,"href":"https:\/\/babyvk.com\/fr\/wp-json\/wp\/v2\/product_brand?post=19530"},{"taxonomy":"product_cat","embeddable":true,"href":"https:\/\/babyvk.com\/fr\/wp-json\/wp\/v2\/product_cat?post=19530"},{"taxonomy":"product_tag","embeddable":true,"href":"https:\/\/babyvk.com\/fr\/wp-json\/wp\/v2\/product_tag?post=19530"}],"curies":[{"name":"wp","href":"https:\/\/api.w.org\/{rel}","templated":true}]}}