{"id":18855,"date":"2024-04-01T06:46:28","date_gmt":"2024-04-01T06:46:28","guid":{"rendered":"https:\/\/babyvk.com\/?post_type=product&#038;p=18855"},"modified":"2025-03-10T20:03:30","modified_gmt":"2025-03-10T20:03:30","slug":"magnetic-chess-game-set","status":"publish","type":"product","link":"https:\/\/babyvk.com\/fr\/product\/magnetic-chess-game-set\/","title":{"rendered":"Jeu d'\u00e9checs magn\u00e9tique"},"content":{"rendered":"<div data-elementor-type=\"product-post\" data-elementor-id=\"18855\" class=\"elementor elementor-18855\" data-elementor-post-type=\"product\">\n\t\t\t\t\t\t<section class=\"wd-negative-gap elementor-section elementor-top-section elementor-element elementor-element-a712af6 elementor-section-boxed elementor-section-height-default elementor-section-height-default\" data-id=\"a712af6\" data-element_type=\"section\">\n\t\t\t\t\t\t<div class=\"elementor-container elementor-column-gap-default\">\n\t\t\t\t\t<div class=\"elementor-column elementor-col-100 elementor-top-column elementor-element elementor-element-b65a6f4\" data-id=\"b65a6f4\" data-element_type=\"column\">\n\t\t\t<div class=\"elementor-widget-wrap elementor-element-populated\">\n\t\t\t\t\t\t<div class=\"elementor-element elementor-element-1cf247b elementor-widget elementor-widget-wd_text_block\" data-id=\"1cf247b\" data-element_type=\"widget\" data-widget_type=\"wd_text_block.default\">\n\t\t\t\t<div class=\"elementor-widget-container\">\n\t\t\t\t\t\t\t<div class=\"wd-text-block reset-last-child text-left\">\n\t\t\t\n\t\t\t<h2>Caract\u00e9ristiques\uff1a<\/h2><ol><li><p><strong>Jeu d'\u00e9checs international magn\u00e9tique<\/strong>: Le Magnetic International Chess est un jeu qui met \u00e0 l'\u00e9preuve les capacit\u00e9s de r\u00e9flexion et de logique d'une mani\u00e8re divertissante. Vous pouvez y jouer en famille ou entre amis, en vous lan\u00e7ant des d\u00e9fis \u00e0 vous-m\u00eame ou \u00e0 d'autres. Ce jeu rapproche les gens et permet \u00e0 chacun de passer des moments de qualit\u00e9 ensemble.<\/p><\/li><li><p><strong>Mat\u00e9riaux durables et s\u00fbrs<\/strong>: Fabriqu\u00e9 \u00e0 partir de mat\u00e9riaux magn\u00e9tiques et plastiques, il est robuste, durable et s\u00fbr. Il ne se cassera pas et ne se d\u00e9formera pas, m\u00eame apr\u00e8s une utilisation prolong\u00e9e. En outre, il offre un toucher confortable et lisse, garantissant la s\u00e9curit\u00e9 environnementale.<\/p><\/li><li><p><strong>Gameplay<\/strong>: Il s'agit d'un jeu pour 2 joueurs ou plus. Pendant la partie, l'objectif est de ne pas avoir d'aimants lorsque c'est votre tour. Ce jeu d'\u00e9checs international est facile \u00e0 r\u00e9utiliser gr\u00e2ce \u00e0 ses aimants puissants qui emp\u00eachent les pi\u00e8ces de se d\u00e9loger facilement. Le jeu d'\u00e9checs international magn\u00e9tique est parfait pour les r\u00e9unions de famille.<\/p><\/li><li><p><strong>D\u00e9veloppement mental<\/strong>: Ce jeu d'\u00e9checs stimule le d\u00e9veloppement mental des enfants et renforce leurs capacit\u00e9s cognitives. Il offre diff\u00e9rents modes et niveaux de jeu, am\u00e9liorant les temps de r\u00e9action, l'apprentissage rapide des concepts de base et favorisant la concentration et la pens\u00e9e logique des enfants.<\/p><\/li><li><p><strong>Jeu magn\u00e9tique interactif et captivant<\/strong>: Jouable en famille et entre amis, il am\u00e9liore les relations parents-enfants ou les liens sociaux. Il peut non seulement \u00eatre utilis\u00e9 comme un jeu de soci\u00e9t\u00e9, mais aussi pour exercer la coordination \u0153il-main et cr\u00e9er divers mod\u00e8les magn\u00e9tiques.<\/p><\/li><\/ol>\n\t\t\t\t\t<\/div>\n\t\t\t\t\t\t<\/div>\n\t\t\t\t<\/div>\n\t\t\t\t<div class=\"elementor-element elementor-element-bd9218e elementor-widget elementor-widget-wd_text_block\" data-id=\"bd9218e\" data-element_type=\"widget\" data-widget_type=\"wd_text_block.default\">\n\t\t\t\t<div class=\"elementor-widget-container\">\n\t\t\t\t\t\t\t<div class=\"wd-text-block reset-last-child text-left\">\n\t\t\t\n\t\t\t<h2>Emballage :<\/h2><ul><li>Plateau de jeu X 1pcs<\/li><li>\u00c9checs magn\u00e9tiques X 20pcs<\/li><li>Sac de rangement X 1pcs<\/li><\/ul>\n\t\t\t\t\t<\/div>\n\t\t\t\t\t\t<\/div>\n\t\t\t\t<\/div>\n\t\t\t\t\t<\/div>\n\t\t<\/div>\n\t\t\t\t\t<\/div>\n\t\t<\/section>\n\t\t\t\t<\/div>","protected":false},"excerpt":{"rendered":"<p>&#8220;<strong>Vous cherchez un jeu d'\u00e9checs amusant auquel vous pouvez jouer avec vos enfants ?<\/strong> Le jeu d'\u00e9checs magn\u00e9tique offre un gameplay captivant, parfait pour les liens familiaux et le d\u00e9veloppement cognitif. Achetez maintenant pour une livraison gratuite et obtenez 30% de r\u00e9duction !\"<\/p>","protected":false},"featured_media":18848,"comment_status":"open","ping_status":"closed","template":"","meta":{"_acf_changed":false},"product_brand":[],"product_cat":[509],"product_tag":[798,800,797,799],"class_list":{"0":"post-18855","1":"product","2":"type-product","3":"status-publish","4":"has-post-thumbnail","6":"product_cat-best-baby-toys","7":"product_tag-magnetic-chess","8":"product_tag-magnetic-chess-board","9":"product_tag-magnetic-chess-game","10":"product_tag-magnetic-chess-set","12":"first","13":"instock","14":"sale","15":"taxable","16":"shipping-taxable","17":"purchasable","18":"product-type-variable","19":"wvs-archive-product-wrapper"},"acf":[],"_links":{"self":[{"href":"https:\/\/babyvk.com\/fr\/wp-json\/wp\/v2\/product\/18855","targetHints":{"allow":["GET"]}}],"collection":[{"href":"https:\/\/babyvk.com\/fr\/wp-json\/wp\/v2\/product"}],"about":[{"href":"https:\/\/babyvk.com\/fr\/wp-json\/wp\/v2\/types\/product"}],"replies":[{"embeddable":true,"href":"https:\/\/babyvk.com\/fr\/wp-json\/wp\/v2\/comments?post=18855"}],"version-history":[{"count":0,"href":"https:\/\/babyvk.com\/fr\/wp-json\/wp\/v2\/product\/18855\/revisions"}],"wp:featuredmedia":[{"embeddable":true,"href":"https:\/\/babyvk.com\/fr\/wp-json\/wp\/v2\/media\/18848"}],"wp:attachment":[{"href":"https:\/\/babyvk.com\/fr\/wp-json\/wp\/v2\/media?parent=18855"}],"wp:term":[{"taxonomy":"product_brand","embeddable":true,"href":"https:\/\/babyvk.com\/fr\/wp-json\/wp\/v2\/product_brand?post=18855"},{"taxonomy":"product_cat","embeddable":true,"href":"https:\/\/babyvk.com\/fr\/wp-json\/wp\/v2\/product_cat?post=18855"},{"taxonomy":"product_tag","embeddable":true,"href":"https:\/\/babyvk.com\/fr\/wp-json\/wp\/v2\/product_tag?post=18855"}],"curies":[{"name":"wp","href":"https:\/\/api.w.org\/{rel}","templated":true}]}}