{"id":16550,"date":"2023-11-30T18:50:09","date_gmt":"2023-11-30T18:50:09","guid":{"rendered":"https:\/\/babyvk.com\/?post_type=product&#038;p=16550"},"modified":"2026-04-16T15:19:20","modified_gmt":"2026-04-16T15:19:20","slug":"potty-training-seat-with-steps-stool","status":"publish","type":"product","link":"https:\/\/babyvk.com\/fr\/product\/potty-training-seat-with-steps-stool\/","title":{"rendered":"Si\u00e8ge d'apprentissage de la propret\u00e9 avec tabouret \u00e0 marches"},"content":{"rendered":"<div data-elementor-type=\"product-post\" data-elementor-id=\"16550\" class=\"elementor elementor-16550\" data-elementor-post-type=\"product\">\n\t\t\t\t\t\t<section class=\"elementor-section elementor-top-section elementor-element elementor-element-2b82f04 elementor-section-boxed elementor-section-height-default elementor-section-height-default\" data-id=\"2b82f04\" data-element_type=\"section\">\n\t\t\t\t\t\t<div class=\"elementor-container elementor-column-gap-default\">\n\t\t\t\t\t<div class=\"elementor-column elementor-col-100 elementor-top-column elementor-element elementor-element-9d0bcff\" data-id=\"9d0bcff\" data-element_type=\"column\">\n\t\t\t<div class=\"elementor-widget-wrap elementor-element-populated\">\n\t\t\t\t\t\t<div class=\"elementor-element elementor-element-47d823f elementor-widget elementor-widget-wd_text_block\" data-id=\"47d823f\" data-element_type=\"widget\" data-widget_type=\"wd_text_block.default\">\n\t\t\t\t<div class=\"elementor-widget-container\">\n\t\t\t\t\t\t\t<div class=\"wd-text-block reset-last-child text-left\">\n\t\t\t\n\t\t\t<h2>Caract\u00e9ristiques :<\/h2><ol><li data-spm-anchor-id=\"a2g0o.detail.1000023.i0.530bSLkQSLkQmc\"><strong>Antid\u00e9rapant et plus de secousses :<\/strong> Les tampons antid\u00e9rapants en caoutchouc TPE \u00e0 l'arri\u00e8re et au bas de l'\u00e9chelle s'adaptent fermement aux toilettes. La conception antid\u00e9rapante \u00e0 grande surface est plus fiable pour les parents. L'\u00e9chelle antid\u00e9rapante \u00e9largie permet aux b\u00e9b\u00e9s de se retourner facilement.<\/li><li data-spm-anchor-id=\"a2g0o.detail.1000023.i0.530bSLkQSLkQmc\"><strong>R\u00e9glage de l'angle et de la hauteur :<\/strong> Le si\u00e8ge d'apprentissage de la propret\u00e9 \u00e0 5 niveaux avec \u00e9chelle peut \u00eatre r\u00e9gl\u00e9 en hauteur de mani\u00e8re flexible en fonction de la croissance de b\u00e9b\u00e9. L'angle inf\u00e9rieur r\u00e9glable permet de s'adapter \u00e0 des toilettes de taille normale allant de 15'' \u00e0 19.3''.<\/li><li data-spm-anchor-id=\"a2g0o.detail.1000023.i0.530bSLkQSLkQmc\"><strong>Coussin en PU de premi\u00e8re qualit\u00e9 :<\/strong> Compar\u00e9 au coussin en PVC, le coussin int\u00e9gr\u00e9 en PU est plus facile \u00e0 nettoyer. Fabriqu\u00e9 en PP, le si\u00e8ge du pot avec \u00e9chelle reste solide m\u00eame apr\u00e8s une utilisation r\u00e9p\u00e9t\u00e9e.<\/li><li data-spm-anchor-id=\"a2g0o.detail.1000023.i0.530bSLkQSLkQmc\"><strong>Conception de d\u00e9tails intimes :<\/strong> Le si\u00e8ge d'apprentissage de la propret\u00e9 est \u00e9quip\u00e9 d'accoudoirs lisses, qui s'adaptent \u00e0 la courbure de la main du b\u00e9b\u00e9. Le capteur de pipi est con\u00e7u pour les gar\u00e7ons et les filles \u00e2g\u00e9s de 1 \u00e0 7 ans afin d'emp\u00eacher efficacement les \u00e9claboussures d'urine. Le dossier ergonomique prot\u00e8ge la colonne vert\u00e9brale de votre b\u00e9b\u00e9.<\/li><li data-spm-anchor-id=\"a2g0o.detail.1000023.i0.530bSLkQSLkQmc\"><strong>Aide \u00e0 l'apprentissage de la propret\u00e9 pour les enfants :<\/strong> Ce si\u00e8ge de toilette pour l'apprentissage de la propret\u00e9 est dot\u00e9 d'un tabouret \u00e0 \u00e9chelons qui permet aux enfants de monter et descendre facilement, ce qui les aide \u00e0 prendre l'habitude d'aller aux toilettes seuls. La hauteur \u00e0 5 crans s'ajuste en fonction de la taille de l'enfant et de la hauteur des toilettes.<\/li><li data-spm-anchor-id=\"a2g0o.detail.1000023.i0.530bSLkQSLkQmc\"><strong>Un dispositif de s\u00e9curit\u00e9 suppl\u00e9mentaire a \u00e9t\u00e9 ajout\u00e9 :<\/strong> 1) La conception antid\u00e9rapante de la p\u00e9dale au lieu du tapis de sol, ajoute plus d'adh\u00e9rence au fond pour que le si\u00e8ge soit plus stable et plus s\u00fbr. 2) Le tapis antid\u00e9rapant en silicone imperm\u00e9able sur la p\u00e9dale de marche permet aux enfants de se retourner en toute s\u00e9curit\u00e9.<\/li><li data-spm-anchor-id=\"a2g0o.detail.1000023.i0.530bSLkQSLkQmc\"><strong>Plus s\u00fbr et plus stable :<\/strong> Equip\u00e9 d'un dossier ergonomique pour prot\u00e9ger l'\u00e9pine dorsale de l'enfant, l'accoudoir double donne \u00e0 l'enfant une prise plus fiable, prot\u00e9geant l'enfant contre les chutes accidentelles.<\/li><li data-spm-anchor-id=\"a2g0o.detail.1000023.i0.530bSLkQSLkQmc\"><strong>Durable et confortable :<\/strong> Fabriqu\u00e9 en PP de premi\u00e8re qualit\u00e9, il peut supporter jusqu'\u00e0 75 kg. Le coussin amovible en PU rembourr\u00e9 offre un grand confort, m\u00eame en hiver, et la surface lisse permet de le nettoyer sans probl\u00e8me.<\/li><li data-spm-anchor-id=\"a2g0o.detail.1000023.i0.530bSLkQSLkQmc\"><strong>Se plie pour \u00eatre rang\u00e9 :<\/strong> Ce si\u00e8ge de toilette pour enfants est facile \u00e0 assembler selon les instructions de l'utilisateur. Apr\u00e8s utilisation, le si\u00e8ge peut \u00eatre pli\u00e9 de mani\u00e8re compacte derri\u00e8re la porte ou le mur pour \u00e9conomiser de l'espace.<\/li><\/ol>\n\t\t\t\t\t<\/div>\n\t\t\t\t\t\t<\/div>\n\t\t\t\t<\/div>\n\t\t\t\t\t<\/div>\n\t\t<\/div>\n\t\t\t\t\t<\/div>\n\t\t<\/section>\n\t\t\t\t<section class=\"wd-negative-gap elementor-section elementor-top-section elementor-element elementor-element-8624a0c elementor-section-boxed elementor-section-height-default elementor-section-height-default\" data-id=\"8624a0c\" data-element_type=\"section\">\n\t\t\t\t\t\t<div class=\"elementor-container elementor-column-gap-default\">\n\t\t\t\t\t<div class=\"elementor-column elementor-col-100 elementor-top-column elementor-element elementor-element-6838323\" data-id=\"6838323\" data-element_type=\"column\">\n\t\t\t<div class=\"elementor-widget-wrap elementor-element-populated\">\n\t\t\t\t\t\t<div class=\"elementor-element elementor-element-f7cb203 wd-width-100 elementor-widget elementor-widget-wd_title\" data-id=\"f7cb203\" data-element_type=\"widget\" data-widget_type=\"wd_title.default\">\n\t\t\t\t<div class=\"elementor-widget-container\">\n\t\t\t\t\t\t\t<div class=\"title-wrapper wd-set-mb reset-last-child wd-title-color-default wd-title-style-default wd-title-size-default text-center\">\n\n\t\t\t\t\t\t\t\t\t\t\t<div class=\"title-subtitle subtitle-color-default subtitle-style-default wd-fontsize-xs\">\n\t\t\t\t\tVOIR NOTRE EXPOSITION\t\t\t\t<\/div>\n\t\t\t\n\t\t\t<div class=\"liner-continer\">\n\t\t\t\t<h4 class=\"woodmart-title-container title wd-fontsize-l\">Notre courte vid\u00e9o<\/h4> \n\t\t\t\t\t\t\t<\/div>\n\n\t\t\t\t\t\t\t<div class=\"title-after_title reset-last-child wd-fontsize-xs\">\n\t\t\t\t\t<p>Montrer la sc\u00e8ne d'utilisation du produit, vous donner plus de d\u00e9tails.<\/p>\t\t\t\t<\/div>\n\t\t\t\t\t<\/div>\n\t\t\t\t\t\t<\/div>\n\t\t\t\t<\/div>\n\t\t\t\t<div class=\"elementor-element elementor-element-9c1c840 elementor-widget elementor-widget-wd_testimonials\" data-id=\"9c1c840\" data-element_type=\"widget\" data-widget_type=\"wd_testimonials.default\">\n\t\t\t\t<div class=\"elementor-widget-container\">\n\t\t\t\t\t\t\t<div class=\"testimonials testimon-style-standard  color-scheme- testimon-align-center wd-carousel-container\" id=\"carousel-4366\">\n\t\t\t\t\t\t\t<div class=\"wd-carousel-inner\">\n\t\t\t\n\t\t\t<div class=\"wd-carousel wd-grid\" data-scroll_per_page=\"yes\" style=\"--wd-col-lg:2;--wd-col-md:2;--wd-col-sm:1;--wd-gap-lg:30px;--wd-gap-sm:10px;\">\n\t\t\t\t\t\t\t\t\t<div class=\"wd-carousel-wrap\">\n\t\t\t\t\n\t\t\t\t\t\t\t\t\t\n<div class=\"testimonial wd-carousel-item\">\n\t<div class=\"testimonial-inner\">\n\t\t\n\t\t<div class=\"testimonial-content\">\n\t\t\t<div class=\"testimonial-rating\">\n\t\t\t\t<span class=\"star-rating\">\n\t\t\t\t\t<span style=\"width:100%\"><\/span>\n\t\t\t\t<\/span>\n\t\t\t<\/div>\n\n\t\t\t<p><iframe  id=\"_ytid_15293\"  width=\"800\" height=\"450\"  data-origwidth=\"800\" data-origheight=\"450\"  data-relstop=\"1\" src=\"https:\/\/www.youtube.com\/embed\/pURYQg4VmaU?enablejsapi=1&autoplay=0&cc_load_policy=1&cc_lang_pref=&iv_load_policy=3&loop=0&rel=0&fs=1&playsinline=0&autohide=2&theme=dark&color=red&controls=1&disablekb=0&\" class=\"__youtube_prefs__  no-lazyload\" title=\"Lecteur YouTube\"  allow=\"fullscreen; accelerometer; autoplay; clipboard-write; encrypted-media; gyroscope; picture-in-picture; web-share\" referrerpolicy=\"strict-origin-when-cross-origin\" allowfullscreen data-no-lazy=\"1\" data-skipgform_ajax_framebjll=\"\"><\/iframe><\/p>\n\t\t\t<footer>\n\t\t\t\t\n\t\t\t\t\t\t\t<\/footer>\n\t\t<\/div>\n\t<\/div>\n<\/div>\t\t\t\t\t\t\t\t\t\n<div class=\"testimonial wd-carousel-item\">\n\t<div class=\"testimonial-inner\">\n\t\t\n\t\t<div class=\"testimonial-content\">\n\t\t\t<div class=\"testimonial-rating\">\n\t\t\t\t<span class=\"star-rating\">\n\t\t\t\t\t<span style=\"width:100%\"><\/span>\n\t\t\t\t<\/span>\n\t\t\t<\/div>\n\n\t\t\t<p><iframe  id=\"_ytid_35948\"  width=\"800\" height=\"450\"  data-origwidth=\"800\" data-origheight=\"450\"  data-relstop=\"1\" src=\"https:\/\/www.youtube.com\/embed\/kknTQjxmvo0?enablejsapi=1&autoplay=0&cc_load_policy=1&cc_lang_pref=&iv_load_policy=3&loop=0&rel=0&fs=1&playsinline=0&autohide=2&theme=dark&color=red&controls=1&disablekb=0&\" class=\"__youtube_prefs__  no-lazyload\" title=\"Lecteur YouTube\"  allow=\"fullscreen; accelerometer; autoplay; clipboard-write; encrypted-media; gyroscope; picture-in-picture; web-share\" referrerpolicy=\"strict-origin-when-cross-origin\" allowfullscreen data-no-lazy=\"1\" data-skipgform_ajax_framebjll=\"\"><\/iframe><\/p>\n\t\t\t<footer>\n\t\t\t\t\n\t\t\t\t\t\t\t<\/footer>\n\t\t<\/div>\n\t<\/div>\n<\/div>\t\t\t\t\t\t\t\t\t\n<div class=\"testimonial wd-carousel-item\">\n\t<div class=\"testimonial-inner\">\n\t\t\n\t\t<div class=\"testimonial-content\">\n\t\t\t<div class=\"testimonial-rating\">\n\t\t\t\t<span class=\"star-rating\">\n\t\t\t\t\t<span style=\"width:100%\"><\/span>\n\t\t\t\t<\/span>\n\t\t\t<\/div>\n\n\t\t\t<p><iframe  id=\"_ytid_34666\"  width=\"800\" height=\"450\"  data-origwidth=\"800\" data-origheight=\"450\"  data-relstop=\"1\" src=\"https:\/\/www.youtube.com\/embed\/Djzz1lIOSH4?enablejsapi=1&autoplay=0&cc_load_policy=1&cc_lang_pref=&iv_load_policy=3&loop=0&rel=0&fs=1&playsinline=0&autohide=2&theme=dark&color=red&controls=1&disablekb=0&\" class=\"__youtube_prefs__  no-lazyload\" title=\"Lecteur YouTube\"  allow=\"fullscreen; accelerometer; autoplay; clipboard-write; encrypted-media; gyroscope; picture-in-picture; web-share\" referrerpolicy=\"strict-origin-when-cross-origin\" allowfullscreen data-no-lazy=\"1\" data-skipgform_ajax_framebjll=\"\"><\/iframe><\/p>\n\t\t\t<footer>\n\t\t\t\t\n\t\t\t\t\t\t\t<\/footer>\n\t\t<\/div>\n\t<\/div>\n<\/div>\t\t\t\t\t\t\t\t\t\n<div class=\"testimonial wd-carousel-item\">\n\t<div class=\"testimonial-inner\">\n\t\t\n\t\t<div class=\"testimonial-content\">\n\t\t\t<div class=\"testimonial-rating\">\n\t\t\t\t<span class=\"star-rating\">\n\t\t\t\t\t<span style=\"width:100%\"><\/span>\n\t\t\t\t<\/span>\n\t\t\t<\/div>\n\n\t\t\t<p><iframe  id=\"_ytid_88162\"  width=\"800\" height=\"450\"  data-origwidth=\"800\" data-origheight=\"450\"  data-relstop=\"1\" src=\"https:\/\/www.youtube.com\/embed\/EVNzByXWjh4?enablejsapi=1&autoplay=0&cc_load_policy=1&cc_lang_pref=&iv_load_policy=3&loop=0&rel=0&fs=1&playsinline=0&autohide=2&theme=dark&color=red&controls=1&disablekb=0&\" class=\"__youtube_prefs__  no-lazyload\" title=\"Lecteur YouTube\"  allow=\"fullscreen; accelerometer; autoplay; clipboard-write; encrypted-media; gyroscope; picture-in-picture; web-share\" referrerpolicy=\"strict-origin-when-cross-origin\" allowfullscreen data-no-lazy=\"1\" data-skipgform_ajax_framebjll=\"\"><\/iframe><\/p>\n\t\t\t<footer>\n\t\t\t\t\n\t\t\t\t\t\t\t<\/footer>\n\t\t<\/div>\n\t<\/div>\n<\/div>\t\t\t\t\t\t\t\t\t\n<div class=\"testimonial wd-carousel-item\">\n\t<div class=\"testimonial-inner\">\n\t\t\n\t\t<div class=\"testimonial-content\">\n\t\t\t<div class=\"testimonial-rating\">\n\t\t\t\t<span class=\"star-rating\">\n\t\t\t\t\t<span style=\"width:100%\"><\/span>\n\t\t\t\t<\/span>\n\t\t\t<\/div>\n\n\t\t\t<p><iframe  id=\"_ytid_33787\"  width=\"800\" height=\"450\"  data-origwidth=\"800\" data-origheight=\"450\"  data-relstop=\"1\" src=\"https:\/\/www.youtube.com\/embed\/NxPaz_NPM5U?enablejsapi=1&autoplay=0&cc_load_policy=1&cc_lang_pref=&iv_load_policy=3&loop=0&rel=0&fs=1&playsinline=0&autohide=2&theme=dark&color=red&controls=1&disablekb=0&\" class=\"__youtube_prefs__  no-lazyload\" title=\"Lecteur YouTube\"  allow=\"fullscreen; accelerometer; autoplay; clipboard-write; encrypted-media; gyroscope; picture-in-picture; web-share\" referrerpolicy=\"strict-origin-when-cross-origin\" allowfullscreen data-no-lazy=\"1\" data-skipgform_ajax_framebjll=\"\"><\/iframe><\/p>\n\t\t\t<footer>\n\t\t\t\t\n\t\t\t\t\t\t\t<\/footer>\n\t\t<\/div>\n\t<\/div>\n<\/div>\t\t\t\t\n\t\t\t\t\t\t\t\t\t<\/div>\n\t\t\t\t\t\t\t<\/div>\n\t\t\t\t\t\t\t\t\t\t\t\t\t\t<div class=\"wd-nav-arrows wd-pos-sep wd-hover-1 wd-icon-1\">\n\t\t\t<div class=\"wd-btn-arrow wd-prev wd-disabled\">\n\t\t\t\t<div class=\"wd-arrow-inner\"><\/div>\n\t\t\t<\/div>\n\t\t\t<div class=\"wd-btn-arrow wd-next\">\n\t\t\t\t<div class=\"wd-arrow-inner\"><\/div>\n\t\t\t<\/div>\n\t\t<\/div>\n\t\t\t\t\t\t\n\t\t\t\t<\/div>\n\n\t\t\t\t\t\t<div class=\"wd-nav-pagin-wrap text-center wd-style-shape wd-hide-md-sm wd-hide-sm\">\n\t\t\t<ul class=\"wd-nav-pagin\"><\/ul>\n\t\t<\/div>\n\t\t\t\t\t\t\t\t\t\t\t<\/div>\n\t\t\t\t\t\t<\/div>\n\t\t\t\t<\/div>\n\t\t\t\t\t<\/div>\n\t\t<\/div>\n\t\t\t\t\t<\/div>\n\t\t<\/section>\n\t\t\t\t<\/div>","protected":false},"excerpt":{"rendered":"<p>&#8220;<strong>Des difficult\u00e9s avec l'apprentissage de la propret\u00e9 ?<\/strong> D\u00e9couvrez notre si\u00e8ge d'apprentissage de la propret\u00e9 avec tabouret \u00e0 marches ! R\u00e9solvez facilement les probl\u00e8mes d'apprentissage de la propret\u00e9 pour les tout-petits. Magasinez maintenant pour une livraison gratuite et obtenez 30% de rabais !\"<\/p>","protected":false},"featured_media":16547,"comment_status":"open","ping_status":"closed","template":"","meta":{"_acf_changed":false},"product_brand":[],"product_cat":[29],"product_tag":[740,741,738,737,739],"class_list":{"0":"post-16550","1":"product","2":"type-product","3":"status-publish","4":"has-post-thumbnail","6":"product_cat-best-baby-care","7":"product_tag-baby-toilet-step","8":"product_tag-kids-toilet-steps","9":"product_tag-potty-training-seat","10":"product_tag-potty-training-step","11":"product_tag-toilet-training-seat-with-steps","13":"first","14":"instock","15":"sale","16":"taxable","17":"shipping-taxable","18":"purchasable","19":"product-type-variable","20":"wvs-archive-product-wrapper"},"acf":[],"_links":{"self":[{"href":"https:\/\/babyvk.com\/fr\/wp-json\/wp\/v2\/product\/16550","targetHints":{"allow":["GET"]}}],"collection":[{"href":"https:\/\/babyvk.com\/fr\/wp-json\/wp\/v2\/product"}],"about":[{"href":"https:\/\/babyvk.com\/fr\/wp-json\/wp\/v2\/types\/product"}],"replies":[{"embeddable":true,"href":"https:\/\/babyvk.com\/fr\/wp-json\/wp\/v2\/comments?post=16550"}],"version-history":[{"count":2,"href":"https:\/\/babyvk.com\/fr\/wp-json\/wp\/v2\/product\/16550\/revisions"}],"predecessor-version":[{"id":25681,"href":"https:\/\/babyvk.com\/fr\/wp-json\/wp\/v2\/product\/16550\/revisions\/25681"}],"wp:featuredmedia":[{"embeddable":true,"href":"https:\/\/babyvk.com\/fr\/wp-json\/wp\/v2\/media\/16547"}],"wp:attachment":[{"href":"https:\/\/babyvk.com\/fr\/wp-json\/wp\/v2\/media?parent=16550"}],"wp:term":[{"taxonomy":"product_brand","embeddable":true,"href":"https:\/\/babyvk.com\/fr\/wp-json\/wp\/v2\/product_brand?post=16550"},{"taxonomy":"product_cat","embeddable":true,"href":"https:\/\/babyvk.com\/fr\/wp-json\/wp\/v2\/product_cat?post=16550"},{"taxonomy":"product_tag","embeddable":true,"href":"https:\/\/babyvk.com\/fr\/wp-json\/wp\/v2\/product_tag?post=16550"}],"curies":[{"name":"wp","href":"https:\/\/api.w.org\/{rel}","templated":true}]}}