{"id":16504,"date":"2023-11-29T16:55:07","date_gmt":"2023-11-29T16:55:07","guid":{"rendered":"https:\/\/babyvk.com\/?post_type=product&#038;p=16504"},"modified":"2025-03-10T20:03:31","modified_gmt":"2025-03-10T20:03:31","slug":"baby-medicine-dispenser-syringe","status":"publish","type":"product","link":"https:\/\/babyvk.com\/fr\/product\/baby-medicine-dispenser-syringe\/","title":{"rendered":"Seringue de distribution de m\u00e9dicaments pour b\u00e9b\u00e9s"},"content":{"rendered":"<div data-elementor-type=\"product-post\" data-elementor-id=\"16504\" class=\"elementor elementor-16504\" data-elementor-post-type=\"product\">\n\t\t\t\t\t\t<section class=\"elementor-section elementor-top-section elementor-element elementor-element-3ecc431 elementor-section-boxed elementor-section-height-default elementor-section-height-default\" data-id=\"3ecc431\" data-element_type=\"section\">\n\t\t\t\t\t\t<div class=\"elementor-container elementor-column-gap-default\">\n\t\t\t\t\t<div class=\"elementor-column elementor-col-100 elementor-top-column elementor-element elementor-element-756f26d\" data-id=\"756f26d\" data-element_type=\"column\">\n\t\t\t<div class=\"elementor-widget-wrap elementor-element-populated\">\n\t\t\t\t\t\t<div class=\"elementor-element elementor-element-f209006 elementor-widget elementor-widget-wd_text_block\" data-id=\"f209006\" data-element_type=\"widget\" data-widget_type=\"wd_text_block.default\">\n\t\t\t\t<div class=\"elementor-widget-container\">\n\t\t\t\t\t\t\t<div class=\"wd-text-block reset-last-child text-left\">\n\t\t\t\n\t\t\t<h2>Description :<\/h2><p>Simplifiez l'heure des m\u00e9dicaments avec notre seringue doseuse pour b\u00e9b\u00e9 ! Fini les d\u00e9bordements et les luttes, place \u00e0 un dosage pr\u00e9cis. Facilitez la prise de m\u00e9dicaments pour votre enfant !<\/p>\n\t\t\t\t\t<\/div>\n\t\t\t\t\t\t<\/div>\n\t\t\t\t<\/div>\n\t\t\t\t<div class=\"elementor-element elementor-element-a88be35 elementor-widget elementor-widget-wd_text_block\" data-id=\"a88be35\" data-element_type=\"widget\" data-widget_type=\"wd_text_block.default\">\n\t\t\t\t<div class=\"elementor-widget-container\">\n\t\t\t\t\t\t\t<div class=\"wd-text-block reset-last-child text-left\">\n\t\t\t\n\t\t\t<h2>Caract\u00e9ristiques :<\/h2><ol><li>Dosage pr\u00e9cis : Assure une administration pr\u00e9cise gr\u00e2ce au marquage calibr\u00e9 de la seringue.<\/li><li>Administration s\u00fbre : L'embout \u00e0 double angle permet de disperser le m\u00e9dicament sur les joues de l'enfant, et non au fond de la gorge, ce qui r\u00e9duit le risque d'\u00e9touffement.<\/li><li>Facile \u00e0 nettoyer : D\u00e9montage et nettoyage sans effort, garantissant l'hygi\u00e8ne \u00e0 chaque utilisation.<\/li><li>Mat\u00e9riaux s\u00fbrs : Fabriqu\u00e9s \u00e0 partir de mat\u00e9riaux non toxiques, sans bisph\u00e9nol A, ils garantissent la s\u00e9curit\u00e9 de b\u00e9b\u00e9.<\/li><li>Utilisation polyvalente : Convient aux m\u00e9dicaments oraux, aux vitamines et m\u00eame aux pr\u00e9parations liquides telles que les sirops.<\/li><\/ol>\n\t\t\t\t\t<\/div>\n\t\t\t\t\t\t<\/div>\n\t\t\t\t<\/div>\n\t\t\t\t<div class=\"elementor-element elementor-element-cf86358 elementor-widget elementor-widget-wd_text_block\" data-id=\"cf86358\" data-element_type=\"widget\" data-widget_type=\"wd_text_block.default\">\n\t\t\t\t<div class=\"elementor-widget-container\">\n\t\t\t\t\t\t\t<div class=\"wd-text-block reset-last-child text-left\">\n\t\t\t\n\t\t\t<h2>Sp\u00e9cification :<\/h2><ul><li>Mat\u00e9riau : Silicone + PP<\/li><li>Taille : Longueur : 13cm\/5.12in<\/li><li>Largeur : 4.5cm\/1.77in<\/li><li>Couleur : bleu, rose, blanc<\/li><li>Quantit\u00e9 : 1 paquet de distributeurs de m\u00e9dicaments pour b\u00e9b\u00e9s<\/li><\/ul>\n\t\t\t\t\t<\/div>\n\t\t\t\t\t\t<\/div>\n\t\t\t\t<\/div>\n\t\t\t\t<div class=\"elementor-element elementor-element-533ad84 elementor-widget elementor-widget-wd_text_block\" data-id=\"533ad84\" data-element_type=\"widget\" data-widget_type=\"wd_text_block.default\">\n\t\t\t\t<div class=\"elementor-widget-container\">\n\t\t\t\t\t\t\t<div class=\"wd-text-block reset-last-child text-left\">\n\t\t\t\n\t\t\t<h2>Paquet :\u00a0<\/h2><ul><li>1 Seringue de distribution de m\u00e9dicaments pour b\u00e9b\u00e9s<\/li><\/ul>\n\t\t\t\t\t<\/div>\n\t\t\t\t\t\t<\/div>\n\t\t\t\t<\/div>\n\t\t\t\t\t<\/div>\n\t\t<\/div>\n\t\t\t\t\t<\/div>\n\t\t<\/section>\n\t\t\t\t<\/div>","protected":false},"excerpt":{"rendered":"<p>&#8220;<strong>Vous cherchez un moyen simple d'administrer les m\u00e9dicaments pour b\u00e9b\u00e9 ?<\/strong> Notre seringue distributrice de m\u00e9dicaments pour b\u00e9b\u00e9s est la solution ! Donnez des m\u00e9dicaments \u00e0 votre enfant en toute s\u00e9curit\u00e9 et avec pr\u00e9cision. Achetez maintenant pour une livraison gratuite et obtenez 30% de r\u00e9duction !\"<\/p>","protected":false},"featured_media":16513,"comment_status":"open","ping_status":"closed","template":"","meta":{"_acf_changed":false},"product_brand":[],"product_cat":[29],"product_tag":[733,735,734,736],"class_list":{"0":"post-16504","1":"product","2":"type-product","3":"status-publish","4":"has-post-thumbnail","6":"product_cat-best-baby-care","7":"product_tag-baby-medicine-dispenser","8":"product_tag-baby-medicine-dropper","9":"product_tag-baby-medicine-syringe","10":"product_tag-infant-medicine-pacifier-dispenser","12":"first","13":"instock","14":"sale","15":"taxable","16":"shipping-taxable","17":"purchasable","18":"product-type-variable","19":"wvs-archive-product-wrapper"},"acf":[],"_links":{"self":[{"href":"https:\/\/babyvk.com\/fr\/wp-json\/wp\/v2\/product\/16504","targetHints":{"allow":["GET"]}}],"collection":[{"href":"https:\/\/babyvk.com\/fr\/wp-json\/wp\/v2\/product"}],"about":[{"href":"https:\/\/babyvk.com\/fr\/wp-json\/wp\/v2\/types\/product"}],"replies":[{"embeddable":true,"href":"https:\/\/babyvk.com\/fr\/wp-json\/wp\/v2\/comments?post=16504"}],"version-history":[{"count":0,"href":"https:\/\/babyvk.com\/fr\/wp-json\/wp\/v2\/product\/16504\/revisions"}],"wp:featuredmedia":[{"embeddable":true,"href":"https:\/\/babyvk.com\/fr\/wp-json\/wp\/v2\/media\/16513"}],"wp:attachment":[{"href":"https:\/\/babyvk.com\/fr\/wp-json\/wp\/v2\/media?parent=16504"}],"wp:term":[{"taxonomy":"product_brand","embeddable":true,"href":"https:\/\/babyvk.com\/fr\/wp-json\/wp\/v2\/product_brand?post=16504"},{"taxonomy":"product_cat","embeddable":true,"href":"https:\/\/babyvk.com\/fr\/wp-json\/wp\/v2\/product_cat?post=16504"},{"taxonomy":"product_tag","embeddable":true,"href":"https:\/\/babyvk.com\/fr\/wp-json\/wp\/v2\/product_tag?post=16504"}],"curies":[{"name":"wp","href":"https:\/\/api.w.org\/{rel}","templated":true}]}}