{"id":16483,"date":"2023-11-28T17:29:22","date_gmt":"2023-11-28T17:29:22","guid":{"rendered":"https:\/\/babyvk.com\/?post_type=product&#038;p=16483"},"modified":"2025-03-10T20:03:31","modified_gmt":"2025-03-10T20:03:31","slug":"mini-kids-trampoline-jump-with-net","status":"publish","type":"product","link":"https:\/\/babyvk.com\/fr\/product\/mini-kids-trampoline-jump-with-net\/","title":{"rendered":"Mini trampoline pour enfants avec filet"},"content":{"rendered":"<div data-elementor-type=\"product-post\" data-elementor-id=\"16483\" class=\"elementor elementor-16483\" data-elementor-post-type=\"product\">\n\t\t\t\t\t\t<section class=\"elementor-section elementor-top-section elementor-element elementor-element-deed60d elementor-section-boxed elementor-section-height-default elementor-section-height-default\" data-id=\"deed60d\" data-element_type=\"section\">\n\t\t\t\t\t\t<div class=\"elementor-container elementor-column-gap-default\">\n\t\t\t\t\t<div class=\"elementor-column elementor-col-100 elementor-top-column elementor-element elementor-element-078795e\" data-id=\"078795e\" data-element_type=\"column\">\n\t\t\t<div class=\"elementor-widget-wrap elementor-element-populated\">\n\t\t\t\t\t\t<div class=\"elementor-element elementor-element-3ec2e12 elementor-widget elementor-widget-wd_text_block\" data-id=\"3ec2e12\" data-element_type=\"widget\" data-widget_type=\"wd_text_block.default\">\n\t\t\t\t<div class=\"elementor-widget-container\">\n\t\t\t\t\t\t\t<div class=\"wd-text-block reset-last-child text-left\">\n\t\t\t\n\t\t\t<h2>Caract\u00e9ristiques :<\/h2><ol><li data-spm-anchor-id=\"a2g0o.detail.1000023.i3.3e19SABHSABHUO\">La conception du filet ext\u00e9rieur est diff\u00e9rente de celle des autres trampolines, de sorte que le trampoline a plus d'espace et est plus beau, plus durable et plus confortable.<\/li><li data-spm-anchor-id=\"a2g0o.detail.1000023.i3.3e19SABHSABHUO\">Le cadre en acier galvanis\u00e9 renforc\u00e9 stabilise le cadre sup\u00e9rieur de l'enceinte au cadre du trampoline et emp\u00eache la torsion de la structure. Le filet de s\u00e9curit\u00e9 robuste personnalis\u00e9 est fabriqu\u00e9 \u00e0 partir d'un fil PE de haute densit\u00e9, \u00e0 tissage serr\u00e9, trait\u00e9 contre les UV.<\/li><li data-spm-anchor-id=\"a2g0o.detail.1000023.i3.3e19SABHSABHUO\">Les ressorts de 4 pouces de gros calibre offrent un rebond sup\u00e9rieur et sont r\u00e9sistants \u00e0 la rouille. Le tapis de saut est fabriqu\u00e9 \u00e0 partir de polypropyl\u00e8ne r\u00e9sistant et prot\u00e9g\u00e9 contre les UV pour une solidit\u00e9 et une durabilit\u00e9 accrues.<\/li><li data-spm-anchor-id=\"a2g0o.detail.1000023.i3.3e19SABHSABHUO\">Comprend tous les outils et la quincaillerie n\u00e9cessaires pour un montage facile et rapide. Apr\u00e8s avoir re\u00e7u le trampoline, vous pouvez l'installer imm\u00e9diatement. Il n'y a pas d'accessoires ou d'outils suppl\u00e9mentaires \u00e0 installer.<\/li><\/ol><p>&nbsp;<\/p><h2>Sp\u00e9cifications :<\/h2><ul><li data-spm-anchor-id=\"a2g0o.detail.1000023.i1.3e19SABHSABHUO\">Nom : Mini-saut de trampoline pour enfants<\/li><li data-spm-anchor-id=\"a2g0o.detail.1000023.i1.3e19SABHSABHUO\">Taille : 55 pouces (140cm)<\/li><li data-spm-anchor-id=\"a2g0o.detail.1000023.i1.3e19SABHSABHUO\">Couleur:Jaune,Rouge,Bleu<\/li><li data-spm-anchor-id=\"a2g0o.detail.1000023.i1.3e19SABHSABHUO\">Capacit\u00e9 de poids : 250kg (550 lbs)<\/li><li data-spm-anchor-id=\"a2g0o.detail.1000023.i1.3e19SABHSABHUO\">Mat\u00e9riau du cadre : Tube en acier galvanis\u00e9<\/li><li data-spm-anchor-id=\"a2g0o.detail.1000023.i1.3e19SABHSABHUO\">Mat\u00e9riau de la toile de saut : PP<\/li><li data-spm-anchor-id=\"a2g0o.detail.1000023.i1.3e19SABHSABHUO\">Accessoires cadeaux : anneaux, ballon oc\u00e9an, panier de basket, ballon de basket, gonfleur<\/li><\/ul>\n\t\t\t\t\t<\/div>\n\t\t\t\t\t\t<\/div>\n\t\t\t\t<\/div>\n\t\t\t\t\t<\/div>\n\t\t<\/div>\n\t\t\t\t\t<\/div>\n\t\t<\/section>\n\t\t\t\t<section class=\"wd-negative-gap elementor-section elementor-top-section elementor-element elementor-element-b878736 elementor-section-boxed elementor-section-height-default elementor-section-height-default\" data-id=\"b878736\" data-element_type=\"section\">\n\t\t\t\t\t\t<div class=\"elementor-container elementor-column-gap-default\">\n\t\t\t\t\t<div class=\"elementor-column elementor-col-100 elementor-top-column elementor-element elementor-element-046ce11\" data-id=\"046ce11\" data-element_type=\"column\">\n\t\t\t<div class=\"elementor-widget-wrap elementor-element-populated\">\n\t\t\t\t\t\t<div class=\"elementor-element elementor-element-56a431d wd-width-100 elementor-widget elementor-widget-wd_title\" data-id=\"56a431d\" data-element_type=\"widget\" data-widget_type=\"wd_title.default\">\n\t\t\t\t<div class=\"elementor-widget-container\">\n\t\t\t\t\t\t\t<div class=\"title-wrapper wd-set-mb reset-last-child wd-title-color-default wd-title-style-default wd-title-size-default text-center\">\n\n\t\t\t\t\t\t\t\t\t\t\t<div class=\"title-subtitle subtitle-color-default subtitle-style-default wd-fontsize-xs\">\n\t\t\t\t\tVOIR NOTRE EXPOSITION\t\t\t\t<\/div>\n\t\t\t\n\t\t\t<div class=\"liner-continer\">\n\t\t\t\t<h4 class=\"woodmart-title-container title wd-fontsize-l\">Notre courte vid\u00e9o<\/h4> \n\t\t\t\t\t\t\t<\/div>\n\n\t\t\t\t\t\t\t<div class=\"title-after_title reset-last-child wd-fontsize-xs\">\n\t\t\t\t\t<p>Montrer la sc\u00e8ne d'utilisation du produit, vous donner plus de d\u00e9tails.<\/p>\t\t\t\t<\/div>\n\t\t\t\t\t<\/div>\n\t\t\t\t\t\t<\/div>\n\t\t\t\t<\/div>\n\t\t\t\t<div class=\"elementor-element elementor-element-cfbe093 elementor-widget elementor-widget-wd_testimonials\" data-id=\"cfbe093\" data-element_type=\"widget\" data-widget_type=\"wd_testimonials.default\">\n\t\t\t\t<div class=\"elementor-widget-container\">\n\t\t\t\t\t\t\t<div class=\"testimonials testimon-style-standard  color-scheme- testimon-align-center wd-carousel-container\" id=\"carousel-9860\">\n\t\t\t\t\t\t\t<div class=\"wd-carousel-inner\">\n\t\t\t\n\t\t\t<div class=\"wd-carousel wd-grid\" data-scroll_per_page=\"yes\" style=\"--wd-col-lg:1;--wd-col-md:1;--wd-col-sm:1;--wd-gap-lg:30px;--wd-gap-sm:10px;\">\n\t\t\t\t\t\t\t\t\t<div class=\"wd-carousel-wrap\">\n\t\t\t\t\n\t\t\t\t\t\t\t\t\t\n<div class=\"testimonial wd-carousel-item\">\n\t<div class=\"testimonial-inner\">\n\t\t\n\t\t<div class=\"testimonial-content\">\n\t\t\t<div class=\"testimonial-rating\">\n\t\t\t\t<span class=\"star-rating\">\n\t\t\t\t\t<span style=\"width:100%\"><\/span>\n\t\t\t\t<\/span>\n\t\t\t<\/div>\n\n\t\t\t<p><iframe  id=\"_ytid_31132\"  width=\"800\" height=\"450\"  data-origwidth=\"800\" data-origheight=\"450\"  data-relstop=\"1\" src=\"https:\/\/www.youtube.com\/embed\/7NIABCRwMjI?enablejsapi=1&autoplay=0&cc_load_policy=1&cc_lang_pref=&iv_load_policy=3&loop=0&rel=0&fs=1&playsinline=0&autohide=2&theme=dark&color=red&controls=1&disablekb=0&\" class=\"__youtube_prefs__  no-lazyload\" title=\"Lecteur YouTube\"  allow=\"fullscreen; accelerometer; autoplay; clipboard-write; encrypted-media; gyroscope; picture-in-picture; web-share\" referrerpolicy=\"strict-origin-when-cross-origin\" allowfullscreen data-no-lazy=\"1\" data-skipgform_ajax_framebjll=\"\"><\/iframe><\/p>\n\t\t\t<footer>\n\t\t\t\t\n\t\t\t\t\t\t\t<\/footer>\n\t\t<\/div>\n\t<\/div>\n<\/div>\t\t\t\t\n\t\t\t\t\t\t\t\t\t<\/div>\n\t\t\t\t\t\t\t<\/div>\n\t\t\t\t\t\t\t\t\t\t\t\t\t\t<div class=\"wd-nav-arrows wd-pos-sep wd-hover-1 wd-icon-1\">\n\t\t\t<div class=\"wd-btn-arrow wd-prev wd-disabled\">\n\t\t\t\t<div class=\"wd-arrow-inner\"><\/div>\n\t\t\t<\/div>\n\t\t\t<div class=\"wd-btn-arrow wd-next\">\n\t\t\t\t<div class=\"wd-arrow-inner\"><\/div>\n\t\t\t<\/div>\n\t\t<\/div>\n\t\t\t\t\t\t\n\t\t\t\t<\/div>\n\n\t\t\t\t\t\t<div class=\"wd-nav-pagin-wrap text-center wd-style-shape wd-hide-md-sm wd-hide-sm\">\n\t\t\t<ul class=\"wd-nav-pagin\"><\/ul>\n\t\t<\/div>\n\t\t\t\t\t\t\t\t\t\t\t<\/div>\n\t\t\t\t\t\t<\/div>\n\t\t\t\t<\/div>\n\t\t\t\t\t<\/div>\n\t\t<\/div>\n\t\t\t\t\t<\/div>\n\t\t<\/section>\n\t\t\t\t<\/div>","protected":false},"excerpt":{"rendered":"<p>&#8220;<strong>Vous cherchez un moyen s\u00fbr et amusant de permettre \u00e0 vos petits aventuriers de rester actifs ?<\/strong> D\u00e9couvrez le Mini Kids Trampoline Jump With Net ! Les esprits curieux rebondissent dans un monde de joie, tandis que le filet s\u00e9curis\u00e9 assure un temps de jeu sans souci. Achetez maintenant pour une livraison gratuite et obtenez 30% OFF !\"<\/p>","protected":false},"featured_media":16477,"comment_status":"open","ping_status":"closed","template":"","meta":{"_acf_changed":false},"product_brand":[],"product_cat":[509],"product_tag":[729,732,731,728,730],"class_list":{"0":"post-16483","1":"product","2":"type-product","3":"status-publish","4":"has-post-thumbnail","6":"product_cat-best-baby-toys","7":"product_tag-mini-kids-trampoline","8":"product_tag-small-kids-trampoline","9":"product_tag-small-trampoline-with-net","10":"product_tag-small-trampolines","11":"product_tag-trampolines-for-children","13":"first","14":"instock","15":"sale","16":"taxable","17":"shipping-taxable","18":"purchasable","19":"product-type-variable","20":"wvs-archive-product-wrapper"},"acf":[],"_links":{"self":[{"href":"https:\/\/babyvk.com\/fr\/wp-json\/wp\/v2\/product\/16483","targetHints":{"allow":["GET"]}}],"collection":[{"href":"https:\/\/babyvk.com\/fr\/wp-json\/wp\/v2\/product"}],"about":[{"href":"https:\/\/babyvk.com\/fr\/wp-json\/wp\/v2\/types\/product"}],"replies":[{"embeddable":true,"href":"https:\/\/babyvk.com\/fr\/wp-json\/wp\/v2\/comments?post=16483"}],"version-history":[{"count":0,"href":"https:\/\/babyvk.com\/fr\/wp-json\/wp\/v2\/product\/16483\/revisions"}],"wp:featuredmedia":[{"embeddable":true,"href":"https:\/\/babyvk.com\/fr\/wp-json\/wp\/v2\/media\/16477"}],"wp:attachment":[{"href":"https:\/\/babyvk.com\/fr\/wp-json\/wp\/v2\/media?parent=16483"}],"wp:term":[{"taxonomy":"product_brand","embeddable":true,"href":"https:\/\/babyvk.com\/fr\/wp-json\/wp\/v2\/product_brand?post=16483"},{"taxonomy":"product_cat","embeddable":true,"href":"https:\/\/babyvk.com\/fr\/wp-json\/wp\/v2\/product_cat?post=16483"},{"taxonomy":"product_tag","embeddable":true,"href":"https:\/\/babyvk.com\/fr\/wp-json\/wp\/v2\/product_tag?post=16483"}],"curies":[{"name":"wp","href":"https:\/\/api.w.org\/{rel}","templated":true}]}}