{"id":16442,"date":"2023-11-28T15:32:44","date_gmt":"2023-11-28T15:32:44","guid":{"rendered":"https:\/\/babyvk.com\/?post_type=product&#038;p=16442"},"modified":"2025-03-10T20:03:31","modified_gmt":"2025-03-10T20:03:31","slug":"winter-flannel-childrens-pajamas-rompers","status":"publish","type":"product","link":"https:\/\/babyvk.com\/fr\/product\/winter-flannel-childrens-pajamas-rompers\/","title":{"rendered":"Pyjama d'hiver en flanelle pour enfants"},"content":{"rendered":"<div data-elementor-type=\"product-post\" data-elementor-id=\"16442\" class=\"elementor elementor-16442\" data-elementor-post-type=\"product\">\n\t\t\t\t\t\t<section class=\"elementor-section elementor-top-section elementor-element elementor-element-61dc70e elementor-section-boxed elementor-section-height-default elementor-section-height-default\" data-id=\"61dc70e\" data-element_type=\"section\">\n\t\t\t\t\t\t<div class=\"elementor-container elementor-column-gap-default\">\n\t\t\t\t\t<div class=\"elementor-column elementor-col-100 elementor-top-column elementor-element elementor-element-0df0389\" data-id=\"0df0389\" data-element_type=\"column\">\n\t\t\t<div class=\"elementor-widget-wrap elementor-element-populated\">\n\t\t\t\t\t\t<div class=\"elementor-element elementor-element-84c407b elementor-widget elementor-widget-wd_text_block\" data-id=\"84c407b\" data-element_type=\"widget\" data-widget_type=\"wd_text_block.default\">\n\t\t\t\t<div class=\"elementor-widget-container\">\n\t\t\t\t\t\t\t<div class=\"wd-text-block reset-last-child text-left\">\n\t\t\t\n\t\t\t<h2>Sp\u00e9cification :<\/h2><ul><li>Nom : Pyjama pour enfants en flanelle<\/li><li>Mati\u00e8re : Polyester<\/li><li>Type de tissu : Flanelle<\/li><li>Attention : si votre enfant est potel\u00e9, nous vous recommandons de choisir une taille plus grande, merci.<\/li><li>Il y a une diff\u00e9rence de 2 \u00e0 3 cm selon la mesure manuelle.<\/li><li>veuillez v\u00e9rifier soigneusement le tableau des mesures avant d'acheter l'article.<\/li><li>1 pouce = 2,54 cm<\/li><li>Veuillez noter que de l\u00e9g\u00e8res diff\u00e9rences de couleur sont acceptables en raison de la lumi\u00e8re et de l'\u00e9cran.<\/li><\/ul>\n\t\t\t\t\t<\/div>\n\t\t\t\t\t\t<\/div>\n\t\t\t\t<\/div>\n\t\t\t\t<div class=\"elementor-element elementor-element-4081af4 elementor-widget elementor-widget-wd_table\" data-id=\"4081af4\" data-element_type=\"widget\" data-widget_type=\"wd_table.default\">\n\t\t\t\t<div class=\"elementor-widget-container\">\n\t\t\t\t\t\t\t<div class=\"wd-el-table-wrap wd-reset-all-last\">\n\t\t\t<table class=\"wd-el-table\">\n\t\t\t\t\t\t\t\t\t<thead class=\"text-center\">\n\t\t\t\t\t\t\t\t\t\t\t\t\t\t\t\t\t\t\t\t\t\t\t\t\t\t\t\t\t\t<tr class=\"wd-table-row elementor-repeater-item-5309661\">\n\t\t\t\t\t\t\t\t\t\t\t\t\t\t\t\t\t\t\t\t\t\t\t\t\t\t\t\t\t\t\t\t\t\t\t\t<th class=\"wd-table-cell elementor-repeater-item-ca30e7b\" colspan=\"1\" rowspan=\"1\">\n\t\t\t\t\t\t\t\t\tTaille\t\t\t\t\t\t\t\t<\/th>\n\t\t\t\t\t\t\t\t\t\t\t\t\t\t\t\t\t\t\t\t\t\t\t\t\t\t\t\t<th class=\"wd-table-cell elementor-repeater-item-81aaca3\" colspan=\"1\" rowspan=\"1\">\n\t\t\t\t\t\t\t\t\tLongueur du tissu (CM)\t\t\t\t\t\t\t\t<\/th>\n\t\t\t\t\t\t\t\t\t\t\t\t\t\t\t\t\t\t\t\t\t\t\t\t\t\t\t\t<th class=\"wd-table-cell elementor-repeater-item-38e2aae\" colspan=\"1\" rowspan=\"1\">\n\t\t\t\t\t\t\t\t\tManche(CM)\t\t\t\t\t\t\t\t<\/th>\n\t\t\t\t\t\t\t\t\t\t\t\t\t\t\t\t\t\t\t\t\t\t\t\t\t\t\t\t<th class=\"wd-table-cell elementor-repeater-item-4d19d3e\" colspan=\"1\" rowspan=\"1\">\n\t\t\t\t\t\t\t\t\tEpaule (CM)\t\t\t\t\t\t\t\t<\/th>\n\t\t\t\t\t\t\t\t\t\t\t\t\t\t\t\t\t\t\t\t\t\t\t\t\t\t\t\t<th class=\"wd-table-cell elementor-repeater-item-dd7ebbe\" colspan=\"1\" rowspan=\"1\">\n\t\t\t\t\t\t\t\t\tBuste (CM)*2\t\t\t\t\t\t\t\t<\/th>\n\t\t\t\t\t\t\t\t\t\t\t\t\t\t\t\t\t\t\t<\/tr>\n\t\t\t\t\t<\/thead>\n\t\t\t\t\n\t\t\t\t<tbody class=\"text-center\">\n\t\t\t\t\t\t\t\t\t\t\t\t\t\t\t\t\t\t\t\t\t\t\t\t\t\t<tr class=\"wd-table-row elementor-repeater-item-23c5cca\">\n\t\t\t\t\t\t\t\t\t\t\t\t\t\t\t\t\t\t\t\t\t\t\t\t\t\t\t\t\t\t\t<td class=\"wd-table-cell elementor-repeater-item-9ebf79e\" colspan=\"1\" rowspan=\"1\">\n\t\t\t\t\t\t\t<p>80<\/p>\t\t\t\t\t\t\t<\/td>\n\t\t\t\t\t\t\t\t\t\t\t\t\t\t\t\t\t\t\t\t\t\t\t\t<td class=\"wd-table-cell elementor-repeater-item-436deff\" colspan=\"1\" rowspan=\"1\">\n\t\t\t\t\t\t\t<p>68<\/p>\t\t\t\t\t\t\t<\/td>\n\t\t\t\t\t\t\t\t\t\t\t\t\t\t\t\t\t\t\t\t\t\t\t\t<td class=\"wd-table-cell elementor-repeater-item-0d1ae9a\" colspan=\"1\" rowspan=\"1\">\n\t\t\t\t\t\t\t<p>35<\/p>\t\t\t\t\t\t\t<\/td>\n\t\t\t\t\t\t\t\t\t\t\t\t\t\t\t\t\t\t\t\t\t\t\t\t<td class=\"wd-table-cell elementor-repeater-item-7c96706\" colspan=\"1\" rowspan=\"1\">\n\t\t\t\t\t\t\t<p>28<\/p>\t\t\t\t\t\t\t<\/td>\n\t\t\t\t\t\t\t\t\t\t\t\t\t\t\t\t\t\t\t\t\t\t\t\t<td class=\"wd-table-cell elementor-repeater-item-6e280ed\" colspan=\"1\" rowspan=\"1\">\n\t\t\t\t\t\t\t<p>37<\/p>\t\t\t\t\t\t\t<\/td>\n\t\t\t\t\t\t\t\t\t\t\t\t\t\t\t\t\t\t\t\t\t\t\t\t\t\t\t\t\t\t\t\t<\/tr>\n\t\t\t\t\t\t\t\t<tr class=\"wd-table-row elementor-repeater-item-7f8ba81\">\n\t\t\t\t\t\t\t\t\t\t\t\t\t\t\t\t\t\t\t\t\t\t\t\t\t\t\t\t\t\t\t<td class=\"wd-table-cell elementor-repeater-item-64ce32e\" colspan=\"1\" rowspan=\"1\">\n\t\t\t\t\t\t\t<p>90<\/p>\t\t\t\t\t\t\t<\/td>\n\t\t\t\t\t\t\t\t\t\t\t\t\t\t\t\t\t\t\t\t\t\t\t\t<td class=\"wd-table-cell elementor-repeater-item-30d7e27\" colspan=\"1\" rowspan=\"1\">\n\t\t\t\t\t\t\t<p>73<\/p>\t\t\t\t\t\t\t<\/td>\n\t\t\t\t\t\t\t\t\t\t\t\t\t\t\t\t\t\t\t\t\t\t\t\t<td class=\"wd-table-cell elementor-repeater-item-166f268\" colspan=\"1\" rowspan=\"1\">\n\t\t\t\t\t\t\t<p>38.5<\/p>\t\t\t\t\t\t\t<\/td>\n\t\t\t\t\t\t\t\t\t\t\t\t\t\t\t\t\t\t\t\t\t\t\t\t<td class=\"wd-table-cell elementor-repeater-item-c3a4982\" colspan=\"1\" rowspan=\"1\">\n\t\t\t\t\t\t\t<p>29<\/p>\t\t\t\t\t\t\t<\/td>\n\t\t\t\t\t\t\t\t\t\t\t\t\t\t\t\t\t\t\t\t\t\t\t\t<td class=\"wd-table-cell elementor-repeater-item-d9535fc\" colspan=\"1\" rowspan=\"1\">\n\t\t\t\t\t\t\t<p>38.5<\/p>\t\t\t\t\t\t\t<\/td>\n\t\t\t\t\t\t\t\t\t\t\t\t\t\t\t\t\t\t\t\t\t\t\t\t\t\t\t\t\t\t\t\t<\/tr>\n\t\t\t\t\t\t\t\t<tr class=\"wd-table-row elementor-repeater-item-2fbb9e1\">\n\t\t\t\t\t\t\t\t\t\t\t\t\t\t\t\t\t\t\t\t\t\t\t\t\t\t\t\t\t\t\t<td class=\"wd-table-cell elementor-repeater-item-64f7072\" colspan=\"1\" rowspan=\"1\">\n\t\t\t\t\t\t\t<p>100<\/p>\t\t\t\t\t\t\t<\/td>\n\t\t\t\t\t\t\t\t\t\t\t\t\t\t\t\t\t\t\t\t\t\t\t\t<td class=\"wd-table-cell elementor-repeater-item-18986b4\" colspan=\"1\" rowspan=\"1\">\n\t\t\t\t\t\t\t<p>78<\/p>\t\t\t\t\t\t\t<\/td>\n\t\t\t\t\t\t\t\t\t\t\t\t\t\t\t\t\t\t\t\t\t\t\t\t<td class=\"wd-table-cell elementor-repeater-item-769a981\" colspan=\"1\" rowspan=\"1\">\n\t\t\t\t\t\t\t<p>42<\/p>\t\t\t\t\t\t\t<\/td>\n\t\t\t\t\t\t\t\t\t\t\t\t\t\t\t\t\t\t\t\t\t\t\t\t<td class=\"wd-table-cell elementor-repeater-item-3d77ee1\" colspan=\"1\" rowspan=\"1\">\n\t\t\t\t\t\t\t<p>30<\/p>\t\t\t\t\t\t\t<\/td>\n\t\t\t\t\t\t\t\t\t\t\t\t\t\t\t\t\t\t\t\t\t\t\t\t<td class=\"wd-table-cell elementor-repeater-item-39758ef\" colspan=\"1\" rowspan=\"1\">\n\t\t\t\t\t\t\t<p>40<\/p>\t\t\t\t\t\t\t<\/td>\n\t\t\t\t\t\t\t\t\t\t\t\t\t\t\t\t\t\t\t\t\t\t\t\t\t\t\t\t\t\t\t\t<\/tr>\n\t\t\t\t\t\t\t\t<tr class=\"wd-table-row elementor-repeater-item-70629c9\">\n\t\t\t\t\t\t\t\t\t\t\t\t\t\t\t\t\t\t\t\t\t\t\t\t\t\t\t\t\t\t\t<td class=\"wd-table-cell elementor-repeater-item-fdb18ed\" colspan=\"1\" rowspan=\"1\">\n\t\t\t\t\t\t\t<p>110<\/p>\t\t\t\t\t\t\t<\/td>\n\t\t\t\t\t\t\t\t\t\t\t\t\t\t\t\t\t\t\t\t\t\t\t\t<td class=\"wd-table-cell elementor-repeater-item-9e10d82\" colspan=\"1\" rowspan=\"1\">\n\t\t\t\t\t\t\t<p>83<\/p>\t\t\t\t\t\t\t<\/td>\n\t\t\t\t\t\t\t\t\t\t\t\t\t\t\t\t\t\t\t\t\t\t\t\t<td class=\"wd-table-cell elementor-repeater-item-f501b32\" colspan=\"1\" rowspan=\"1\">\n\t\t\t\t\t\t\t<p>45.5<\/p>\t\t\t\t\t\t\t<\/td>\n\t\t\t\t\t\t\t\t\t\t\t\t\t\t\t\t\t\t\t\t\t\t\t\t<td class=\"wd-table-cell elementor-repeater-item-2d6c948\" colspan=\"1\" rowspan=\"1\">\n\t\t\t\t\t\t\t<p>31<\/p>\t\t\t\t\t\t\t<\/td>\n\t\t\t\t\t\t\t\t\t\t\t\t\t\t\t\t\t\t\t\t\t\t\t\t<td class=\"wd-table-cell elementor-repeater-item-005e37e\" colspan=\"1\" rowspan=\"1\">\n\t\t\t\t\t\t\t<p>41.5<\/p>\t\t\t\t\t\t\t<\/td>\n\t\t\t\t\t\t\t\t\t\t\t\t\t\t\t\t\t\t\t\t\t\t\t\t\t\t\t\t\t\t\t\t<\/tr>\n\t\t\t\t\t\t\t\t<tr class=\"wd-table-row elementor-repeater-item-c2d89bb\">\n\t\t\t\t\t\t\t\t\t\t\t\t\t\t\t\t\t\t\t\t\t\t\t\t\t\t\t\t\t\t\t<td class=\"wd-table-cell elementor-repeater-item-8aa61ce\" colspan=\"1\" rowspan=\"1\">\n\t\t\t\t\t\t\t<p>120<\/p>\t\t\t\t\t\t\t<\/td>\n\t\t\t\t\t\t\t\t\t\t\t\t\t\t\t\t\t\t\t\t\t\t\t\t<td class=\"wd-table-cell elementor-repeater-item-03415e9\" colspan=\"1\" rowspan=\"1\">\n\t\t\t\t\t\t\t<p>88<\/p>\t\t\t\t\t\t\t<\/td>\n\t\t\t\t\t\t\t\t\t\t\t\t\t\t\t\t\t\t\t\t\t\t\t\t<td class=\"wd-table-cell elementor-repeater-item-1e92e92\" colspan=\"1\" rowspan=\"1\">\n\t\t\t\t\t\t\t<p>49<\/p>\t\t\t\t\t\t\t<\/td>\n\t\t\t\t\t\t\t\t\t\t\t\t\t\t\t\t\t\t\t\t\t\t\t\t<td class=\"wd-table-cell elementor-repeater-item-c370e3b\" colspan=\"1\" rowspan=\"1\">\n\t\t\t\t\t\t\t<p>32<\/p>\t\t\t\t\t\t\t<\/td>\n\t\t\t\t\t\t\t\t\t\t\t\t\t\t\t\t\t\t\t\t\t\t\t\t<td class=\"wd-table-cell elementor-repeater-item-20ed19f\" colspan=\"1\" rowspan=\"1\">\n\t\t\t\t\t\t\t<p>43<\/p>\t\t\t\t\t\t\t<\/td>\n\t\t\t\t\t\t\t\t\t\t\t\t\t\t\t\t<\/tr>\n\t\t\t\t<\/tbody>\n\t\t\t<\/table>\n\t\t<\/div>\n\t\t\t\t\t\t<\/div>\n\t\t\t\t<\/div>\n\t\t\t\t<div class=\"elementor-element elementor-element-a5bab42 elementor-widget elementor-widget-wd_image_or_svg\" data-id=\"a5bab42\" data-element_type=\"widget\" data-widget_type=\"wd_image_or_svg.default\">\n\t\t\t\t<div class=\"elementor-widget-container\">\n\t\t\t\t\t\n\t\t<div class=\"wd-image text-left\">\n\t\t\t\t\t\t\t\t<img fetchpriority=\"high\" decoding=\"async\" width=\"750\" height=\"1521\" src=\"https:\/\/babyvk.com\/wp-content\/uploads\/2023\/11\/childrens-pajamas-sale.webp\" class=\"attachment-full size-full wvs-archive-product-image\" alt=\"childrens pajamas\" srcset=\"https:\/\/babyvk.com\/wp-content\/uploads\/2023\/11\/childrens-pajamas-sale.webp 750w, https:\/\/babyvk.com\/wp-content\/uploads\/2023\/11\/childrens-pajamas-sale-30x61.webp 30w, https:\/\/babyvk.com\/wp-content\/uploads\/2023\/11\/childrens-pajamas-sale-148x300.webp 148w, https:\/\/babyvk.com\/wp-content\/uploads\/2023\/11\/childrens-pajamas-sale-394x800.webp 394w, https:\/\/babyvk.com\/wp-content\/uploads\/2023\/11\/childrens-pajamas-sale-247x500.webp 247w, https:\/\/babyvk.com\/wp-content\/uploads\/2023\/11\/childrens-pajamas-sale-430x872.webp 430w, https:\/\/babyvk.com\/wp-content\/uploads\/2023\/11\/childrens-pajamas-sale-700x1420.webp 700w\" sizes=\"(max-width: 750px) 100vw, 750px\" title=\"\">\t\t\t\t\t<\/div>\n\n\t\t\t\t\t\t<\/div>\n\t\t\t\t<\/div>\n\t\t\t\t<div class=\"elementor-element elementor-element-e808cb8 elementor-widget elementor-widget-wd_image_or_svg\" data-id=\"e808cb8\" data-element_type=\"widget\" data-widget_type=\"wd_image_or_svg.default\">\n\t\t\t\t<div class=\"elementor-widget-container\">\n\t\t\t\t\t\n\t\t<div class=\"wd-image text-left\">\n\t\t\t\t\t\t\t\t<img decoding=\"async\" width=\"750\" height=\"1407\" src=\"https:\/\/babyvk.com\/wp-content\/uploads\/2023\/11\/childrens-pjs.webp\" class=\"attachment-full size-full wvs-archive-product-image\" alt=\"kids christmas pajamas\" srcset=\"https:\/\/babyvk.com\/wp-content\/uploads\/2023\/11\/childrens-pjs.webp 750w, https:\/\/babyvk.com\/wp-content\/uploads\/2023\/11\/childrens-pjs-30x56.webp 30w, https:\/\/babyvk.com\/wp-content\/uploads\/2023\/11\/childrens-pjs-160x300.webp 160w, https:\/\/babyvk.com\/wp-content\/uploads\/2023\/11\/childrens-pjs-426x800.webp 426w, https:\/\/babyvk.com\/wp-content\/uploads\/2023\/11\/childrens-pjs-267x500.webp 267w, https:\/\/babyvk.com\/wp-content\/uploads\/2023\/11\/childrens-pjs-430x807.webp 430w, https:\/\/babyvk.com\/wp-content\/uploads\/2023\/11\/childrens-pjs-700x1313.webp 700w\" sizes=\"(max-width: 750px) 100vw, 750px\" title=\"\">\t\t\t\t\t<\/div>\n\n\t\t\t\t\t\t<\/div>\n\t\t\t\t<\/div>\n\t\t\t\t<div class=\"elementor-element elementor-element-4879468 elementor-widget elementor-widget-wd_image_or_svg\" data-id=\"4879468\" data-element_type=\"widget\" data-widget_type=\"wd_image_or_svg.default\">\n\t\t\t\t<div class=\"elementor-widget-container\">\n\t\t\t\t\t\n\t\t<div class=\"wd-image text-left\">\n\t\t\t\t\t\t\t\t<img decoding=\"async\" width=\"750\" height=\"1371\" src=\"https:\/\/babyvk.com\/wp-content\/uploads\/2023\/11\/kids-christmas-pajamas.webp\" class=\"attachment-full size-full wvs-archive-product-image\" alt=\"childrens pjs\" srcset=\"https:\/\/babyvk.com\/wp-content\/uploads\/2023\/11\/kids-christmas-pajamas.webp 750w, https:\/\/babyvk.com\/wp-content\/uploads\/2023\/11\/kids-christmas-pajamas-30x55.webp 30w, https:\/\/babyvk.com\/wp-content\/uploads\/2023\/11\/kids-christmas-pajamas-164x300.webp 164w, https:\/\/babyvk.com\/wp-content\/uploads\/2023\/11\/kids-christmas-pajamas-438x800.webp 438w, https:\/\/babyvk.com\/wp-content\/uploads\/2023\/11\/kids-christmas-pajamas-274x500.webp 274w, https:\/\/babyvk.com\/wp-content\/uploads\/2023\/11\/kids-christmas-pajamas-430x786.webp 430w, https:\/\/babyvk.com\/wp-content\/uploads\/2023\/11\/kids-christmas-pajamas-700x1280.webp 700w\" sizes=\"(max-width: 750px) 100vw, 750px\" title=\"\">\t\t\t\t\t<\/div>\n\n\t\t\t\t\t\t<\/div>\n\t\t\t\t<\/div>\n\t\t\t\t\t<\/div>\n\t\t<\/div>\n\t\t\t\t\t<\/div>\n\t\t<\/section>\n\t\t\t\t<\/div>","protected":false},"excerpt":{"rendered":"<p>&#8220;<strong>Vous cherchez des v\u00eatements de nuit confortables et \u00e9l\u00e9gants pour vos petits ?<\/strong> D\u00e9couvrez la chaleur de nos pyjamas d'hiver pour enfants en flanelle. Combattez les nuits froides avec confort et charme. Achetez maintenant pour une livraison gratuite et obtenez 30% de r\u00e9duction !\"<\/p>","protected":false},"featured_media":16432,"comment_status":"open","ping_status":"closed","template":"","meta":{"_acf_changed":false},"product_brand":[],"product_cat":[32],"product_tag":[722,719,721,720,718],"class_list":{"0":"post-16442","1":"product","2":"type-product","3":"status-publish","4":"has-post-thumbnail","6":"product_cat-best-baby-clothing","7":"product_tag-childrens-flannelette-pyjamas","8":"product_tag-childrens-fleece-pajamas","9":"product_tag-childrens-nightwear","10":"product_tag-childrens-pajamas","11":"product_tag-childrens-rompers","13":"first","14":"instock","15":"sale","16":"taxable","17":"shipping-taxable","18":"purchasable","19":"product-type-variable","20":"wvs-archive-product-wrapper"},"acf":[],"_links":{"self":[{"href":"https:\/\/babyvk.com\/fr\/wp-json\/wp\/v2\/product\/16442","targetHints":{"allow":["GET"]}}],"collection":[{"href":"https:\/\/babyvk.com\/fr\/wp-json\/wp\/v2\/product"}],"about":[{"href":"https:\/\/babyvk.com\/fr\/wp-json\/wp\/v2\/types\/product"}],"replies":[{"embeddable":true,"href":"https:\/\/babyvk.com\/fr\/wp-json\/wp\/v2\/comments?post=16442"}],"version-history":[{"count":0,"href":"https:\/\/babyvk.com\/fr\/wp-json\/wp\/v2\/product\/16442\/revisions"}],"wp:featuredmedia":[{"embeddable":true,"href":"https:\/\/babyvk.com\/fr\/wp-json\/wp\/v2\/media\/16432"}],"wp:attachment":[{"href":"https:\/\/babyvk.com\/fr\/wp-json\/wp\/v2\/media?parent=16442"}],"wp:term":[{"taxonomy":"product_brand","embeddable":true,"href":"https:\/\/babyvk.com\/fr\/wp-json\/wp\/v2\/product_brand?post=16442"},{"taxonomy":"product_cat","embeddable":true,"href":"https:\/\/babyvk.com\/fr\/wp-json\/wp\/v2\/product_cat?post=16442"},{"taxonomy":"product_tag","embeddable":true,"href":"https:\/\/babyvk.com\/fr\/wp-json\/wp\/v2\/product_tag?post=16442"}],"curies":[{"name":"wp","href":"https:\/\/api.w.org\/{rel}","templated":true}]}}