{"id":16363,"date":"2023-11-25T17:54:25","date_gmt":"2023-11-25T17:54:25","guid":{"rendered":"https:\/\/babyvk.com\/?post_type=product&#038;p=16363"},"modified":"2025-03-10T20:03:31","modified_gmt":"2025-03-10T20:03:31","slug":"newborn-swaddle-sleep-sack","status":"publish","type":"product","link":"https:\/\/babyvk.com\/fr\/product\/newborn-swaddle-sleep-sack\/","title":{"rendered":"Sac de couchage pour nouveau-n\u00e9"},"content":{"rendered":"<div data-elementor-type=\"product-post\" data-elementor-id=\"16363\" class=\"elementor elementor-16363\" data-elementor-post-type=\"product\">\n\t\t\t\t\t\t<section class=\"elementor-section elementor-top-section elementor-element elementor-element-09f8c11 elementor-section-boxed elementor-section-height-default elementor-section-height-default\" data-id=\"09f8c11\" data-element_type=\"section\">\n\t\t\t\t\t\t<div class=\"elementor-container elementor-column-gap-default\">\n\t\t\t\t\t<div class=\"elementor-column elementor-col-100 elementor-top-column elementor-element elementor-element-98e325a\" data-id=\"98e325a\" data-element_type=\"column\">\n\t\t\t<div class=\"elementor-widget-wrap elementor-element-populated\">\n\t\t\t\t\t\t<div class=\"elementor-element elementor-element-7ae2261 elementor-widget elementor-widget-wd_text_block\" data-id=\"7ae2261\" data-element_type=\"widget\" data-widget_type=\"wd_text_block.default\">\n\t\t\t\t<div class=\"elementor-widget-container\">\n\t\t\t\t\t\t\t<div class=\"wd-text-block reset-last-child text-left\">\n\t\t\t\n\t\t\t<h2 class=\"a-size-base-plus a-text-bold\"><span style=\"color: #00ccff;\">Caract\u00e9ristiques<\/span><\/h2><ul class=\"a-unordered-list a-vertical a-spacing-mini\"><li class=\"a-spacing-mini\"><span class=\"a-list-item\"><strong>Mat\u00e9riau de premi\u00e8re qualit\u00e9 :<\/strong> Fabriqu\u00e9 en polaire et coton de haute qualit\u00e9, doux, chaud, respirant et confortable, sans danger pour la peau sensible des b\u00e9b\u00e9s.<\/span><\/li><li class=\"a-spacing-mini\"><span class=\"a-list-item\"><strong>Jambes s\u00e9par\u00e9es :<\/strong> Cette gigoteuse avec jambes s\u00e9par\u00e9es permet \u00e0 b\u00e9b\u00e9 de donner des coups de pied, mais ne peut pas \u00eatre enlev\u00e9e, ce qui r\u00e9duit le risque d'attraper froid.<\/span><\/li><li class=\"a-spacing-mini\"><span class=\"a-list-item\"><strong>Couverture compl\u00e8te :<\/strong> L'\u00e9charpe de portage couvre enti\u00e8rement le b\u00e9b\u00e9 pour le garder au chaud pendant la nuit, l'enveloppe d\u00e9licatement de tout son corps, le rassure et lui permet de dormir plus paisiblement.<\/span><\/li><li class=\"a-spacing-mini\"><span class=\"a-list-item\"><strong>Facile \u00e0 utiliser :<\/strong> La fermeture auto-agrippante assure une fermeture et une ouverture rapides. L'absence de fermeture \u00e9clair et de bouton rend cette \u00e9charpe de portage plus s\u00fbre \u00e0 utiliser et garde la chaleur toute la nuit. La gigoteuse avec jambes s\u00e9par\u00e9es permet \u00e0 l'enfant de donner des coups de pied, mais ne peut pas \u00eatre enlev\u00e9, r\u00e9duisant ainsi le risque d'attraper froid.<\/span><\/li><li class=\"a-spacing-mini\"><span class=\"a-list-item\"><strong>Utilisation polyvalente :<\/strong> Cette couverture unisexe peut \u00eatre utilis\u00e9e comme couverture d'emmaillotage, v\u00eatements de b\u00e9b\u00e9, sac de couchage, \u00e9dredon de poussette ou enveloppe de berceau, etc.<\/span><\/li><\/ul>\n\t\t\t\t\t<\/div>\n\t\t\t\t\t\t<\/div>\n\t\t\t\t<\/div>\n\t\t\t\t<div class=\"elementor-element elementor-element-55d1dcc elementor-widget elementor-widget-wd_text_block\" data-id=\"55d1dcc\" data-element_type=\"widget\" data-widget_type=\"wd_text_block.default\">\n\t\t\t\t<div class=\"elementor-widget-container\">\n\t\t\t\t\t\t\t<div class=\"wd-text-block reset-last-child text-left\">\n\t\t\t\n\t\t\t<h2><span style=\"color: #00ccff;\">Sp\u00e9cification :<\/span><\/h2><ul><li><strong>Nom :<\/strong> Sac de couchage pour nouveau-n\u00e9<\/li><li><strong>Mat\u00e9riau :<\/strong> Coton +Toison Berber<\/li><li><strong>Couleur :<\/strong> Bleu, gris, kaki, rouge (en option)<\/li><li><strong>Recom Age :<\/strong> 3 mois, 6 mois, 9 mois (en option)<\/li><li><strong>Taille du produit<\/strong>(Taille non pli\u00e9e, LxL):3 mois : 62cm x 78cm, 6 mois : 70cm x 84cm, 9 mois : 78cm x 90cm<\/li><\/ul>\n\t\t\t\t\t<\/div>\n\t\t\t\t\t\t<\/div>\n\t\t\t\t<\/div>\n\t\t\t\t<div class=\"elementor-element elementor-element-9b2b679 elementor-widget elementor-widget-wd_image_or_svg\" data-id=\"9b2b679\" data-element_type=\"widget\" data-widget_type=\"wd_image_or_svg.default\">\n\t\t\t\t<div class=\"elementor-widget-container\">\n\t\t\t\t\t\n\t\t<div class=\"wd-image text-left\">\n\t\t\t\t\t\t\t\t<img fetchpriority=\"high\" decoding=\"async\" width=\"800\" height=\"477\" src=\"https:\/\/babyvk.com\/wp-content\/uploads\/2023\/11\/baby-swaddles-0-3-months-e1700937160591.webp\" class=\"attachment-full size-full wvs-archive-product-image\" alt=\"emmaillotement pour nouveau-n\u00e9\" srcset=\"https:\/\/babyvk.com\/wp-content\/uploads\/2023\/11\/baby-swaddles-0-3-months-e1700937160591.webp 800w, https:\/\/babyvk.com\/wp-content\/uploads\/2023\/11\/baby-swaddles-0-3-months-e1700937160591-30x18.webp 30w, https:\/\/babyvk.com\/wp-content\/uploads\/2023\/11\/baby-swaddles-0-3-months-e1700937160591-400x239.webp 400w, https:\/\/babyvk.com\/wp-content\/uploads\/2023\/11\/baby-swaddles-0-3-months-e1700937160591-768x458.webp 768w, https:\/\/babyvk.com\/wp-content\/uploads\/2023\/11\/baby-swaddles-0-3-months-e1700937160591-500x298.webp 500w, https:\/\/babyvk.com\/wp-content\/uploads\/2023\/11\/baby-swaddles-0-3-months-e1700937160591-430x256.webp 430w, https:\/\/babyvk.com\/wp-content\/uploads\/2023\/11\/baby-swaddles-0-3-months-e1700937160591-700x417.webp 700w\" sizes=\"(max-width: 800px) 100vw, 800px\" title=\"\">\t\t\t\t\t<\/div>\n\n\t\t\t\t\t\t<\/div>\n\t\t\t\t<\/div>\n\t\t\t\t<div class=\"elementor-element elementor-element-1e00c26 elementor-widget elementor-widget-wd_image_or_svg\" data-id=\"1e00c26\" data-element_type=\"widget\" data-widget_type=\"wd_image_or_svg.default\">\n\t\t\t\t<div class=\"elementor-widget-container\">\n\t\t\t\t\t\n\t\t<div class=\"wd-image text-left\">\n\t\t\t\t\t\t\t\t<img decoding=\"async\" width=\"800\" height=\"777\" src=\"https:\/\/babyvk.com\/wp-content\/uploads\/2023\/11\/newborn-essentials.webp\" class=\"attachment-full size-full wvs-archive-product-image\" alt=\"\u00e9charpe de portage 0-3 mois\" srcset=\"https:\/\/babyvk.com\/wp-content\/uploads\/2023\/11\/newborn-essentials.webp 800w, https:\/\/babyvk.com\/wp-content\/uploads\/2023\/11\/newborn-essentials-30x29.webp 30w, https:\/\/babyvk.com\/wp-content\/uploads\/2023\/11\/newborn-essentials-50x50.webp 50w, https:\/\/babyvk.com\/wp-content\/uploads\/2023\/11\/newborn-essentials-309x300.webp 309w, https:\/\/babyvk.com\/wp-content\/uploads\/2023\/11\/newborn-essentials-768x746.webp 768w, https:\/\/babyvk.com\/wp-content\/uploads\/2023\/11\/newborn-essentials-500x486.webp 500w, https:\/\/babyvk.com\/wp-content\/uploads\/2023\/11\/newborn-essentials-430x418.webp 430w, https:\/\/babyvk.com\/wp-content\/uploads\/2023\/11\/newborn-essentials-700x680.webp 700w\" sizes=\"(max-width: 800px) 100vw, 800px\" title=\"\">\t\t\t\t\t<\/div>\n\n\t\t\t\t\t\t<\/div>\n\t\t\t\t<\/div>\n\t\t\t\t<div class=\"elementor-element elementor-element-74fad2b elementor-widget elementor-widget-wd_image_or_svg\" data-id=\"74fad2b\" data-element_type=\"widget\" data-widget_type=\"wd_image_or_svg.default\">\n\t\t\t\t<div class=\"elementor-widget-container\">\n\t\t\t\t\t\n\t\t<div class=\"wd-image text-left\">\n\t\t\t\t\t\t\t\t<img decoding=\"async\" width=\"800\" height=\"742\" src=\"https:\/\/babyvk.com\/wp-content\/uploads\/2023\/11\/baby-blankets.webp\" class=\"attachment-full size-full wvs-archive-product-image\" alt=\"newborn winter clothes\" srcset=\"https:\/\/babyvk.com\/wp-content\/uploads\/2023\/11\/baby-blankets.webp 800w, https:\/\/babyvk.com\/wp-content\/uploads\/2023\/11\/baby-blankets-30x28.webp 30w, https:\/\/babyvk.com\/wp-content\/uploads\/2023\/11\/baby-blankets-323x300.webp 323w, https:\/\/babyvk.com\/wp-content\/uploads\/2023\/11\/baby-blankets-768x712.webp 768w, https:\/\/babyvk.com\/wp-content\/uploads\/2023\/11\/baby-blankets-500x464.webp 500w, https:\/\/babyvk.com\/wp-content\/uploads\/2023\/11\/baby-blankets-430x399.webp 430w, https:\/\/babyvk.com\/wp-content\/uploads\/2023\/11\/baby-blankets-700x649.webp 700w\" sizes=\"(max-width: 800px) 100vw, 800px\" title=\"\">\t\t\t\t\t<\/div>\n\n\t\t\t\t\t\t<\/div>\n\t\t\t\t<\/div>\n\t\t\t\t<div class=\"elementor-element elementor-element-3dffad4 elementor-widget elementor-widget-wd_image_or_svg\" data-id=\"3dffad4\" data-element_type=\"widget\" data-widget_type=\"wd_image_or_svg.default\">\n\t\t\t\t<div class=\"elementor-widget-container\">\n\t\t\t\t\t\n\t\t<div class=\"wd-image text-left\">\n\t\t\t\t\t\t\t\t<img loading=\"lazy\" decoding=\"async\" width=\"800\" height=\"568\" src=\"https:\/\/babyvk.com\/wp-content\/uploads\/2023\/11\/baby-swaddle-3-6-months.webp\" class=\"attachment-full size-full wvs-archive-product-image\" alt=\"baby swaddle 3-6 months\" srcset=\"https:\/\/babyvk.com\/wp-content\/uploads\/2023\/11\/baby-swaddle-3-6-months.webp 800w, https:\/\/babyvk.com\/wp-content\/uploads\/2023\/11\/baby-swaddle-3-6-months-30x21.webp 30w, https:\/\/babyvk.com\/wp-content\/uploads\/2023\/11\/baby-swaddle-3-6-months-400x284.webp 400w, https:\/\/babyvk.com\/wp-content\/uploads\/2023\/11\/baby-swaddle-3-6-months-768x545.webp 768w, https:\/\/babyvk.com\/wp-content\/uploads\/2023\/11\/baby-swaddle-3-6-months-500x355.webp 500w, https:\/\/babyvk.com\/wp-content\/uploads\/2023\/11\/baby-swaddle-3-6-months-430x305.webp 430w, https:\/\/babyvk.com\/wp-content\/uploads\/2023\/11\/baby-swaddle-3-6-months-700x497.webp 700w\" sizes=\"(max-width: 800px) 100vw, 800px\" title=\"\">\t\t\t\t\t<\/div>\n\n\t\t\t\t\t\t<\/div>\n\t\t\t\t<\/div>\n\t\t\t\t<div class=\"elementor-element elementor-element-6630648 elementor-widget elementor-widget-wd_image_or_svg\" data-id=\"6630648\" data-element_type=\"widget\" data-widget_type=\"wd_image_or_svg.default\">\n\t\t\t\t<div class=\"elementor-widget-container\">\n\t\t\t\t\t\n\t\t<div class=\"wd-image text-left\">\n\t\t\t\t\t\t\t\t<img loading=\"lazy\" decoding=\"async\" width=\"800\" height=\"617\" src=\"https:\/\/babyvk.com\/wp-content\/uploads\/2023\/11\/baby-swaddles-0-3-months-1.webp\" class=\"attachment-full size-full wvs-archive-product-image\" alt=\"newborn essentials\" srcset=\"https:\/\/babyvk.com\/wp-content\/uploads\/2023\/11\/baby-swaddles-0-3-months-1.webp 800w, https:\/\/babyvk.com\/wp-content\/uploads\/2023\/11\/baby-swaddles-0-3-months-1-30x23.webp 30w, https:\/\/babyvk.com\/wp-content\/uploads\/2023\/11\/baby-swaddles-0-3-months-1-389x300.webp 389w, https:\/\/babyvk.com\/wp-content\/uploads\/2023\/11\/baby-swaddles-0-3-months-1-768x592.webp 768w, https:\/\/babyvk.com\/wp-content\/uploads\/2023\/11\/baby-swaddles-0-3-months-1-500x386.webp 500w, https:\/\/babyvk.com\/wp-content\/uploads\/2023\/11\/baby-swaddles-0-3-months-1-430x332.webp 430w, https:\/\/babyvk.com\/wp-content\/uploads\/2023\/11\/baby-swaddles-0-3-months-1-700x540.webp 700w\" sizes=\"(max-width: 800px) 100vw, 800px\" title=\"\">\t\t\t\t\t<\/div>\n\n\t\t\t\t\t\t<\/div>\n\t\t\t\t<\/div>\n\t\t\t\t<div class=\"elementor-element elementor-element-3a0cf21 elementor-widget elementor-widget-wd_image_or_svg\" data-id=\"3a0cf21\" data-element_type=\"widget\" data-widget_type=\"wd_image_or_svg.default\">\n\t\t\t\t<div class=\"elementor-widget-container\">\n\t\t\t\t\t\n\t\t<div class=\"wd-image text-left\">\n\t\t\t\t\t\t\t\t<img loading=\"lazy\" decoding=\"async\" width=\"800\" height=\"480\" src=\"https:\/\/babyvk.com\/wp-content\/uploads\/2023\/11\/swaddle-blanket.webp\" class=\"attachment-full size-full wvs-archive-product-image\" alt=\"couverture pour nouveau-n\u00e9\" srcset=\"https:\/\/babyvk.com\/wp-content\/uploads\/2023\/11\/swaddle-blanket.webp 800w, https:\/\/babyvk.com\/wp-content\/uploads\/2023\/11\/swaddle-blanket-30x18.webp 30w, https:\/\/babyvk.com\/wp-content\/uploads\/2023\/11\/swaddle-blanket-400x240.webp 400w, https:\/\/babyvk.com\/wp-content\/uploads\/2023\/11\/swaddle-blanket-768x461.webp 768w, https:\/\/babyvk.com\/wp-content\/uploads\/2023\/11\/swaddle-blanket-500x300.webp 500w, https:\/\/babyvk.com\/wp-content\/uploads\/2023\/11\/swaddle-blanket-430x258.webp 430w, https:\/\/babyvk.com\/wp-content\/uploads\/2023\/11\/swaddle-blanket-700x420.webp 700w\" sizes=\"(max-width: 800px) 100vw, 800px\" title=\"\">\t\t\t\t\t<\/div>\n\n\t\t\t\t\t\t<\/div>\n\t\t\t\t<\/div>\n\t\t\t\t<div class=\"elementor-element elementor-element-090bc92 elementor-widget elementor-widget-wd_image_or_svg\" data-id=\"090bc92\" data-element_type=\"widget\" data-widget_type=\"wd_image_or_svg.default\">\n\t\t\t\t<div class=\"elementor-widget-container\">\n\t\t\t\t\t\n\t\t<div class=\"wd-image text-left\">\n\t\t\t\t\t\t\t\t<img loading=\"lazy\" decoding=\"async\" width=\"800\" height=\"981\" src=\"https:\/\/babyvk.com\/wp-content\/uploads\/2023\/11\/newborn-blanket-1.webp\" class=\"attachment-full size-full wvs-archive-product-image\" alt=\"couverture d&#039;emmaillotage\" srcset=\"https:\/\/babyvk.com\/wp-content\/uploads\/2023\/11\/newborn-blanket-1.webp 800w, https:\/\/babyvk.com\/wp-content\/uploads\/2023\/11\/newborn-blanket-1-30x37.webp 30w, https:\/\/babyvk.com\/wp-content\/uploads\/2023\/11\/newborn-blanket-1-245x300.webp 245w, https:\/\/babyvk.com\/wp-content\/uploads\/2023\/11\/newborn-blanket-1-768x942.webp 768w, https:\/\/babyvk.com\/wp-content\/uploads\/2023\/11\/newborn-blanket-1-652x800.webp 652w, https:\/\/babyvk.com\/wp-content\/uploads\/2023\/11\/newborn-blanket-1-408x500.webp 408w, https:\/\/babyvk.com\/wp-content\/uploads\/2023\/11\/newborn-blanket-1-430x527.webp 430w, https:\/\/babyvk.com\/wp-content\/uploads\/2023\/11\/newborn-blanket-1-700x858.webp 700w\" sizes=\"(max-width: 800px) 100vw, 800px\" title=\"\">\t\t\t\t\t<\/div>\n\n\t\t\t\t\t\t<\/div>\n\t\t\t\t<\/div>\n\t\t\t\t<div class=\"elementor-element elementor-element-dea9144 elementor-widget elementor-widget-wd_image_or_svg\" data-id=\"dea9144\" data-element_type=\"widget\" data-widget_type=\"wd_image_or_svg.default\">\n\t\t\t\t<div class=\"elementor-widget-container\">\n\t\t\t\t\t\n\t\t<div class=\"wd-image text-left\">\n\t\t\t\t\t\t\t\t<img loading=\"lazy\" decoding=\"async\" width=\"970\" height=\"300\" src=\"https:\/\/babyvk.com\/wp-content\/uploads\/2023\/11\/newborn-winter-clothes.webp\" class=\"attachment-full size-full wvs-archive-product-image\" alt=\"baby blankets\" srcset=\"https:\/\/babyvk.com\/wp-content\/uploads\/2023\/11\/newborn-winter-clothes.webp 970w, https:\/\/babyvk.com\/wp-content\/uploads\/2023\/11\/newborn-winter-clothes-30x9.webp 30w, https:\/\/babyvk.com\/wp-content\/uploads\/2023\/11\/newborn-winter-clothes-400x124.webp 400w, https:\/\/babyvk.com\/wp-content\/uploads\/2023\/11\/newborn-winter-clothes-768x238.webp 768w, https:\/\/babyvk.com\/wp-content\/uploads\/2023\/11\/newborn-winter-clothes-860x266.webp 860w, https:\/\/babyvk.com\/wp-content\/uploads\/2023\/11\/newborn-winter-clothes-500x155.webp 500w, https:\/\/babyvk.com\/wp-content\/uploads\/2023\/11\/newborn-winter-clothes-430x133.webp 430w, https:\/\/babyvk.com\/wp-content\/uploads\/2023\/11\/newborn-winter-clothes-700x216.webp 700w\" sizes=\"(max-width: 970px) 100vw, 970px\" title=\"\">\t\t\t\t\t<\/div>\n\n\t\t\t\t\t\t<\/div>\n\t\t\t\t<\/div>\n\t\t\t\t<div class=\"elementor-element elementor-element-1cd6b36 elementor-widget elementor-widget-wd_text_block\" data-id=\"1cd6b36\" data-element_type=\"widget\" data-widget_type=\"wd_text_block.default\">\n\t\t\t\t<div class=\"elementor-widget-container\">\n\t\t\t\t\t\t\t<div class=\"wd-text-block reset-last-child text-left\">\n\t\t\t\n\t\t\t<h2><span class=\"a-text-bold\" style=\"color: #00ccff;\">Remarque :<\/span><\/h2><ol><li><span style=\"color: #000000;\">La taille est indiqu\u00e9e \u00e0 titre indicatif. Veuillez v\u00e9rifier les mesures pour choisir la bonne taille pour votre b\u00e9b\u00e9 !<\/span><br \/><span style=\"color: #000000;\">Par ailleurs, veuillez choisir la taille la plus grande car les b\u00e9b\u00e9s du m\u00eame \u00e2ge peuvent avoir une taille diff\u00e9rente.<\/span><\/li><li><span style=\"color: #000000;\">Veuillez tenir compte d'une diff\u00e9rence de 1 \u00e0 3 cm (0,4 \u00e0 1,18\") due aux mesures manuelles et d'une l\u00e9g\u00e8re variation de la couleur en fonction de la configuration de l'\u00e9cran.<\/span><\/li><\/ol>\n\t\t\t\t\t<\/div>\n\t\t\t\t\t\t<\/div>\n\t\t\t\t<\/div>\n\t\t\t\t\t<\/div>\n\t\t<\/div>\n\t\t\t\t\t<\/div>\n\t\t<\/section>\n\t\t\t\t<section class=\"wd-negative-gap elementor-section elementor-top-section elementor-element elementor-element-ef6d205 elementor-section-boxed elementor-section-height-default elementor-section-height-default\" data-id=\"ef6d205\" data-element_type=\"section\">\n\t\t\t\t\t\t<div class=\"elementor-container elementor-column-gap-default\">\n\t\t\t\t\t<div class=\"elementor-column elementor-col-100 elementor-top-column elementor-element elementor-element-af24478\" data-id=\"af24478\" data-element_type=\"column\">\n\t\t\t<div class=\"elementor-widget-wrap elementor-element-populated\">\n\t\t\t\t\t\t<div class=\"elementor-element elementor-element-fff4637 wd-width-100 elementor-widget elementor-widget-wd_title\" data-id=\"fff4637\" data-element_type=\"widget\" data-widget_type=\"wd_title.default\">\n\t\t\t\t<div class=\"elementor-widget-container\">\n\t\t\t\t\t\t\t<div class=\"title-wrapper wd-set-mb reset-last-child wd-title-color-default wd-title-style-default wd-title-size-default text-center\">\n\n\t\t\t\t\t\t\t\t\t\t\t<div class=\"title-subtitle subtitle-color-default subtitle-style-default wd-fontsize-xs\">\n\t\t\t\t\tVOIR NOTRE EXPOSITION\t\t\t\t<\/div>\n\t\t\t\n\t\t\t<div class=\"liner-continer\">\n\t\t\t\t<h4 class=\"woodmart-title-container title wd-fontsize-l\">Notre courte vid\u00e9o<\/h4> \n\t\t\t\t\t\t\t<\/div>\n\n\t\t\t\t\t\t\t<div class=\"title-after_title reset-last-child wd-fontsize-xs\">\n\t\t\t\t\t<p>Montrer la sc\u00e8ne d'utilisation du produit, vous donner plus de d\u00e9tails.<\/p>\t\t\t\t<\/div>\n\t\t\t\t\t<\/div>\n\t\t\t\t\t\t<\/div>\n\t\t\t\t<\/div>\n\t\t\t\t<div class=\"elementor-element elementor-element-9050898 elementor-widget elementor-widget-wd_testimonials\" data-id=\"9050898\" data-element_type=\"widget\" data-widget_type=\"wd_testimonials.default\">\n\t\t\t\t<div class=\"elementor-widget-container\">\n\t\t\t\t\t\t\t<div class=\"testimonials testimon-style-standard  color-scheme- testimon-align-center wd-carousel-container\" id=\"carousel-5549\">\n\t\t\t\t\t\t\t<div class=\"wd-carousel-inner\">\n\t\t\t\n\t\t\t<div class=\"wd-carousel wd-grid\" data-scroll_per_page=\"yes\" style=\"--wd-col-lg:2;--wd-col-md:2;--wd-col-sm:1;--wd-gap-lg:30px;--wd-gap-sm:10px;\">\n\t\t\t\t\t\t\t\t\t<div class=\"wd-carousel-wrap\">\n\t\t\t\t\n\t\t\t\t\t\t\t\t\t\n<div class=\"testimonial wd-carousel-item\">\n\t<div class=\"testimonial-inner\">\n\t\t\n\t\t<div class=\"testimonial-content\">\n\t\t\t<div class=\"testimonial-rating\">\n\t\t\t\t<span class=\"star-rating\">\n\t\t\t\t\t<span style=\"width:100%\"><\/span>\n\t\t\t\t<\/span>\n\t\t\t<\/div>\n\n\t\t\t<p><iframe  id=\"_ytid_67765\"  width=\"800\" height=\"450\"  data-origwidth=\"800\" data-origheight=\"450\"  data-relstop=\"1\" src=\"https:\/\/www.youtube.com\/embed\/kCAByXJ_3Qk?enablejsapi=1&autoplay=0&cc_load_policy=1&cc_lang_pref=&iv_load_policy=3&loop=0&rel=0&fs=1&playsinline=0&autohide=2&theme=dark&color=red&controls=1&disablekb=0&\" class=\"__youtube_prefs__  no-lazyload\" title=\"Lecteur YouTube\"  allow=\"fullscreen; accelerometer; autoplay; clipboard-write; encrypted-media; gyroscope; picture-in-picture; web-share\" referrerpolicy=\"strict-origin-when-cross-origin\" allowfullscreen data-no-lazy=\"1\" data-skipgform_ajax_framebjll=\"\"><\/iframe><\/p>\n\t\t\t<footer>\n\t\t\t\t\n\t\t\t\t\t\t\t<\/footer>\n\t\t<\/div>\n\t<\/div>\n<\/div>\t\t\t\t\t\t\t\t\t\n<div class=\"testimonial wd-carousel-item\">\n\t<div class=\"testimonial-inner\">\n\t\t\n\t\t<div class=\"testimonial-content\">\n\t\t\t<div class=\"testimonial-rating\">\n\t\t\t\t<span class=\"star-rating\">\n\t\t\t\t\t<span style=\"width:100%\"><\/span>\n\t\t\t\t<\/span>\n\t\t\t<\/div>\n\n\t\t\t<p><iframe  id=\"_ytid_11531\"  width=\"800\" height=\"450\"  data-origwidth=\"800\" data-origheight=\"450\"  data-relstop=\"1\" src=\"https:\/\/www.youtube.com\/embed\/YyC3GO9psBk?enablejsapi=1&autoplay=0&cc_load_policy=1&cc_lang_pref=&iv_load_policy=3&loop=0&rel=0&fs=1&playsinline=0&autohide=2&theme=dark&color=red&controls=1&disablekb=0&\" class=\"__youtube_prefs__  no-lazyload\" title=\"Lecteur YouTube\"  allow=\"fullscreen; accelerometer; autoplay; clipboard-write; encrypted-media; gyroscope; picture-in-picture; web-share\" referrerpolicy=\"strict-origin-when-cross-origin\" allowfullscreen data-no-lazy=\"1\" data-skipgform_ajax_framebjll=\"\"><\/iframe><\/p>\n\t\t\t<footer>\n\t\t\t\t\n\t\t\t\t\t\t\t<\/footer>\n\t\t<\/div>\n\t<\/div>\n<\/div>\t\t\t\t\t\t\t\t\t\n<div class=\"testimonial wd-carousel-item\">\n\t<div class=\"testimonial-inner\">\n\t\t\n\t\t<div class=\"testimonial-content\">\n\t\t\t<div class=\"testimonial-rating\">\n\t\t\t\t<span class=\"star-rating\">\n\t\t\t\t\t<span style=\"width:100%\"><\/span>\n\t\t\t\t<\/span>\n\t\t\t<\/div>\n\n\t\t\t<p><iframe  id=\"_ytid_94123\"  width=\"800\" height=\"450\"  data-origwidth=\"800\" data-origheight=\"450\"  data-relstop=\"1\" src=\"https:\/\/www.youtube.com\/embed\/d3nJ5MfzybM?enablejsapi=1&autoplay=0&cc_load_policy=1&cc_lang_pref=&iv_load_policy=3&loop=0&rel=0&fs=1&playsinline=0&autohide=2&theme=dark&color=red&controls=1&disablekb=0&\" class=\"__youtube_prefs__  no-lazyload\" title=\"Lecteur YouTube\"  allow=\"fullscreen; accelerometer; autoplay; clipboard-write; encrypted-media; gyroscope; picture-in-picture; web-share\" referrerpolicy=\"strict-origin-when-cross-origin\" allowfullscreen data-no-lazy=\"1\" data-skipgform_ajax_framebjll=\"\"><\/iframe><\/p>\n\t\t\t<footer>\n\t\t\t\t\n\t\t\t\t\t\t\t<\/footer>\n\t\t<\/div>\n\t<\/div>\n<\/div>\t\t\t\t\t\t\t\t\t\n<div class=\"testimonial wd-carousel-item\">\n\t<div class=\"testimonial-inner\">\n\t\t\n\t\t<div class=\"testimonial-content\">\n\t\t\t<div class=\"testimonial-rating\">\n\t\t\t\t<span class=\"star-rating\">\n\t\t\t\t\t<span style=\"width:100%\"><\/span>\n\t\t\t\t<\/span>\n\t\t\t<\/div>\n\n\t\t\t<p><iframe  id=\"_ytid_10411\"  width=\"800\" height=\"450\"  data-origwidth=\"800\" data-origheight=\"450\"  data-relstop=\"1\" src=\"https:\/\/www.youtube.com\/embed\/1YEv8m6EzQk?enablejsapi=1&autoplay=0&cc_load_policy=1&cc_lang_pref=&iv_load_policy=3&loop=0&rel=0&fs=1&playsinline=0&autohide=2&theme=dark&color=red&controls=1&disablekb=0&\" class=\"__youtube_prefs__  no-lazyload\" title=\"Lecteur YouTube\"  allow=\"fullscreen; accelerometer; autoplay; clipboard-write; encrypted-media; gyroscope; picture-in-picture; web-share\" referrerpolicy=\"strict-origin-when-cross-origin\" allowfullscreen data-no-lazy=\"1\" data-skipgform_ajax_framebjll=\"\"><\/iframe><\/p>\n\t\t\t<footer>\n\t\t\t\t\n\t\t\t\t\t\t\t<\/footer>\n\t\t<\/div>\n\t<\/div>\n<\/div>\t\t\t\t\t\t\t\t\t\n<div class=\"testimonial wd-carousel-item\">\n\t<div class=\"testimonial-inner\">\n\t\t\n\t\t<div class=\"testimonial-content\">\n\t\t\t<div class=\"testimonial-rating\">\n\t\t\t\t<span class=\"star-rating\">\n\t\t\t\t\t<span style=\"width:100%\"><\/span>\n\t\t\t\t<\/span>\n\t\t\t<\/div>\n\n\t\t\t<p><iframe  id=\"_ytid_42540\"  width=\"800\" height=\"450\"  data-origwidth=\"800\" data-origheight=\"450\"  data-relstop=\"1\" src=\"https:\/\/www.youtube.com\/embed\/1Ol8Z216KN0?enablejsapi=1&autoplay=0&cc_load_policy=1&cc_lang_pref=&iv_load_policy=3&loop=0&rel=0&fs=1&playsinline=0&autohide=2&theme=dark&color=red&controls=1&disablekb=0&\" class=\"__youtube_prefs__  no-lazyload\" title=\"Lecteur YouTube\"  allow=\"fullscreen; accelerometer; autoplay; clipboard-write; encrypted-media; gyroscope; picture-in-picture; web-share\" referrerpolicy=\"strict-origin-when-cross-origin\" allowfullscreen data-no-lazy=\"1\" data-skipgform_ajax_framebjll=\"\"><\/iframe><\/p>\n\t\t\t<footer>\n\t\t\t\t\n\t\t\t\t\t\t\t<\/footer>\n\t\t<\/div>\n\t<\/div>\n<\/div>\t\t\t\t\n\t\t\t\t\t\t\t\t\t<\/div>\n\t\t\t\t\t\t\t<\/div>\n\t\t\t\t\t\t\t\t\t\t\t\t\t\t<div class=\"wd-nav-arrows wd-pos-sep wd-hover-1 wd-icon-1\">\n\t\t\t<div class=\"wd-btn-arrow wd-prev wd-disabled\">\n\t\t\t\t<div class=\"wd-arrow-inner\"><\/div>\n\t\t\t<\/div>\n\t\t\t<div class=\"wd-btn-arrow wd-next\">\n\t\t\t\t<div class=\"wd-arrow-inner\"><\/div>\n\t\t\t<\/div>\n\t\t<\/div>\n\t\t\t\t\t\t\n\t\t\t\t<\/div>\n\n\t\t\t\t\t\t<div class=\"wd-nav-pagin-wrap text-center wd-style-shape wd-hide-md-sm wd-hide-sm\">\n\t\t\t<ul class=\"wd-nav-pagin\"><\/ul>\n\t\t<\/div>\n\t\t\t\t\t\t\t\t\t\t\t<\/div>\n\t\t\t\t\t\t<\/div>\n\t\t\t\t<\/div>\n\t\t\t\t\t<\/div>\n\t\t<\/div>\n\t\t\t\t\t<\/div>\n\t\t<\/section>\n\t\t\t\t<\/div>","protected":false},"excerpt":{"rendered":"<p>&#8220;<strong>Vous avez du mal \u00e0 apaiser le sommeil de votre nouveau-n\u00e9 ?<\/strong> D\u00e9couvrez le sac de couchage pour nouveau-n\u00e9 - la solution parfaite pour un sommeil douillet et paisible. Magasinez maintenant pour une livraison gratuite et obtenez 30% de rabais !\"<\/p>","protected":false},"featured_media":16351,"comment_status":"open","ping_status":"closed","template":"","meta":{"_acf_changed":false},"product_brand":[],"product_cat":[32],"product_tag":[717,715,716,714],"class_list":{"0":"post-16363","1":"product","2":"type-product","3":"status-publish","4":"has-post-thumbnail","6":"product_cat-best-baby-clothing","7":"product_tag-newborn-sleeping-bag","8":"product_tag-newborn-swaddle","9":"product_tag-newborn-swaddle-blanket","10":"product_tag-newborn-swaddle-sack","12":"first","13":"instock","14":"sale","15":"taxable","16":"shipping-taxable","17":"purchasable","18":"product-type-variable","19":"wvs-archive-product-wrapper"},"acf":[],"_links":{"self":[{"href":"https:\/\/babyvk.com\/fr\/wp-json\/wp\/v2\/product\/16363","targetHints":{"allow":["GET"]}}],"collection":[{"href":"https:\/\/babyvk.com\/fr\/wp-json\/wp\/v2\/product"}],"about":[{"href":"https:\/\/babyvk.com\/fr\/wp-json\/wp\/v2\/types\/product"}],"replies":[{"embeddable":true,"href":"https:\/\/babyvk.com\/fr\/wp-json\/wp\/v2\/comments?post=16363"}],"version-history":[{"count":1,"href":"https:\/\/babyvk.com\/fr\/wp-json\/wp\/v2\/product\/16363\/revisions"}],"predecessor-version":[{"id":24925,"href":"https:\/\/babyvk.com\/fr\/wp-json\/wp\/v2\/product\/16363\/revisions\/24925"}],"wp:featuredmedia":[{"embeddable":true,"href":"https:\/\/babyvk.com\/fr\/wp-json\/wp\/v2\/media\/16351"}],"wp:attachment":[{"href":"https:\/\/babyvk.com\/fr\/wp-json\/wp\/v2\/media?parent=16363"}],"wp:term":[{"taxonomy":"product_brand","embeddable":true,"href":"https:\/\/babyvk.com\/fr\/wp-json\/wp\/v2\/product_brand?post=16363"},{"taxonomy":"product_cat","embeddable":true,"href":"https:\/\/babyvk.com\/fr\/wp-json\/wp\/v2\/product_cat?post=16363"},{"taxonomy":"product_tag","embeddable":true,"href":"https:\/\/babyvk.com\/fr\/wp-json\/wp\/v2\/product_tag?post=16363"}],"curies":[{"name":"wp","href":"https:\/\/api.w.org\/{rel}","templated":true}]}}