{"id":16205,"date":"2023-09-24T18:59:34","date_gmt":"2023-09-24T18:59:34","guid":{"rendered":"https:\/\/babyvk.com\/?post_type=product&#038;p=16205"},"modified":"2024-05-17T07:56:07","modified_gmt":"2024-05-17T07:56:07","slug":"plush-warm-baby-sock-shoes","status":"publish","type":"product","link":"https:\/\/babyvk.com\/fr\/product\/plush-warm-baby-sock-shoes\/","title":{"rendered":"Chaussettes chaudes en peluche pour b\u00e9b\u00e9"},"content":{"rendered":"<div data-elementor-type=\"product-post\" data-elementor-id=\"16205\" class=\"elementor elementor-16205\" data-elementor-post-type=\"product\">\n\t\t\t\t\t\t<section class=\"wd-negative-gap elementor-section elementor-top-section elementor-element elementor-element-83badd3 elementor-section-boxed elementor-section-height-default elementor-section-height-default\" data-id=\"83badd3\" data-element_type=\"section\">\n\t\t\t\t\t\t<div class=\"elementor-container elementor-column-gap-default\">\n\t\t\t\t\t<div class=\"elementor-column elementor-col-100 elementor-top-column elementor-element elementor-element-e03a348\" data-id=\"e03a348\" data-element_type=\"column\">\n\t\t\t<div class=\"elementor-widget-wrap elementor-element-populated\">\n\t\t\t\t\t\t<div class=\"elementor-element elementor-element-ef63482 elementor-widget elementor-widget-wd_text_block\" data-id=\"ef63482\" data-element_type=\"widget\" data-widget_type=\"wd_text_block.default\">\n\t\t\t\t<div class=\"elementor-widget-container\">\n\t\t\t\t\t\t\t<div class=\"wd-text-block reset-last-child text-left\">\n\t\t\t\n\t\t\t<div class=\"liner-continer\"><h4 class=\"woodmart-title-container title wd-fontsize-l\">Caract\u00e9ristiques :<\/h4><\/div><div class=\"title-after_title set-cont-mb-s reset-last-child wd-fontsize-xs\"><p>Mati\u00e8re : Fabriqu\u00e9 dans un mat\u00e9riau de haute qualit\u00e9, confortable et respirant, suffisamment r\u00e9sistant pour \u00eatre port\u00e9 au quotidien. Il est tr\u00e8s doux, confortable, extensible, l\u00e9ger et \u00e9pouse la forme de la peau.<\/p><p>Style:Chaussures en peluche pour enfants, gar\u00e7ons et filles, chaussures d'int\u00e9rieur en coton, chaudes et mignonnes.<\/p><p>Choix de la taille : Veuillez mesurer la longueur de votre pied et choisir votre taille selon le tableau des tailles. Les pieds larges peuvent avoir besoin de commander une taille +1.<\/p><p>Id\u00e9al pour une soir\u00e9e d\u00e9contract\u00e9e, quotidienne, une f\u00eate ou une s\u00e9ance photo. C'est aussi une excellente id\u00e9e de cadeau pour un b\u00e9b\u00e9.<\/p><p>Service : Si vous avez des questions, n'h\u00e9sitez pas \u00e0 nous envoyer un courriel. Nous r\u00e9pondrons sinc\u00e8rement \u00e0 vos questions et vous souhaitons de bons achats.<\/p><\/div>\n\t\t\t\t\t<\/div>\n\t\t\t\t\t\t<\/div>\n\t\t\t\t<\/div>\n\t\t\t\t<div class=\"elementor-element elementor-element-f8c1832 elementor-widget elementor-widget-wd_text_block\" data-id=\"f8c1832\" data-element_type=\"widget\" data-widget_type=\"wd_text_block.default\">\n\t\t\t\t<div class=\"elementor-widget-container\">\n\t\t\t\t\t\t\t<div class=\"wd-text-block reset-last-child text-left\">\n\t\t\t\n\t\t\t<div class=\"liner-continer\"><h4 class=\"woodmart-title-container title wd-fontsize-l\">Sp\u00e9cifications<\/h4><\/div><ul><li class=\"title-after_title set-cont-mb-s reset-last-child wd-fontsize-xs\">Genre : Unisexe B\u00e9b\u00e9<\/li><li class=\"title-after_title set-cont-mb-s reset-last-child wd-fontsize-xs\">Mat\u00e9riau de la tige de la chaussure : Coton<\/li><li class=\"title-after_title set-cont-mb-s reset-last-child wd-fontsize-xs\">Type de fermeture : Slip on<\/li><li class=\"title-after_title set-cont-mb-s reset-last-child wd-fontsize-xs\">Style : Casual, Fashion, Party<\/li><li class=\"title-after_title set-cont-mb-s reset-last-child wd-fontsize-xs\">Ce que vous obtenez : 1 paire de chaussures<\/li><\/ul>\n\t\t\t\t\t<\/div>\n\t\t\t\t\t\t<\/div>\n\t\t\t\t<\/div>\n\t\t\t\t\t<\/div>\n\t\t<\/div>\n\t\t\t\t\t<\/div>\n\t\t<\/section>\n\t\t\t\t<\/div>","protected":false},"excerpt":{"rendered":"<p>&#8220;<strong>Vous cherchez la chaleur id\u00e9ale pour les pieds de votre enfant ?<\/strong> Nous vous pr\u00e9sentons les chaussettes chaudes pour b\u00e9b\u00e9, la solution id\u00e9ale pour garder les petits orteils bien au chaud par tous les temps. Achetez maintenant pour une livraison gratuite et obtenez 30% de r\u00e9duction !\"<\/p>","protected":false},"featured_media":16206,"comment_status":"open","ping_status":"closed","template":"","meta":{"_acf_changed":false},"product_brand":[],"product_cat":[32],"product_tag":[683,680,679,681,682],"class_list":{"0":"post-16205","1":"product","2":"type-product","3":"status-publish","4":"has-post-thumbnail","6":"product_cat-best-baby-clothing","7":"product_tag-baby-crawler-shoes","8":"product_tag-baby-shoes-for-newborn","9":"product_tag-baby-sock-shoes","10":"product_tag-baby-socks-with-shoes","11":"product_tag-newborn-baby-socks","13":"first","14":"instock","15":"sale","16":"taxable","17":"shipping-taxable","18":"purchasable","19":"product-type-variable","20":"wvs-archive-product-wrapper"},"acf":[],"_links":{"self":[{"href":"https:\/\/babyvk.com\/fr\/wp-json\/wp\/v2\/product\/16205","targetHints":{"allow":["GET"]}}],"collection":[{"href":"https:\/\/babyvk.com\/fr\/wp-json\/wp\/v2\/product"}],"about":[{"href":"https:\/\/babyvk.com\/fr\/wp-json\/wp\/v2\/types\/product"}],"replies":[{"embeddable":true,"href":"https:\/\/babyvk.com\/fr\/wp-json\/wp\/v2\/comments?post=16205"}],"version-history":[{"count":0,"href":"https:\/\/babyvk.com\/fr\/wp-json\/wp\/v2\/product\/16205\/revisions"}],"wp:featuredmedia":[{"embeddable":true,"href":"https:\/\/babyvk.com\/fr\/wp-json\/wp\/v2\/media\/16206"}],"wp:attachment":[{"href":"https:\/\/babyvk.com\/fr\/wp-json\/wp\/v2\/media?parent=16205"}],"wp:term":[{"taxonomy":"product_brand","embeddable":true,"href":"https:\/\/babyvk.com\/fr\/wp-json\/wp\/v2\/product_brand?post=16205"},{"taxonomy":"product_cat","embeddable":true,"href":"https:\/\/babyvk.com\/fr\/wp-json\/wp\/v2\/product_cat?post=16205"},{"taxonomy":"product_tag","embeddable":true,"href":"https:\/\/babyvk.com\/fr\/wp-json\/wp\/v2\/product_tag?post=16205"}],"curies":[{"name":"wp","href":"https:\/\/api.w.org\/{rel}","templated":true}]}}