{"id":15987,"date":"2023-07-31T08:38:44","date_gmt":"2023-07-31T08:38:44","guid":{"rendered":"https:\/\/babyvk.com\/?post_type=product&#038;p=15987"},"modified":"2025-04-11T02:06:50","modified_gmt":"2025-04-11T02:06:50","slug":"baby-feeding-bottle-with-spoon-attached","status":"publish","type":"product","link":"https:\/\/babyvk.com\/fr\/product\/baby-feeding-bottle-with-spoon-attached\/","title":{"rendered":"Biberon avec cuill\u00e8re attach\u00e9e"},"content":{"rendered":"<div data-elementor-type=\"product-post\" data-elementor-id=\"15987\" class=\"elementor elementor-15987\" data-elementor-post-type=\"product\">\n\t\t\t\t\t\t<section class=\"elementor-section elementor-top-section elementor-element elementor-element-eea0132 elementor-section-boxed elementor-section-height-default elementor-section-height-default\" data-id=\"eea0132\" data-element_type=\"section\">\n\t\t\t\t\t\t<div class=\"elementor-container elementor-column-gap-default\">\n\t\t\t\t\t<div class=\"elementor-column elementor-col-50 elementor-top-column elementor-element elementor-element-1b430f0\" data-id=\"1b430f0\" data-element_type=\"column\">\n\t\t\t<div class=\"elementor-widget-wrap elementor-element-populated\">\n\t\t\t\t\t\t<div class=\"elementor-element elementor-element-cf679e8 elementor-widget elementor-widget-wd_text_block\" data-id=\"cf679e8\" data-element_type=\"widget\" data-widget_type=\"wd_text_block.default\">\n\t\t\t\t<div class=\"elementor-widget-container\">\n\t\t\t\t\t\t\t<div class=\"wd-text-block reset-last-child text-left\">\n\t\t\t\n\t\t\t<h2>Sp\u00e9cifications<\/h2><ul><li>Nom du produit : Biberon avec cuill\u00e8re attach\u00e9e<\/li><li>Capacit\u00e9 : 50ML<\/li><li>Convient \u00e0 : b\u00e9b\u00e9s de plus de 3 mois<\/li><li>R\u00e9sistance \u00e0 la chaleur : Silicone 180\u00b0, PP 120\u00b0.<\/li><li>Mat\u00e9riau : silicone alimentaire, PP<\/li><li>Taille : 50x50x160mm<\/li><li>Poids : 75g<\/li><\/ul>\n\t\t\t\t\t<\/div>\n\t\t\t\t\t\t<\/div>\n\t\t\t\t<\/div>\n\t\t\t\t\t<\/div>\n\t\t<\/div>\n\t\t\t\t<div class=\"elementor-column elementor-col-50 elementor-top-column elementor-element elementor-element-425f107\" data-id=\"425f107\" data-element_type=\"column\">\n\t\t\t<div class=\"elementor-widget-wrap elementor-element-populated\">\n\t\t\t\t\t\t<div class=\"elementor-element elementor-element-eadb82d elementor-widget__width-initial elementor-widget elementor-widget-wd_image_or_svg\" data-id=\"eadb82d\" data-element_type=\"widget\" data-widget_type=\"wd_image_or_svg.default\">\n\t\t\t\t<div class=\"elementor-widget-container\">\n\t\t\t\t\t\n\t\t<div class=\"wd-image text-left\">\n\t\t\t\t\t\t\t\t<img fetchpriority=\"high\" decoding=\"async\" width=\"800\" height=\"800\" src=\"https:\/\/babyvk.com\/wp-content\/uploads\/2023\/07\/Baby-feeding-tools.webp\" class=\"attachment-full size-full wvs-archive-product-image\" alt=\"Outils pour l&#039;alimentation des b\u00e9b\u00e9s\" srcset=\"https:\/\/babyvk.com\/wp-content\/uploads\/2023\/07\/Baby-feeding-tools.webp 800w, https:\/\/babyvk.com\/wp-content\/uploads\/2023\/07\/Baby-feeding-tools-30x30.webp 30w, https:\/\/babyvk.com\/wp-content\/uploads\/2023\/07\/Baby-feeding-tools-50x50.webp 50w, https:\/\/babyvk.com\/wp-content\/uploads\/2023\/07\/Baby-feeding-tools-100x100.webp 100w, https:\/\/babyvk.com\/wp-content\/uploads\/2023\/07\/Baby-feeding-tools-150x150.webp 150w, https:\/\/babyvk.com\/wp-content\/uploads\/2023\/07\/Baby-feeding-tools-300x300.webp 300w, https:\/\/babyvk.com\/wp-content\/uploads\/2023\/07\/Baby-feeding-tools-768x768.webp 768w, https:\/\/babyvk.com\/wp-content\/uploads\/2023\/07\/Baby-feeding-tools-500x500.webp 500w, https:\/\/babyvk.com\/wp-content\/uploads\/2023\/07\/Baby-feeding-tools-430x430.webp 430w, https:\/\/babyvk.com\/wp-content\/uploads\/2023\/07\/Baby-feeding-tools-700x700.webp 700w\" sizes=\"(max-width: 800px) 100vw, 800px\" title=\"\">\t\t\t\t\t<\/div>\n\n\t\t\t\t\t\t<\/div>\n\t\t\t\t<\/div>\n\t\t\t\t\t<\/div>\n\t\t<\/div>\n\t\t\t\t\t<\/div>\n\t\t<\/section>\n\t\t\t\t<\/div>","protected":false},"excerpt":{"rendered":"<p>&#8220;<strong>Des difficult\u00e9s avec les compl\u00e9ments alimentaires pour b\u00e9b\u00e9s ?<\/strong> Simplifiez l'alimentation gr\u00e2ce \u00e0 notre biberon innovant avec cuill\u00e8re. Nourrir votre enfant devient un jeu d'enfant. Achetez maintenant pour une livraison gratuite et obtenez 30% de r\u00e9duction !\"<\/p>","protected":false},"featured_media":15990,"comment_status":"open","ping_status":"closed","template":"","meta":{"_acf_changed":false},"product_brand":[],"product_cat":[508],"product_tag":[661,659,660,662],"class_list":{"0":"post-15987","1":"product","2":"type-product","3":"status-publish","4":"has-post-thumbnail","6":"product_cat-best-baby-feeding","7":"product_tag-best-feeding-bottle-with-spoon","8":"product_tag-feeding-bottle-with-spoon","9":"product_tag-feeding-bottle-with-spoon-for-babies","10":"product_tag-silicone-baby-feeding-bottle-with-spoon","12":"first","13":"instock","14":"sale","15":"taxable","16":"shipping-taxable","17":"purchasable","18":"product-type-variable","19":"wvs-archive-product-wrapper"},"acf":[],"_links":{"self":[{"href":"https:\/\/babyvk.com\/fr\/wp-json\/wp\/v2\/product\/15987","targetHints":{"allow":["GET"]}}],"collection":[{"href":"https:\/\/babyvk.com\/fr\/wp-json\/wp\/v2\/product"}],"about":[{"href":"https:\/\/babyvk.com\/fr\/wp-json\/wp\/v2\/types\/product"}],"replies":[{"embeddable":true,"href":"https:\/\/babyvk.com\/fr\/wp-json\/wp\/v2\/comments?post=15987"}],"version-history":[{"count":0,"href":"https:\/\/babyvk.com\/fr\/wp-json\/wp\/v2\/product\/15987\/revisions"}],"wp:featuredmedia":[{"embeddable":true,"href":"https:\/\/babyvk.com\/fr\/wp-json\/wp\/v2\/media\/15990"}],"wp:attachment":[{"href":"https:\/\/babyvk.com\/fr\/wp-json\/wp\/v2\/media?parent=15987"}],"wp:term":[{"taxonomy":"product_brand","embeddable":true,"href":"https:\/\/babyvk.com\/fr\/wp-json\/wp\/v2\/product_brand?post=15987"},{"taxonomy":"product_cat","embeddable":true,"href":"https:\/\/babyvk.com\/fr\/wp-json\/wp\/v2\/product_cat?post=15987"},{"taxonomy":"product_tag","embeddable":true,"href":"https:\/\/babyvk.com\/fr\/wp-json\/wp\/v2\/product_tag?post=15987"}],"curies":[{"name":"wp","href":"https:\/\/api.w.org\/{rel}","templated":true}]}}